{"id":6971,"date":"2021-11-17T15:10:54","date_gmt":"2021-11-17T15:10:54","guid":{"rendered":"http:\/\/fabis-lederey.com\/index.php\/zahlungsweisen\/"},"modified":"2022-02-09T07:04:34","modified_gmt":"2022-02-09T07:04:34","slug":"zahlungsweisen","status":"publish","type":"page","link":"http:\/\/fabis-lederey.com\/index.php\/zahlungsweisen\/","title":{"rendered":"Zahlungsweisen"},"content":{"rendered":"<p><strong>Zahlungsinformationen<\/strong><\/p>\n<p>Mit nachfolgenden Zahlarten k\u00f6nnen Sie bei uns bestellen:<\/p>\n<p>&#8211; Vorkasse<br \/>\n&#8211; PayPal<\/p>\n<p><strong>VORKASSE<\/strong><\/p>\n<p>\u00dcberweisen Sie dazu einfach und bequem den Gesamtbestellbetrag auf unser Konto. Sobald wir einen Geldeingang feststellen k\u00f6nnen, werden wir Sie informieren und Ihre Ware f\u00fcr den Versand vorbereiten.<\/p>\n<p><strong>Kontoinhaber<\/strong>:<br \/>\n<strong><br \/>\nBank<\/strong>:<br \/>\n<strong>IBAN<\/strong>:<br \/>\n<strong>BIC\/SWIFT<\/strong>:<\/p>\n<p><strong>\u00a0<\/strong><\/p>\n<p><strong>PAYPAL<\/strong><\/p>\n<p>PayPal ist der Online-Zahlungsservice, mit dem Sie in Online-Shops sicher, einfach und schnell bezahlen \u2013 und das kostenlos. Ihre Bank- oder Kreditkartendaten sind nur bei PayPal hinterlegt. Deshalb werden sie nicht bei jedem Online-Einkauf erneut \u00fcbers Internet gesendet. Sie bezahlen mit zwei Klicks. Denn Sie greifen auf Ihre bei PayPal hinterlegten Bank- oder Kreditkartendaten zur\u00fcck, anstatt sie bei jedem Kauf wieder einzugeben. Zudem treffen PayPal-Zahlungen schnell ein. Dann kann der Verk\u00e4ufer die Ware zeitnah verschicken und Sie erhalten sie in der Regel fr\u00fcher.<\/p>\n<p>Anmelden und PayPal sofort nutzen:<br \/>\nEr\u00f6ffnen Sie ein PayPal-Konto.\u2028Verkn\u00fcpfen Sie Ihr Bankkonto oder Ihre Kreditkarte mit Ihrem PayPal-Konto.\u2028Und schon k\u00f6nnen Sie mit PayPal bezahlen.<\/p>\n","protected":false},"excerpt":{"rendered":"<p>Zahlungsinformationen Mit nachfolgenden Zahlarten k\u00f6nnen Sie bei uns bestellen: &#8211; Vorkasse &#8211; PayPal VORKASSE \u00dcberweisen Sie dazu einfach und bequem den Gesamtbestellbetrag auf unser Konto&#8230;.<\/p>\n","protected":false},"author":1,"featured_media":0,"parent":0,"menu_order":77,"comment_status":"closed","ping_status":"closed","template":"","meta":{"footnotes":""},"class_list":["post-6971","page","type-page","status-publish"],"yoast_head":"<!-- This site is optimized with the Yoast SEO plugin v27.3 - https:\/\/yoast.com\/product\/yoast-seo-wordpress\/ -->\n<title>Zahlungsweisen - Fabis Lederey - Fabian Kempf<\/title>\n<meta name=\"robots\" content=\"index, follow, max-snippet:-1, max-image-preview:large, max-video-preview:-1\" \/>\n<link rel=\"canonical\" href=\"http:\/\/fabis-lederey.com\/index.php\/zahlungsweisen\/\" \/>\n<meta property=\"og:locale\" content=\"de_DE\" \/>\n<meta property=\"og:type\" content=\"article\" \/>\n<meta property=\"og:title\" content=\"Zahlungsweisen - Fabis Lederey - Fabian Kempf\" \/>\n<meta property=\"og:description\" content=\"Zahlungsinformationen Mit nachfolgenden Zahlarten k\u00f6nnen Sie bei uns bestellen: &#8211; Vorkasse &#8211; PayPal VORKASSE \u00dcberweisen Sie dazu einfach und bequem den Gesamtbestellbetrag auf unser Konto....\" \/>\n<meta property=\"og:url\" content=\"http:\/\/fabis-lederey.com\/index.php\/zahlungsweisen\/\" \/>\n<meta property=\"og:site_name\" content=\"Fabis Lederey - Fabian Kempf\" \/>\n<meta property=\"article:modified_time\" content=\"2022-02-09T07:04:34+00:00\" \/>\n<meta name=\"twitter:card\" content=\"summary_large_image\" \/>\n<meta name=\"twitter:label1\" content=\"Gesch\u00e4tzte Lesezeit\" \/>\n\t<meta name=\"twitter:data1\" content=\"1\u00a0Minute\" \/>\n<script type=\"application\/ld+json\" class=\"yoast-schema-graph\">{\"@context\":\"https:\\\/\\\/schema.org\",\"@graph\":[{\"@type\":\"WebPage\",\"@id\":\"http:\\\/\\\/fabis-lederey.com\\\/index.php\\\/zahlungsweisen\\\/\",\"url\":\"http:\\\/\\\/fabis-lederey.com\\\/index.php\\\/zahlungsweisen\\\/\",\"name\":\"Zahlungsweisen - Fabis Lederey - Fabian Kempf\",\"isPartOf\":{\"@id\":\"http:\\\/\\\/fabis-lederey.com\\\/#website\"},\"datePublished\":\"2021-11-17T15:10:54+00:00\",\"dateModified\":\"2022-02-09T07:04:34+00:00\",\"breadcrumb\":{\"@id\":\"http:\\\/\\\/fabis-lederey.com\\\/index.php\\\/zahlungsweisen\\\/#breadcrumb\"},\"inLanguage\":\"de\",\"potentialAction\":[{\"@type\":\"ReadAction\",\"target\":[\"http:\\\/\\\/fabis-lederey.com\\\/index.php\\\/zahlungsweisen\\\/\"]}]},{\"@type\":\"BreadcrumbList\",\"@id\":\"http:\\\/\\\/fabis-lederey.com\\\/index.php\\\/zahlungsweisen\\\/#breadcrumb\",\"itemListElement\":[{\"@type\":\"ListItem\",\"position\":1,\"name\":\"Home\",\"item\":\"http:\\\/\\\/fabis-lederey.com\\\/\"},{\"@type\":\"ListItem\",\"position\":2,\"name\":\"Zahlungsweisen\"}]},{\"@type\":\"WebSite\",\"@id\":\"http:\\\/\\\/fabis-lederey.com\\\/#website\",\"url\":\"http:\\\/\\\/fabis-lederey.com\\\/\",\"name\":\"Fabis Lederey - Fabian Kempf\",\"description\":\"Die Reitsportsattlerei und Ledermanufaktur in Pirmasens, S\u00fcdwestpfalz und im SaarLorLux-Kreis.\",\"potentialAction\":[{\"@type\":\"SearchAction\",\"target\":{\"@type\":\"EntryPoint\",\"urlTemplate\":\"http:\\\/\\\/fabis-lederey.com\\\/?s={search_term_string}\"},\"query-input\":{\"@type\":\"PropertyValueSpecification\",\"valueRequired\":true,\"valueName\":\"search_term_string\"}}],\"inLanguage\":\"de\"}]}<\/script>\n<!-- \/ Yoast SEO plugin. -->","yoast_head_json":{"title":"Zahlungsweisen - Fabis Lederey - Fabian Kempf","robots":{"index":"index","follow":"follow","max-snippet":"max-snippet:-1","max-image-preview":"max-image-preview:large","max-video-preview":"max-video-preview:-1"},"canonical":"http:\/\/fabis-lederey.com\/index.php\/zahlungsweisen\/","og_locale":"de_DE","og_type":"article","og_title":"Zahlungsweisen - Fabis Lederey - Fabian Kempf","og_description":"Zahlungsinformationen Mit nachfolgenden Zahlarten k\u00f6nnen Sie bei uns bestellen: &#8211; Vorkasse &#8211; PayPal VORKASSE \u00dcberweisen Sie dazu einfach und bequem den Gesamtbestellbetrag auf unser Konto....","og_url":"http:\/\/fabis-lederey.com\/index.php\/zahlungsweisen\/","og_site_name":"Fabis Lederey - Fabian Kempf","article_modified_time":"2022-02-09T07:04:34+00:00","twitter_card":"summary_large_image","twitter_misc":{"Gesch\u00e4tzte Lesezeit":"1\u00a0Minute"},"schema":{"@context":"https:\/\/schema.org","@graph":[{"@type":"WebPage","@id":"http:\/\/fabis-lederey.com\/index.php\/zahlungsweisen\/","url":"http:\/\/fabis-lederey.com\/index.php\/zahlungsweisen\/","name":"Zahlungsweisen - Fabis Lederey - Fabian Kempf","isPartOf":{"@id":"http:\/\/fabis-lederey.com\/#website"},"datePublished":"2021-11-17T15:10:54+00:00","dateModified":"2022-02-09T07:04:34+00:00","breadcrumb":{"@id":"http:\/\/fabis-lederey.com\/index.php\/zahlungsweisen\/#breadcrumb"},"inLanguage":"de","potentialAction":[{"@type":"ReadAction","target":["http:\/\/fabis-lederey.com\/index.php\/zahlungsweisen\/"]}]},{"@type":"BreadcrumbList","@id":"http:\/\/fabis-lederey.com\/index.php\/zahlungsweisen\/#breadcrumb","itemListElement":[{"@type":"ListItem","position":1,"name":"Home","item":"http:\/\/fabis-lederey.com\/"},{"@type":"ListItem","position":2,"name":"Zahlungsweisen"}]},{"@type":"WebSite","@id":"http:\/\/fabis-lederey.com\/#website","url":"http:\/\/fabis-lederey.com\/","name":"Fabis Lederey - Fabian Kempf","description":"Die Reitsportsattlerei und Ledermanufaktur in Pirmasens, S\u00fcdwestpfalz und im SaarLorLux-Kreis.","potentialAction":[{"@type":"SearchAction","target":{"@type":"EntryPoint","urlTemplate":"http:\/\/fabis-lederey.com\/?s={search_term_string}"},"query-input":{"@type":"PropertyValueSpecification","valueRequired":true,"valueName":"search_term_string"}}],"inLanguage":"de"}]}},"_links":{"self":[{"href":"http:\/\/fabis-lederey.com\/index.php\/wp-json\/wp\/v2\/pages\/6971","targetHints":{"allow":["GET"]}}],"collection":[{"href":"http:\/\/fabis-lederey.com\/index.php\/wp-json\/wp\/v2\/pages"}],"about":[{"href":"http:\/\/fabis-lederey.com\/index.php\/wp-json\/wp\/v2\/types\/page"}],"author":[{"embeddable":true,"href":"http:\/\/fabis-lederey.com\/index.php\/wp-json\/wp\/v2\/users\/1"}],"replies":[{"embeddable":true,"href":"http:\/\/fabis-lederey.com\/index.php\/wp-json\/wp\/v2\/comments?post=6971"}],"version-history":[{"count":2,"href":"http:\/\/fabis-lederey.com\/index.php\/wp-json\/wp\/v2\/pages\/6971\/revisions"}],"predecessor-version":[{"id":7640,"href":"http:\/\/fabis-lederey.com\/index.php\/wp-json\/wp\/v2\/pages\/6971\/revisions\/7640"}],"wp:attachment":[{"href":"http:\/\/fabis-lederey.com\/index.php\/wp-json\/wp\/v2\/media?parent=6971"}],"curies":[{"name":"wp","href":"https:\/\/api.w.org\/{rel}","templated":true}]}}