{"id":6973,"date":"2021-11-17T15:10:55","date_gmt":"2021-11-17T15:10:55","guid":{"rendered":"http:\/\/fabis-lederey.com\/index.php\/allgemeine_geschaeftsbedingungen\/"},"modified":"2023-01-03T11:16:53","modified_gmt":"2023-01-03T11:16:53","slug":"allgemeine_geschaeftsbedingungen","status":"publish","type":"page","link":"http:\/\/fabis-lederey.com\/index.php\/allgemeine_geschaeftsbedingungen\/","title":{"rendered":"Allgemeine Gesch\u00e4ftsbedingungen"},"content":{"rendered":"<p><strong>Sehr geehrte Kunden,<\/strong><\/p>\n<p>das Bem\u00fchen um Ihre Zufriedenheit steht bei uns ganz oben. Sollte es dennoch, wegen eines Kaufs in unserem Online-Shop, je zum Konflikt zwischen uns kommen, und wir ein Problem nicht zu Ihrer Zufriedenheit l\u00f6sen k\u00f6nnen, haben Sie als Verbraucher\/in das Recht, ein unparteiisches Schiedsverfahren anzurufen. Hierbei gelten die Regelungen zu den R\u00fccksendekosten im Widerrufsfall gem\u00e4\u00df unserer gesetzlichen Verbraucherinformationen zum Widerrufsrecht; im \u00dcbrigen gelten die einzelnen Regelungen unserer allgemeinen Gesch\u00e4ftsbedingungen im Schiedsverfahren jedenfalls immer nur insoweit, als Sie dabei, gegen\u00fcber einer Ihnen g\u00fcnstigeren gesetzlichen Regelung, nicht benachteiligt w\u00fcrden.<\/p>\n<p>Diese allgemeinen Gesch\u00e4ftsbedingungen (AGB) finden auf s\u00e4mtliche Kaufvertr\u00e4ge Anwendung, welche<\/p>\n<p><strong>Firma<br \/>\n<\/strong>Fabis Lederey &#8211; Fabian Kempf<br \/>\nRingstra\u00dfe 9<br \/>\n66953 Pirmasens<\/p>\n<p><strong>Vertreten durch<br \/>\n<\/strong>Fabian Kempf<\/p>\n<p class=\"has-text-align-center\" style=\"text-align: left;\"><strong>Kontakt<\/strong><br \/>\n<a href=\"tel:4963312593590\">+49 (0) 6331 &#8211; 259 359 0<\/a><br \/>\n<a href=\"tel:+4917623588837\">+49 (0) 176 &#8211; 235 888 37<\/a><br \/>\n<a href=\"mailto:info@fabis-lederey.com\">info@fabis-lederey.com<\/a><\/p>\n<p>\u00a0&#8211; (folgend \u201eAnbieter\u201c genannt) &#8211;<\/p>\n<p>in Aus\u00fcbung gewerblicher T\u00e4tigkeit mit einem anderen<\/p>\n<p>&#8211; (folgend \u201eKunde\u201c genannt) &#8211; abschlie\u00dft.<\/p>\n<ul>\n<li><strong> 1 Geltungsbereich\u00a0<\/strong><\/li>\n<\/ul>\n<p>F\u00fcr Gesch\u00e4ftsbeziehungen zu dem Besteller gelten bei Bestellungen \u00fcber den Internetshop die nachfolgenden Allgemeinen Gesch\u00e4ftsbedingungen in ihrer zum Zeitpunkt der Bestellung g\u00fcltigen Fassung.<\/p>\n<p>Verbraucher ist jede nat\u00fcrliche Person, die ein Rechtsgesch\u00e4ft zu Zwecken abschlie\u00dft, die \u00fcberwiegend weder ihrer gewerblichen noch ihrer selbst\u00e4ndigen beruflichen T\u00e4tigkeit zugerechnet werden k\u00f6nnen. Unternehmer ist eine nat\u00fcrliche oder juristische Person oder eine rechtsf\u00e4hige Personengesellschaft, die bei Abschluss eines Rechtsgesch\u00e4fts in Aus\u00fcbung ihrer gewerblichen oder selbst\u00e4ndigen beruflichen T\u00e4tigkeit handelt.<\/p>\n<p>Gegen\u00fcber Unternehmern gelten diese AGB auch f\u00fcr k\u00fcnftige Gesch\u00e4ftsbeziehungen, ohne dass wir nochmals auf sie hinweisen m\u00fcssten. Verwendet der Unternehmer entgegenstehende oder erg\u00e4nzende Allgemeine Gesch\u00e4ftsbedingungen, wird deren Geltung hiermit widersprochen; sie werden nur dann Vertragsbestandteil, wenn wir dem ausdr\u00fccklich zugestimmt haben.<\/p>\n<ul>\n<li><strong> 2 Vertragsschluss\u00a0<\/strong><\/li>\n<\/ul>\n<p>Die Darstellung unserer Produkte in unserem Internetauftritt beinhaltet lediglich eine Aufforderung an den Kunden zur Abgabe eines Vertragsangebotes. Indem der Kunde eine Bestellung absendet, gibt er ein Angebot im Sinne des \u00a7 145 BGB ab. Der Kunde erh\u00e4lt eine Best\u00e4tigung des Empfangs der Bestellung per E-Mail. Der Vertrag mit uns kommt zustande, wenn wir das Angebot des Kunden innerhalb von 2-5 Tagen schriftlich oder in Textform annehmen oder die bestellte Ware \u00fcbersenden. F\u00fcr den Fall der vereinbarten Zahlungsart Vorkasse erkl\u00e4ren wir bereits jetzt und an dieser Stelle die Annahme des Vertragsangebotes des Kunden zu dem Zeitpunkt, in dem der Kunde Vorkasse leistet, wenn die Zahlung innerhalb von 10 Tagen nach Absendung der Bestellung erfolgt.<\/p>\n<ul>\n<li><strong> 3 Lieferung, Versandkosten, Gefahren\u00fcbergang\u00a0<\/strong><\/li>\n<\/ul>\n<p>Die Lieferung erfolgt zu den jeweils im Einzelfall ausgewiesenen Versandkosten. Sofern der Kunde Verbraucher ist und gegeben, der Verk\u00e4ufer versendet auf Verlangen des K\u00e4ufers die verkaufte Sache nach einem anderen Ort als dem Erf\u00fcllungsort, so geht die Gefahr gem\u00e4\u00df \u00a7 447 I BGB auf den K\u00e4ufer \u00fcber, sobald der Verk\u00e4ufer die Sache dem Spediteur, dem Frachtf\u00fchrer oder der sonst zur Ausf\u00fchrung der Versendung bestimmten Person oder Anstalt ausgeliefert hat. Sofern der Kunde Unternehmer ist, gehen alle Risiken und Gefahren der Versendung auf den Kunden \u00fcber, sobald die Ware von uns an den beauftragten Logistikpartner \u00fcbergeben worden ist. Auch die Gefahr des zuf\u00e4lligen Untergangs und der zuf\u00e4lligen Verschlechterung geht auf den Kunden \u00fcber, sobald wir die Kaufsache dem Spediteur, dem Frachtf\u00fchrer oder der sonst zur Ausf\u00fchrung der Versendung bestimmten Person oder Anstalt ausgeliefert haben. Unter Kaufleuten gilt die in \u00a7 377 HGB geregelte Untersuchungs- und R\u00fcgepflicht. Unterlassen Sie die dort geregelte Anzeige, so gilt die Ware als genehmigt, es sei denn, dass es sich um einen Mangel handelt, der bei der Untersuchung nicht erkennbar war. Dies gilt nicht, falls wir einen Mangel arglistig verschwiegen haben.<\/p>\n<p>Bei Nichtabnahme der Bestellung nach Lieferung durch Fabis Lederey oder Dienstleister sehen wir uns gezwungen eine Schadensersatzzahlung in H\u00f6he der entstandenen Kosten in Bezug auf den Versand vom K\u00e4ufer zu erheben.<\/p>\n<ul>\n<li><strong> 4 Eigentumsvorbehalt\u00a0<\/strong><\/li>\n<\/ul>\n<p>Die gelieferte Ware bleibt bis zur vollst\u00e4ndigen und endg\u00fcltigen Kaufpreiszahlung und Abnahme durch den K\u00e4ufer unser Eigentum.<\/p>\n<ul>\n<li><strong> 5 Zahlungen<\/strong><\/li>\n<\/ul>\n<p>Es werden nur die im Rahmen des Bestellvorgangs dem Kunden jeweils angezeigten Zahlungsarten akzeptiert.<\/p>\n<ul>\n<li><strong> 6 Gew\u00e4hrleistung\u00a0<\/strong><\/li>\n<\/ul>\n<p>Die Gew\u00e4hrleistung richtet sich nach den gesetzlichen Vorschriften.<\/p>\n<ul>\n<li><strong> 7 Informationen f\u00fcr Verbraucher bei Fernabsatzvertr\u00e4gen sowie Kundeninformationen bei Vertr\u00e4gen im elektronischen Gesch\u00e4ftsverkehr\u00a0<\/strong><\/li>\n<\/ul>\n<ol>\n<li>a) Speziellen und vorstehend nicht erw\u00e4hnten Verhaltenskodizes unterliegen wir nicht.<\/li>\n<li>b) Etwaige Eingabefehler bei Abgabe Ihrer Bestellung k\u00f6nnen Sie bei der abschlie\u00dfenden Best\u00e4tigung vor dem Absenden Ihrer Vertragserkl\u00e4rung erkennen und mit Hilfe der L\u00f6sch- und \u00c4nderungsfunktion vor Absendung der Bestellung jederzeit korrigieren.<\/li>\n<li>c) Die wesentlichen Merkmale der von uns angebotenen Waren sowie die G\u00fcltigkeitsdauer befristeter Angebote entnehmen Sie bitte den einzelnen Produktbeschreibungen im Rahmen unseres Internetangebots.<\/li>\n<li>d) Die f\u00fcr den Vertragsschluss zur Verf\u00fcgung stehende Sprache ist Deutsch.<\/li>\n<li>e) Beanstandungen und Gew\u00e4hrleistungsanspr\u00fcche k\u00f6nnen Sie unter der in der Anbieterkennzeichnung angegebenen Adresse vorbringen.<\/li>\n<li>f) Der Vertragstext wird durch uns nicht gespeichert und ist daher Ihnen als Kunde nach dem Vertragsschluss \u00fcber uns nicht zug\u00e4nglich. Bei Best\u00e4tigung Ihrer Bestellung finden Sie diesen allerdings im Anhang der E-Mail, die wir Ihnen zukommen lassen. Sie k\u00f6nnen den Vertragstext jedoch \u00fcber die Druckfunktion Ihres Browsers ausdrucken und \u00fcber die Funktion &#8222;Speichern&#8220; Ihres Browsers auf Ihrem Computer abspeichern.<\/li>\n<li>g) Informationen zur Zahlung, Lieferung oder Erf\u00fcllung entnehmen Sie bitte dem Angebot.<\/li>\n<\/ol>\n<ul>\n<li><strong> 8 Verschiedenes\u00a0<\/strong><\/li>\n<\/ul>\n<p>Auf das Vertragsverh\u00e4ltnis zwischen uns und dem Kunden sowie auf die jeweiligen Gesch\u00e4ftsbedingungen findet das Recht der Bundesrepublik Deutschland Anwendung. Sofern der Kunde Verbraucher ist, bleiben die nach dem Recht des Staates, in welchem der Verbraucher seinen gew\u00f6hnlichen Aufenthalt hat, zum Schutz des Verbrauchers anzuwendenden gesetzlichen Regelungen und Rechte, von welchen nicht durch Vereinbarung abgewichen werden darf, von dieser Vereinbarung unber\u00fchrt. Die Anwendung von UN-Kaufrecht wird ausgeschlossen.<\/p>\n<ul>\n<li><strong> 9 Terminabsagen<br \/>\n<\/strong><\/li>\n<\/ul>\n<p>Erscheint der Kunde zum ausgemachten Termin ohne vorherige Absage (telefonisch unter <a href=\"tel:+4963312593590\">06331-2593590<\/a> oder per mail an <a href=\"mailto:info@fabis.lederey.com\">info@fabis.lederey.com<\/a> bis sp\u00e4testens 9.00 Uhr am Tag des Termins) nicht am angegebenen Ort, erlauben wir uns, die uns durch die Anfahrt entstandenen Unkosten zzgl. der gesetzlichen Umsatzsteuer in Rechnung zu stellen. Diese Unkosten ergeben sich aus der von uns aufgewendeten Zeit f\u00fcr die Anfahrt und den Fahrtkosten zum ausgemachten Ort je nach Entfernung, mindestens jedoch 15 Euro zzgl. der gesetzlichen Umsatzsteuer. Die Kosten\u00fcbersicht f\u00fcr die Anfahrt und Fahtkosten finden Sie in der <a href=\"http:\/\/fabis-lederey.com\/wp-content\/uploads\/2022\/03\/Preisliste-15.03-neu-1.pdf\">Preisliste<\/a>.<\/p>\n<ul>\n<li><strong>\u00a010 Anfahrtskosten<br \/>\n<\/strong><\/li>\n<\/ul>\n<p>Wir erlauben uns Anfahrtskosten pro vereinbarten individuellen Kundentermin gem\u00e4\u00df unserer aktuell g\u00fcltigen <a href=\"http:\/\/fabis-lederey.com\/wp-content\/uploads\/2022\/03\/Preisliste-15.03-neu-1.pdf\">Preisliste<\/a> in Rechnung zu stellen. Wird w\u00e4hrend eines wahrgenommenen Kundentermins am Terminort ein weiterer Termin mit einem anderen Kunden vereinbart, der als Anschlusstermin am selben Ort und Tag vereinbart wird, erlauben wir uns f\u00fcr diesen ebenso die Anfahrt laut unserer aktuell g\u00fcltigen <a href=\"http:\/\/fabis-lederey.com\/wp-content\/uploads\/2022\/03\/Preisliste-15.03-neu-1.pdf\">Preisliste<\/a> in Rechnung zu stellen<\/p>\n<ul>\n<li><strong>\u00a011 Verbraucherschlichtung\u00a0<\/strong><\/li>\n<\/ul>\n<p>Hiermit informieren wir dich dar\u00fcber, dass Fabis Lederey nicht an Streitbeilegungsverfahren einer Verbraucherschlichtungsstelle im Sinne des Verbraucherstreitbeilegungsgesetzes teilnimmt und dazu auch nicht verpflichtet ist.<\/p>\n<ul>\n<li><strong> 12 Haftung<\/strong><\/li>\n<\/ul>\n<p>Bei Verletzung wesentlicher Vertragspflichten, deren Erf\u00fcllung die ordnungsgem\u00e4\u00dfe Durchf\u00fchrung des Vertrages \u00fcberhaupt erst erm\u00f6glicht und auf deren Einhaltung der Vertragspartner regelm\u00e4\u00dfig vertrauen darf, (Kardinalpflichten) durch leichte Fahrl\u00e4ssigkeit von uns, unseren gesetzlichen Vertretern oder Erf\u00fcllungsgehilfen ist die Haftung der H\u00f6he nach auf den bei Vertragsschluss vorhersehbaren Schaden begrenzt, mit dessen Entstehung typischerweise gerechnet werden muss. Im \u00dcbrigen sind Anspr\u00fcche auf Schadensersatz ausgeschlossen.<\/p>\n<ul>\n<li><strong>13 Gerichtsstand<\/strong><\/li>\n<\/ul>\n<p>F\u00fcr s\u00e4mtliche Streitigkeiten, die in Zusammenhang mit der Anbahnung, Ausf\u00fchrung oder Abwicklung der Warenlieferung durch Fabis Lederey entstehen, gilt ausschlie\u00dflich deutsches Recht, sofern nicht zwingende verbrauchersch\u00fctzende Vorschriften des Landes, in dem der K\u00e4ufer seinen gew\u00f6hnlichen Aufenthalt hat, Vorrang haben.<\/p>\n<p>Die Anwendung des UN-Kaufrechts ist ausgeschlossen.<\/p>\n<p>Ist der Vertragspartner ein Kaufmann, eine juristische Person des \u00f6ffentlichen Rechts oder ein \u00f6ffentlich-rechtliches Sonderverm\u00f6gen, wird als ausschlie\u00dflicher Gerichtsstand unser Gesch\u00e4ftssitz (Gie\u00dfen) f\u00fcr alle Anspr\u00fcche, die sich aus oder aufgrund dieses Vertrages ergeben, vereinbart. Gleiches gilt gegen\u00fcber im Klageweg in Anspruch zu nehmenden Personen, die keinen allgemeinen Gerichtsstand in Deutschland haben oder gegen\u00fcber im Klageweg in Anspruch zu nehmenden Personen, die nach Abschluss des Vertrages ihren Wohnsitz oder gew\u00f6hnlichen Aufenthaltsort au\u00dferhalb von Deutschland verlegt haben oder deren Wohnsitz oder gew\u00f6hnlicher Aufenthaltsort im Zeitpunkt der Klageerhebung nicht bekannt ist. Von dieser Gerichtsstandsvereinbarung ausgenommen ist der gesetzliche Gerichtsstand des Mahnverfahrens.<\/p>\n<ul>\n<li><strong> 14 Salvatorische Klausel\u00a0<\/strong><\/li>\n<\/ul>\n<p>Sollten einzelne Bestimmungen dieses Vertrages ganz oder teilweise nicht rechtswirksam sein oder ihre Rechtswirksamkeit sp\u00e4ter verlieren, wird die G\u00fcltigkeit des Vertrages im \u00dcbrigen nicht ber\u00fchrt.<\/p>\n","protected":false},"excerpt":{"rendered":"<p>Sehr geehrte Kunden, das Bem\u00fchen um Ihre Zufriedenheit steht bei uns ganz oben. Sollte es dennoch, wegen eines Kaufs in unserem Online-Shop, je zum Konflikt&#8230;<\/p>\n","protected":false},"author":1,"featured_media":0,"parent":0,"menu_order":70,"comment_status":"closed","ping_status":"closed","template":"","meta":{"footnotes":""},"class_list":["post-6973","page","type-page","status-publish"],"yoast_head":"<!-- This site is optimized with the Yoast SEO plugin v27.5 - https:\/\/yoast.com\/product\/yoast-seo-wordpress\/ -->\n<title>Allgemeine Gesch\u00e4ftsbedingungen - Fabis Lederey - Fabian Kempf<\/title>\n<meta name=\"robots\" content=\"index, follow, max-snippet:-1, max-image-preview:large, max-video-preview:-1\" \/>\n<link rel=\"canonical\" href=\"http:\/\/fabis-lederey.com\/index.php\/allgemeine_geschaeftsbedingungen\/\" \/>\n<meta property=\"og:locale\" content=\"de_DE\" \/>\n<meta property=\"og:type\" content=\"article\" \/>\n<meta property=\"og:title\" content=\"Allgemeine Gesch\u00e4ftsbedingungen - Fabis Lederey - Fabian Kempf\" \/>\n<meta property=\"og:description\" content=\"Sehr geehrte Kunden, das Bem\u00fchen um Ihre Zufriedenheit steht bei uns ganz oben. Sollte es dennoch, wegen eines Kaufs in unserem Online-Shop, je zum Konflikt...\" \/>\n<meta property=\"og:url\" content=\"http:\/\/fabis-lederey.com\/index.php\/allgemeine_geschaeftsbedingungen\/\" \/>\n<meta property=\"og:site_name\" content=\"Fabis Lederey - Fabian Kempf\" \/>\n<meta property=\"article:modified_time\" content=\"2023-01-03T11:16:53+00:00\" \/>\n<meta name=\"twitter:card\" content=\"summary_large_image\" \/>\n<meta name=\"twitter:label1\" content=\"Gesch\u00e4tzte Lesezeit\" \/>\n\t<meta name=\"twitter:data1\" content=\"8\u00a0Minuten\" \/>\n<script type=\"application\/ld+json\" class=\"yoast-schema-graph\">{\"@context\":\"https:\\\/\\\/schema.org\",\"@graph\":[{\"@type\":\"WebPage\",\"@id\":\"http:\\\/\\\/fabis-lederey.com\\\/index.php\\\/allgemeine_geschaeftsbedingungen\\\/\",\"url\":\"http:\\\/\\\/fabis-lederey.com\\\/index.php\\\/allgemeine_geschaeftsbedingungen\\\/\",\"name\":\"Allgemeine Gesch\u00e4ftsbedingungen - Fabis Lederey - Fabian Kempf\",\"isPartOf\":{\"@id\":\"https:\\\/\\\/fabis-lederey.com\\\/#website\"},\"datePublished\":\"2021-11-17T15:10:55+00:00\",\"dateModified\":\"2023-01-03T11:16:53+00:00\",\"breadcrumb\":{\"@id\":\"http:\\\/\\\/fabis-lederey.com\\\/index.php\\\/allgemeine_geschaeftsbedingungen\\\/#breadcrumb\"},\"inLanguage\":\"de\",\"potentialAction\":[{\"@type\":\"ReadAction\",\"target\":[\"http:\\\/\\\/fabis-lederey.com\\\/index.php\\\/allgemeine_geschaeftsbedingungen\\\/\"]}]},{\"@type\":\"BreadcrumbList\",\"@id\":\"http:\\\/\\\/fabis-lederey.com\\\/index.php\\\/allgemeine_geschaeftsbedingungen\\\/#breadcrumb\",\"itemListElement\":[{\"@type\":\"ListItem\",\"position\":1,\"name\":\"Home\",\"item\":\"http:\\\/\\\/fabis-lederey.com\\\/\"},{\"@type\":\"ListItem\",\"position\":2,\"name\":\"Allgemeine Gesch\u00e4ftsbedingungen\"}]},{\"@type\":\"WebSite\",\"@id\":\"https:\\\/\\\/fabis-lederey.com\\\/#website\",\"url\":\"https:\\\/\\\/fabis-lederey.com\\\/\",\"name\":\"Fabis Lederey - Fabian Kempf\",\"description\":\"Die Reitsportsattlerei und Ledermanufaktur in Pirmasens, S\u00fcdwestpfalz und im SaarLorLux-Kreis.\",\"potentialAction\":[{\"@type\":\"SearchAction\",\"target\":{\"@type\":\"EntryPoint\",\"urlTemplate\":\"https:\\\/\\\/fabis-lederey.com\\\/?s={search_term_string}\"},\"query-input\":{\"@type\":\"PropertyValueSpecification\",\"valueRequired\":true,\"valueName\":\"search_term_string\"}}],\"inLanguage\":\"de\"}]}<\/script>\n<!-- \/ Yoast SEO plugin. -->","yoast_head_json":{"title":"Allgemeine Gesch\u00e4ftsbedingungen - Fabis Lederey - Fabian Kempf","robots":{"index":"index","follow":"follow","max-snippet":"max-snippet:-1","max-image-preview":"max-image-preview:large","max-video-preview":"max-video-preview:-1"},"canonical":"http:\/\/fabis-lederey.com\/index.php\/allgemeine_geschaeftsbedingungen\/","og_locale":"de_DE","og_type":"article","og_title":"Allgemeine Gesch\u00e4ftsbedingungen - Fabis Lederey - Fabian Kempf","og_description":"Sehr geehrte Kunden, das Bem\u00fchen um Ihre Zufriedenheit steht bei uns ganz oben. Sollte es dennoch, wegen eines Kaufs in unserem Online-Shop, je zum Konflikt...","og_url":"http:\/\/fabis-lederey.com\/index.php\/allgemeine_geschaeftsbedingungen\/","og_site_name":"Fabis Lederey - Fabian Kempf","article_modified_time":"2023-01-03T11:16:53+00:00","twitter_card":"summary_large_image","twitter_misc":{"Gesch\u00e4tzte Lesezeit":"8\u00a0Minuten"},"schema":{"@context":"https:\/\/schema.org","@graph":[{"@type":"WebPage","@id":"http:\/\/fabis-lederey.com\/index.php\/allgemeine_geschaeftsbedingungen\/","url":"http:\/\/fabis-lederey.com\/index.php\/allgemeine_geschaeftsbedingungen\/","name":"Allgemeine Gesch\u00e4ftsbedingungen - Fabis Lederey - Fabian Kempf","isPartOf":{"@id":"https:\/\/fabis-lederey.com\/#website"},"datePublished":"2021-11-17T15:10:55+00:00","dateModified":"2023-01-03T11:16:53+00:00","breadcrumb":{"@id":"http:\/\/fabis-lederey.com\/index.php\/allgemeine_geschaeftsbedingungen\/#breadcrumb"},"inLanguage":"de","potentialAction":[{"@type":"ReadAction","target":["http:\/\/fabis-lederey.com\/index.php\/allgemeine_geschaeftsbedingungen\/"]}]},{"@type":"BreadcrumbList","@id":"http:\/\/fabis-lederey.com\/index.php\/allgemeine_geschaeftsbedingungen\/#breadcrumb","itemListElement":[{"@type":"ListItem","position":1,"name":"Home","item":"http:\/\/fabis-lederey.com\/"},{"@type":"ListItem","position":2,"name":"Allgemeine Gesch\u00e4ftsbedingungen"}]},{"@type":"WebSite","@id":"https:\/\/fabis-lederey.com\/#website","url":"https:\/\/fabis-lederey.com\/","name":"Fabis Lederey - Fabian Kempf","description":"Die Reitsportsattlerei und Ledermanufaktur in Pirmasens, S\u00fcdwestpfalz und im SaarLorLux-Kreis.","potentialAction":[{"@type":"SearchAction","target":{"@type":"EntryPoint","urlTemplate":"https:\/\/fabis-lederey.com\/?s={search_term_string}"},"query-input":{"@type":"PropertyValueSpecification","valueRequired":true,"valueName":"search_term_string"}}],"inLanguage":"de"}]}},"_links":{"self":[{"href":"http:\/\/fabis-lederey.com\/index.php\/wp-json\/wp\/v2\/pages\/6973","targetHints":{"allow":["GET"]}}],"collection":[{"href":"http:\/\/fabis-lederey.com\/index.php\/wp-json\/wp\/v2\/pages"}],"about":[{"href":"http:\/\/fabis-lederey.com\/index.php\/wp-json\/wp\/v2\/types\/page"}],"author":[{"embeddable":true,"href":"http:\/\/fabis-lederey.com\/index.php\/wp-json\/wp\/v2\/users\/1"}],"replies":[{"embeddable":true,"href":"http:\/\/fabis-lederey.com\/index.php\/wp-json\/wp\/v2\/comments?post=6973"}],"version-history":[{"count":9,"href":"http:\/\/fabis-lederey.com\/index.php\/wp-json\/wp\/v2\/pages\/6973\/revisions"}],"predecessor-version":[{"id":7994,"href":"http:\/\/fabis-lederey.com\/index.php\/wp-json\/wp\/v2\/pages\/6973\/revisions\/7994"}],"wp:attachment":[{"href":"http:\/\/fabis-lederey.com\/index.php\/wp-json\/wp\/v2\/media?parent=6973"}],"curies":[{"name":"wp","href":"https:\/\/api.w.org\/{rel}","templated":true}]}}