{"id":7075,"date":"2022-02-09T07:08:58","date_gmt":"2022-02-09T07:08:58","guid":{"rendered":"http:\/\/fabis-lederey.com\/?page_id=7075"},"modified":"2022-02-09T16:13:35","modified_gmt":"2022-02-09T16:13:35","slug":"rueckerstattung_rueckgaben","status":"publish","type":"page","link":"http:\/\/fabis-lederey.com\/index.php\/rueckerstattung_rueckgaben\/","title":{"rendered":"Richtlinie f\u00fcr R\u00fcckerstattungen und R\u00fcckgaben"},"content":{"rendered":"\n<p>Wegen einer R\u00fccksendung oder Erstattung des Kaufpreises kontaktiere uns bitte direkt:<\/p>\n\n\n\n<p><br><a href=\"tel:4963312593590\">+49 (0) 6331 &#8211; 259 359 0<\/a><br><a href=\"mailto:info@fabis-lederey.com\">info@fabis-lederey.com<\/a><\/p>\n\n\n\n<p><\/p>\n\n\n\n<p><\/p>\n\n\n\n<p><\/p>\n","protected":false},"excerpt":{"rendered":"<p>Wegen einer R\u00fccksendung oder Erstattung des Kaufpreises kontaktiere uns bitte direkt: +49 (0) 6331 &#8211; 259 359 0info@fabis-lederey.com<\/p>\n","protected":false},"author":1,"featured_media":0,"parent":0,"menu_order":10,"comment_status":"closed","ping_status":"closed","template":"","meta":{"footnotes":""},"class_list":["post-7075","page","type-page","status-publish"],"yoast_head":"<!-- This site is optimized with the Yoast SEO plugin v27.5 - https:\/\/yoast.com\/product\/yoast-seo-wordpress\/ -->\n<title>Richtlinie f\u00fcr R\u00fcckerstattungen und R\u00fcckgaben - Fabis Lederey - Fabian Kempf<\/title>\n<meta name=\"robots\" content=\"index, follow, max-snippet:-1, max-image-preview:large, max-video-preview:-1\" \/>\n<link rel=\"canonical\" href=\"http:\/\/fabis-lederey.com\/index.php\/rueckerstattung_rueckgaben\/\" \/>\n<meta property=\"og:locale\" content=\"de_DE\" \/>\n<meta property=\"og:type\" content=\"article\" \/>\n<meta property=\"og:title\" content=\"Richtlinie f\u00fcr R\u00fcckerstattungen und R\u00fcckgaben - Fabis Lederey - Fabian Kempf\" \/>\n<meta property=\"og:description\" content=\"Wegen einer R\u00fccksendung oder Erstattung des Kaufpreises kontaktiere uns bitte direkt: +49 (0) 6331 &#8211; 259 359 0info@fabis-lederey.com\" \/>\n<meta property=\"og:url\" content=\"http:\/\/fabis-lederey.com\/index.php\/rueckerstattung_rueckgaben\/\" \/>\n<meta property=\"og:site_name\" content=\"Fabis Lederey - Fabian Kempf\" \/>\n<meta property=\"article:modified_time\" content=\"2022-02-09T16:13:35+00:00\" \/>\n<meta name=\"twitter:card\" content=\"summary_large_image\" \/>\n<meta name=\"twitter:label1\" content=\"Gesch\u00e4tzte Lesezeit\" \/>\n\t<meta name=\"twitter:data1\" content=\"1\u00a0Minute\" \/>\n<script type=\"application\/ld+json\" class=\"yoast-schema-graph\">{\"@context\":\"https:\\\/\\\/schema.org\",\"@graph\":[{\"@type\":\"WebPage\",\"@id\":\"http:\\\/\\\/fabis-lederey.com\\\/index.php\\\/rueckerstattung_rueckgaben\\\/\",\"url\":\"http:\\\/\\\/fabis-lederey.com\\\/index.php\\\/rueckerstattung_rueckgaben\\\/\",\"name\":\"Richtlinie f\u00fcr R\u00fcckerstattungen und R\u00fcckgaben - Fabis Lederey - Fabian Kempf\",\"isPartOf\":{\"@id\":\"https:\\\/\\\/fabis-lederey.com\\\/#website\"},\"datePublished\":\"2022-02-09T07:08:58+00:00\",\"dateModified\":\"2022-02-09T16:13:35+00:00\",\"breadcrumb\":{\"@id\":\"http:\\\/\\\/fabis-lederey.com\\\/index.php\\\/rueckerstattung_rueckgaben\\\/#breadcrumb\"},\"inLanguage\":\"de\",\"potentialAction\":[{\"@type\":\"ReadAction\",\"target\":[\"http:\\\/\\\/fabis-lederey.com\\\/index.php\\\/rueckerstattung_rueckgaben\\\/\"]}]},{\"@type\":\"BreadcrumbList\",\"@id\":\"http:\\\/\\\/fabis-lederey.com\\\/index.php\\\/rueckerstattung_rueckgaben\\\/#breadcrumb\",\"itemListElement\":[{\"@type\":\"ListItem\",\"position\":1,\"name\":\"Home\",\"item\":\"http:\\\/\\\/fabis-lederey.com\\\/\"},{\"@type\":\"ListItem\",\"position\":2,\"name\":\"Richtlinie f\u00fcr R\u00fcckerstattungen und R\u00fcckgaben\"}]},{\"@type\":\"WebSite\",\"@id\":\"https:\\\/\\\/fabis-lederey.com\\\/#website\",\"url\":\"https:\\\/\\\/fabis-lederey.com\\\/\",\"name\":\"Fabis Lederey - Fabian Kempf\",\"description\":\"Die Reitsportsattlerei und Ledermanufaktur in Pirmasens, S\u00fcdwestpfalz und im SaarLorLux-Kreis.\",\"potentialAction\":[{\"@type\":\"SearchAction\",\"target\":{\"@type\":\"EntryPoint\",\"urlTemplate\":\"https:\\\/\\\/fabis-lederey.com\\\/?s={search_term_string}\"},\"query-input\":{\"@type\":\"PropertyValueSpecification\",\"valueRequired\":true,\"valueName\":\"search_term_string\"}}],\"inLanguage\":\"de\"}]}<\/script>\n<!-- \/ Yoast SEO plugin. -->","yoast_head_json":{"title":"Richtlinie f\u00fcr R\u00fcckerstattungen und R\u00fcckgaben - Fabis Lederey - Fabian Kempf","robots":{"index":"index","follow":"follow","max-snippet":"max-snippet:-1","max-image-preview":"max-image-preview:large","max-video-preview":"max-video-preview:-1"},"canonical":"http:\/\/fabis-lederey.com\/index.php\/rueckerstattung_rueckgaben\/","og_locale":"de_DE","og_type":"article","og_title":"Richtlinie f\u00fcr R\u00fcckerstattungen und R\u00fcckgaben - Fabis Lederey - Fabian Kempf","og_description":"Wegen einer R\u00fccksendung oder Erstattung des Kaufpreises kontaktiere uns bitte direkt: +49 (0) 6331 &#8211; 259 359 0info@fabis-lederey.com","og_url":"http:\/\/fabis-lederey.com\/index.php\/rueckerstattung_rueckgaben\/","og_site_name":"Fabis Lederey - Fabian Kempf","article_modified_time":"2022-02-09T16:13:35+00:00","twitter_card":"summary_large_image","twitter_misc":{"Gesch\u00e4tzte Lesezeit":"1\u00a0Minute"},"schema":{"@context":"https:\/\/schema.org","@graph":[{"@type":"WebPage","@id":"http:\/\/fabis-lederey.com\/index.php\/rueckerstattung_rueckgaben\/","url":"http:\/\/fabis-lederey.com\/index.php\/rueckerstattung_rueckgaben\/","name":"Richtlinie f\u00fcr R\u00fcckerstattungen und R\u00fcckgaben - Fabis Lederey - Fabian Kempf","isPartOf":{"@id":"https:\/\/fabis-lederey.com\/#website"},"datePublished":"2022-02-09T07:08:58+00:00","dateModified":"2022-02-09T16:13:35+00:00","breadcrumb":{"@id":"http:\/\/fabis-lederey.com\/index.php\/rueckerstattung_rueckgaben\/#breadcrumb"},"inLanguage":"de","potentialAction":[{"@type":"ReadAction","target":["http:\/\/fabis-lederey.com\/index.php\/rueckerstattung_rueckgaben\/"]}]},{"@type":"BreadcrumbList","@id":"http:\/\/fabis-lederey.com\/index.php\/rueckerstattung_rueckgaben\/#breadcrumb","itemListElement":[{"@type":"ListItem","position":1,"name":"Home","item":"http:\/\/fabis-lederey.com\/"},{"@type":"ListItem","position":2,"name":"Richtlinie f\u00fcr R\u00fcckerstattungen und R\u00fcckgaben"}]},{"@type":"WebSite","@id":"https:\/\/fabis-lederey.com\/#website","url":"https:\/\/fabis-lederey.com\/","name":"Fabis Lederey - Fabian Kempf","description":"Die Reitsportsattlerei und Ledermanufaktur in Pirmasens, S\u00fcdwestpfalz und im SaarLorLux-Kreis.","potentialAction":[{"@type":"SearchAction","target":{"@type":"EntryPoint","urlTemplate":"https:\/\/fabis-lederey.com\/?s={search_term_string}"},"query-input":{"@type":"PropertyValueSpecification","valueRequired":true,"valueName":"search_term_string"}}],"inLanguage":"de"}]}},"_links":{"self":[{"href":"http:\/\/fabis-lederey.com\/index.php\/wp-json\/wp\/v2\/pages\/7075","targetHints":{"allow":["GET"]}}],"collection":[{"href":"http:\/\/fabis-lederey.com\/index.php\/wp-json\/wp\/v2\/pages"}],"about":[{"href":"http:\/\/fabis-lederey.com\/index.php\/wp-json\/wp\/v2\/types\/page"}],"author":[{"embeddable":true,"href":"http:\/\/fabis-lederey.com\/index.php\/wp-json\/wp\/v2\/users\/1"}],"replies":[{"embeddable":true,"href":"http:\/\/fabis-lederey.com\/index.php\/wp-json\/wp\/v2\/comments?post=7075"}],"version-history":[{"count":2,"href":"http:\/\/fabis-lederey.com\/index.php\/wp-json\/wp\/v2\/pages\/7075\/revisions"}],"predecessor-version":[{"id":7647,"href":"http:\/\/fabis-lederey.com\/index.php\/wp-json\/wp\/v2\/pages\/7075\/revisions\/7647"}],"wp:attachment":[{"href":"http:\/\/fabis-lederey.com\/index.php\/wp-json\/wp\/v2\/media?parent=7075"}],"curies":[{"name":"wp","href":"https:\/\/api.w.org\/{rel}","templated":true}]}}