{"id":7103,"date":"2021-12-07T08:36:54","date_gmt":"2021-12-07T08:36:54","guid":{"rendered":"http:\/\/fabis-lederey.com\/?post_type=product&#038;p=7103"},"modified":"2022-01-20T11:33:44","modified_gmt":"2022-01-20T11:33:44","slug":"covalliero-goleygo-mit-pin","status":"publish","type":"product","link":"http:\/\/fabis-lederey.com\/index.php\/produkt\/covalliero-goleygo-mit-pin\/","title":{"rendered":"Covalliero &#8211; GoLeyGo mit Pin"},"content":{"rendered":"<h1>GoLeyGo 2.0 F\u00fchrstrick f\u00fcr Ihr bestehendes Pferde Halfter, blau &#8211; inkl. GoLeyGo Adapter-Pin<\/h1>\n<h2>Der etwas andere F\u00fchrstrick!<\/h2>\n<p>Der innovative Panik-Verschluss der Hundeleine \u201eGoLeyGo\u201c, jetzt auch f\u00fcr Pferdebesitzer erh\u00e4ltlich!<\/p>\n<p>\u00dcberzeugen konnte er Pferde-Experten bereits jetzt schon: Vor allem durch die patentierte L\u00f6sung des sicheren und schnellen Befestigens und L\u00f6sens der Komponenten! Der 2 Meter lange Strick ist mit dem verbesserten GoLeyGo 2.0-Verschluss-System ausgestattet. Das Gegenst\u00fcck, der Adapter-Pin, wird an dem vorhandenen Halfter befestigt.<\/p>\n<p>Holen Sie jetzt Ihr Pferd von der Weide oder aus der Box, m\u00fcssen Sie die F\u00fchrleine nur an den Adapter-Pin halten und schon rastet der Strick, dank des Magnetverschlusses, ein. Der innovative Panik-Verschluss l\u00e4sst sich auch unter Last noch einh\u00e4ndig \u00f6ffnen, bietet also hohe Sicherheit, wenn ein Pferd schnell vom Strick befreit werden muss.<\/p>\n","protected":false},"excerpt":{"rendered":"<div class=\"mt_5 articleTitle col-xs-12 noPadding\">\n<h4 class=\"col-md-8 noPadding\">GoLeyGo 2.0 F\u00fchrstrick f\u00fcr Ihr bestehendes Pferde Halfter &#8211; inkl. GoLeyGo Adapter-Pin<\/h4>\n<div class=\"hidden-xs hidden-sm\">\n<div class=\"checkList col-xs-12 mb_20 mt_10\">\n<ul>\n<li>innovatives Magnet-Verschlusssystem<\/li>\n<li>einfach unter Last zu \u00f6ffnen<\/li>\n<li>einh\u00e4ndige Bedienung m\u00f6glich<\/li>\n<li>inkl. GoLeyGo 2.0 Adapter-Pin<\/li>\n<li>Made in Germany<\/li>\n<\/ul>\n<\/div>\n<\/div>\n<\/div>\n","protected":false},"featured_media":0,"comment_status":"open","ping_status":"closed","template":"","meta":[],"product_brand":[],"product_cat":[44,70],"product_tag":[],"class_list":{"0":"post-7103","1":"product","2":"type-product","3":"status-publish","5":"product_cat-allproducts","6":"product_cat-halfter-stricke","7":"pa_goleygo-blau-braun","8":"pa_goleygo-rot","9":"pa_goleygo-schwarz","11":"first","12":"instock","13":"taxable","14":"shipping-taxable","15":"purchasable","16":"product-type-variable"},"yoast_head":"<!-- This site is optimized with the Yoast SEO plugin v27.2 - https:\/\/yoast.com\/product\/yoast-seo-wordpress\/ -->\n<title>Covalliero - GoLeyGo mit Pin - Fabis Lederey - Fabian Kempf<\/title>\n<meta name=\"robots\" content=\"index, follow, max-snippet:-1, max-image-preview:large, max-video-preview:-1\" \/>\n<link rel=\"canonical\" href=\"http:\/\/fabis-lederey.com\/index.php\/produkt\/covalliero-goleygo-mit-pin\/\" \/>\n<meta property=\"og:locale\" content=\"de_DE\" \/>\n<meta property=\"og:type\" content=\"article\" \/>\n<meta property=\"og:title\" content=\"Covalliero - GoLeyGo mit Pin - Fabis Lederey - Fabian Kempf\" \/>\n<meta property=\"og:description\" content=\"GoLeyGo 2.0 F\u00fchrstrick f\u00fcr Ihr bestehendes Pferde Halfter - inkl. GoLeyGo Adapter-Pin     innovatives Magnet-Verschlusssystem  einfach unter Last zu \u00f6ffnen  einh\u00e4ndige Bedienung m\u00f6glich  inkl. GoLeyGo 2.0 Adapter-Pin  Made in Germany\" \/>\n<meta property=\"og:url\" content=\"http:\/\/fabis-lederey.com\/index.php\/produkt\/covalliero-goleygo-mit-pin\/\" \/>\n<meta property=\"og:site_name\" content=\"Fabis Lederey - Fabian Kempf\" \/>\n<meta property=\"article:modified_time\" content=\"2022-01-20T11:33:44+00:00\" \/>\n<meta name=\"twitter:card\" content=\"summary_large_image\" \/>\n<meta name=\"twitter:label1\" content=\"Gesch\u00e4tzte Lesezeit\" \/>\n\t<meta name=\"twitter:data1\" content=\"1\u00a0Minute\" \/>\n<script type=\"application\/ld+json\" class=\"yoast-schema-graph\">{\"@context\":\"https:\/\/schema.org\",\"@graph\":[{\"@type\":\"WebPage\",\"@id\":\"http:\/\/fabis-lederey.com\/index.php\/produkt\/covalliero-goleygo-mit-pin\/\",\"url\":\"http:\/\/fabis-lederey.com\/index.php\/produkt\/covalliero-goleygo-mit-pin\/\",\"name\":\"Covalliero - GoLeyGo mit Pin - Fabis Lederey - Fabian Kempf\",\"isPartOf\":{\"@id\":\"http:\/\/fabis-lederey.com\/#website\"},\"datePublished\":\"2021-12-07T08:36:54+00:00\",\"dateModified\":\"2022-01-20T11:33:44+00:00\",\"breadcrumb\":{\"@id\":\"http:\/\/fabis-lederey.com\/index.php\/produkt\/covalliero-goleygo-mit-pin\/#breadcrumb\"},\"inLanguage\":\"de\",\"potentialAction\":[{\"@type\":\"ReadAction\",\"target\":[\"http:\/\/fabis-lederey.com\/index.php\/produkt\/covalliero-goleygo-mit-pin\/\"]}]},{\"@type\":\"BreadcrumbList\",\"@id\":\"http:\/\/fabis-lederey.com\/index.php\/produkt\/covalliero-goleygo-mit-pin\/#breadcrumb\",\"itemListElement\":[{\"@type\":\"ListItem\",\"position\":1,\"name\":\"Home\",\"item\":\"https:\/\/fabis-lederey.com\/\"},{\"@type\":\"ListItem\",\"position\":2,\"name\":\"Shop\",\"item\":\"http:\/\/fabis-lederey.com\/?page_id=7147\"},{\"@type\":\"ListItem\",\"position\":3,\"name\":\"Covalliero &#8211; GoLeyGo mit Pin\"}]},{\"@type\":\"WebSite\",\"@id\":\"http:\/\/fabis-lederey.com\/#website\",\"url\":\"http:\/\/fabis-lederey.com\/\",\"name\":\"Fabis Lederey - Fabian Kempf\",\"description\":\"Die Reitsportsattlerei und Ledermanufaktur in Pirmasens, S\u00fcdwestpfalz und im SaarLorLux-Kreis.\",\"potentialAction\":[{\"@type\":\"SearchAction\",\"target\":{\"@type\":\"EntryPoint\",\"urlTemplate\":\"http:\/\/fabis-lederey.com\/?s={search_term_string}\"},\"query-input\":{\"@type\":\"PropertyValueSpecification\",\"valueRequired\":true,\"valueName\":\"search_term_string\"}}],\"inLanguage\":\"de\"}]}<\/script>\n<!-- \/ Yoast SEO plugin. -->","yoast_head_json":{"title":"Covalliero - GoLeyGo mit Pin - Fabis Lederey - Fabian Kempf","robots":{"index":"index","follow":"follow","max-snippet":"max-snippet:-1","max-image-preview":"max-image-preview:large","max-video-preview":"max-video-preview:-1"},"canonical":"http:\/\/fabis-lederey.com\/index.php\/produkt\/covalliero-goleygo-mit-pin\/","og_locale":"de_DE","og_type":"article","og_title":"Covalliero - GoLeyGo mit Pin - Fabis Lederey - Fabian Kempf","og_description":"GoLeyGo 2.0 F\u00fchrstrick f\u00fcr Ihr bestehendes Pferde Halfter - inkl. GoLeyGo Adapter-Pin     innovatives Magnet-Verschlusssystem  einfach unter Last zu \u00f6ffnen  einh\u00e4ndige Bedienung m\u00f6glich  inkl. GoLeyGo 2.0 Adapter-Pin  Made in Germany","og_url":"http:\/\/fabis-lederey.com\/index.php\/produkt\/covalliero-goleygo-mit-pin\/","og_site_name":"Fabis Lederey - Fabian Kempf","article_modified_time":"2022-01-20T11:33:44+00:00","twitter_card":"summary_large_image","twitter_misc":{"Gesch\u00e4tzte Lesezeit":"1\u00a0Minute"},"schema":{"@context":"https:\/\/schema.org","@graph":[{"@type":"WebPage","@id":"http:\/\/fabis-lederey.com\/index.php\/produkt\/covalliero-goleygo-mit-pin\/","url":"http:\/\/fabis-lederey.com\/index.php\/produkt\/covalliero-goleygo-mit-pin\/","name":"Covalliero - GoLeyGo mit Pin - Fabis Lederey - Fabian Kempf","isPartOf":{"@id":"http:\/\/fabis-lederey.com\/#website"},"datePublished":"2021-12-07T08:36:54+00:00","dateModified":"2022-01-20T11:33:44+00:00","breadcrumb":{"@id":"http:\/\/fabis-lederey.com\/index.php\/produkt\/covalliero-goleygo-mit-pin\/#breadcrumb"},"inLanguage":"de","potentialAction":[{"@type":"ReadAction","target":["http:\/\/fabis-lederey.com\/index.php\/produkt\/covalliero-goleygo-mit-pin\/"]}]},{"@type":"BreadcrumbList","@id":"http:\/\/fabis-lederey.com\/index.php\/produkt\/covalliero-goleygo-mit-pin\/#breadcrumb","itemListElement":[{"@type":"ListItem","position":1,"name":"Home","item":"https:\/\/fabis-lederey.com\/"},{"@type":"ListItem","position":2,"name":"Shop","item":"http:\/\/fabis-lederey.com\/?page_id=7147"},{"@type":"ListItem","position":3,"name":"Covalliero &#8211; GoLeyGo mit Pin"}]},{"@type":"WebSite","@id":"http:\/\/fabis-lederey.com\/#website","url":"http:\/\/fabis-lederey.com\/","name":"Fabis Lederey - Fabian Kempf","description":"Die Reitsportsattlerei und Ledermanufaktur in Pirmasens, S\u00fcdwestpfalz und im SaarLorLux-Kreis.","potentialAction":[{"@type":"SearchAction","target":{"@type":"EntryPoint","urlTemplate":"http:\/\/fabis-lederey.com\/?s={search_term_string}"},"query-input":{"@type":"PropertyValueSpecification","valueRequired":true,"valueName":"search_term_string"}}],"inLanguage":"de"}]}},"_links":{"self":[{"href":"http:\/\/fabis-lederey.com\/index.php\/wp-json\/wp\/v2\/product\/7103","targetHints":{"allow":["GET"]}}],"collection":[{"href":"http:\/\/fabis-lederey.com\/index.php\/wp-json\/wp\/v2\/product"}],"about":[{"href":"http:\/\/fabis-lederey.com\/index.php\/wp-json\/wp\/v2\/types\/product"}],"replies":[{"embeddable":true,"href":"http:\/\/fabis-lederey.com\/index.php\/wp-json\/wp\/v2\/comments?post=7103"}],"wp:attachment":[{"href":"http:\/\/fabis-lederey.com\/index.php\/wp-json\/wp\/v2\/media?parent=7103"}],"wp:term":[{"taxonomy":"product_brand","embeddable":true,"href":"http:\/\/fabis-lederey.com\/index.php\/wp-json\/wp\/v2\/product_brand?post=7103"},{"taxonomy":"product_cat","embeddable":true,"href":"http:\/\/fabis-lederey.com\/index.php\/wp-json\/wp\/v2\/product_cat?post=7103"},{"taxonomy":"product_tag","embeddable":true,"href":"http:\/\/fabis-lederey.com\/index.php\/wp-json\/wp\/v2\/product_tag?post=7103"}],"curies":[{"name":"wp","href":"https:\/\/api.w.org\/{rel}","templated":true}]}}