{"id":7107,"date":"2021-12-07T08:58:40","date_gmt":"2021-12-07T08:58:40","guid":{"rendered":"http:\/\/fabis-lederey.com\/?post_type=product&#038;p=7107"},"modified":"2021-12-07T09:02:46","modified_gmt":"2021-12-07T09:02:46","slug":"cavalor-dry-feet-250ml","status":"publish","type":"product","link":"http:\/\/fabis-lederey.com\/index.php\/produkt\/cavalor-dry-feet-250ml\/","title":{"rendered":"Cavalor &#8211; Dry Feet, 250ml"},"content":{"rendered":"<div class=\"tab-content\">\n<h2>Cavalor Dry Feet<\/h2>\n<p>Dry Feet ist ein Spray von Cavalor, das sowohl Pr\u00e4- als auch Probiotika enth\u00e4lt. Dieses effiziente und einfach anzuwendende Spray h\u00e4lt die Sohle und den Strahl Ihres Pferdes trocken. Es t\u00f6tet auch vorbeugende Bakterien im Huf ab, die Strahlf\u00e4ule verursachen.<\/p>\n<h2>Eigenschaften<\/h2>\n<ul>\n<li>Leicht zu verwendendes Spray<\/li>\n<li>Erreicht die tiefsten Rillen und ist hochwirksam<\/li>\n<li>Sehr schnelles Ergebnis<\/li>\n<li>Enth\u00e4lt Pro- und Pr\u00e4biotika (Inulin)<\/li>\n<\/ul>\n<h2>Verwendung\/Dosierung<\/h2>\n<p>Dieses Produkt darf nur auf den Strahl des Hufes gespr\u00fcht werden.<\/p>\n<ul>\n<li>Wenn Ihr Pferd unter sehr weichen Sohlen und Fu\u00dfballen leidet: 2 mal t\u00e4glich spr\u00fchen.<\/li>\n<li>Zur vorbeugenden Pflege der Fu\u00dfsohlen und des Strahls: zweimal w\u00f6chentlich spr\u00fchen<\/li>\n<\/ul>\n<h2>Zusammensetzung<\/h2>\n<p>Probiotika und Pr\u00e4biotika (Inulin)<\/p>\n<\/div>\n","protected":false},"excerpt":{"rendered":"<div id=\"product-summary\" class=\"mpg-col-24 mpg-col-md-10\">\n<h4>Cavalor Dry Feet<\/h4>\n<div class=\"advantages\">\n<p>Cavalor Dry Feet ist ein Spray zum Trocknen der Sohle und des Strahls Ihres Pferdes. Das einfach anzuwendende Spray ist hochwirksam und kann helfen, Soor zu verhindern oder zu behandeln.<\/p>\n<\/div>\n<\/div>\n","protected":false},"featured_media":0,"comment_status":"open","ping_status":"closed","template":"","meta":[],"product_brand":[],"product_cat":[44,72],"product_tag":[],"class_list":{"0":"post-7107","1":"product","2":"type-product","3":"status-publish","5":"product_cat-allproducts","6":"product_cat-hufpflege","8":"first","9":"instock","10":"taxable","11":"shipping-taxable","12":"purchasable","13":"product-type-simple"},"yoast_head":"<!-- This site is optimized with the Yoast SEO plugin v27.5 - https:\/\/yoast.com\/product\/yoast-seo-wordpress\/ -->\n<title>Cavalor - Dry Feet, 250ml - Fabis Lederey - Fabian Kempf<\/title>\n<meta name=\"robots\" content=\"index, follow, max-snippet:-1, max-image-preview:large, max-video-preview:-1\" \/>\n<link rel=\"canonical\" href=\"http:\/\/fabis-lederey.com\/index.php\/produkt\/cavalor-dry-feet-250ml\/\" \/>\n<meta property=\"og:locale\" content=\"de_DE\" \/>\n<meta property=\"og:type\" content=\"article\" \/>\n<meta property=\"og:title\" content=\"Cavalor - Dry Feet, 250ml - Fabis Lederey - Fabian Kempf\" \/>\n<meta property=\"og:description\" content=\"Cavalor Dry Feet   Cavalor Dry Feet ist ein Spray zum Trocknen der Sohle und des Strahls Ihres Pferdes. Das einfach anzuwendende Spray ist hochwirksam und kann helfen, Soor zu verhindern oder zu behandeln.\" \/>\n<meta property=\"og:url\" content=\"http:\/\/fabis-lederey.com\/index.php\/produkt\/cavalor-dry-feet-250ml\/\" \/>\n<meta property=\"og:site_name\" content=\"Fabis Lederey - Fabian Kempf\" \/>\n<meta property=\"article:modified_time\" content=\"2021-12-07T09:02:46+00:00\" \/>\n<meta name=\"twitter:card\" content=\"summary_large_image\" \/>\n<meta name=\"twitter:label1\" content=\"Gesch\u00e4tzte Lesezeit\" \/>\n\t<meta name=\"twitter:data1\" content=\"1\u00a0Minute\" \/>\n<script type=\"application\/ld+json\" class=\"yoast-schema-graph\">{\"@context\":\"https:\\\/\\\/schema.org\",\"@graph\":[{\"@type\":\"WebPage\",\"@id\":\"http:\\\/\\\/fabis-lederey.com\\\/index.php\\\/produkt\\\/cavalor-dry-feet-250ml\\\/\",\"url\":\"http:\\\/\\\/fabis-lederey.com\\\/index.php\\\/produkt\\\/cavalor-dry-feet-250ml\\\/\",\"name\":\"Cavalor - Dry Feet, 250ml - Fabis Lederey - Fabian Kempf\",\"isPartOf\":{\"@id\":\"https:\\\/\\\/fabis-lederey.com\\\/#website\"},\"datePublished\":\"2021-12-07T08:58:40+00:00\",\"dateModified\":\"2021-12-07T09:02:46+00:00\",\"breadcrumb\":{\"@id\":\"http:\\\/\\\/fabis-lederey.com\\\/index.php\\\/produkt\\\/cavalor-dry-feet-250ml\\\/#breadcrumb\"},\"inLanguage\":\"de\",\"potentialAction\":[{\"@type\":\"ReadAction\",\"target\":[\"http:\\\/\\\/fabis-lederey.com\\\/index.php\\\/produkt\\\/cavalor-dry-feet-250ml\\\/\"]}]},{\"@type\":\"BreadcrumbList\",\"@id\":\"http:\\\/\\\/fabis-lederey.com\\\/index.php\\\/produkt\\\/cavalor-dry-feet-250ml\\\/#breadcrumb\",\"itemListElement\":[{\"@type\":\"ListItem\",\"position\":1,\"name\":\"Home\",\"item\":\"http:\\\/\\\/fabis-lederey.com\\\/\"},{\"@type\":\"ListItem\",\"position\":2,\"name\":\"Shop\",\"item\":\"http:\\\/\\\/fabis-lederey.com\\\/?page_id=7147\"},{\"@type\":\"ListItem\",\"position\":3,\"name\":\"Cavalor &#8211; Dry Feet, 250ml\"}]},{\"@type\":\"WebSite\",\"@id\":\"https:\\\/\\\/fabis-lederey.com\\\/#website\",\"url\":\"https:\\\/\\\/fabis-lederey.com\\\/\",\"name\":\"Fabis Lederey - Fabian Kempf\",\"description\":\"Die Reitsportsattlerei und Ledermanufaktur in Pirmasens, S\u00fcdwestpfalz und im SaarLorLux-Kreis.\",\"potentialAction\":[{\"@type\":\"SearchAction\",\"target\":{\"@type\":\"EntryPoint\",\"urlTemplate\":\"https:\\\/\\\/fabis-lederey.com\\\/?s={search_term_string}\"},\"query-input\":{\"@type\":\"PropertyValueSpecification\",\"valueRequired\":true,\"valueName\":\"search_term_string\"}}],\"inLanguage\":\"de\"}]}<\/script>\n<!-- \/ Yoast SEO plugin. -->","yoast_head_json":{"title":"Cavalor - Dry Feet, 250ml - Fabis Lederey - Fabian Kempf","robots":{"index":"index","follow":"follow","max-snippet":"max-snippet:-1","max-image-preview":"max-image-preview:large","max-video-preview":"max-video-preview:-1"},"canonical":"http:\/\/fabis-lederey.com\/index.php\/produkt\/cavalor-dry-feet-250ml\/","og_locale":"de_DE","og_type":"article","og_title":"Cavalor - Dry Feet, 250ml - Fabis Lederey - Fabian Kempf","og_description":"Cavalor Dry Feet   Cavalor Dry Feet ist ein Spray zum Trocknen der Sohle und des Strahls Ihres Pferdes. Das einfach anzuwendende Spray ist hochwirksam und kann helfen, Soor zu verhindern oder zu behandeln.","og_url":"http:\/\/fabis-lederey.com\/index.php\/produkt\/cavalor-dry-feet-250ml\/","og_site_name":"Fabis Lederey - Fabian Kempf","article_modified_time":"2021-12-07T09:02:46+00:00","twitter_card":"summary_large_image","twitter_misc":{"Gesch\u00e4tzte Lesezeit":"1\u00a0Minute"},"schema":{"@context":"https:\/\/schema.org","@graph":[{"@type":"WebPage","@id":"http:\/\/fabis-lederey.com\/index.php\/produkt\/cavalor-dry-feet-250ml\/","url":"http:\/\/fabis-lederey.com\/index.php\/produkt\/cavalor-dry-feet-250ml\/","name":"Cavalor - Dry Feet, 250ml - Fabis Lederey - Fabian Kempf","isPartOf":{"@id":"https:\/\/fabis-lederey.com\/#website"},"datePublished":"2021-12-07T08:58:40+00:00","dateModified":"2021-12-07T09:02:46+00:00","breadcrumb":{"@id":"http:\/\/fabis-lederey.com\/index.php\/produkt\/cavalor-dry-feet-250ml\/#breadcrumb"},"inLanguage":"de","potentialAction":[{"@type":"ReadAction","target":["http:\/\/fabis-lederey.com\/index.php\/produkt\/cavalor-dry-feet-250ml\/"]}]},{"@type":"BreadcrumbList","@id":"http:\/\/fabis-lederey.com\/index.php\/produkt\/cavalor-dry-feet-250ml\/#breadcrumb","itemListElement":[{"@type":"ListItem","position":1,"name":"Home","item":"http:\/\/fabis-lederey.com\/"},{"@type":"ListItem","position":2,"name":"Shop","item":"http:\/\/fabis-lederey.com\/?page_id=7147"},{"@type":"ListItem","position":3,"name":"Cavalor &#8211; Dry Feet, 250ml"}]},{"@type":"WebSite","@id":"https:\/\/fabis-lederey.com\/#website","url":"https:\/\/fabis-lederey.com\/","name":"Fabis Lederey - Fabian Kempf","description":"Die Reitsportsattlerei und Ledermanufaktur in Pirmasens, S\u00fcdwestpfalz und im SaarLorLux-Kreis.","potentialAction":[{"@type":"SearchAction","target":{"@type":"EntryPoint","urlTemplate":"https:\/\/fabis-lederey.com\/?s={search_term_string}"},"query-input":{"@type":"PropertyValueSpecification","valueRequired":true,"valueName":"search_term_string"}}],"inLanguage":"de"}]}},"_links":{"self":[{"href":"http:\/\/fabis-lederey.com\/index.php\/wp-json\/wp\/v2\/product\/7107","targetHints":{"allow":["GET"]}}],"collection":[{"href":"http:\/\/fabis-lederey.com\/index.php\/wp-json\/wp\/v2\/product"}],"about":[{"href":"http:\/\/fabis-lederey.com\/index.php\/wp-json\/wp\/v2\/types\/product"}],"replies":[{"embeddable":true,"href":"http:\/\/fabis-lederey.com\/index.php\/wp-json\/wp\/v2\/comments?post=7107"}],"wp:attachment":[{"href":"http:\/\/fabis-lederey.com\/index.php\/wp-json\/wp\/v2\/media?parent=7107"}],"wp:term":[{"taxonomy":"product_brand","embeddable":true,"href":"http:\/\/fabis-lederey.com\/index.php\/wp-json\/wp\/v2\/product_brand?post=7107"},{"taxonomy":"product_cat","embeddable":true,"href":"http:\/\/fabis-lederey.com\/index.php\/wp-json\/wp\/v2\/product_cat?post=7107"},{"taxonomy":"product_tag","embeddable":true,"href":"http:\/\/fabis-lederey.com\/index.php\/wp-json\/wp\/v2\/product_tag?post=7107"}],"curies":[{"name":"wp","href":"https:\/\/api.w.org\/{rel}","templated":true}]}}