{"id":7109,"date":"2021-12-07T09:03:41","date_gmt":"2021-12-07T09:03:41","guid":{"rendered":"http:\/\/fabis-lederey.com\/?post_type=product&#038;p=7109"},"modified":"2022-03-21T08:35:59","modified_gmt":"2022-03-21T08:35:59","slug":"joserea-h-knuspies-150g","status":"publish","type":"product","link":"http:\/\/fabis-lederey.com\/index.php\/produkt\/joserea-h-knuspies-150g\/","title":{"rendered":"Joserea H Knuspies 150g"},"content":{"rendered":"<div class=\"tab-content\">\n<h2>Knuspies mit Ente sind knackige Leckerlis f\u00fcr Zwischendurch.<\/h2>\n<p>Die Fleischanteile bestehen ausschlie\u00dflich aus Gefl\u00fcgel mit \u00fcber 10 % leckerer Ente und dem Besten aus Vollkorngetreide.<br \/>\nKnuspies mit Ente sind einfach und fettfrei zu verabreichende Snack-B\u00e4llchen, die Ihrem Hund schmecken und positiv<br \/>\nzur Zahnpflege beitragen.<\/p>\n<p>Gesundes Hundefutter f\u00fcr besondere Anspr\u00fcche!<\/p>\n<p>Bedarfsgerechtes Futter ist so individuell wie Ihr Hund.<br \/>\nOb Welpe, erwachsener Familienhund, sensibler Hund, Sporthund oder Senior &#8211; unser spezielles Hundefutter-Sortiment von Josera Emotion<br \/>\nbietet f\u00fcr jeden Hund das richtige Futter.<\/p>\n<p>Josera Premium Hundefutter ist ohne Zusatz von Farb-, Aroma- und Konservierungsstoffen, ohne Weizen, Soja, Rind und Milchprodukte und<br \/>\ndaher auch f\u00fcr sensible Hunde und Hunde mit Allergien bestens geeignet.<\/p>\n<p>Zusammensetzung:<br \/>\nGefl\u00fcgelfleischmehl (Gefl\u00fcgel 17%, Ente 15%), Mais, Gerste, Maismehl, R\u00fcbentrockenschnitzel, Reis, Gefl\u00fcgelprotein hydrolysiert,<br \/>\npflanzliches Protein hydrolysiert, Natriumchlorid.<\/p>\n<p>Analytische Bestandteile:<br \/>\nBiotin 500.0 mcg, Cholinchlorid 1500.0 mg,Fols\u00e4ure 3.0 mg, Kalzium 1.6 %, Niacin 60.0 mg, Phosphor 1.0 %, Rohasche 8.0 %, Rohfaser 3.0 %,<br \/>\nRohfett 7.0 %, Rohprotein 25.5 %, Vitamin A 15000.0 IU, Vitamin B1 (Thiamin) 10.0 mg, Vitamin B12 (Cobalamin) 100.0 mcg,Vitamin B2<br \/>\n(Riboflavin) 15.0 mg, Vitamin B6 (Pyridoxin) 15.0 mg, Vitamin D 3 1500.0 kcal, Vitamin E (Tocopherole) 100.0 m.<\/p>\n<\/div>\n","protected":false},"excerpt":{"rendered":"<div id=\"product-summary\" class=\"mpg-col-24 mpg-col-md-10\">\n<div class=\"wrap-manufacturer\">\n<div class=\"titlewrap\">\n<h4 class=\"title\">Josera Knuspies 150g &#8211; Hundesnacks<\/h4>\n<\/div>\n<div id=\"cphMain_cphColumnOne_ArticleDetails_linkProductReview\">\n<div class=\"wrap-description\">Der Knusper-Snack mit zarter Ente!<\/div>\n<\/div>\n<\/div>\n<\/div>\n","protected":false},"featured_media":0,"comment_status":"open","ping_status":"closed","template":"","meta":[],"product_brand":[],"product_cat":[44,73],"product_tag":[],"class_list":{"0":"post-7109","1":"product","2":"type-product","3":"status-publish","5":"product_cat-allproducts","6":"product_cat-hundebedarf","8":"first","9":"outofstock","10":"taxable","11":"shipping-taxable","12":"purchasable","13":"product-type-simple"},"yoast_head":"<!-- This site is optimized with the Yoast SEO plugin v27.5 - https:\/\/yoast.com\/product\/yoast-seo-wordpress\/ -->\n<title>Joserea H Knuspies 150g - Fabis Lederey - Fabian Kempf<\/title>\n<meta name=\"robots\" content=\"index, follow, max-snippet:-1, max-image-preview:large, max-video-preview:-1\" \/>\n<link rel=\"canonical\" href=\"http:\/\/fabis-lederey.com\/index.php\/produkt\/joserea-h-knuspies-150g\/\" \/>\n<meta property=\"og:locale\" content=\"de_DE\" \/>\n<meta property=\"og:type\" content=\"article\" \/>\n<meta property=\"og:title\" content=\"Joserea H Knuspies 150g - Fabis Lederey - Fabian Kempf\" \/>\n<meta property=\"og:description\" content=\"Josera Knuspies 150g - Hundesnacks   Der Knusper-Snack mit zarter Ente!\" \/>\n<meta property=\"og:url\" content=\"http:\/\/fabis-lederey.com\/index.php\/produkt\/joserea-h-knuspies-150g\/\" \/>\n<meta property=\"og:site_name\" content=\"Fabis Lederey - Fabian Kempf\" \/>\n<meta property=\"article:modified_time\" content=\"2022-03-21T08:35:59+00:00\" \/>\n<meta name=\"twitter:card\" content=\"summary_large_image\" \/>\n<meta name=\"twitter:label1\" content=\"Gesch\u00e4tzte Lesezeit\" \/>\n\t<meta name=\"twitter:data1\" content=\"1\u00a0Minute\" \/>\n<script type=\"application\/ld+json\" class=\"yoast-schema-graph\">{\"@context\":\"https:\\\/\\\/schema.org\",\"@graph\":[{\"@type\":\"WebPage\",\"@id\":\"http:\\\/\\\/fabis-lederey.com\\\/index.php\\\/produkt\\\/joserea-h-knuspies-150g\\\/\",\"url\":\"http:\\\/\\\/fabis-lederey.com\\\/index.php\\\/produkt\\\/joserea-h-knuspies-150g\\\/\",\"name\":\"Joserea H Knuspies 150g - Fabis Lederey - Fabian Kempf\",\"isPartOf\":{\"@id\":\"https:\\\/\\\/fabis-lederey.com\\\/#website\"},\"datePublished\":\"2021-12-07T09:03:41+00:00\",\"dateModified\":\"2022-03-21T08:35:59+00:00\",\"breadcrumb\":{\"@id\":\"http:\\\/\\\/fabis-lederey.com\\\/index.php\\\/produkt\\\/joserea-h-knuspies-150g\\\/#breadcrumb\"},\"inLanguage\":\"de\",\"potentialAction\":[{\"@type\":\"ReadAction\",\"target\":[\"http:\\\/\\\/fabis-lederey.com\\\/index.php\\\/produkt\\\/joserea-h-knuspies-150g\\\/\"]}]},{\"@type\":\"BreadcrumbList\",\"@id\":\"http:\\\/\\\/fabis-lederey.com\\\/index.php\\\/produkt\\\/joserea-h-knuspies-150g\\\/#breadcrumb\",\"itemListElement\":[{\"@type\":\"ListItem\",\"position\":1,\"name\":\"Home\",\"item\":\"http:\\\/\\\/fabis-lederey.com\\\/\"},{\"@type\":\"ListItem\",\"position\":2,\"name\":\"Shop\",\"item\":\"http:\\\/\\\/fabis-lederey.com\\\/?page_id=7147\"},{\"@type\":\"ListItem\",\"position\":3,\"name\":\"Joserea H Knuspies 150g\"}]},{\"@type\":\"WebSite\",\"@id\":\"https:\\\/\\\/fabis-lederey.com\\\/#website\",\"url\":\"https:\\\/\\\/fabis-lederey.com\\\/\",\"name\":\"Fabis Lederey - Fabian Kempf\",\"description\":\"Die Reitsportsattlerei und Ledermanufaktur in Pirmasens, S\u00fcdwestpfalz und im SaarLorLux-Kreis.\",\"potentialAction\":[{\"@type\":\"SearchAction\",\"target\":{\"@type\":\"EntryPoint\",\"urlTemplate\":\"https:\\\/\\\/fabis-lederey.com\\\/?s={search_term_string}\"},\"query-input\":{\"@type\":\"PropertyValueSpecification\",\"valueRequired\":true,\"valueName\":\"search_term_string\"}}],\"inLanguage\":\"de\"}]}<\/script>\n<!-- \/ Yoast SEO plugin. -->","yoast_head_json":{"title":"Joserea H Knuspies 150g - Fabis Lederey - Fabian Kempf","robots":{"index":"index","follow":"follow","max-snippet":"max-snippet:-1","max-image-preview":"max-image-preview:large","max-video-preview":"max-video-preview:-1"},"canonical":"http:\/\/fabis-lederey.com\/index.php\/produkt\/joserea-h-knuspies-150g\/","og_locale":"de_DE","og_type":"article","og_title":"Joserea H Knuspies 150g - Fabis Lederey - Fabian Kempf","og_description":"Josera Knuspies 150g - Hundesnacks   Der Knusper-Snack mit zarter Ente!","og_url":"http:\/\/fabis-lederey.com\/index.php\/produkt\/joserea-h-knuspies-150g\/","og_site_name":"Fabis Lederey - Fabian Kempf","article_modified_time":"2022-03-21T08:35:59+00:00","twitter_card":"summary_large_image","twitter_misc":{"Gesch\u00e4tzte Lesezeit":"1\u00a0Minute"},"schema":{"@context":"https:\/\/schema.org","@graph":[{"@type":"WebPage","@id":"http:\/\/fabis-lederey.com\/index.php\/produkt\/joserea-h-knuspies-150g\/","url":"http:\/\/fabis-lederey.com\/index.php\/produkt\/joserea-h-knuspies-150g\/","name":"Joserea H Knuspies 150g - Fabis Lederey - Fabian Kempf","isPartOf":{"@id":"https:\/\/fabis-lederey.com\/#website"},"datePublished":"2021-12-07T09:03:41+00:00","dateModified":"2022-03-21T08:35:59+00:00","breadcrumb":{"@id":"http:\/\/fabis-lederey.com\/index.php\/produkt\/joserea-h-knuspies-150g\/#breadcrumb"},"inLanguage":"de","potentialAction":[{"@type":"ReadAction","target":["http:\/\/fabis-lederey.com\/index.php\/produkt\/joserea-h-knuspies-150g\/"]}]},{"@type":"BreadcrumbList","@id":"http:\/\/fabis-lederey.com\/index.php\/produkt\/joserea-h-knuspies-150g\/#breadcrumb","itemListElement":[{"@type":"ListItem","position":1,"name":"Home","item":"http:\/\/fabis-lederey.com\/"},{"@type":"ListItem","position":2,"name":"Shop","item":"http:\/\/fabis-lederey.com\/?page_id=7147"},{"@type":"ListItem","position":3,"name":"Joserea H Knuspies 150g"}]},{"@type":"WebSite","@id":"https:\/\/fabis-lederey.com\/#website","url":"https:\/\/fabis-lederey.com\/","name":"Fabis Lederey - Fabian Kempf","description":"Die Reitsportsattlerei und Ledermanufaktur in Pirmasens, S\u00fcdwestpfalz und im SaarLorLux-Kreis.","potentialAction":[{"@type":"SearchAction","target":{"@type":"EntryPoint","urlTemplate":"https:\/\/fabis-lederey.com\/?s={search_term_string}"},"query-input":{"@type":"PropertyValueSpecification","valueRequired":true,"valueName":"search_term_string"}}],"inLanguage":"de"}]}},"_links":{"self":[{"href":"http:\/\/fabis-lederey.com\/index.php\/wp-json\/wp\/v2\/product\/7109","targetHints":{"allow":["GET"]}}],"collection":[{"href":"http:\/\/fabis-lederey.com\/index.php\/wp-json\/wp\/v2\/product"}],"about":[{"href":"http:\/\/fabis-lederey.com\/index.php\/wp-json\/wp\/v2\/types\/product"}],"replies":[{"embeddable":true,"href":"http:\/\/fabis-lederey.com\/index.php\/wp-json\/wp\/v2\/comments?post=7109"}],"wp:attachment":[{"href":"http:\/\/fabis-lederey.com\/index.php\/wp-json\/wp\/v2\/media?parent=7109"}],"wp:term":[{"taxonomy":"product_brand","embeddable":true,"href":"http:\/\/fabis-lederey.com\/index.php\/wp-json\/wp\/v2\/product_brand?post=7109"},{"taxonomy":"product_cat","embeddable":true,"href":"http:\/\/fabis-lederey.com\/index.php\/wp-json\/wp\/v2\/product_cat?post=7109"},{"taxonomy":"product_tag","embeddable":true,"href":"http:\/\/fabis-lederey.com\/index.php\/wp-json\/wp\/v2\/product_tag?post=7109"}],"curies":[{"name":"wp","href":"https:\/\/api.w.org\/{rel}","templated":true}]}}