{"id":7111,"date":"2021-12-07T09:09:32","date_gmt":"2021-12-07T09:09:32","guid":{"rendered":"http:\/\/fabis-lederey.com\/?post_type=product&#038;p=7111"},"modified":"2021-12-07T09:50:28","modified_gmt":"2021-12-07T09:50:28","slug":"lederbeutel-gross","status":"publish","type":"product","link":"http:\/\/fabis-lederey.com\/index.php\/produkt\/lederbeutel-gross\/","title":{"rendered":"Lederbeutel gro\u00df"},"content":{"rendered":"<h1>Lederbeutel gro\u00df<\/h1>\n<p>&nbsp;<\/p>\n<p>Bodendurchmesser in geschlossenem Zustand ca 12 cm<\/p>\n<p>mit &#8222;\u00d6hrchen&#8220; zum einfacheren \u00d6ffnen<\/p>\n<p>in verschieden Farben erh\u00e4ltlich<\/p>\n<p>Handgefertigt aus vegetabil gegerbtem Leder in unserer Ledermanufaktur<\/p>\n","protected":false},"excerpt":{"rendered":"<div id=\"product-summary\" class=\"mpg-col-24 mpg-col-md-10\">\n<div class=\"wrap-manufacturer\">Lederbeutel, gro\u00df<\/div>\n<\/div>\n<div><\/div>\n<div>in verschieden Farben erh\u00e4ltlich<\/div>\n","protected":false},"featured_media":0,"comment_status":"open","ping_status":"closed","template":"","meta":[],"product_brand":[],"product_cat":[44,65],"product_tag":[],"class_list":{"0":"post-7111","1":"product","2":"type-product","3":"status-publish","5":"product_cat-allproducts","6":"product_cat-lederey","8":"first","9":"instock","10":"taxable","11":"shipping-taxable","12":"purchasable","13":"product-type-simple"},"yoast_head":"<!-- This site is optimized with the Yoast SEO plugin v27.3 - https:\/\/yoast.com\/product\/yoast-seo-wordpress\/ -->\n<title>Lederbeutel gro\u00df - Fabis Lederey - Fabian Kempf<\/title>\n<meta name=\"robots\" content=\"index, follow, max-snippet:-1, max-image-preview:large, max-video-preview:-1\" \/>\n<link rel=\"canonical\" href=\"http:\/\/fabis-lederey.com\/index.php\/produkt\/lederbeutel-gross\/\" \/>\n<meta property=\"og:locale\" content=\"de_DE\" \/>\n<meta property=\"og:type\" content=\"article\" \/>\n<meta property=\"og:title\" content=\"Lederbeutel gro\u00df - Fabis Lederey - Fabian Kempf\" \/>\n<meta property=\"og:description\" content=\"Lederbeutel, gro\u00df   in verschieden Farben erh\u00e4ltlich\" \/>\n<meta property=\"og:url\" content=\"http:\/\/fabis-lederey.com\/index.php\/produkt\/lederbeutel-gross\/\" \/>\n<meta property=\"og:site_name\" content=\"Fabis Lederey - Fabian Kempf\" \/>\n<meta property=\"article:modified_time\" content=\"2021-12-07T09:50:28+00:00\" \/>\n<meta name=\"twitter:card\" content=\"summary_large_image\" \/>\n<meta name=\"twitter:label1\" content=\"Gesch\u00e4tzte Lesezeit\" \/>\n\t<meta name=\"twitter:data1\" content=\"1\u00a0Minute\" \/>\n<script type=\"application\/ld+json\" class=\"yoast-schema-graph\">{\"@context\":\"https:\\\/\\\/schema.org\",\"@graph\":[{\"@type\":\"WebPage\",\"@id\":\"http:\\\/\\\/fabis-lederey.com\\\/index.php\\\/produkt\\\/lederbeutel-gross\\\/\",\"url\":\"http:\\\/\\\/fabis-lederey.com\\\/index.php\\\/produkt\\\/lederbeutel-gross\\\/\",\"name\":\"Lederbeutel gro\u00df - Fabis Lederey - Fabian Kempf\",\"isPartOf\":{\"@id\":\"http:\\\/\\\/fabis-lederey.com\\\/#website\"},\"datePublished\":\"2021-12-07T09:09:32+00:00\",\"dateModified\":\"2021-12-07T09:50:28+00:00\",\"breadcrumb\":{\"@id\":\"http:\\\/\\\/fabis-lederey.com\\\/index.php\\\/produkt\\\/lederbeutel-gross\\\/#breadcrumb\"},\"inLanguage\":\"de\",\"potentialAction\":[{\"@type\":\"ReadAction\",\"target\":[\"http:\\\/\\\/fabis-lederey.com\\\/index.php\\\/produkt\\\/lederbeutel-gross\\\/\"]}]},{\"@type\":\"BreadcrumbList\",\"@id\":\"http:\\\/\\\/fabis-lederey.com\\\/index.php\\\/produkt\\\/lederbeutel-gross\\\/#breadcrumb\",\"itemListElement\":[{\"@type\":\"ListItem\",\"position\":1,\"name\":\"Home\",\"item\":\"http:\\\/\\\/fabis-lederey.com\\\/\"},{\"@type\":\"ListItem\",\"position\":2,\"name\":\"Shop\",\"item\":\"http:\\\/\\\/fabis-lederey.com\\\/?page_id=7147\"},{\"@type\":\"ListItem\",\"position\":3,\"name\":\"Lederbeutel gro\u00df\"}]},{\"@type\":\"WebSite\",\"@id\":\"http:\\\/\\\/fabis-lederey.com\\\/#website\",\"url\":\"http:\\\/\\\/fabis-lederey.com\\\/\",\"name\":\"Fabis Lederey - Fabian Kempf\",\"description\":\"Die Reitsportsattlerei und Ledermanufaktur in Pirmasens, S\u00fcdwestpfalz und im SaarLorLux-Kreis.\",\"potentialAction\":[{\"@type\":\"SearchAction\",\"target\":{\"@type\":\"EntryPoint\",\"urlTemplate\":\"http:\\\/\\\/fabis-lederey.com\\\/?s={search_term_string}\"},\"query-input\":{\"@type\":\"PropertyValueSpecification\",\"valueRequired\":true,\"valueName\":\"search_term_string\"}}],\"inLanguage\":\"de\"}]}<\/script>\n<!-- \/ Yoast SEO plugin. -->","yoast_head_json":{"title":"Lederbeutel gro\u00df - Fabis Lederey - Fabian Kempf","robots":{"index":"index","follow":"follow","max-snippet":"max-snippet:-1","max-image-preview":"max-image-preview:large","max-video-preview":"max-video-preview:-1"},"canonical":"http:\/\/fabis-lederey.com\/index.php\/produkt\/lederbeutel-gross\/","og_locale":"de_DE","og_type":"article","og_title":"Lederbeutel gro\u00df - Fabis Lederey - Fabian Kempf","og_description":"Lederbeutel, gro\u00df   in verschieden Farben erh\u00e4ltlich","og_url":"http:\/\/fabis-lederey.com\/index.php\/produkt\/lederbeutel-gross\/","og_site_name":"Fabis Lederey - Fabian Kempf","article_modified_time":"2021-12-07T09:50:28+00:00","twitter_card":"summary_large_image","twitter_misc":{"Gesch\u00e4tzte Lesezeit":"1\u00a0Minute"},"schema":{"@context":"https:\/\/schema.org","@graph":[{"@type":"WebPage","@id":"http:\/\/fabis-lederey.com\/index.php\/produkt\/lederbeutel-gross\/","url":"http:\/\/fabis-lederey.com\/index.php\/produkt\/lederbeutel-gross\/","name":"Lederbeutel gro\u00df - Fabis Lederey - Fabian Kempf","isPartOf":{"@id":"http:\/\/fabis-lederey.com\/#website"},"datePublished":"2021-12-07T09:09:32+00:00","dateModified":"2021-12-07T09:50:28+00:00","breadcrumb":{"@id":"http:\/\/fabis-lederey.com\/index.php\/produkt\/lederbeutel-gross\/#breadcrumb"},"inLanguage":"de","potentialAction":[{"@type":"ReadAction","target":["http:\/\/fabis-lederey.com\/index.php\/produkt\/lederbeutel-gross\/"]}]},{"@type":"BreadcrumbList","@id":"http:\/\/fabis-lederey.com\/index.php\/produkt\/lederbeutel-gross\/#breadcrumb","itemListElement":[{"@type":"ListItem","position":1,"name":"Home","item":"http:\/\/fabis-lederey.com\/"},{"@type":"ListItem","position":2,"name":"Shop","item":"http:\/\/fabis-lederey.com\/?page_id=7147"},{"@type":"ListItem","position":3,"name":"Lederbeutel gro\u00df"}]},{"@type":"WebSite","@id":"http:\/\/fabis-lederey.com\/#website","url":"http:\/\/fabis-lederey.com\/","name":"Fabis Lederey - Fabian Kempf","description":"Die Reitsportsattlerei und Ledermanufaktur in Pirmasens, S\u00fcdwestpfalz und im SaarLorLux-Kreis.","potentialAction":[{"@type":"SearchAction","target":{"@type":"EntryPoint","urlTemplate":"http:\/\/fabis-lederey.com\/?s={search_term_string}"},"query-input":{"@type":"PropertyValueSpecification","valueRequired":true,"valueName":"search_term_string"}}],"inLanguage":"de"}]}},"_links":{"self":[{"href":"http:\/\/fabis-lederey.com\/index.php\/wp-json\/wp\/v2\/product\/7111","targetHints":{"allow":["GET"]}}],"collection":[{"href":"http:\/\/fabis-lederey.com\/index.php\/wp-json\/wp\/v2\/product"}],"about":[{"href":"http:\/\/fabis-lederey.com\/index.php\/wp-json\/wp\/v2\/types\/product"}],"replies":[{"embeddable":true,"href":"http:\/\/fabis-lederey.com\/index.php\/wp-json\/wp\/v2\/comments?post=7111"}],"wp:attachment":[{"href":"http:\/\/fabis-lederey.com\/index.php\/wp-json\/wp\/v2\/media?parent=7111"}],"wp:term":[{"taxonomy":"product_brand","embeddable":true,"href":"http:\/\/fabis-lederey.com\/index.php\/wp-json\/wp\/v2\/product_brand?post=7111"},{"taxonomy":"product_cat","embeddable":true,"href":"http:\/\/fabis-lederey.com\/index.php\/wp-json\/wp\/v2\/product_cat?post=7111"},{"taxonomy":"product_tag","embeddable":true,"href":"http:\/\/fabis-lederey.com\/index.php\/wp-json\/wp\/v2\/product_tag?post=7111"}],"curies":[{"name":"wp","href":"https:\/\/api.w.org\/{rel}","templated":true}]}}