{"id":7117,"date":"2021-12-07T09:51:24","date_gmt":"2021-12-07T09:51:24","guid":{"rendered":"http:\/\/fabis-lederey.com\/?post_type=product&#038;p=7117"},"modified":"2021-12-07T09:58:45","modified_gmt":"2021-12-07T09:58:45","slug":"passier-flexi-pad-dressur","status":"publish","type":"product","link":"http:\/\/fabis-lederey.com\/index.php\/produkt\/passier-flexi-pad-dressur\/","title":{"rendered":"Passier &#8211; Flexi Pad, Dressur"},"content":{"rendered":"<div class=\"product--description\">\n<h2>Passier FlexiPad\u00ae Dressur<\/h2>\n<p>FlexiPads\u00ae in der Ausf\u00fchrung \u201eDressur\u201c sind die Sattelunterlagen der neuen Generation, die vom renommierten IST-Institut, M\u00fcnchen, und von der Technischen Universit\u00e4t M\u00fcnchen, Forschungsgruppe Schmitt-Thomas, getestet und als besonders pferdeschonend zertifiziert wurden. Die FlexiPads\u00ae passen sich dem Pferder\u00fccken und dem Sattel perfekt an und k\u00f6nnen so trainingsbedingte K\u00f6rperver\u00e4nderungen beim Pferd ausgleichen. Sie nehmen den Druck \u2013 die Muskeln des Pferdes k\u00f6nnen entspannen. Au\u00dferdem sorgen sie f\u00fcr einen optimalen Sattelsitz, da sie aus FlexiFleece ohne Memory-Effekt bestehen und deshalb immer in Form bleiben. Die FlexiPads\u00ae sitzen durch den Widerristausschnitt und den geschwungenen R\u00fcckenverlauf perfekt und sind als Wendepads besonders praktisch. Sie sind bei 30\u00b0C einfach waschbar und au\u00dferdem noch in der Ausf\u00fchrung \u201eSpringen\u201c erh\u00e4ltlich.<\/p>\n<p>Gr\u00f6\u00dfe: One size fits all<\/p>\n<\/div>\n","protected":false},"excerpt":{"rendered":"<header class=\"product--header\">\n<div class=\"product--info\">\n<h4 class=\"product--title fundis-font-title-h1\">Passier Schabracke FlexiPad, Dressurschabracke<\/h4>\n<p>&nbsp;<\/p>\n<\/div>\n<\/header>\n<div class=\"buybox--inner\">\n<div class=\"fundis-product-usp-properties\">\n<div class=\"fundis-product-usp-entry\">\n<ul>\n<li class=\"fundis-product-usp-entry-text\">Flexi Fleece<\/li>\n<\/ul>\n<\/div>\n<div class=\"fundis-product-usp-entry\">\n<ul>\n<li>Memory Effekt<\/li>\n<\/ul>\n<\/div>\n<div class=\"fundis-product-usp-entry\">\n<ul>\n<li>Widerristausschnitt<\/li>\n<\/ul>\n<\/div>\n<\/div>\n<\/div>\n","protected":false},"featured_media":0,"comment_status":"open","ping_status":"closed","template":"","meta":[],"product_brand":[],"product_cat":[44,75],"product_tag":[],"class_list":{"0":"post-7117","1":"product","2":"type-product","3":"status-publish","5":"product_cat-allproducts","6":"product_cat-pads-schabracken","8":"first","9":"instock","10":"taxable","11":"shipping-taxable","12":"purchasable","13":"product-type-simple"},"yoast_head":"<!-- This site is optimized with the Yoast SEO plugin v27.3 - https:\/\/yoast.com\/product\/yoast-seo-wordpress\/ -->\n<title>Passier - Flexi Pad, Dressur - Fabis Lederey - Fabian Kempf<\/title>\n<meta name=\"robots\" content=\"index, follow, max-snippet:-1, max-image-preview:large, max-video-preview:-1\" \/>\n<link rel=\"canonical\" href=\"http:\/\/fabis-lederey.com\/index.php\/produkt\/passier-flexi-pad-dressur\/\" \/>\n<meta property=\"og:locale\" content=\"de_DE\" \/>\n<meta property=\"og:type\" content=\"article\" \/>\n<meta property=\"og:title\" content=\"Passier - Flexi Pad, Dressur - Fabis Lederey - Fabian Kempf\" \/>\n<meta property=\"og:description\" content=\"Passier Schabracke FlexiPad, Dressurschabracke &nbsp;         Flexi Fleece      Memory Effekt      Widerristausschnitt\" \/>\n<meta property=\"og:url\" content=\"http:\/\/fabis-lederey.com\/index.php\/produkt\/passier-flexi-pad-dressur\/\" \/>\n<meta property=\"og:site_name\" content=\"Fabis Lederey - Fabian Kempf\" \/>\n<meta property=\"article:modified_time\" content=\"2021-12-07T09:58:45+00:00\" \/>\n<meta name=\"twitter:card\" content=\"summary_large_image\" \/>\n<meta name=\"twitter:label1\" content=\"Gesch\u00e4tzte Lesezeit\" \/>\n\t<meta name=\"twitter:data1\" content=\"1\u00a0Minute\" \/>\n<script type=\"application\/ld+json\" class=\"yoast-schema-graph\">{\"@context\":\"https:\\\/\\\/schema.org\",\"@graph\":[{\"@type\":\"WebPage\",\"@id\":\"http:\\\/\\\/fabis-lederey.com\\\/index.php\\\/produkt\\\/passier-flexi-pad-dressur\\\/\",\"url\":\"http:\\\/\\\/fabis-lederey.com\\\/index.php\\\/produkt\\\/passier-flexi-pad-dressur\\\/\",\"name\":\"Passier - Flexi Pad, Dressur - Fabis Lederey - Fabian Kempf\",\"isPartOf\":{\"@id\":\"http:\\\/\\\/fabis-lederey.com\\\/#website\"},\"datePublished\":\"2021-12-07T09:51:24+00:00\",\"dateModified\":\"2021-12-07T09:58:45+00:00\",\"breadcrumb\":{\"@id\":\"http:\\\/\\\/fabis-lederey.com\\\/index.php\\\/produkt\\\/passier-flexi-pad-dressur\\\/#breadcrumb\"},\"inLanguage\":\"de\",\"potentialAction\":[{\"@type\":\"ReadAction\",\"target\":[\"http:\\\/\\\/fabis-lederey.com\\\/index.php\\\/produkt\\\/passier-flexi-pad-dressur\\\/\"]}]},{\"@type\":\"BreadcrumbList\",\"@id\":\"http:\\\/\\\/fabis-lederey.com\\\/index.php\\\/produkt\\\/passier-flexi-pad-dressur\\\/#breadcrumb\",\"itemListElement\":[{\"@type\":\"ListItem\",\"position\":1,\"name\":\"Home\",\"item\":\"http:\\\/\\\/fabis-lederey.com\\\/\"},{\"@type\":\"ListItem\",\"position\":2,\"name\":\"Shop\",\"item\":\"http:\\\/\\\/fabis-lederey.com\\\/?page_id=7147\"},{\"@type\":\"ListItem\",\"position\":3,\"name\":\"Passier &#8211; Flexi Pad, Dressur\"}]},{\"@type\":\"WebSite\",\"@id\":\"http:\\\/\\\/fabis-lederey.com\\\/#website\",\"url\":\"http:\\\/\\\/fabis-lederey.com\\\/\",\"name\":\"Fabis Lederey - Fabian Kempf\",\"description\":\"Die Reitsportsattlerei und Ledermanufaktur in Pirmasens, S\u00fcdwestpfalz und im SaarLorLux-Kreis.\",\"potentialAction\":[{\"@type\":\"SearchAction\",\"target\":{\"@type\":\"EntryPoint\",\"urlTemplate\":\"http:\\\/\\\/fabis-lederey.com\\\/?s={search_term_string}\"},\"query-input\":{\"@type\":\"PropertyValueSpecification\",\"valueRequired\":true,\"valueName\":\"search_term_string\"}}],\"inLanguage\":\"de\"}]}<\/script>\n<!-- \/ Yoast SEO plugin. -->","yoast_head_json":{"title":"Passier - Flexi Pad, Dressur - Fabis Lederey - Fabian Kempf","robots":{"index":"index","follow":"follow","max-snippet":"max-snippet:-1","max-image-preview":"max-image-preview:large","max-video-preview":"max-video-preview:-1"},"canonical":"http:\/\/fabis-lederey.com\/index.php\/produkt\/passier-flexi-pad-dressur\/","og_locale":"de_DE","og_type":"article","og_title":"Passier - Flexi Pad, Dressur - Fabis Lederey - Fabian Kempf","og_description":"Passier Schabracke FlexiPad, Dressurschabracke &nbsp;         Flexi Fleece      Memory Effekt      Widerristausschnitt","og_url":"http:\/\/fabis-lederey.com\/index.php\/produkt\/passier-flexi-pad-dressur\/","og_site_name":"Fabis Lederey - Fabian Kempf","article_modified_time":"2021-12-07T09:58:45+00:00","twitter_card":"summary_large_image","twitter_misc":{"Gesch\u00e4tzte Lesezeit":"1\u00a0Minute"},"schema":{"@context":"https:\/\/schema.org","@graph":[{"@type":"WebPage","@id":"http:\/\/fabis-lederey.com\/index.php\/produkt\/passier-flexi-pad-dressur\/","url":"http:\/\/fabis-lederey.com\/index.php\/produkt\/passier-flexi-pad-dressur\/","name":"Passier - Flexi Pad, Dressur - Fabis Lederey - Fabian Kempf","isPartOf":{"@id":"http:\/\/fabis-lederey.com\/#website"},"datePublished":"2021-12-07T09:51:24+00:00","dateModified":"2021-12-07T09:58:45+00:00","breadcrumb":{"@id":"http:\/\/fabis-lederey.com\/index.php\/produkt\/passier-flexi-pad-dressur\/#breadcrumb"},"inLanguage":"de","potentialAction":[{"@type":"ReadAction","target":["http:\/\/fabis-lederey.com\/index.php\/produkt\/passier-flexi-pad-dressur\/"]}]},{"@type":"BreadcrumbList","@id":"http:\/\/fabis-lederey.com\/index.php\/produkt\/passier-flexi-pad-dressur\/#breadcrumb","itemListElement":[{"@type":"ListItem","position":1,"name":"Home","item":"http:\/\/fabis-lederey.com\/"},{"@type":"ListItem","position":2,"name":"Shop","item":"http:\/\/fabis-lederey.com\/?page_id=7147"},{"@type":"ListItem","position":3,"name":"Passier &#8211; Flexi Pad, Dressur"}]},{"@type":"WebSite","@id":"http:\/\/fabis-lederey.com\/#website","url":"http:\/\/fabis-lederey.com\/","name":"Fabis Lederey - Fabian Kempf","description":"Die Reitsportsattlerei und Ledermanufaktur in Pirmasens, S\u00fcdwestpfalz und im SaarLorLux-Kreis.","potentialAction":[{"@type":"SearchAction","target":{"@type":"EntryPoint","urlTemplate":"http:\/\/fabis-lederey.com\/?s={search_term_string}"},"query-input":{"@type":"PropertyValueSpecification","valueRequired":true,"valueName":"search_term_string"}}],"inLanguage":"de"}]}},"_links":{"self":[{"href":"http:\/\/fabis-lederey.com\/index.php\/wp-json\/wp\/v2\/product\/7117","targetHints":{"allow":["GET"]}}],"collection":[{"href":"http:\/\/fabis-lederey.com\/index.php\/wp-json\/wp\/v2\/product"}],"about":[{"href":"http:\/\/fabis-lederey.com\/index.php\/wp-json\/wp\/v2\/types\/product"}],"replies":[{"embeddable":true,"href":"http:\/\/fabis-lederey.com\/index.php\/wp-json\/wp\/v2\/comments?post=7117"}],"wp:attachment":[{"href":"http:\/\/fabis-lederey.com\/index.php\/wp-json\/wp\/v2\/media?parent=7117"}],"wp:term":[{"taxonomy":"product_brand","embeddable":true,"href":"http:\/\/fabis-lederey.com\/index.php\/wp-json\/wp\/v2\/product_brand?post=7117"},{"taxonomy":"product_cat","embeddable":true,"href":"http:\/\/fabis-lederey.com\/index.php\/wp-json\/wp\/v2\/product_cat?post=7117"},{"taxonomy":"product_tag","embeddable":true,"href":"http:\/\/fabis-lederey.com\/index.php\/wp-json\/wp\/v2\/product_tag?post=7117"}],"curies":[{"name":"wp","href":"https:\/\/api.w.org\/{rel}","templated":true}]}}