{"id":7125,"date":"2021-12-07T10:32:34","date_gmt":"2021-12-07T10:32:34","guid":{"rendered":"http:\/\/fabis-lederey.com\/?post_type=product&#038;p=7125"},"modified":"2021-12-07T10:44:32","modified_gmt":"2021-12-07T10:44:32","slug":"stuebben-equisoft-sattelgurt-ohne-polster-70cm","status":"publish","type":"product","link":"http:\/\/fabis-lederey.com\/index.php\/produkt\/stuebben-equisoft-sattelgurt-ohne-polster-70cm\/","title":{"rendered":"St\u00fcbben &#8211; Equisoft Sattelgurt ohne Polster 70cm"},"content":{"rendered":"<h2 class=\"subline\">St\u00fcbben Equi-Soft Sattelgurt ohne Polster<\/h2>\n<p>&nbsp;<\/p>\n<ul class=\"content-list\">\n<li>mehr als ein Gurt<\/li>\n<li>perfekte Gurt-Druck-Verteilung<\/li>\n<li>besonders angenehm f\u00fcr das Pferd<\/li>\n<\/ul>\n<p class=\"content-text\">Mehr als ein Gurt &#8211; ein Erlebnis<\/p>\n<p>Das geniale und exklusive System aus elastischen B\u00e4ndern bietet eine perfekte Gurt-Druck-Verteilung. Nat\u00fcrliche Abwehrreaktionen beim Angurten werden gemindert (z.B. Treten, Bei\u00dfen, Ablehnung des Gurtes).<br \/>\nDas besondere Design erlaubt dem Pferd ein unbeschwertes Ausdehnen des Brustkorbs. Die B\u00e4nder weiten und engen sich beim Aus- bzw. Einatmen, wobei der Druck konstant und gleichm\u00e4\u00dfig verteilt wird.<br \/>\nEine wissenschaftliche Studie verschiedenster Gurte belegt: Alle Pferde behielten bei der Verwendung eines st\u00fcbben Equi-Soft-Gurtes eine deutlich niedrigere Herzfrequenz &#8211; ausnahmslos.<\/p>\n<p>Wichtiger Hinweis: Die Mitte des Gurtes muss mittig auf der Gurtlinie des Pferdes platziert sein. Niemals nur eine Seite nachgurten. Der Zug sollte auf beiden Seiten des Gurtes gleich sein. Ohne Polster!<\/p>\n<p>Das spezielle Design erlaubt den Austausch des Polsterteils in Sekunden.<\/p>\n","protected":false},"excerpt":{"rendered":"<header class=\"product--header\">\n<div class=\"product--info\">\n<h4 class=\"product--title fundis-font-title-h1\">St\u00fcbben Sattelgurt Equi-Soft, Kurzgurt, Dressurgurt, ohne Polsterung, schwarz<\/h4>\n<p>&nbsp;<\/p>\n<\/div>\n<\/header>\n<div class=\"buybox--inner\">\n<div class=\"fundis-product-usp-properties\">\n<div class=\"fundis-product-usp-entry\">\n<ul>\n<li>Polster separat erh\u00e4ltlich<\/li>\n<\/ul>\n<\/div>\n<div class=\"fundis-product-usp-entry\">\n<ul>\n<li>Perfekte Druckverteilung<\/li>\n<\/ul>\n<\/div>\n<div class=\"fundis-product-usp-entry\">\n<ul>\n<li>Besonderes Design<\/li>\n<\/ul>\n<\/div>\n<\/div>\n<\/div>\n","protected":false},"featured_media":0,"comment_status":"open","ping_status":"closed","template":"","meta":[],"product_brand":[],"product_cat":[44,78],"product_tag":[],"class_list":{"0":"post-7125","1":"product","2":"type-product","3":"status-publish","5":"product_cat-allproducts","6":"product_cat-sattelgurte","8":"first","9":"instock","10":"taxable","11":"shipping-taxable","12":"purchasable","13":"product-type-simple"},"yoast_head":"<!-- This site is optimized with the Yoast SEO plugin v27.5 - https:\/\/yoast.com\/product\/yoast-seo-wordpress\/ -->\n<title>St\u00fcbben - Equisoft Sattelgurt ohne Polster 70cm - Fabis Lederey - Fabian Kempf<\/title>\n<meta name=\"robots\" content=\"index, follow, max-snippet:-1, max-image-preview:large, max-video-preview:-1\" \/>\n<link rel=\"canonical\" href=\"http:\/\/fabis-lederey.com\/index.php\/produkt\/stuebben-equisoft-sattelgurt-ohne-polster-70cm\/\" \/>\n<meta property=\"og:locale\" content=\"de_DE\" \/>\n<meta property=\"og:type\" content=\"article\" \/>\n<meta property=\"og:title\" content=\"St\u00fcbben - Equisoft Sattelgurt ohne Polster 70cm - Fabis Lederey - Fabian Kempf\" \/>\n<meta property=\"og:description\" content=\"St\u00fcbben Sattelgurt Equi-Soft, Kurzgurt, Dressurgurt, ohne Polsterung, schwarz &nbsp;         Polster separat erh\u00e4ltlich      Perfekte Druckverteilung      Besonderes Design\" \/>\n<meta property=\"og:url\" content=\"http:\/\/fabis-lederey.com\/index.php\/produkt\/stuebben-equisoft-sattelgurt-ohne-polster-70cm\/\" \/>\n<meta property=\"og:site_name\" content=\"Fabis Lederey - Fabian Kempf\" \/>\n<meta property=\"article:modified_time\" content=\"2021-12-07T10:44:32+00:00\" \/>\n<meta name=\"twitter:card\" content=\"summary_large_image\" \/>\n<meta name=\"twitter:label1\" content=\"Gesch\u00e4tzte Lesezeit\" \/>\n\t<meta name=\"twitter:data1\" content=\"1\u00a0Minute\" \/>\n<script type=\"application\/ld+json\" class=\"yoast-schema-graph\">{\"@context\":\"https:\\\/\\\/schema.org\",\"@graph\":[{\"@type\":\"WebPage\",\"@id\":\"http:\\\/\\\/fabis-lederey.com\\\/index.php\\\/produkt\\\/stuebben-equisoft-sattelgurt-ohne-polster-70cm\\\/\",\"url\":\"http:\\\/\\\/fabis-lederey.com\\\/index.php\\\/produkt\\\/stuebben-equisoft-sattelgurt-ohne-polster-70cm\\\/\",\"name\":\"St\u00fcbben - Equisoft Sattelgurt ohne Polster 70cm - Fabis Lederey - Fabian Kempf\",\"isPartOf\":{\"@id\":\"https:\\\/\\\/fabis-lederey.com\\\/#website\"},\"datePublished\":\"2021-12-07T10:32:34+00:00\",\"dateModified\":\"2021-12-07T10:44:32+00:00\",\"breadcrumb\":{\"@id\":\"http:\\\/\\\/fabis-lederey.com\\\/index.php\\\/produkt\\\/stuebben-equisoft-sattelgurt-ohne-polster-70cm\\\/#breadcrumb\"},\"inLanguage\":\"de\",\"potentialAction\":[{\"@type\":\"ReadAction\",\"target\":[\"http:\\\/\\\/fabis-lederey.com\\\/index.php\\\/produkt\\\/stuebben-equisoft-sattelgurt-ohne-polster-70cm\\\/\"]}]},{\"@type\":\"BreadcrumbList\",\"@id\":\"http:\\\/\\\/fabis-lederey.com\\\/index.php\\\/produkt\\\/stuebben-equisoft-sattelgurt-ohne-polster-70cm\\\/#breadcrumb\",\"itemListElement\":[{\"@type\":\"ListItem\",\"position\":1,\"name\":\"Home\",\"item\":\"http:\\\/\\\/fabis-lederey.com\\\/\"},{\"@type\":\"ListItem\",\"position\":2,\"name\":\"Shop\",\"item\":\"http:\\\/\\\/fabis-lederey.com\\\/?page_id=7147\"},{\"@type\":\"ListItem\",\"position\":3,\"name\":\"St\u00fcbben &#8211; Equisoft Sattelgurt ohne Polster 70cm\"}]},{\"@type\":\"WebSite\",\"@id\":\"https:\\\/\\\/fabis-lederey.com\\\/#website\",\"url\":\"https:\\\/\\\/fabis-lederey.com\\\/\",\"name\":\"Fabis Lederey - Fabian Kempf\",\"description\":\"Die Reitsportsattlerei und Ledermanufaktur in Pirmasens, S\u00fcdwestpfalz und im SaarLorLux-Kreis.\",\"potentialAction\":[{\"@type\":\"SearchAction\",\"target\":{\"@type\":\"EntryPoint\",\"urlTemplate\":\"https:\\\/\\\/fabis-lederey.com\\\/?s={search_term_string}\"},\"query-input\":{\"@type\":\"PropertyValueSpecification\",\"valueRequired\":true,\"valueName\":\"search_term_string\"}}],\"inLanguage\":\"de\"}]}<\/script>\n<!-- \/ Yoast SEO plugin. -->","yoast_head_json":{"title":"St\u00fcbben - Equisoft Sattelgurt ohne Polster 70cm - Fabis Lederey - Fabian Kempf","robots":{"index":"index","follow":"follow","max-snippet":"max-snippet:-1","max-image-preview":"max-image-preview:large","max-video-preview":"max-video-preview:-1"},"canonical":"http:\/\/fabis-lederey.com\/index.php\/produkt\/stuebben-equisoft-sattelgurt-ohne-polster-70cm\/","og_locale":"de_DE","og_type":"article","og_title":"St\u00fcbben - Equisoft Sattelgurt ohne Polster 70cm - Fabis Lederey - Fabian Kempf","og_description":"St\u00fcbben Sattelgurt Equi-Soft, Kurzgurt, Dressurgurt, ohne Polsterung, schwarz &nbsp;         Polster separat erh\u00e4ltlich      Perfekte Druckverteilung      Besonderes Design","og_url":"http:\/\/fabis-lederey.com\/index.php\/produkt\/stuebben-equisoft-sattelgurt-ohne-polster-70cm\/","og_site_name":"Fabis Lederey - Fabian Kempf","article_modified_time":"2021-12-07T10:44:32+00:00","twitter_card":"summary_large_image","twitter_misc":{"Gesch\u00e4tzte Lesezeit":"1\u00a0Minute"},"schema":{"@context":"https:\/\/schema.org","@graph":[{"@type":"WebPage","@id":"http:\/\/fabis-lederey.com\/index.php\/produkt\/stuebben-equisoft-sattelgurt-ohne-polster-70cm\/","url":"http:\/\/fabis-lederey.com\/index.php\/produkt\/stuebben-equisoft-sattelgurt-ohne-polster-70cm\/","name":"St\u00fcbben - Equisoft Sattelgurt ohne Polster 70cm - Fabis Lederey - Fabian Kempf","isPartOf":{"@id":"https:\/\/fabis-lederey.com\/#website"},"datePublished":"2021-12-07T10:32:34+00:00","dateModified":"2021-12-07T10:44:32+00:00","breadcrumb":{"@id":"http:\/\/fabis-lederey.com\/index.php\/produkt\/stuebben-equisoft-sattelgurt-ohne-polster-70cm\/#breadcrumb"},"inLanguage":"de","potentialAction":[{"@type":"ReadAction","target":["http:\/\/fabis-lederey.com\/index.php\/produkt\/stuebben-equisoft-sattelgurt-ohne-polster-70cm\/"]}]},{"@type":"BreadcrumbList","@id":"http:\/\/fabis-lederey.com\/index.php\/produkt\/stuebben-equisoft-sattelgurt-ohne-polster-70cm\/#breadcrumb","itemListElement":[{"@type":"ListItem","position":1,"name":"Home","item":"http:\/\/fabis-lederey.com\/"},{"@type":"ListItem","position":2,"name":"Shop","item":"http:\/\/fabis-lederey.com\/?page_id=7147"},{"@type":"ListItem","position":3,"name":"St\u00fcbben &#8211; Equisoft Sattelgurt ohne Polster 70cm"}]},{"@type":"WebSite","@id":"https:\/\/fabis-lederey.com\/#website","url":"https:\/\/fabis-lederey.com\/","name":"Fabis Lederey - Fabian Kempf","description":"Die Reitsportsattlerei und Ledermanufaktur in Pirmasens, S\u00fcdwestpfalz und im SaarLorLux-Kreis.","potentialAction":[{"@type":"SearchAction","target":{"@type":"EntryPoint","urlTemplate":"https:\/\/fabis-lederey.com\/?s={search_term_string}"},"query-input":{"@type":"PropertyValueSpecification","valueRequired":true,"valueName":"search_term_string"}}],"inLanguage":"de"}]}},"_links":{"self":[{"href":"http:\/\/fabis-lederey.com\/index.php\/wp-json\/wp\/v2\/product\/7125","targetHints":{"allow":["GET"]}}],"collection":[{"href":"http:\/\/fabis-lederey.com\/index.php\/wp-json\/wp\/v2\/product"}],"about":[{"href":"http:\/\/fabis-lederey.com\/index.php\/wp-json\/wp\/v2\/types\/product"}],"replies":[{"embeddable":true,"href":"http:\/\/fabis-lederey.com\/index.php\/wp-json\/wp\/v2\/comments?post=7125"}],"wp:attachment":[{"href":"http:\/\/fabis-lederey.com\/index.php\/wp-json\/wp\/v2\/media?parent=7125"}],"wp:term":[{"taxonomy":"product_brand","embeddable":true,"href":"http:\/\/fabis-lederey.com\/index.php\/wp-json\/wp\/v2\/product_brand?post=7125"},{"taxonomy":"product_cat","embeddable":true,"href":"http:\/\/fabis-lederey.com\/index.php\/wp-json\/wp\/v2\/product_cat?post=7125"},{"taxonomy":"product_tag","embeddable":true,"href":"http:\/\/fabis-lederey.com\/index.php\/wp-json\/wp\/v2\/product_tag?post=7125"}],"curies":[{"name":"wp","href":"https:\/\/api.w.org\/{rel}","templated":true}]}}