{"id":7129,"date":"2021-12-07T10:58:04","date_gmt":"2021-12-07T10:58:04","guid":{"rendered":"http:\/\/fabis-lederey.com\/?post_type=product&#038;p=7129"},"modified":"2022-01-11T09:57:55","modified_gmt":"2022-01-11T09:57:55","slug":"louven-kristallsalz-1kg","status":"publish","type":"product","link":"http:\/\/fabis-lederey.com\/index.php\/produkt\/louven-kristallsalz-1kg\/","title":{"rendered":"Louven &#8211; Kristallsalz 1kg"},"content":{"rendered":"<div class=\"product--description\">\n<h2><strong>Louven Kristallsalzleckstein<\/strong><\/h2>\n<p>ist ein nat\u00fcrlicher, schmackhafter Natriumlieferant f\u00fcr Ihr Pferd. Unbehandelt und nicht raffiniert ist dieses Produkt von urspr\u00fcnglicher Reinheit.<\/p>\n<p><strong>Eigenschaften:<\/strong><\/p>\n<\/div>\n<div class=\"product--description\">\n<ul>\n<li>aus reinem naturbelassenem Steinsalz<\/li>\n<li>besteht aus 97 bis 98 Prozent Natriumchlorid<\/li>\n<li>jeder Stein ein Unikat<\/li>\n<li>liefert wichtige Mineralien und Spurenelemente<\/li>\n<li>mehr als 250 Mio. Jahre alt und daher frei von Schadstoffen der heutigen Zeit<\/li>\n<li>mit Bohrung zum Aufh\u00e4ngen oder f\u00fcr den Leckstein- Halter<\/li>\n<li>mit Natur- Hanfseil zur einfachen Befestigung im Stall<\/li>\n<li>ohne Zus\u00e4tze<\/li>\n<li>unraffiniert<\/li>\n<li>von Hand abgebaut und sorgf\u00e4ltig verpackt<\/li>\n<\/ul>\n<\/div>\n<div class=\"product--description\">\n<p><strong>Louven Kristallsalzleckstein<\/strong> ist besonders geeignet:<\/p>\n<ul>\n<li>f\u00fcr den t\u00e4glichen Salz- und Mineralausgleich von Pferden<\/li>\n<\/ul>\n<\/div>\n","protected":false},"excerpt":{"rendered":"<h4><strong>Louven Kristallsalzleckstein<\/strong><\/h4>\n<p>Ein nat\u00fcrlicher, schmackhafter Natriumlieferant f\u00fcr Ihr Pferd.<\/p>\n<p>Unbehandelt und nicht raffiniert ist dieses Produkt von urspr\u00fcnglicher Reinheit.<\/p>\n","protected":false},"featured_media":0,"comment_status":"open","ping_status":"closed","template":"","meta":[],"product_brand":[],"product_cat":[44,80],"product_tag":[],"class_list":{"0":"post-7129","1":"product","2":"type-product","3":"status-publish","5":"product_cat-allproducts","6":"product_cat-sonstiges","7":"pa_packung-1kg","9":"first","10":"instock","11":"taxable","12":"shipping-taxable","13":"purchasable","14":"product-type-simple"},"yoast_head":"<!-- This site is optimized with the Yoast SEO plugin v27.5 - https:\/\/yoast.com\/product\/yoast-seo-wordpress\/ -->\n<title>Louven - Kristallsalz 1kg - Fabis Lederey - Fabian Kempf<\/title>\n<meta name=\"robots\" content=\"index, follow, max-snippet:-1, max-image-preview:large, max-video-preview:-1\" \/>\n<link rel=\"canonical\" href=\"http:\/\/fabis-lederey.com\/index.php\/produkt\/louven-kristallsalz-1kg\/\" \/>\n<meta property=\"og:locale\" content=\"de_DE\" \/>\n<meta property=\"og:type\" content=\"article\" \/>\n<meta property=\"og:title\" content=\"Louven - Kristallsalz 1kg - Fabis Lederey - Fabian Kempf\" \/>\n<meta property=\"og:description\" content=\"Louven Kristallsalzleckstein Ein nat\u00fcrlicher, schmackhafter Natriumlieferant f\u00fcr Ihr Pferd.  Unbehandelt und nicht raffiniert ist dieses Produkt von urspr\u00fcnglicher Reinheit.\" \/>\n<meta property=\"og:url\" content=\"http:\/\/fabis-lederey.com\/index.php\/produkt\/louven-kristallsalz-1kg\/\" \/>\n<meta property=\"og:site_name\" content=\"Fabis Lederey - Fabian Kempf\" \/>\n<meta property=\"article:modified_time\" content=\"2022-01-11T09:57:55+00:00\" \/>\n<meta name=\"twitter:card\" content=\"summary_large_image\" \/>\n<meta name=\"twitter:label1\" content=\"Gesch\u00e4tzte Lesezeit\" \/>\n\t<meta name=\"twitter:data1\" content=\"1\u00a0Minute\" \/>\n<script type=\"application\/ld+json\" class=\"yoast-schema-graph\">{\"@context\":\"https:\\\/\\\/schema.org\",\"@graph\":[{\"@type\":\"WebPage\",\"@id\":\"http:\\\/\\\/fabis-lederey.com\\\/index.php\\\/produkt\\\/louven-kristallsalz-1kg\\\/\",\"url\":\"http:\\\/\\\/fabis-lederey.com\\\/index.php\\\/produkt\\\/louven-kristallsalz-1kg\\\/\",\"name\":\"Louven - Kristallsalz 1kg - Fabis Lederey - Fabian Kempf\",\"isPartOf\":{\"@id\":\"https:\\\/\\\/fabis-lederey.com\\\/#website\"},\"datePublished\":\"2021-12-07T10:58:04+00:00\",\"dateModified\":\"2022-01-11T09:57:55+00:00\",\"breadcrumb\":{\"@id\":\"http:\\\/\\\/fabis-lederey.com\\\/index.php\\\/produkt\\\/louven-kristallsalz-1kg\\\/#breadcrumb\"},\"inLanguage\":\"de\",\"potentialAction\":[{\"@type\":\"ReadAction\",\"target\":[\"http:\\\/\\\/fabis-lederey.com\\\/index.php\\\/produkt\\\/louven-kristallsalz-1kg\\\/\"]}]},{\"@type\":\"BreadcrumbList\",\"@id\":\"http:\\\/\\\/fabis-lederey.com\\\/index.php\\\/produkt\\\/louven-kristallsalz-1kg\\\/#breadcrumb\",\"itemListElement\":[{\"@type\":\"ListItem\",\"position\":1,\"name\":\"Home\",\"item\":\"http:\\\/\\\/fabis-lederey.com\\\/\"},{\"@type\":\"ListItem\",\"position\":2,\"name\":\"Shop\",\"item\":\"http:\\\/\\\/fabis-lederey.com\\\/?page_id=7147\"},{\"@type\":\"ListItem\",\"position\":3,\"name\":\"Louven &#8211; Kristallsalz 1kg\"}]},{\"@type\":\"WebSite\",\"@id\":\"https:\\\/\\\/fabis-lederey.com\\\/#website\",\"url\":\"https:\\\/\\\/fabis-lederey.com\\\/\",\"name\":\"Fabis Lederey - Fabian Kempf\",\"description\":\"Die Reitsportsattlerei und Ledermanufaktur in Pirmasens, S\u00fcdwestpfalz und im SaarLorLux-Kreis.\",\"potentialAction\":[{\"@type\":\"SearchAction\",\"target\":{\"@type\":\"EntryPoint\",\"urlTemplate\":\"https:\\\/\\\/fabis-lederey.com\\\/?s={search_term_string}\"},\"query-input\":{\"@type\":\"PropertyValueSpecification\",\"valueRequired\":true,\"valueName\":\"search_term_string\"}}],\"inLanguage\":\"de\"}]}<\/script>\n<!-- \/ Yoast SEO plugin. -->","yoast_head_json":{"title":"Louven - Kristallsalz 1kg - Fabis Lederey - Fabian Kempf","robots":{"index":"index","follow":"follow","max-snippet":"max-snippet:-1","max-image-preview":"max-image-preview:large","max-video-preview":"max-video-preview:-1"},"canonical":"http:\/\/fabis-lederey.com\/index.php\/produkt\/louven-kristallsalz-1kg\/","og_locale":"de_DE","og_type":"article","og_title":"Louven - Kristallsalz 1kg - Fabis Lederey - Fabian Kempf","og_description":"Louven Kristallsalzleckstein Ein nat\u00fcrlicher, schmackhafter Natriumlieferant f\u00fcr Ihr Pferd.  Unbehandelt und nicht raffiniert ist dieses Produkt von urspr\u00fcnglicher Reinheit.","og_url":"http:\/\/fabis-lederey.com\/index.php\/produkt\/louven-kristallsalz-1kg\/","og_site_name":"Fabis Lederey - Fabian Kempf","article_modified_time":"2022-01-11T09:57:55+00:00","twitter_card":"summary_large_image","twitter_misc":{"Gesch\u00e4tzte Lesezeit":"1\u00a0Minute"},"schema":{"@context":"https:\/\/schema.org","@graph":[{"@type":"WebPage","@id":"http:\/\/fabis-lederey.com\/index.php\/produkt\/louven-kristallsalz-1kg\/","url":"http:\/\/fabis-lederey.com\/index.php\/produkt\/louven-kristallsalz-1kg\/","name":"Louven - Kristallsalz 1kg - Fabis Lederey - Fabian Kempf","isPartOf":{"@id":"https:\/\/fabis-lederey.com\/#website"},"datePublished":"2021-12-07T10:58:04+00:00","dateModified":"2022-01-11T09:57:55+00:00","breadcrumb":{"@id":"http:\/\/fabis-lederey.com\/index.php\/produkt\/louven-kristallsalz-1kg\/#breadcrumb"},"inLanguage":"de","potentialAction":[{"@type":"ReadAction","target":["http:\/\/fabis-lederey.com\/index.php\/produkt\/louven-kristallsalz-1kg\/"]}]},{"@type":"BreadcrumbList","@id":"http:\/\/fabis-lederey.com\/index.php\/produkt\/louven-kristallsalz-1kg\/#breadcrumb","itemListElement":[{"@type":"ListItem","position":1,"name":"Home","item":"http:\/\/fabis-lederey.com\/"},{"@type":"ListItem","position":2,"name":"Shop","item":"http:\/\/fabis-lederey.com\/?page_id=7147"},{"@type":"ListItem","position":3,"name":"Louven &#8211; Kristallsalz 1kg"}]},{"@type":"WebSite","@id":"https:\/\/fabis-lederey.com\/#website","url":"https:\/\/fabis-lederey.com\/","name":"Fabis Lederey - Fabian Kempf","description":"Die Reitsportsattlerei und Ledermanufaktur in Pirmasens, S\u00fcdwestpfalz und im SaarLorLux-Kreis.","potentialAction":[{"@type":"SearchAction","target":{"@type":"EntryPoint","urlTemplate":"https:\/\/fabis-lederey.com\/?s={search_term_string}"},"query-input":{"@type":"PropertyValueSpecification","valueRequired":true,"valueName":"search_term_string"}}],"inLanguage":"de"}]}},"_links":{"self":[{"href":"http:\/\/fabis-lederey.com\/index.php\/wp-json\/wp\/v2\/product\/7129","targetHints":{"allow":["GET"]}}],"collection":[{"href":"http:\/\/fabis-lederey.com\/index.php\/wp-json\/wp\/v2\/product"}],"about":[{"href":"http:\/\/fabis-lederey.com\/index.php\/wp-json\/wp\/v2\/types\/product"}],"replies":[{"embeddable":true,"href":"http:\/\/fabis-lederey.com\/index.php\/wp-json\/wp\/v2\/comments?post=7129"}],"wp:attachment":[{"href":"http:\/\/fabis-lederey.com\/index.php\/wp-json\/wp\/v2\/media?parent=7129"}],"wp:term":[{"taxonomy":"product_brand","embeddable":true,"href":"http:\/\/fabis-lederey.com\/index.php\/wp-json\/wp\/v2\/product_brand?post=7129"},{"taxonomy":"product_cat","embeddable":true,"href":"http:\/\/fabis-lederey.com\/index.php\/wp-json\/wp\/v2\/product_cat?post=7129"},{"taxonomy":"product_tag","embeddable":true,"href":"http:\/\/fabis-lederey.com\/index.php\/wp-json\/wp\/v2\/product_tag?post=7129"}],"curies":[{"name":"wp","href":"https:\/\/api.w.org\/{rel}","templated":true}]}}