{"id":7134,"date":"2021-12-07T11:17:04","date_gmt":"2021-12-07T11:17:04","guid":{"rendered":"http:\/\/fabis-lederey.com\/?post_type=product&#038;p=7134"},"modified":"2022-01-06T08:41:27","modified_gmt":"2022-01-06T08:41:27","slug":"passier-steigbuegelriemen-150cm","status":"publish","type":"product","link":"http:\/\/fabis-lederey.com\/index.php\/produkt\/passier-steigbuegelriemen-150cm\/","title":{"rendered":"Passier &#8211; Steigb\u00fcgelriemen, 150cm"},"content":{"rendered":"<h1 class=\"o-type-32 u-mb-20 u-mb-24@md\"><span class=\"u-uppercase\">Passier<\/span><br \/>\nSteigb\u00fcgelriemen<\/h1>\n<div class=\"c-richtext u-mb-16\">\n<p>Die Passier Steigb\u00fcgelriemen werden aus ausgew\u00e4hltem, vorgestrecktem europ\u00e4ischen Rind-Leder gen\u00e4ht und behalten deshalb ihre urspr\u00fcngliche L\u00e4nge bei. Die gebogenen Edelstahlschnallen passen sich dem Sattel optimal an und erm\u00f6glichen einen noch besseren Kontakt zum Pferd. Passier Steigb\u00fcgelriemen sind aufw\u00e4ndig mit zwei Nadeln von Hand gen\u00e4ht. Dadurch ist gew\u00e4hrleistet, dass die N\u00e4hte optimal halten. Gen\u00e4ht wird stets von der Fleischseite, so dass die Narbenseite innen liegt. Durch dieses Qualit\u00e4tsmerkmal wird die Lochausrei\u00dffestigkeit erh\u00f6ht. Auch deshalb haben original Passier Steigb\u00fcgelriemen bei guter Pflege eine besonders lange Lebensdauer.<\/p>\n<\/div>\n<div class=\"u-mb-16\">\n<h4 class=\"o-type-14 u-kabel-bold\">Leder<\/h4>\n<div class=\"c-richtext\">\n<p>Vorgestrecktes, europ\u00e4isches Rind-Leder<\/p>\n<\/div>\n<\/div>\n","protected":false},"excerpt":{"rendered":"<header class=\"product--header\">\n<div class=\"product--info\">\n<h4 class=\"product--title fundis-font-title-h1\">Passier Steigb\u00fcgelriemen, Leder,\u00a0schwarz<\/h4>\n<div class=\"fundis-product-rating\">\n<div id=\"ts_product_widget_position_FR11664_7\">\n<div class=\"ts-rating-light ts-rating de_DE productreviewsSummary\">\n<ul>\n<li class=\"fundis-product-usp-entry\">Deutsches Rindsleder<\/li>\n<li class=\"fundis-product-usp-entry\">\u00a0Edelstahlschnallen<\/li>\n<li class=\"fundis-product-usp-entry\">Optimale Passform<\/li>\n<\/ul>\n<\/div>\n<\/div>\n<\/div>\n<\/div>\n<\/header>\n","protected":false},"featured_media":0,"comment_status":"open","ping_status":"closed","template":"","meta":[],"product_brand":[],"product_cat":[44,82],"product_tag":[],"class_list":{"0":"post-7134","1":"product","2":"type-product","3":"status-publish","5":"product_cat-allproducts","6":"product_cat-steigbuegel-und-riemen","7":"pa_laenge-steigbuegel-140cm","8":"pa_laenge-steigbuegel-150cm","9":"pa_laenge-steigbuegel-160cm","11":"first","12":"instock","13":"taxable","14":"shipping-taxable","15":"purchasable","16":"product-type-variable"},"yoast_head":"<!-- This site is optimized with the Yoast SEO plugin v27.3 - https:\/\/yoast.com\/product\/yoast-seo-wordpress\/ -->\n<title>Passier - Steigb\u00fcgelriemen, 150cm - Fabis Lederey - Fabian Kempf<\/title>\n<meta name=\"robots\" content=\"index, follow, max-snippet:-1, max-image-preview:large, max-video-preview:-1\" \/>\n<link rel=\"canonical\" href=\"http:\/\/fabis-lederey.com\/index.php\/produkt\/passier-steigbuegelriemen-150cm\/\" \/>\n<meta property=\"og:locale\" content=\"de_DE\" \/>\n<meta property=\"og:type\" content=\"article\" \/>\n<meta property=\"og:title\" content=\"Passier - Steigb\u00fcgelriemen, 150cm - Fabis Lederey - Fabian Kempf\" \/>\n<meta property=\"og:description\" content=\"Passier Steigb\u00fcgelriemen, Leder,\u00a0schwarz      Deutsches Rindsleder  \u00a0Edelstahlschnallen  Optimale Passform\" \/>\n<meta property=\"og:url\" content=\"http:\/\/fabis-lederey.com\/index.php\/produkt\/passier-steigbuegelriemen-150cm\/\" \/>\n<meta property=\"og:site_name\" content=\"Fabis Lederey - Fabian Kempf\" \/>\n<meta property=\"article:modified_time\" content=\"2022-01-06T08:41:27+00:00\" \/>\n<meta name=\"twitter:card\" content=\"summary_large_image\" \/>\n<meta name=\"twitter:label1\" content=\"Gesch\u00e4tzte Lesezeit\" \/>\n\t<meta name=\"twitter:data1\" content=\"1\u00a0Minute\" \/>\n<script type=\"application\/ld+json\" class=\"yoast-schema-graph\">{\"@context\":\"https:\\\/\\\/schema.org\",\"@graph\":[{\"@type\":\"WebPage\",\"@id\":\"http:\\\/\\\/fabis-lederey.com\\\/index.php\\\/produkt\\\/passier-steigbuegelriemen-150cm\\\/\",\"url\":\"http:\\\/\\\/fabis-lederey.com\\\/index.php\\\/produkt\\\/passier-steigbuegelriemen-150cm\\\/\",\"name\":\"Passier - Steigb\u00fcgelriemen, 150cm - Fabis Lederey - Fabian Kempf\",\"isPartOf\":{\"@id\":\"http:\\\/\\\/fabis-lederey.com\\\/#website\"},\"datePublished\":\"2021-12-07T11:17:04+00:00\",\"dateModified\":\"2022-01-06T08:41:27+00:00\",\"breadcrumb\":{\"@id\":\"http:\\\/\\\/fabis-lederey.com\\\/index.php\\\/produkt\\\/passier-steigbuegelriemen-150cm\\\/#breadcrumb\"},\"inLanguage\":\"de\",\"potentialAction\":[{\"@type\":\"ReadAction\",\"target\":[\"http:\\\/\\\/fabis-lederey.com\\\/index.php\\\/produkt\\\/passier-steigbuegelriemen-150cm\\\/\"]}]},{\"@type\":\"BreadcrumbList\",\"@id\":\"http:\\\/\\\/fabis-lederey.com\\\/index.php\\\/produkt\\\/passier-steigbuegelriemen-150cm\\\/#breadcrumb\",\"itemListElement\":[{\"@type\":\"ListItem\",\"position\":1,\"name\":\"Home\",\"item\":\"http:\\\/\\\/fabis-lederey.com\\\/\"},{\"@type\":\"ListItem\",\"position\":2,\"name\":\"Shop\",\"item\":\"http:\\\/\\\/fabis-lederey.com\\\/?page_id=7147\"},{\"@type\":\"ListItem\",\"position\":3,\"name\":\"Passier &#8211; Steigb\u00fcgelriemen, 150cm\"}]},{\"@type\":\"WebSite\",\"@id\":\"http:\\\/\\\/fabis-lederey.com\\\/#website\",\"url\":\"http:\\\/\\\/fabis-lederey.com\\\/\",\"name\":\"Fabis Lederey - Fabian Kempf\",\"description\":\"Die Reitsportsattlerei und Ledermanufaktur in Pirmasens, S\u00fcdwestpfalz und im SaarLorLux-Kreis.\",\"potentialAction\":[{\"@type\":\"SearchAction\",\"target\":{\"@type\":\"EntryPoint\",\"urlTemplate\":\"http:\\\/\\\/fabis-lederey.com\\\/?s={search_term_string}\"},\"query-input\":{\"@type\":\"PropertyValueSpecification\",\"valueRequired\":true,\"valueName\":\"search_term_string\"}}],\"inLanguage\":\"de\"}]}<\/script>\n<!-- \/ Yoast SEO plugin. -->","yoast_head_json":{"title":"Passier - Steigb\u00fcgelriemen, 150cm - Fabis Lederey - Fabian Kempf","robots":{"index":"index","follow":"follow","max-snippet":"max-snippet:-1","max-image-preview":"max-image-preview:large","max-video-preview":"max-video-preview:-1"},"canonical":"http:\/\/fabis-lederey.com\/index.php\/produkt\/passier-steigbuegelriemen-150cm\/","og_locale":"de_DE","og_type":"article","og_title":"Passier - Steigb\u00fcgelriemen, 150cm - Fabis Lederey - Fabian Kempf","og_description":"Passier Steigb\u00fcgelriemen, Leder,\u00a0schwarz      Deutsches Rindsleder  \u00a0Edelstahlschnallen  Optimale Passform","og_url":"http:\/\/fabis-lederey.com\/index.php\/produkt\/passier-steigbuegelriemen-150cm\/","og_site_name":"Fabis Lederey - Fabian Kempf","article_modified_time":"2022-01-06T08:41:27+00:00","twitter_card":"summary_large_image","twitter_misc":{"Gesch\u00e4tzte Lesezeit":"1\u00a0Minute"},"schema":{"@context":"https:\/\/schema.org","@graph":[{"@type":"WebPage","@id":"http:\/\/fabis-lederey.com\/index.php\/produkt\/passier-steigbuegelriemen-150cm\/","url":"http:\/\/fabis-lederey.com\/index.php\/produkt\/passier-steigbuegelriemen-150cm\/","name":"Passier - Steigb\u00fcgelriemen, 150cm - Fabis Lederey - Fabian Kempf","isPartOf":{"@id":"http:\/\/fabis-lederey.com\/#website"},"datePublished":"2021-12-07T11:17:04+00:00","dateModified":"2022-01-06T08:41:27+00:00","breadcrumb":{"@id":"http:\/\/fabis-lederey.com\/index.php\/produkt\/passier-steigbuegelriemen-150cm\/#breadcrumb"},"inLanguage":"de","potentialAction":[{"@type":"ReadAction","target":["http:\/\/fabis-lederey.com\/index.php\/produkt\/passier-steigbuegelriemen-150cm\/"]}]},{"@type":"BreadcrumbList","@id":"http:\/\/fabis-lederey.com\/index.php\/produkt\/passier-steigbuegelriemen-150cm\/#breadcrumb","itemListElement":[{"@type":"ListItem","position":1,"name":"Home","item":"http:\/\/fabis-lederey.com\/"},{"@type":"ListItem","position":2,"name":"Shop","item":"http:\/\/fabis-lederey.com\/?page_id=7147"},{"@type":"ListItem","position":3,"name":"Passier &#8211; Steigb\u00fcgelriemen, 150cm"}]},{"@type":"WebSite","@id":"http:\/\/fabis-lederey.com\/#website","url":"http:\/\/fabis-lederey.com\/","name":"Fabis Lederey - Fabian Kempf","description":"Die Reitsportsattlerei und Ledermanufaktur in Pirmasens, S\u00fcdwestpfalz und im SaarLorLux-Kreis.","potentialAction":[{"@type":"SearchAction","target":{"@type":"EntryPoint","urlTemplate":"http:\/\/fabis-lederey.com\/?s={search_term_string}"},"query-input":{"@type":"PropertyValueSpecification","valueRequired":true,"valueName":"search_term_string"}}],"inLanguage":"de"}]}},"_links":{"self":[{"href":"http:\/\/fabis-lederey.com\/index.php\/wp-json\/wp\/v2\/product\/7134","targetHints":{"allow":["GET"]}}],"collection":[{"href":"http:\/\/fabis-lederey.com\/index.php\/wp-json\/wp\/v2\/product"}],"about":[{"href":"http:\/\/fabis-lederey.com\/index.php\/wp-json\/wp\/v2\/types\/product"}],"replies":[{"embeddable":true,"href":"http:\/\/fabis-lederey.com\/index.php\/wp-json\/wp\/v2\/comments?post=7134"}],"wp:attachment":[{"href":"http:\/\/fabis-lederey.com\/index.php\/wp-json\/wp\/v2\/media?parent=7134"}],"wp:term":[{"taxonomy":"product_brand","embeddable":true,"href":"http:\/\/fabis-lederey.com\/index.php\/wp-json\/wp\/v2\/product_brand?post=7134"},{"taxonomy":"product_cat","embeddable":true,"href":"http:\/\/fabis-lederey.com\/index.php\/wp-json\/wp\/v2\/product_cat?post=7134"},{"taxonomy":"product_tag","embeddable":true,"href":"http:\/\/fabis-lederey.com\/index.php\/wp-json\/wp\/v2\/product_tag?post=7134"}],"curies":[{"name":"wp","href":"https:\/\/api.w.org\/{rel}","templated":true}]}}