{"id":7237,"date":"2022-01-03T10:10:44","date_gmt":"2022-01-03T10:10:44","guid":{"rendered":"http:\/\/fabis-lederey.com\/?post_type=product&#038;p=7237"},"modified":"2022-01-06T08:19:57","modified_gmt":"2022-01-06T08:19:57","slug":"relax-aftershear-fuer-pferde-1000ml","status":"publish","type":"product","link":"http:\/\/fabis-lederey.com\/index.php\/produkt\/relax-aftershear-fuer-pferde-1000ml\/","title":{"rendered":"Relax &#8211; Aftershear f\u00fcr Pferde 1000ml"},"content":{"rendered":"<div class=\"offcanvas-content-container\">\n<div class=\"product-detail-description tab-pane-container\">\n<h2 class=\"h3 product-detail-description-title\">Aftershear f\u00fcr Pferde (1 Liter)<\/h2>\n<div class=\"product-detail-description-text\">\n<p><b>Regenerierende, wohltuende Pflege nach der Schur. F\u00fcr gesunde Haut und vitales, gl\u00e4nzendes Fell.\u00a0<\/b><\/p>\n<div>\n<ul>\n<li>F\u00f6rdert die Regeneration der durch die Schur beanspruchten Pferdehaut<\/li>\n<li>Vorbeugend und unterst\u00fctzend bei oberfl\u00e4chlichen Hautirritationen<\/li>\n<li>Vermindert Schuppenbildung<\/li>\n<li>St\u00e4rkt die Haut w\u00e4hrend dem Eindecken<\/li>\n<li>Sch\u00fctzt die Haut vor Feuchtigkeitsverlust, auch bei Sonneneinstrahlung<\/li>\n<li>Auch f\u00fcr sensible Pferde geeignet<\/li>\n<li>Nat\u00fcrliche Wirk- und Inhaltsstoffe<\/li>\n<\/ul>\n<\/div>\n<p>Durch die Schur k\u00f6nnen Kleinstverletzungen der Haut entstehen. Diese Verletzungen stellen leichte Eintrittspforten f\u00fcr Parasiten, Bakterien und Pilze dar, welche die angegriffene Haut schw\u00e4chen, Juckreiz hervorrufen und Entz\u00fcndungen verursachen k\u00f6nnen.<\/p>\n<p>Lebermoose entwickelten im Laufe ihrer Evolution hervorragende Abwehrstoffe gegen Pilze und Bakterien. Die Calendula ist f\u00fcr ihre entz\u00fcndungshemmende und wundheilende Wirkung bekannt. Weizenproteine bewahren die beanspruchte Haut vor Austrocknung und verleihen dem Fell einen seidigen Glanz. Panthenol wirkt feuchtigkeitsregulierend und verst\u00e4rkt die Barrierefunktion der Haut.<\/p>\n<p><b>Anwendung:<\/b> Das Aftershear-Spray ist direkt nach der erfolgten Schur anzuwenden. Innerhalb der ersten beiden Wochen nach der Schur 1 x t\u00e4glich anwenden. Zur vorbeugenden Haut- und Fellpflege kann das Relax Aftershear dar\u00fcber hinaus auch bedenkenlos weiterhin nach Bedarf aufgetragen werden.<\/p>\n<p><b>Inhalt:<\/b> Lebermoosextrakt, Weizenproteine, Calendulaextrakt, Panthenol. Vegan.<\/p>\n<p>100% nat\u00fcrliche Wirkstoffe<\/p>\n<p>GVO-freie Rohstoffe<\/p>\n<p>Ohne Erd- und Palm\u00f6l<\/p>\n<p>ADMR konform<\/p>\n<\/div>\n<\/div>\n<\/div>\n<p>&nbsp;<\/p>\n<p>&nbsp;<\/p>\n<p>&nbsp;<\/p>\n<p>&nbsp;<\/p>\n","protected":false},"excerpt":{"rendered":"<h4 class=\"h3 product-detail-description-title\">Aftershear f\u00fcr Pferde (1 Liter)<\/h4>\n<div class=\"product-detail-description-text\">Regenerierende, wohltuende Pflege nach der Schur. F\u00fcr gesunde Haut und vitales, gl\u00e4nzendes Fell.<\/div>\n<p>&nbsp;<\/p>\n<p>&nbsp;<\/p>\n<p>&nbsp;<\/p>\n<p>&nbsp;<\/p>\n","protected":false},"featured_media":0,"comment_status":"open","ping_status":"closed","template":"","meta":[],"product_brand":[],"product_cat":[44,67],"product_tag":[],"class_list":{"0":"post-7237","1":"product","2":"type-product","3":"status-publish","5":"product_cat-allproducts","6":"product_cat-fellpflege","8":"first","9":"instock","10":"taxable","11":"shipping-taxable","12":"purchasable","13":"product-type-simple"},"yoast_head":"<!-- This site is optimized with the Yoast SEO plugin v27.5 - https:\/\/yoast.com\/product\/yoast-seo-wordpress\/ -->\n<title>Relax - Aftershear f\u00fcr Pferde 1000ml - Fabis Lederey - Fabian Kempf<\/title>\n<meta name=\"robots\" content=\"index, follow, max-snippet:-1, max-image-preview:large, max-video-preview:-1\" \/>\n<link rel=\"canonical\" href=\"https:\/\/fabis-lederey.com\/index.php\/produkt\/relax-aftershear-fuer-pferde-1000ml\/\" \/>\n<meta property=\"og:locale\" content=\"de_DE\" \/>\n<meta property=\"og:type\" content=\"article\" \/>\n<meta property=\"og:title\" content=\"Relax - Aftershear f\u00fcr Pferde 1000ml - Fabis Lederey - Fabian Kempf\" \/>\n<meta property=\"og:description\" content=\"Aftershear f\u00fcr Pferde (1 Liter) Regenerierende, wohltuende Pflege nach der Schur. F\u00fcr gesunde Haut und vitales, gl\u00e4nzendes Fell. &nbsp;  &nbsp;  &nbsp;  &nbsp;\" \/>\n<meta property=\"og:url\" content=\"https:\/\/fabis-lederey.com\/index.php\/produkt\/relax-aftershear-fuer-pferde-1000ml\/\" \/>\n<meta property=\"og:site_name\" content=\"Fabis Lederey - Fabian Kempf\" \/>\n<meta property=\"article:modified_time\" content=\"2022-01-06T08:19:57+00:00\" \/>\n<meta name=\"twitter:card\" content=\"summary_large_image\" \/>\n<meta name=\"twitter:label1\" content=\"Gesch\u00e4tzte Lesezeit\" \/>\n\t<meta name=\"twitter:data1\" content=\"1\u00a0Minute\" \/>\n<script type=\"application\/ld+json\" class=\"yoast-schema-graph\">{\"@context\":\"https:\\\/\\\/schema.org\",\"@graph\":[{\"@type\":\"WebPage\",\"@id\":\"https:\\\/\\\/fabis-lederey.com\\\/index.php\\\/produkt\\\/relax-aftershear-fuer-pferde-1000ml\\\/\",\"url\":\"https:\\\/\\\/fabis-lederey.com\\\/index.php\\\/produkt\\\/relax-aftershear-fuer-pferde-1000ml\\\/\",\"name\":\"Relax - Aftershear f\u00fcr Pferde 1000ml - Fabis Lederey - Fabian Kempf\",\"isPartOf\":{\"@id\":\"http:\\\/\\\/fabis-lederey.com\\\/#website\"},\"datePublished\":\"2022-01-03T10:10:44+00:00\",\"dateModified\":\"2022-01-06T08:19:57+00:00\",\"breadcrumb\":{\"@id\":\"https:\\\/\\\/fabis-lederey.com\\\/index.php\\\/produkt\\\/relax-aftershear-fuer-pferde-1000ml\\\/#breadcrumb\"},\"inLanguage\":\"de\",\"potentialAction\":[{\"@type\":\"ReadAction\",\"target\":[\"https:\\\/\\\/fabis-lederey.com\\\/index.php\\\/produkt\\\/relax-aftershear-fuer-pferde-1000ml\\\/\"]}]},{\"@type\":\"BreadcrumbList\",\"@id\":\"https:\\\/\\\/fabis-lederey.com\\\/index.php\\\/produkt\\\/relax-aftershear-fuer-pferde-1000ml\\\/#breadcrumb\",\"itemListElement\":[{\"@type\":\"ListItem\",\"position\":1,\"name\":\"Home\",\"item\":\"https:\\\/\\\/fabis-lederey.com\\\/\"},{\"@type\":\"ListItem\",\"position\":2,\"name\":\"Shop\",\"item\":\"https:\\\/\\\/fabis-lederey.com\\\/?page_id=7147\"},{\"@type\":\"ListItem\",\"position\":3,\"name\":\"Relax &#8211; Aftershear f\u00fcr Pferde 1000ml\"}]},{\"@type\":\"WebSite\",\"@id\":\"http:\\\/\\\/fabis-lederey.com\\\/#website\",\"url\":\"http:\\\/\\\/fabis-lederey.com\\\/\",\"name\":\"Fabis Lederey - Fabian Kempf\",\"description\":\"Die Reitsportsattlerei und Ledermanufaktur in Pirmasens, S\u00fcdwestpfalz und im SaarLorLux-Kreis.\",\"potentialAction\":[{\"@type\":\"SearchAction\",\"target\":{\"@type\":\"EntryPoint\",\"urlTemplate\":\"http:\\\/\\\/fabis-lederey.com\\\/?s={search_term_string}\"},\"query-input\":{\"@type\":\"PropertyValueSpecification\",\"valueRequired\":true,\"valueName\":\"search_term_string\"}}],\"inLanguage\":\"de\"}]}<\/script>\n<!-- \/ Yoast SEO plugin. -->","yoast_head_json":{"title":"Relax - Aftershear f\u00fcr Pferde 1000ml - Fabis Lederey - Fabian Kempf","robots":{"index":"index","follow":"follow","max-snippet":"max-snippet:-1","max-image-preview":"max-image-preview:large","max-video-preview":"max-video-preview:-1"},"canonical":"https:\/\/fabis-lederey.com\/index.php\/produkt\/relax-aftershear-fuer-pferde-1000ml\/","og_locale":"de_DE","og_type":"article","og_title":"Relax - Aftershear f\u00fcr Pferde 1000ml - Fabis Lederey - Fabian Kempf","og_description":"Aftershear f\u00fcr Pferde (1 Liter) Regenerierende, wohltuende Pflege nach der Schur. F\u00fcr gesunde Haut und vitales, gl\u00e4nzendes Fell. &nbsp;  &nbsp;  &nbsp;  &nbsp;","og_url":"https:\/\/fabis-lederey.com\/index.php\/produkt\/relax-aftershear-fuer-pferde-1000ml\/","og_site_name":"Fabis Lederey - Fabian Kempf","article_modified_time":"2022-01-06T08:19:57+00:00","twitter_card":"summary_large_image","twitter_misc":{"Gesch\u00e4tzte Lesezeit":"1\u00a0Minute"},"schema":{"@context":"https:\/\/schema.org","@graph":[{"@type":"WebPage","@id":"https:\/\/fabis-lederey.com\/index.php\/produkt\/relax-aftershear-fuer-pferde-1000ml\/","url":"https:\/\/fabis-lederey.com\/index.php\/produkt\/relax-aftershear-fuer-pferde-1000ml\/","name":"Relax - Aftershear f\u00fcr Pferde 1000ml - Fabis Lederey - Fabian Kempf","isPartOf":{"@id":"http:\/\/fabis-lederey.com\/#website"},"datePublished":"2022-01-03T10:10:44+00:00","dateModified":"2022-01-06T08:19:57+00:00","breadcrumb":{"@id":"https:\/\/fabis-lederey.com\/index.php\/produkt\/relax-aftershear-fuer-pferde-1000ml\/#breadcrumb"},"inLanguage":"de","potentialAction":[{"@type":"ReadAction","target":["https:\/\/fabis-lederey.com\/index.php\/produkt\/relax-aftershear-fuer-pferde-1000ml\/"]}]},{"@type":"BreadcrumbList","@id":"https:\/\/fabis-lederey.com\/index.php\/produkt\/relax-aftershear-fuer-pferde-1000ml\/#breadcrumb","itemListElement":[{"@type":"ListItem","position":1,"name":"Home","item":"https:\/\/fabis-lederey.com\/"},{"@type":"ListItem","position":2,"name":"Shop","item":"https:\/\/fabis-lederey.com\/?page_id=7147"},{"@type":"ListItem","position":3,"name":"Relax &#8211; Aftershear f\u00fcr Pferde 1000ml"}]},{"@type":"WebSite","@id":"http:\/\/fabis-lederey.com\/#website","url":"http:\/\/fabis-lederey.com\/","name":"Fabis Lederey - Fabian Kempf","description":"Die Reitsportsattlerei und Ledermanufaktur in Pirmasens, S\u00fcdwestpfalz und im SaarLorLux-Kreis.","potentialAction":[{"@type":"SearchAction","target":{"@type":"EntryPoint","urlTemplate":"http:\/\/fabis-lederey.com\/?s={search_term_string}"},"query-input":{"@type":"PropertyValueSpecification","valueRequired":true,"valueName":"search_term_string"}}],"inLanguage":"de"}]}},"_links":{"self":[{"href":"http:\/\/fabis-lederey.com\/index.php\/wp-json\/wp\/v2\/product\/7237","targetHints":{"allow":["GET"]}}],"collection":[{"href":"http:\/\/fabis-lederey.com\/index.php\/wp-json\/wp\/v2\/product"}],"about":[{"href":"http:\/\/fabis-lederey.com\/index.php\/wp-json\/wp\/v2\/types\/product"}],"replies":[{"embeddable":true,"href":"http:\/\/fabis-lederey.com\/index.php\/wp-json\/wp\/v2\/comments?post=7237"}],"wp:attachment":[{"href":"http:\/\/fabis-lederey.com\/index.php\/wp-json\/wp\/v2\/media?parent=7237"}],"wp:term":[{"taxonomy":"product_brand","embeddable":true,"href":"http:\/\/fabis-lederey.com\/index.php\/wp-json\/wp\/v2\/product_brand?post=7237"},{"taxonomy":"product_cat","embeddable":true,"href":"http:\/\/fabis-lederey.com\/index.php\/wp-json\/wp\/v2\/product_cat?post=7237"},{"taxonomy":"product_tag","embeddable":true,"href":"http:\/\/fabis-lederey.com\/index.php\/wp-json\/wp\/v2\/product_tag?post=7237"}],"curies":[{"name":"wp","href":"https:\/\/api.w.org\/{rel}","templated":true}]}}