{"id":7239,"date":"2022-01-03T10:15:41","date_gmt":"2022-01-03T10:15:41","guid":{"rendered":"http:\/\/fabis-lederey.com\/?post_type=product&#038;p=7239"},"modified":"2022-01-06T08:18:31","modified_gmt":"2022-01-06T08:18:31","slug":"waldhausen-fell-maehnenspray-mit-aloe-vera-500ml","status":"publish","type":"product","link":"http:\/\/fabis-lederey.com\/index.php\/produkt\/waldhausen-fell-maehnenspray-mit-aloe-vera-500ml\/","title":{"rendered":"Waldhausen &#8211; Fell- &#038; M\u00e4hnenspray mit Aloe Vera, 500ml"},"content":{"rendered":"<div class=\"offcanvas-content-container\">\n<div class=\"product-detail-description tab-pane-container\">\n<div class=\"product-detail-description-text\">\n<h2>Waldhausen Fell &#8211; und M\u00e4hnenspray mit Aloe Vera<\/h2>\n<p>&nbsp;<\/p>\n<ul>\n<li>\n<div class=\"std\">Hochwertiges Spray zur Pflege von Schweif, M\u00e4hne und Fell. Langhaar l\u00e4sst sich leichter b\u00fcrsten und von Knoten befreien. Das Fell erh\u00e4lt einen seidigen Glanz und ist l\u00e4nger staubabweisend. Auch f\u00fcr Pferde mit empfindlicher Haut. Mit pflegender Aloe Vera.<\/div>\n<\/li>\n<li>\n<div class=\"std\">Anwendung:<br \/>\nHaare und Fell sparsam einspr\u00fchen. Langhaar verlesen und durchk\u00e4mmen. Nach dem Antrocknen Haare und Fell gr\u00fcndlich ausb\u00fcrsten.<\/div>\n<\/li>\n<li>\n<div class=\"std\">\n<p>Inhalt: 500 ml<\/p>\n<p>Hinweis: Vor Kleinkindern gesichert aufbewahren. Nur zur \u00e4u\u00dferlichen Anwendung.<\/p>\n<p>Ingredients: Aqua, Soft Water, Dimethyl Siloxane Hydroxy-terminated, Aliphatic alcohol ethoxylate, Sodium dodecylbenzene sulfonate,<br \/>\nPolydimethylsiloxane, Aloe Barbadensis Extract, Glyceryl monostearate, Ethoxylated sorbitan monostearate, Sodium carboxymethyl cellulose, Benzyl Alcohol, Methylchloroisothiazolinone<\/p>\n<\/div>\n<\/li>\n<\/ul>\n<\/div>\n<\/div>\n<\/div>\n<p>&nbsp;<\/p>\n<p>&nbsp;<\/p>\n<p>&nbsp;<\/p>\n<p>&nbsp;<\/p>\n","protected":false},"excerpt":{"rendered":"<div class=\"product-name\">\n<h4>Fell &#8211; und M\u00e4hnenspray mit Aloe Vera<\/h4>\n<\/div>\n<div class=\"short-description\">\n<div class=\"std\">Hochwertiges Spray zur Pflege von Schweif, M\u00e4hne und Fell.<\/div>\n<div class=\"std\">Langhaar l\u00e4sst sich leichter b\u00fcrsten und von Knoten befreien.<\/div>\n<\/div>\n<p>&nbsp;<\/p>\n<p>&nbsp;<\/p>\n<p>&nbsp;<\/p>\n<p>&nbsp;<\/p>\n","protected":false},"featured_media":0,"comment_status":"open","ping_status":"closed","template":"","meta":[],"product_brand":[],"product_cat":[44,67],"product_tag":[],"class_list":{"0":"post-7239","1":"product","2":"type-product","3":"status-publish","5":"product_cat-allproducts","6":"product_cat-fellpflege","8":"first","9":"instock","10":"taxable","11":"shipping-taxable","12":"purchasable","13":"product-type-simple"},"yoast_head":"<!-- This site is optimized with the Yoast SEO plugin v27.5 - https:\/\/yoast.com\/product\/yoast-seo-wordpress\/ -->\n<title>Waldhausen - Fell- &amp; M\u00e4hnenspray mit Aloe Vera, 500ml - Fabis Lederey - Fabian Kempf<\/title>\n<meta name=\"robots\" content=\"index, follow, max-snippet:-1, max-image-preview:large, max-video-preview:-1\" \/>\n<link rel=\"canonical\" href=\"http:\/\/fabis-lederey.com\/index.php\/produkt\/waldhausen-fell-maehnenspray-mit-aloe-vera-500ml\/\" \/>\n<meta property=\"og:locale\" content=\"de_DE\" \/>\n<meta property=\"og:type\" content=\"article\" \/>\n<meta property=\"og:title\" content=\"Waldhausen - Fell- &amp; M\u00e4hnenspray mit Aloe Vera, 500ml - Fabis Lederey - Fabian Kempf\" \/>\n<meta property=\"og:description\" content=\"Fell - und M\u00e4hnenspray mit Aloe Vera   Hochwertiges Spray zur Pflege von Schweif, M\u00e4hne und Fell. Langhaar l\u00e4sst sich leichter b\u00fcrsten und von Knoten befreien.  &nbsp;  &nbsp;  &nbsp;  &nbsp;\" \/>\n<meta property=\"og:url\" content=\"http:\/\/fabis-lederey.com\/index.php\/produkt\/waldhausen-fell-maehnenspray-mit-aloe-vera-500ml\/\" \/>\n<meta property=\"og:site_name\" content=\"Fabis Lederey - Fabian Kempf\" \/>\n<meta property=\"article:modified_time\" content=\"2022-01-06T08:18:31+00:00\" \/>\n<meta name=\"twitter:card\" content=\"summary_large_image\" \/>\n<meta name=\"twitter:label1\" content=\"Gesch\u00e4tzte Lesezeit\" \/>\n\t<meta name=\"twitter:data1\" content=\"1\u00a0Minute\" \/>\n<script type=\"application\/ld+json\" class=\"yoast-schema-graph\">{\"@context\":\"https:\\\/\\\/schema.org\",\"@graph\":[{\"@type\":\"WebPage\",\"@id\":\"http:\\\/\\\/fabis-lederey.com\\\/index.php\\\/produkt\\\/waldhausen-fell-maehnenspray-mit-aloe-vera-500ml\\\/\",\"url\":\"http:\\\/\\\/fabis-lederey.com\\\/index.php\\\/produkt\\\/waldhausen-fell-maehnenspray-mit-aloe-vera-500ml\\\/\",\"name\":\"Waldhausen - Fell- & M\u00e4hnenspray mit Aloe Vera, 500ml - Fabis Lederey - Fabian Kempf\",\"isPartOf\":{\"@id\":\"https:\\\/\\\/fabis-lederey.com\\\/#website\"},\"datePublished\":\"2022-01-03T10:15:41+00:00\",\"dateModified\":\"2022-01-06T08:18:31+00:00\",\"breadcrumb\":{\"@id\":\"http:\\\/\\\/fabis-lederey.com\\\/index.php\\\/produkt\\\/waldhausen-fell-maehnenspray-mit-aloe-vera-500ml\\\/#breadcrumb\"},\"inLanguage\":\"de\",\"potentialAction\":[{\"@type\":\"ReadAction\",\"target\":[\"http:\\\/\\\/fabis-lederey.com\\\/index.php\\\/produkt\\\/waldhausen-fell-maehnenspray-mit-aloe-vera-500ml\\\/\"]}]},{\"@type\":\"BreadcrumbList\",\"@id\":\"http:\\\/\\\/fabis-lederey.com\\\/index.php\\\/produkt\\\/waldhausen-fell-maehnenspray-mit-aloe-vera-500ml\\\/#breadcrumb\",\"itemListElement\":[{\"@type\":\"ListItem\",\"position\":1,\"name\":\"Home\",\"item\":\"http:\\\/\\\/fabis-lederey.com\\\/\"},{\"@type\":\"ListItem\",\"position\":2,\"name\":\"Shop\",\"item\":\"http:\\\/\\\/fabis-lederey.com\\\/?page_id=7147\"},{\"@type\":\"ListItem\",\"position\":3,\"name\":\"Waldhausen &#8211; Fell- &#038; M\u00e4hnenspray mit Aloe Vera, 500ml\"}]},{\"@type\":\"WebSite\",\"@id\":\"https:\\\/\\\/fabis-lederey.com\\\/#website\",\"url\":\"https:\\\/\\\/fabis-lederey.com\\\/\",\"name\":\"Fabis Lederey - Fabian Kempf\",\"description\":\"Die Reitsportsattlerei und Ledermanufaktur in Pirmasens, S\u00fcdwestpfalz und im SaarLorLux-Kreis.\",\"potentialAction\":[{\"@type\":\"SearchAction\",\"target\":{\"@type\":\"EntryPoint\",\"urlTemplate\":\"https:\\\/\\\/fabis-lederey.com\\\/?s={search_term_string}\"},\"query-input\":{\"@type\":\"PropertyValueSpecification\",\"valueRequired\":true,\"valueName\":\"search_term_string\"}}],\"inLanguage\":\"de\"}]}<\/script>\n<!-- \/ Yoast SEO plugin. -->","yoast_head_json":{"title":"Waldhausen - Fell- & M\u00e4hnenspray mit Aloe Vera, 500ml - Fabis Lederey - Fabian Kempf","robots":{"index":"index","follow":"follow","max-snippet":"max-snippet:-1","max-image-preview":"max-image-preview:large","max-video-preview":"max-video-preview:-1"},"canonical":"http:\/\/fabis-lederey.com\/index.php\/produkt\/waldhausen-fell-maehnenspray-mit-aloe-vera-500ml\/","og_locale":"de_DE","og_type":"article","og_title":"Waldhausen - Fell- & M\u00e4hnenspray mit Aloe Vera, 500ml - Fabis Lederey - Fabian Kempf","og_description":"Fell - und M\u00e4hnenspray mit Aloe Vera   Hochwertiges Spray zur Pflege von Schweif, M\u00e4hne und Fell. Langhaar l\u00e4sst sich leichter b\u00fcrsten und von Knoten befreien.  &nbsp;  &nbsp;  &nbsp;  &nbsp;","og_url":"http:\/\/fabis-lederey.com\/index.php\/produkt\/waldhausen-fell-maehnenspray-mit-aloe-vera-500ml\/","og_site_name":"Fabis Lederey - Fabian Kempf","article_modified_time":"2022-01-06T08:18:31+00:00","twitter_card":"summary_large_image","twitter_misc":{"Gesch\u00e4tzte Lesezeit":"1\u00a0Minute"},"schema":{"@context":"https:\/\/schema.org","@graph":[{"@type":"WebPage","@id":"http:\/\/fabis-lederey.com\/index.php\/produkt\/waldhausen-fell-maehnenspray-mit-aloe-vera-500ml\/","url":"http:\/\/fabis-lederey.com\/index.php\/produkt\/waldhausen-fell-maehnenspray-mit-aloe-vera-500ml\/","name":"Waldhausen - Fell- & M\u00e4hnenspray mit Aloe Vera, 500ml - Fabis Lederey - Fabian Kempf","isPartOf":{"@id":"https:\/\/fabis-lederey.com\/#website"},"datePublished":"2022-01-03T10:15:41+00:00","dateModified":"2022-01-06T08:18:31+00:00","breadcrumb":{"@id":"http:\/\/fabis-lederey.com\/index.php\/produkt\/waldhausen-fell-maehnenspray-mit-aloe-vera-500ml\/#breadcrumb"},"inLanguage":"de","potentialAction":[{"@type":"ReadAction","target":["http:\/\/fabis-lederey.com\/index.php\/produkt\/waldhausen-fell-maehnenspray-mit-aloe-vera-500ml\/"]}]},{"@type":"BreadcrumbList","@id":"http:\/\/fabis-lederey.com\/index.php\/produkt\/waldhausen-fell-maehnenspray-mit-aloe-vera-500ml\/#breadcrumb","itemListElement":[{"@type":"ListItem","position":1,"name":"Home","item":"http:\/\/fabis-lederey.com\/"},{"@type":"ListItem","position":2,"name":"Shop","item":"http:\/\/fabis-lederey.com\/?page_id=7147"},{"@type":"ListItem","position":3,"name":"Waldhausen &#8211; Fell- &#038; M\u00e4hnenspray mit Aloe Vera, 500ml"}]},{"@type":"WebSite","@id":"https:\/\/fabis-lederey.com\/#website","url":"https:\/\/fabis-lederey.com\/","name":"Fabis Lederey - Fabian Kempf","description":"Die Reitsportsattlerei und Ledermanufaktur in Pirmasens, S\u00fcdwestpfalz und im SaarLorLux-Kreis.","potentialAction":[{"@type":"SearchAction","target":{"@type":"EntryPoint","urlTemplate":"https:\/\/fabis-lederey.com\/?s={search_term_string}"},"query-input":{"@type":"PropertyValueSpecification","valueRequired":true,"valueName":"search_term_string"}}],"inLanguage":"de"}]}},"_links":{"self":[{"href":"http:\/\/fabis-lederey.com\/index.php\/wp-json\/wp\/v2\/product\/7239","targetHints":{"allow":["GET"]}}],"collection":[{"href":"http:\/\/fabis-lederey.com\/index.php\/wp-json\/wp\/v2\/product"}],"about":[{"href":"http:\/\/fabis-lederey.com\/index.php\/wp-json\/wp\/v2\/types\/product"}],"replies":[{"embeddable":true,"href":"http:\/\/fabis-lederey.com\/index.php\/wp-json\/wp\/v2\/comments?post=7239"}],"wp:attachment":[{"href":"http:\/\/fabis-lederey.com\/index.php\/wp-json\/wp\/v2\/media?parent=7239"}],"wp:term":[{"taxonomy":"product_brand","embeddable":true,"href":"http:\/\/fabis-lederey.com\/index.php\/wp-json\/wp\/v2\/product_brand?post=7239"},{"taxonomy":"product_cat","embeddable":true,"href":"http:\/\/fabis-lederey.com\/index.php\/wp-json\/wp\/v2\/product_cat?post=7239"},{"taxonomy":"product_tag","embeddable":true,"href":"http:\/\/fabis-lederey.com\/index.php\/wp-json\/wp\/v2\/product_tag?post=7239"}],"curies":[{"name":"wp","href":"https:\/\/api.w.org\/{rel}","templated":true}]}}