{"id":7294,"date":"2022-01-13T07:40:05","date_gmt":"2022-01-13T07:40:05","guid":{"rendered":"http:\/\/fabis-lederey.com\/?post_type=product&#038;p=7294"},"modified":"2022-01-13T07:44:29","modified_gmt":"2022-01-13T07:44:29","slug":"kanne-energiebarren-1000g","status":"publish","type":"product","link":"http:\/\/fabis-lederey.com\/index.php\/produkt\/kanne-energiebarren-1000g\/","title":{"rendered":"Kanne Energiebarren 1000g"},"content":{"rendered":"<h2>KANNE Energiebarren 1kg<\/h2>\n<ul>\n<li><strong> Kanne Energiebarren &#8211; Leckerlie f\u00fcr Pferd und Hund<\/strong><\/li>\n<li><strong> Kanne Energiebarren &#8211; handliche Brocken<\/strong><\/li>\n<li><strong> Kanne Energiebarren &#8211; kr\u00fcmeln nicht in der Tasche <\/strong><\/li>\n<\/ul>\n<p>Ein besonders energiereicher Leckerbissen als Belohnung f\u00fcr Pferd und Hund aus wertvollen, naturbelassenen Zutaten. Nach alter Tradition im B\u00e4ckerofen gebacken.<\/p>\n<h3>Zusammensetzung von Kanne Energiebarren<\/h3>\n<p>Quellwasser, Vollkornbrot (Roggen, Wasser, Weizen, Natursauerteig (Roggen, Wasser), Salz, Hafer), Kanne Fermentgetreide fl\u00fcssig (Milchs\u00e4ureg\u00e4rungsprodukt aus Vollkornbrot, fermentiert), Zuckerr\u00fcbensirup<\/p>\n<h3>Analytische Bestandteile von Kanne Energiebarren<\/h3>\n<p>Rohprotein 11,8%, Rohfett 2,3%, Rohfaser 0,6%, Rohasche 2,7%, St\u00e4rke 52,7%<\/p>\n<h3>Darreichungsform<\/h3>\n<p>Brocken<\/p>\n<p><strong>Verpackungsgr\u00f6\u00dfe:<\/strong> 1kg\/T\u00fcte<\/p>\n","protected":false},"excerpt":{"rendered":"<div class=\"product-headline text-center\">\n<h4 class=\"fn product-title hidden-xs\">KANNE Leckerli ENERGIEBARREN f\u00fcr Hunde und Pferde 1kg<\/h4>\n<p class=\"subHeadline\">handliche Brocken, kr\u00fcmeln nicht in der Tasche<\/p>\n<\/div>\n","protected":false},"featured_media":0,"comment_status":"open","ping_status":"closed","template":"","meta":[],"product_brand":[],"product_cat":[44,69],"product_tag":[],"class_list":{"0":"post-7294","1":"product","2":"type-product","3":"status-publish","5":"product_cat-allproducts","6":"product_cat-futtermittel","8":"first","9":"instock","10":"taxable","11":"shipping-taxable","12":"purchasable","13":"product-type-simple"},"yoast_head":"<!-- This site is optimized with the Yoast SEO plugin v27.5 - https:\/\/yoast.com\/product\/yoast-seo-wordpress\/ -->\n<title>Kanne Energiebarren 1000g - Fabis Lederey - Fabian Kempf<\/title>\n<meta name=\"robots\" content=\"index, follow, max-snippet:-1, max-image-preview:large, max-video-preview:-1\" \/>\n<link rel=\"canonical\" href=\"http:\/\/fabis-lederey.com\/index.php\/produkt\/kanne-energiebarren-1000g\/\" \/>\n<meta property=\"og:locale\" content=\"de_DE\" \/>\n<meta property=\"og:type\" content=\"article\" \/>\n<meta property=\"og:title\" content=\"Kanne Energiebarren 1000g - Fabis Lederey - Fabian Kempf\" \/>\n<meta property=\"og:description\" content=\"KANNE Leckerli ENERGIEBARREN f\u00fcr Hunde und Pferde 1kg handliche Brocken, kr\u00fcmeln nicht in der Tasche\" \/>\n<meta property=\"og:url\" content=\"http:\/\/fabis-lederey.com\/index.php\/produkt\/kanne-energiebarren-1000g\/\" \/>\n<meta property=\"og:site_name\" content=\"Fabis Lederey - Fabian Kempf\" \/>\n<meta property=\"article:modified_time\" content=\"2022-01-13T07:44:29+00:00\" \/>\n<meta name=\"twitter:card\" content=\"summary_large_image\" \/>\n<meta name=\"twitter:label1\" content=\"Gesch\u00e4tzte Lesezeit\" \/>\n\t<meta name=\"twitter:data1\" content=\"1\u00a0Minute\" \/>\n<script type=\"application\/ld+json\" class=\"yoast-schema-graph\">{\"@context\":\"https:\\\/\\\/schema.org\",\"@graph\":[{\"@type\":\"WebPage\",\"@id\":\"http:\\\/\\\/fabis-lederey.com\\\/index.php\\\/produkt\\\/kanne-energiebarren-1000g\\\/\",\"url\":\"http:\\\/\\\/fabis-lederey.com\\\/index.php\\\/produkt\\\/kanne-energiebarren-1000g\\\/\",\"name\":\"Kanne Energiebarren 1000g - Fabis Lederey - Fabian Kempf\",\"isPartOf\":{\"@id\":\"https:\\\/\\\/fabis-lederey.com\\\/#website\"},\"datePublished\":\"2022-01-13T07:40:05+00:00\",\"dateModified\":\"2022-01-13T07:44:29+00:00\",\"breadcrumb\":{\"@id\":\"http:\\\/\\\/fabis-lederey.com\\\/index.php\\\/produkt\\\/kanne-energiebarren-1000g\\\/#breadcrumb\"},\"inLanguage\":\"de\",\"potentialAction\":[{\"@type\":\"ReadAction\",\"target\":[\"http:\\\/\\\/fabis-lederey.com\\\/index.php\\\/produkt\\\/kanne-energiebarren-1000g\\\/\"]}]},{\"@type\":\"BreadcrumbList\",\"@id\":\"http:\\\/\\\/fabis-lederey.com\\\/index.php\\\/produkt\\\/kanne-energiebarren-1000g\\\/#breadcrumb\",\"itemListElement\":[{\"@type\":\"ListItem\",\"position\":1,\"name\":\"Home\",\"item\":\"http:\\\/\\\/fabis-lederey.com\\\/\"},{\"@type\":\"ListItem\",\"position\":2,\"name\":\"Shop\",\"item\":\"http:\\\/\\\/fabis-lederey.com\\\/?page_id=7147\"},{\"@type\":\"ListItem\",\"position\":3,\"name\":\"Kanne Energiebarren 1000g\"}]},{\"@type\":\"WebSite\",\"@id\":\"https:\\\/\\\/fabis-lederey.com\\\/#website\",\"url\":\"https:\\\/\\\/fabis-lederey.com\\\/\",\"name\":\"Fabis Lederey - Fabian Kempf\",\"description\":\"Die Reitsportsattlerei und Ledermanufaktur in Pirmasens, S\u00fcdwestpfalz und im SaarLorLux-Kreis.\",\"potentialAction\":[{\"@type\":\"SearchAction\",\"target\":{\"@type\":\"EntryPoint\",\"urlTemplate\":\"https:\\\/\\\/fabis-lederey.com\\\/?s={search_term_string}\"},\"query-input\":{\"@type\":\"PropertyValueSpecification\",\"valueRequired\":true,\"valueName\":\"search_term_string\"}}],\"inLanguage\":\"de\"}]}<\/script>\n<!-- \/ Yoast SEO plugin. -->","yoast_head_json":{"title":"Kanne Energiebarren 1000g - Fabis Lederey - Fabian Kempf","robots":{"index":"index","follow":"follow","max-snippet":"max-snippet:-1","max-image-preview":"max-image-preview:large","max-video-preview":"max-video-preview:-1"},"canonical":"http:\/\/fabis-lederey.com\/index.php\/produkt\/kanne-energiebarren-1000g\/","og_locale":"de_DE","og_type":"article","og_title":"Kanne Energiebarren 1000g - Fabis Lederey - Fabian Kempf","og_description":"KANNE Leckerli ENERGIEBARREN f\u00fcr Hunde und Pferde 1kg handliche Brocken, kr\u00fcmeln nicht in der Tasche","og_url":"http:\/\/fabis-lederey.com\/index.php\/produkt\/kanne-energiebarren-1000g\/","og_site_name":"Fabis Lederey - Fabian Kempf","article_modified_time":"2022-01-13T07:44:29+00:00","twitter_card":"summary_large_image","twitter_misc":{"Gesch\u00e4tzte Lesezeit":"1\u00a0Minute"},"schema":{"@context":"https:\/\/schema.org","@graph":[{"@type":"WebPage","@id":"http:\/\/fabis-lederey.com\/index.php\/produkt\/kanne-energiebarren-1000g\/","url":"http:\/\/fabis-lederey.com\/index.php\/produkt\/kanne-energiebarren-1000g\/","name":"Kanne Energiebarren 1000g - Fabis Lederey - Fabian Kempf","isPartOf":{"@id":"https:\/\/fabis-lederey.com\/#website"},"datePublished":"2022-01-13T07:40:05+00:00","dateModified":"2022-01-13T07:44:29+00:00","breadcrumb":{"@id":"http:\/\/fabis-lederey.com\/index.php\/produkt\/kanne-energiebarren-1000g\/#breadcrumb"},"inLanguage":"de","potentialAction":[{"@type":"ReadAction","target":["http:\/\/fabis-lederey.com\/index.php\/produkt\/kanne-energiebarren-1000g\/"]}]},{"@type":"BreadcrumbList","@id":"http:\/\/fabis-lederey.com\/index.php\/produkt\/kanne-energiebarren-1000g\/#breadcrumb","itemListElement":[{"@type":"ListItem","position":1,"name":"Home","item":"http:\/\/fabis-lederey.com\/"},{"@type":"ListItem","position":2,"name":"Shop","item":"http:\/\/fabis-lederey.com\/?page_id=7147"},{"@type":"ListItem","position":3,"name":"Kanne Energiebarren 1000g"}]},{"@type":"WebSite","@id":"https:\/\/fabis-lederey.com\/#website","url":"https:\/\/fabis-lederey.com\/","name":"Fabis Lederey - Fabian Kempf","description":"Die Reitsportsattlerei und Ledermanufaktur in Pirmasens, S\u00fcdwestpfalz und im SaarLorLux-Kreis.","potentialAction":[{"@type":"SearchAction","target":{"@type":"EntryPoint","urlTemplate":"https:\/\/fabis-lederey.com\/?s={search_term_string}"},"query-input":{"@type":"PropertyValueSpecification","valueRequired":true,"valueName":"search_term_string"}}],"inLanguage":"de"}]}},"_links":{"self":[{"href":"http:\/\/fabis-lederey.com\/index.php\/wp-json\/wp\/v2\/product\/7294","targetHints":{"allow":["GET"]}}],"collection":[{"href":"http:\/\/fabis-lederey.com\/index.php\/wp-json\/wp\/v2\/product"}],"about":[{"href":"http:\/\/fabis-lederey.com\/index.php\/wp-json\/wp\/v2\/types\/product"}],"replies":[{"embeddable":true,"href":"http:\/\/fabis-lederey.com\/index.php\/wp-json\/wp\/v2\/comments?post=7294"}],"wp:attachment":[{"href":"http:\/\/fabis-lederey.com\/index.php\/wp-json\/wp\/v2\/media?parent=7294"}],"wp:term":[{"taxonomy":"product_brand","embeddable":true,"href":"http:\/\/fabis-lederey.com\/index.php\/wp-json\/wp\/v2\/product_brand?post=7294"},{"taxonomy":"product_cat","embeddable":true,"href":"http:\/\/fabis-lederey.com\/index.php\/wp-json\/wp\/v2\/product_cat?post=7294"},{"taxonomy":"product_tag","embeddable":true,"href":"http:\/\/fabis-lederey.com\/index.php\/wp-json\/wp\/v2\/product_tag?post=7294"}],"curies":[{"name":"wp","href":"https:\/\/api.w.org\/{rel}","templated":true}]}}