{"id":7297,"date":"2022-01-13T07:47:30","date_gmt":"2022-01-13T07:47:30","guid":{"rendered":"http:\/\/fabis-lederey.com\/?post_type=product&#038;p=7297"},"modified":"2022-01-13T08:36:01","modified_gmt":"2022-01-13T08:36:01","slug":"agrobs-wiesenbussis-1000g","status":"publish","type":"product","link":"http:\/\/fabis-lederey.com\/index.php\/produkt\/agrobs-wiesenbussis-1000g\/","title":{"rendered":"Agrobs Wiesenbussis 1000g"},"content":{"rendered":"<h2 class=\"subline\">AGROBS Wiesenbussi<\/h2>\n<ul class=\"content-list\">\n<li>artgerecht und naturnah<\/li>\n<li>Getreide- und melassefrei<\/li>\n<li>ohne k\u00fcnstliche Zusatzstoffe<\/li>\n<\/ul>\n<p class=\"content-text\">Erg\u00e4nzungsfuttermittel f\u00fcr Pferde. Artgerechte und naturnahe Belohnung f\u00fcr Ihr Pferd. Eine leckere Kombination aus warmluftgetrockneten Gr\u00e4sern, Kr\u00e4utern, Wurzelgem\u00fcse und Obst. Getreide- und melassefrei, ohne k\u00fcnstliche Zusatzstoffe!<\/p>\n<p>ANALYTISCHE BESTANDTEILE<br \/>\nRohprotein 9,60\u00a0%<br \/>\nRoh\u00f6le und -fette 3,00\u00a0%<br \/>\nRohfaser 20,00\u00a0%<br \/>\nRohasche 9,00\u00a0%<br \/>\nCalcium 2,00\u00a0%<br \/>\nPhosphor 0,30\u00a0%<br \/>\nNatrium 0,10\u00a0%<br \/>\nSt\u00e4rke 3,50\u00a0%<br \/>\nZucker 6,00\u00a0%<\/p>\n<p>EINSATZBEREICH<br \/>\n\u2022 die gesunde Alternative zu herk\u00f6mmlichem Belohnungsfutter<br \/>\n\u2022 idealer Leckerli-Ersatz auch bei \u00fcbergewichtigen Ponys und Pferden in kleinen Mengen<\/p>\n","protected":false},"excerpt":{"rendered":"<div class=\"product-headline text-center\">\n<h4>AGROBS WiesenBussi 1 KG<\/h4>\n<p>Die leckeren Wiesenbussis von Agrobs sind getreidefrei und frei von k\u00fcnstlichen Aromen.<\/p>\n<p>F\u00fcr alle Pferde die Gr\u00e4ser und Kr\u00e4uter lieben.<\/p>\n<\/div>\n","protected":false},"featured_media":0,"comment_status":"open","ping_status":"closed","template":"","meta":[],"product_brand":[],"product_cat":[44,69],"product_tag":[],"class_list":{"0":"post-7297","1":"product","2":"type-product","3":"status-publish","5":"product_cat-allproducts","6":"product_cat-futtermittel","8":"first","9":"instock","10":"taxable","11":"shipping-taxable","12":"purchasable","13":"product-type-simple"},"yoast_head":"<!-- This site is optimized with the Yoast SEO plugin v27.2 - https:\/\/yoast.com\/product\/yoast-seo-wordpress\/ -->\n<title>Agrobs Wiesenbussis 1000g - Fabis Lederey - Fabian Kempf<\/title>\n<meta name=\"robots\" content=\"index, follow, max-snippet:-1, max-image-preview:large, max-video-preview:-1\" \/>\n<link rel=\"canonical\" href=\"http:\/\/fabis-lederey.com\/index.php\/produkt\/agrobs-wiesenbussis-1000g\/\" \/>\n<meta property=\"og:locale\" content=\"de_DE\" \/>\n<meta property=\"og:type\" content=\"article\" \/>\n<meta property=\"og:title\" content=\"Agrobs Wiesenbussis 1000g - Fabis Lederey - Fabian Kempf\" \/>\n<meta property=\"og:description\" content=\"AGROBS WiesenBussi 1 KG Die leckeren Wiesenbussis von Agrobs sind getreidefrei und frei von k\u00fcnstlichen Aromen.  F\u00fcr alle Pferde die Gr\u00e4ser und Kr\u00e4uter lieben.\" \/>\n<meta property=\"og:url\" content=\"http:\/\/fabis-lederey.com\/index.php\/produkt\/agrobs-wiesenbussis-1000g\/\" \/>\n<meta property=\"og:site_name\" content=\"Fabis Lederey - Fabian Kempf\" \/>\n<meta property=\"article:modified_time\" content=\"2022-01-13T08:36:01+00:00\" \/>\n<meta name=\"twitter:card\" content=\"summary_large_image\" \/>\n<meta name=\"twitter:label1\" content=\"Gesch\u00e4tzte Lesezeit\" \/>\n\t<meta name=\"twitter:data1\" content=\"1\u00a0Minute\" \/>\n<script type=\"application\/ld+json\" class=\"yoast-schema-graph\">{\"@context\":\"https:\/\/schema.org\",\"@graph\":[{\"@type\":\"WebPage\",\"@id\":\"http:\/\/fabis-lederey.com\/index.php\/produkt\/agrobs-wiesenbussis-1000g\/\",\"url\":\"http:\/\/fabis-lederey.com\/index.php\/produkt\/agrobs-wiesenbussis-1000g\/\",\"name\":\"Agrobs Wiesenbussis 1000g - Fabis Lederey - Fabian Kempf\",\"isPartOf\":{\"@id\":\"http:\/\/fabis-lederey.com\/#website\"},\"datePublished\":\"2022-01-13T07:47:30+00:00\",\"dateModified\":\"2022-01-13T08:36:01+00:00\",\"breadcrumb\":{\"@id\":\"http:\/\/fabis-lederey.com\/index.php\/produkt\/agrobs-wiesenbussis-1000g\/#breadcrumb\"},\"inLanguage\":\"de\",\"potentialAction\":[{\"@type\":\"ReadAction\",\"target\":[\"http:\/\/fabis-lederey.com\/index.php\/produkt\/agrobs-wiesenbussis-1000g\/\"]}]},{\"@type\":\"BreadcrumbList\",\"@id\":\"http:\/\/fabis-lederey.com\/index.php\/produkt\/agrobs-wiesenbussis-1000g\/#breadcrumb\",\"itemListElement\":[{\"@type\":\"ListItem\",\"position\":1,\"name\":\"Home\",\"item\":\"https:\/\/fabis-lederey.com\/\"},{\"@type\":\"ListItem\",\"position\":2,\"name\":\"Shop\",\"item\":\"http:\/\/fabis-lederey.com\/?page_id=7147\"},{\"@type\":\"ListItem\",\"position\":3,\"name\":\"Agrobs Wiesenbussis 1000g\"}]},{\"@type\":\"WebSite\",\"@id\":\"http:\/\/fabis-lederey.com\/#website\",\"url\":\"http:\/\/fabis-lederey.com\/\",\"name\":\"Fabis Lederey - Fabian Kempf\",\"description\":\"Die Reitsportsattlerei und Ledermanufaktur in Pirmasens, S\u00fcdwestpfalz und im SaarLorLux-Kreis.\",\"potentialAction\":[{\"@type\":\"SearchAction\",\"target\":{\"@type\":\"EntryPoint\",\"urlTemplate\":\"http:\/\/fabis-lederey.com\/?s={search_term_string}\"},\"query-input\":{\"@type\":\"PropertyValueSpecification\",\"valueRequired\":true,\"valueName\":\"search_term_string\"}}],\"inLanguage\":\"de\"}]}<\/script>\n<!-- \/ Yoast SEO plugin. -->","yoast_head_json":{"title":"Agrobs Wiesenbussis 1000g - Fabis Lederey - Fabian Kempf","robots":{"index":"index","follow":"follow","max-snippet":"max-snippet:-1","max-image-preview":"max-image-preview:large","max-video-preview":"max-video-preview:-1"},"canonical":"http:\/\/fabis-lederey.com\/index.php\/produkt\/agrobs-wiesenbussis-1000g\/","og_locale":"de_DE","og_type":"article","og_title":"Agrobs Wiesenbussis 1000g - Fabis Lederey - Fabian Kempf","og_description":"AGROBS WiesenBussi 1 KG Die leckeren Wiesenbussis von Agrobs sind getreidefrei und frei von k\u00fcnstlichen Aromen.  F\u00fcr alle Pferde die Gr\u00e4ser und Kr\u00e4uter lieben.","og_url":"http:\/\/fabis-lederey.com\/index.php\/produkt\/agrobs-wiesenbussis-1000g\/","og_site_name":"Fabis Lederey - Fabian Kempf","article_modified_time":"2022-01-13T08:36:01+00:00","twitter_card":"summary_large_image","twitter_misc":{"Gesch\u00e4tzte Lesezeit":"1\u00a0Minute"},"schema":{"@context":"https:\/\/schema.org","@graph":[{"@type":"WebPage","@id":"http:\/\/fabis-lederey.com\/index.php\/produkt\/agrobs-wiesenbussis-1000g\/","url":"http:\/\/fabis-lederey.com\/index.php\/produkt\/agrobs-wiesenbussis-1000g\/","name":"Agrobs Wiesenbussis 1000g - Fabis Lederey - Fabian Kempf","isPartOf":{"@id":"http:\/\/fabis-lederey.com\/#website"},"datePublished":"2022-01-13T07:47:30+00:00","dateModified":"2022-01-13T08:36:01+00:00","breadcrumb":{"@id":"http:\/\/fabis-lederey.com\/index.php\/produkt\/agrobs-wiesenbussis-1000g\/#breadcrumb"},"inLanguage":"de","potentialAction":[{"@type":"ReadAction","target":["http:\/\/fabis-lederey.com\/index.php\/produkt\/agrobs-wiesenbussis-1000g\/"]}]},{"@type":"BreadcrumbList","@id":"http:\/\/fabis-lederey.com\/index.php\/produkt\/agrobs-wiesenbussis-1000g\/#breadcrumb","itemListElement":[{"@type":"ListItem","position":1,"name":"Home","item":"https:\/\/fabis-lederey.com\/"},{"@type":"ListItem","position":2,"name":"Shop","item":"http:\/\/fabis-lederey.com\/?page_id=7147"},{"@type":"ListItem","position":3,"name":"Agrobs Wiesenbussis 1000g"}]},{"@type":"WebSite","@id":"http:\/\/fabis-lederey.com\/#website","url":"http:\/\/fabis-lederey.com\/","name":"Fabis Lederey - Fabian Kempf","description":"Die Reitsportsattlerei und Ledermanufaktur in Pirmasens, S\u00fcdwestpfalz und im SaarLorLux-Kreis.","potentialAction":[{"@type":"SearchAction","target":{"@type":"EntryPoint","urlTemplate":"http:\/\/fabis-lederey.com\/?s={search_term_string}"},"query-input":{"@type":"PropertyValueSpecification","valueRequired":true,"valueName":"search_term_string"}}],"inLanguage":"de"}]}},"_links":{"self":[{"href":"http:\/\/fabis-lederey.com\/index.php\/wp-json\/wp\/v2\/product\/7297","targetHints":{"allow":["GET"]}}],"collection":[{"href":"http:\/\/fabis-lederey.com\/index.php\/wp-json\/wp\/v2\/product"}],"about":[{"href":"http:\/\/fabis-lederey.com\/index.php\/wp-json\/wp\/v2\/types\/product"}],"replies":[{"embeddable":true,"href":"http:\/\/fabis-lederey.com\/index.php\/wp-json\/wp\/v2\/comments?post=7297"}],"wp:attachment":[{"href":"http:\/\/fabis-lederey.com\/index.php\/wp-json\/wp\/v2\/media?parent=7297"}],"wp:term":[{"taxonomy":"product_brand","embeddable":true,"href":"http:\/\/fabis-lederey.com\/index.php\/wp-json\/wp\/v2\/product_brand?post=7297"},{"taxonomy":"product_cat","embeddable":true,"href":"http:\/\/fabis-lederey.com\/index.php\/wp-json\/wp\/v2\/product_cat?post=7297"},{"taxonomy":"product_tag","embeddable":true,"href":"http:\/\/fabis-lederey.com\/index.php\/wp-json\/wp\/v2\/product_tag?post=7297"}],"curies":[{"name":"wp","href":"https:\/\/api.w.org\/{rel}","templated":true}]}}