{"id":7372,"date":"2022-01-17T15:06:07","date_gmt":"2022-01-17T15:06:07","guid":{"rendered":"http:\/\/fabis-lederey.com\/?post_type=product&#038;p=7372"},"modified":"2022-01-17T15:26:51","modified_gmt":"2022-01-17T15:26:51","slug":"keralit-lorbeer-salbe-300g","status":"publish","type":"product","link":"http:\/\/fabis-lederey.com\/index.php\/produkt\/keralit-lorbeer-salbe-300g\/","title":{"rendered":"Keralit &#8211; Lorbeer Salbe 300g"},"content":{"rendered":"<h2>KERALIT Lorbeer-Salbe 300 ml<\/h2>\n<ul>\n<li>Keralit Lorbeer-Salbe &#8211; verbessert die Durchblutung und das Hornwachstum<\/li>\n<li>Keralit Lorbeer-Salbe &#8211; h\u00e4lt Horn und Kronrand elastisch<\/li>\n<li>Keralit Lorbeer-Salbe &#8211; erh\u00e4lt Atmung und Wasserhaushalt des Horns<\/li>\n<li>Keralit Lorbeer-Salbe &#8211; hochkonzentriert mit 20% Lorbeer\u00f6l<\/li>\n<\/ul>\n<p><strong>Keralit Lorbeer-Salbe <\/strong>ist eine Pflege- und Wirkstoffkombination aus nat\u00fcrlichen Bestandteilen in wasserfreundlicher Kosmetikgrundlage. Durch ihre Wasserl\u00f6slichkeit wird der Feuchtigkeitshaushalt des Hufhorns nicht behindert. Das Horn wird durch die regelm\u00e4\u00dfige Anwendung elastischer, der Hufmechanismus verbessert. Dadurch werden die Lederh\u00e4uter vermehrt durchblutet, das Hornwachstum verbessert.<\/p>\n<h3>Anwendung der Keralit Lorbeer-Salbe<\/h3>\n<p>2-3mal w\u00f6chentlich. Hufe und Kronrand waschen. <strong>Keralit Lorbeer-Salbe <\/strong>d\u00fcnn auf das noch feuchte Horn und den Kronrand auftragen. Von Hand oder vorsichtig mit weicher B\u00fcrste einmassieren. Eine vorherige W\u00e4sche ist nicht unbedingt erfolderlich, bei spr\u00f6dem, trockenem Horn aber empfehlenswert. Sand oder \u00e4hnliche Verunreinigungen sollten vor einer Anwendung entfernt werden.<\/p>\n<p><strong>Tipp:<\/strong> besonders gut l\u00e4sst sich die <strong>Keralit Lorbeer-Salbe<\/strong> mit einer Zahnb\u00fcrste auftragen<\/p>\n<p><strong>Verpackungsgr\u00f6\u00dfe: <\/strong>300ml\/Dose<\/p>\n","protected":false},"excerpt":{"rendered":"<div class=\"product-headline text-center\">\n<h4 class=\"fn product-title hidden-xs\">KERALIT Hufpflege LORBEER-SALBE f\u00fcr Pferde 300ml<\/h4>\n<ul>\n<li class=\"subHeadline\">verbessert die Durchblutung und das Hornwachstum<\/li>\n<li class=\"subHeadline\">h\u00e4lt Horn und Kronrand elastisch<\/li>\n<li class=\"subHeadline\">erh\u00e4lt Atmung und Wasserhaushalt des Horns<\/li>\n<li class=\"subHeadline\">hochkonzentriert mit 20% Lorbeer\u00f6l<\/li>\n<\/ul>\n<\/div>\n","protected":false},"featured_media":0,"comment_status":"open","ping_status":"closed","template":"","meta":[],"product_brand":[],"product_cat":[44,72],"product_tag":[],"class_list":{"0":"post-7372","1":"product","2":"type-product","3":"status-publish","5":"product_cat-allproducts","6":"product_cat-hufpflege","8":"first","9":"instock","10":"taxable","11":"shipping-taxable","12":"purchasable","13":"product-type-simple"},"yoast_head":"<!-- This site is optimized with the Yoast SEO plugin v27.5 - https:\/\/yoast.com\/product\/yoast-seo-wordpress\/ -->\n<title>Keralit - Lorbeer Salbe 300g - Fabis Lederey - Fabian Kempf<\/title>\n<meta name=\"robots\" content=\"index, follow, max-snippet:-1, max-image-preview:large, max-video-preview:-1\" \/>\n<link rel=\"canonical\" href=\"http:\/\/fabis-lederey.com\/index.php\/produkt\/keralit-lorbeer-salbe-300g\/\" \/>\n<meta property=\"og:locale\" content=\"de_DE\" \/>\n<meta property=\"og:type\" content=\"article\" \/>\n<meta property=\"og:title\" content=\"Keralit - Lorbeer Salbe 300g - Fabis Lederey - Fabian Kempf\" \/>\n<meta property=\"og:description\" content=\"KERALIT Hufpflege LORBEER-SALBE f\u00fcr Pferde 300ml   verbessert die Durchblutung und das Hornwachstum  h\u00e4lt Horn und Kronrand elastisch  erh\u00e4lt Atmung und Wasserhaushalt des Horns  hochkonzentriert mit 20% Lorbeer\u00f6l\" \/>\n<meta property=\"og:url\" content=\"http:\/\/fabis-lederey.com\/index.php\/produkt\/keralit-lorbeer-salbe-300g\/\" \/>\n<meta property=\"og:site_name\" content=\"Fabis Lederey - Fabian Kempf\" \/>\n<meta property=\"article:modified_time\" content=\"2022-01-17T15:26:51+00:00\" \/>\n<meta name=\"twitter:card\" content=\"summary_large_image\" \/>\n<meta name=\"twitter:label1\" content=\"Gesch\u00e4tzte Lesezeit\" \/>\n\t<meta name=\"twitter:data1\" content=\"1\u00a0Minute\" \/>\n<script type=\"application\/ld+json\" class=\"yoast-schema-graph\">{\"@context\":\"https:\\\/\\\/schema.org\",\"@graph\":[{\"@type\":\"WebPage\",\"@id\":\"http:\\\/\\\/fabis-lederey.com\\\/index.php\\\/produkt\\\/keralit-lorbeer-salbe-300g\\\/\",\"url\":\"http:\\\/\\\/fabis-lederey.com\\\/index.php\\\/produkt\\\/keralit-lorbeer-salbe-300g\\\/\",\"name\":\"Keralit - Lorbeer Salbe 300g - Fabis Lederey - Fabian Kempf\",\"isPartOf\":{\"@id\":\"https:\\\/\\\/fabis-lederey.com\\\/#website\"},\"datePublished\":\"2022-01-17T15:06:07+00:00\",\"dateModified\":\"2022-01-17T15:26:51+00:00\",\"breadcrumb\":{\"@id\":\"http:\\\/\\\/fabis-lederey.com\\\/index.php\\\/produkt\\\/keralit-lorbeer-salbe-300g\\\/#breadcrumb\"},\"inLanguage\":\"de\",\"potentialAction\":[{\"@type\":\"ReadAction\",\"target\":[\"http:\\\/\\\/fabis-lederey.com\\\/index.php\\\/produkt\\\/keralit-lorbeer-salbe-300g\\\/\"]}]},{\"@type\":\"BreadcrumbList\",\"@id\":\"http:\\\/\\\/fabis-lederey.com\\\/index.php\\\/produkt\\\/keralit-lorbeer-salbe-300g\\\/#breadcrumb\",\"itemListElement\":[{\"@type\":\"ListItem\",\"position\":1,\"name\":\"Home\",\"item\":\"http:\\\/\\\/fabis-lederey.com\\\/\"},{\"@type\":\"ListItem\",\"position\":2,\"name\":\"Shop\",\"item\":\"http:\\\/\\\/fabis-lederey.com\\\/?page_id=7147\"},{\"@type\":\"ListItem\",\"position\":3,\"name\":\"Keralit &#8211; Lorbeer Salbe 300g\"}]},{\"@type\":\"WebSite\",\"@id\":\"https:\\\/\\\/fabis-lederey.com\\\/#website\",\"url\":\"https:\\\/\\\/fabis-lederey.com\\\/\",\"name\":\"Fabis Lederey - Fabian Kempf\",\"description\":\"Die Reitsportsattlerei und Ledermanufaktur in Pirmasens, S\u00fcdwestpfalz und im SaarLorLux-Kreis.\",\"potentialAction\":[{\"@type\":\"SearchAction\",\"target\":{\"@type\":\"EntryPoint\",\"urlTemplate\":\"https:\\\/\\\/fabis-lederey.com\\\/?s={search_term_string}\"},\"query-input\":{\"@type\":\"PropertyValueSpecification\",\"valueRequired\":true,\"valueName\":\"search_term_string\"}}],\"inLanguage\":\"de\"}]}<\/script>\n<!-- \/ Yoast SEO plugin. -->","yoast_head_json":{"title":"Keralit - Lorbeer Salbe 300g - Fabis Lederey - Fabian Kempf","robots":{"index":"index","follow":"follow","max-snippet":"max-snippet:-1","max-image-preview":"max-image-preview:large","max-video-preview":"max-video-preview:-1"},"canonical":"http:\/\/fabis-lederey.com\/index.php\/produkt\/keralit-lorbeer-salbe-300g\/","og_locale":"de_DE","og_type":"article","og_title":"Keralit - Lorbeer Salbe 300g - Fabis Lederey - Fabian Kempf","og_description":"KERALIT Hufpflege LORBEER-SALBE f\u00fcr Pferde 300ml   verbessert die Durchblutung und das Hornwachstum  h\u00e4lt Horn und Kronrand elastisch  erh\u00e4lt Atmung und Wasserhaushalt des Horns  hochkonzentriert mit 20% Lorbeer\u00f6l","og_url":"http:\/\/fabis-lederey.com\/index.php\/produkt\/keralit-lorbeer-salbe-300g\/","og_site_name":"Fabis Lederey - Fabian Kempf","article_modified_time":"2022-01-17T15:26:51+00:00","twitter_card":"summary_large_image","twitter_misc":{"Gesch\u00e4tzte Lesezeit":"1\u00a0Minute"},"schema":{"@context":"https:\/\/schema.org","@graph":[{"@type":"WebPage","@id":"http:\/\/fabis-lederey.com\/index.php\/produkt\/keralit-lorbeer-salbe-300g\/","url":"http:\/\/fabis-lederey.com\/index.php\/produkt\/keralit-lorbeer-salbe-300g\/","name":"Keralit - Lorbeer Salbe 300g - Fabis Lederey - Fabian Kempf","isPartOf":{"@id":"https:\/\/fabis-lederey.com\/#website"},"datePublished":"2022-01-17T15:06:07+00:00","dateModified":"2022-01-17T15:26:51+00:00","breadcrumb":{"@id":"http:\/\/fabis-lederey.com\/index.php\/produkt\/keralit-lorbeer-salbe-300g\/#breadcrumb"},"inLanguage":"de","potentialAction":[{"@type":"ReadAction","target":["http:\/\/fabis-lederey.com\/index.php\/produkt\/keralit-lorbeer-salbe-300g\/"]}]},{"@type":"BreadcrumbList","@id":"http:\/\/fabis-lederey.com\/index.php\/produkt\/keralit-lorbeer-salbe-300g\/#breadcrumb","itemListElement":[{"@type":"ListItem","position":1,"name":"Home","item":"http:\/\/fabis-lederey.com\/"},{"@type":"ListItem","position":2,"name":"Shop","item":"http:\/\/fabis-lederey.com\/?page_id=7147"},{"@type":"ListItem","position":3,"name":"Keralit &#8211; Lorbeer Salbe 300g"}]},{"@type":"WebSite","@id":"https:\/\/fabis-lederey.com\/#website","url":"https:\/\/fabis-lederey.com\/","name":"Fabis Lederey - Fabian Kempf","description":"Die Reitsportsattlerei und Ledermanufaktur in Pirmasens, S\u00fcdwestpfalz und im SaarLorLux-Kreis.","potentialAction":[{"@type":"SearchAction","target":{"@type":"EntryPoint","urlTemplate":"https:\/\/fabis-lederey.com\/?s={search_term_string}"},"query-input":{"@type":"PropertyValueSpecification","valueRequired":true,"valueName":"search_term_string"}}],"inLanguage":"de"}]}},"_links":{"self":[{"href":"http:\/\/fabis-lederey.com\/index.php\/wp-json\/wp\/v2\/product\/7372","targetHints":{"allow":["GET"]}}],"collection":[{"href":"http:\/\/fabis-lederey.com\/index.php\/wp-json\/wp\/v2\/product"}],"about":[{"href":"http:\/\/fabis-lederey.com\/index.php\/wp-json\/wp\/v2\/types\/product"}],"replies":[{"embeddable":true,"href":"http:\/\/fabis-lederey.com\/index.php\/wp-json\/wp\/v2\/comments?post=7372"}],"wp:attachment":[{"href":"http:\/\/fabis-lederey.com\/index.php\/wp-json\/wp\/v2\/media?parent=7372"}],"wp:term":[{"taxonomy":"product_brand","embeddable":true,"href":"http:\/\/fabis-lederey.com\/index.php\/wp-json\/wp\/v2\/product_brand?post=7372"},{"taxonomy":"product_cat","embeddable":true,"href":"http:\/\/fabis-lederey.com\/index.php\/wp-json\/wp\/v2\/product_cat?post=7372"},{"taxonomy":"product_tag","embeddable":true,"href":"http:\/\/fabis-lederey.com\/index.php\/wp-json\/wp\/v2\/product_tag?post=7372"}],"curies":[{"name":"wp","href":"https:\/\/api.w.org\/{rel}","templated":true}]}}