{"id":7374,"date":"2022-01-17T15:11:20","date_gmt":"2022-01-17T15:11:20","guid":{"rendered":"http:\/\/fabis-lederey.com\/?post_type=product&#038;p=7374"},"modified":"2022-01-17T15:24:18","modified_gmt":"2022-01-17T15:24:18","slug":"dr-schaette-hoof-spray-100ml","status":"publish","type":"product","link":"http:\/\/fabis-lederey.com\/index.php\/produkt\/dr-schaette-hoof-spray-100ml\/","title":{"rendered":"Dr. Schaette &#8211; Hoof Spray 100ml"},"content":{"rendered":"<div class=\"product--description\">\n<h2><strong>Dr.Schaette Hoof Spray<\/strong><\/h2>\n<p>ist ein Pflegespray zur F\u00f6rderung einer intakten Huffunktion bei Hufproblemen aller Art (z.B. Strahlf\u00e4ule).<\/p>\n<\/div>\n<div class=\"product--description\">\n<p><strong>Eigenschaften:<\/strong><\/p>\n<ul>\n<li>mit Eichenrinde und Ringelblumenbl\u00fcten-Extrakt<\/li>\n<li>pflegt und sch\u00fctzt den Huf vor \u00e4u\u00dferenEinfl\u00fcssen<\/li>\n<li>Spray<\/li>\n<\/ul>\n<\/div>\n<div class=\"product--description\">\n<p><strong>Dr.Schaette Hoof Spray<\/strong> ist besonders geeignet:<\/p>\n<ul>\n<li>f\u00fcr Pferde, die zu Strahlf\u00e4ule neigen<\/li>\n<li>f\u00fcr Pferde und Ponys<\/li>\n<li>zur regelm\u00e4\u00dfigen Pflege nach dem S\u00e4ubern der Hufe geeignet<\/li>\n<\/ul>\n<\/div>\n","protected":false},"excerpt":{"rendered":"<div class=\"product-headline text-center\">\n<h4 class=\"product--title\">Dr. Schaette&#8217;s Hoof Spray 100 ml<\/h4>\n<div class=\"short-description\">\n<p>Pflegespray f\u00fcr Pferde mit Pflanzenausz\u00fcgen (u. a. Eichenrinden- und Ringelblumen-Bl\u00fcten-Extrakt) zur F\u00f6rderung einer gesunden Huffunktion.<\/p>\n<\/div>\n<\/div>\n","protected":false},"featured_media":0,"comment_status":"open","ping_status":"closed","template":"","meta":[],"product_brand":[],"product_cat":[44,72],"product_tag":[],"class_list":{"0":"post-7374","1":"product","2":"type-product","3":"status-publish","5":"product_cat-allproducts","6":"product_cat-hufpflege","8":"first","9":"instock","10":"taxable","11":"shipping-taxable","12":"purchasable","13":"product-type-simple"},"yoast_head":"<!-- This site is optimized with the Yoast SEO plugin v27.5 - https:\/\/yoast.com\/product\/yoast-seo-wordpress\/ -->\n<title>Dr. Schaette - Hoof Spray 100ml - Fabis Lederey - Fabian Kempf<\/title>\n<meta name=\"robots\" content=\"index, follow, max-snippet:-1, max-image-preview:large, max-video-preview:-1\" \/>\n<link rel=\"canonical\" href=\"http:\/\/fabis-lederey.com\/index.php\/produkt\/dr-schaette-hoof-spray-100ml\/\" \/>\n<meta property=\"og:locale\" content=\"de_DE\" \/>\n<meta property=\"og:type\" content=\"article\" \/>\n<meta property=\"og:title\" content=\"Dr. Schaette - Hoof Spray 100ml - Fabis Lederey - Fabian Kempf\" \/>\n<meta property=\"og:description\" content=\"Dr. Schaette&#039;s Hoof Spray 100 ml   Pflegespray f\u00fcr Pferde mit Pflanzenausz\u00fcgen (u. a. Eichenrinden- und Ringelblumen-Bl\u00fcten-Extrakt) zur F\u00f6rderung einer gesunden Huffunktion.\" \/>\n<meta property=\"og:url\" content=\"http:\/\/fabis-lederey.com\/index.php\/produkt\/dr-schaette-hoof-spray-100ml\/\" \/>\n<meta property=\"og:site_name\" content=\"Fabis Lederey - Fabian Kempf\" \/>\n<meta property=\"article:modified_time\" content=\"2022-01-17T15:24:18+00:00\" \/>\n<meta name=\"twitter:card\" content=\"summary_large_image\" \/>\n<meta name=\"twitter:label1\" content=\"Gesch\u00e4tzte Lesezeit\" \/>\n\t<meta name=\"twitter:data1\" content=\"1\u00a0Minute\" \/>\n<script type=\"application\/ld+json\" class=\"yoast-schema-graph\">{\"@context\":\"https:\\\/\\\/schema.org\",\"@graph\":[{\"@type\":\"WebPage\",\"@id\":\"http:\\\/\\\/fabis-lederey.com\\\/index.php\\\/produkt\\\/dr-schaette-hoof-spray-100ml\\\/\",\"url\":\"http:\\\/\\\/fabis-lederey.com\\\/index.php\\\/produkt\\\/dr-schaette-hoof-spray-100ml\\\/\",\"name\":\"Dr. Schaette - Hoof Spray 100ml - Fabis Lederey - Fabian Kempf\",\"isPartOf\":{\"@id\":\"https:\\\/\\\/fabis-lederey.com\\\/#website\"},\"datePublished\":\"2022-01-17T15:11:20+00:00\",\"dateModified\":\"2022-01-17T15:24:18+00:00\",\"breadcrumb\":{\"@id\":\"http:\\\/\\\/fabis-lederey.com\\\/index.php\\\/produkt\\\/dr-schaette-hoof-spray-100ml\\\/#breadcrumb\"},\"inLanguage\":\"de\",\"potentialAction\":[{\"@type\":\"ReadAction\",\"target\":[\"http:\\\/\\\/fabis-lederey.com\\\/index.php\\\/produkt\\\/dr-schaette-hoof-spray-100ml\\\/\"]}]},{\"@type\":\"BreadcrumbList\",\"@id\":\"http:\\\/\\\/fabis-lederey.com\\\/index.php\\\/produkt\\\/dr-schaette-hoof-spray-100ml\\\/#breadcrumb\",\"itemListElement\":[{\"@type\":\"ListItem\",\"position\":1,\"name\":\"Home\",\"item\":\"http:\\\/\\\/fabis-lederey.com\\\/\"},{\"@type\":\"ListItem\",\"position\":2,\"name\":\"Shop\",\"item\":\"http:\\\/\\\/fabis-lederey.com\\\/?page_id=7147\"},{\"@type\":\"ListItem\",\"position\":3,\"name\":\"Dr. Schaette &#8211; Hoof Spray 100ml\"}]},{\"@type\":\"WebSite\",\"@id\":\"https:\\\/\\\/fabis-lederey.com\\\/#website\",\"url\":\"https:\\\/\\\/fabis-lederey.com\\\/\",\"name\":\"Fabis Lederey - Fabian Kempf\",\"description\":\"Die Reitsportsattlerei und Ledermanufaktur in Pirmasens, S\u00fcdwestpfalz und im SaarLorLux-Kreis.\",\"potentialAction\":[{\"@type\":\"SearchAction\",\"target\":{\"@type\":\"EntryPoint\",\"urlTemplate\":\"https:\\\/\\\/fabis-lederey.com\\\/?s={search_term_string}\"},\"query-input\":{\"@type\":\"PropertyValueSpecification\",\"valueRequired\":true,\"valueName\":\"search_term_string\"}}],\"inLanguage\":\"de\"}]}<\/script>\n<!-- \/ Yoast SEO plugin. -->","yoast_head_json":{"title":"Dr. Schaette - Hoof Spray 100ml - Fabis Lederey - Fabian Kempf","robots":{"index":"index","follow":"follow","max-snippet":"max-snippet:-1","max-image-preview":"max-image-preview:large","max-video-preview":"max-video-preview:-1"},"canonical":"http:\/\/fabis-lederey.com\/index.php\/produkt\/dr-schaette-hoof-spray-100ml\/","og_locale":"de_DE","og_type":"article","og_title":"Dr. Schaette - Hoof Spray 100ml - Fabis Lederey - Fabian Kempf","og_description":"Dr. Schaette's Hoof Spray 100 ml   Pflegespray f\u00fcr Pferde mit Pflanzenausz\u00fcgen (u. a. Eichenrinden- und Ringelblumen-Bl\u00fcten-Extrakt) zur F\u00f6rderung einer gesunden Huffunktion.","og_url":"http:\/\/fabis-lederey.com\/index.php\/produkt\/dr-schaette-hoof-spray-100ml\/","og_site_name":"Fabis Lederey - Fabian Kempf","article_modified_time":"2022-01-17T15:24:18+00:00","twitter_card":"summary_large_image","twitter_misc":{"Gesch\u00e4tzte Lesezeit":"1\u00a0Minute"},"schema":{"@context":"https:\/\/schema.org","@graph":[{"@type":"WebPage","@id":"http:\/\/fabis-lederey.com\/index.php\/produkt\/dr-schaette-hoof-spray-100ml\/","url":"http:\/\/fabis-lederey.com\/index.php\/produkt\/dr-schaette-hoof-spray-100ml\/","name":"Dr. Schaette - Hoof Spray 100ml - Fabis Lederey - Fabian Kempf","isPartOf":{"@id":"https:\/\/fabis-lederey.com\/#website"},"datePublished":"2022-01-17T15:11:20+00:00","dateModified":"2022-01-17T15:24:18+00:00","breadcrumb":{"@id":"http:\/\/fabis-lederey.com\/index.php\/produkt\/dr-schaette-hoof-spray-100ml\/#breadcrumb"},"inLanguage":"de","potentialAction":[{"@type":"ReadAction","target":["http:\/\/fabis-lederey.com\/index.php\/produkt\/dr-schaette-hoof-spray-100ml\/"]}]},{"@type":"BreadcrumbList","@id":"http:\/\/fabis-lederey.com\/index.php\/produkt\/dr-schaette-hoof-spray-100ml\/#breadcrumb","itemListElement":[{"@type":"ListItem","position":1,"name":"Home","item":"http:\/\/fabis-lederey.com\/"},{"@type":"ListItem","position":2,"name":"Shop","item":"http:\/\/fabis-lederey.com\/?page_id=7147"},{"@type":"ListItem","position":3,"name":"Dr. Schaette &#8211; Hoof Spray 100ml"}]},{"@type":"WebSite","@id":"https:\/\/fabis-lederey.com\/#website","url":"https:\/\/fabis-lederey.com\/","name":"Fabis Lederey - Fabian Kempf","description":"Die Reitsportsattlerei und Ledermanufaktur in Pirmasens, S\u00fcdwestpfalz und im SaarLorLux-Kreis.","potentialAction":[{"@type":"SearchAction","target":{"@type":"EntryPoint","urlTemplate":"https:\/\/fabis-lederey.com\/?s={search_term_string}"},"query-input":{"@type":"PropertyValueSpecification","valueRequired":true,"valueName":"search_term_string"}}],"inLanguage":"de"}]}},"_links":{"self":[{"href":"http:\/\/fabis-lederey.com\/index.php\/wp-json\/wp\/v2\/product\/7374","targetHints":{"allow":["GET"]}}],"collection":[{"href":"http:\/\/fabis-lederey.com\/index.php\/wp-json\/wp\/v2\/product"}],"about":[{"href":"http:\/\/fabis-lederey.com\/index.php\/wp-json\/wp\/v2\/types\/product"}],"replies":[{"embeddable":true,"href":"http:\/\/fabis-lederey.com\/index.php\/wp-json\/wp\/v2\/comments?post=7374"}],"wp:attachment":[{"href":"http:\/\/fabis-lederey.com\/index.php\/wp-json\/wp\/v2\/media?parent=7374"}],"wp:term":[{"taxonomy":"product_brand","embeddable":true,"href":"http:\/\/fabis-lederey.com\/index.php\/wp-json\/wp\/v2\/product_brand?post=7374"},{"taxonomy":"product_cat","embeddable":true,"href":"http:\/\/fabis-lederey.com\/index.php\/wp-json\/wp\/v2\/product_cat?post=7374"},{"taxonomy":"product_tag","embeddable":true,"href":"http:\/\/fabis-lederey.com\/index.php\/wp-json\/wp\/v2\/product_tag?post=7374"}],"curies":[{"name":"wp","href":"https:\/\/api.w.org\/{rel}","templated":true}]}}