{"id":7408,"date":"2022-01-18T09:05:29","date_gmt":"2022-01-18T09:05:29","guid":{"rendered":"http:\/\/fabis-lederey.com\/?post_type=product&#038;p=7408"},"modified":"2022-01-18T09:10:32","modified_gmt":"2022-01-18T09:10:32","slug":"waldhausen-lederbalsam-mit-bienenwachs-250ml","status":"publish","type":"product","link":"http:\/\/fabis-lederey.com\/index.php\/produkt\/waldhausen-lederbalsam-mit-bienenwachs-250ml\/","title":{"rendered":"Waldhausen &#8211; Lederbalsam mit Bienenwachs, 250ml"},"content":{"rendered":"<div class=\"product--description\">\n<h2>Bienenwachs Leder-Balsam 250 ml<\/h2>\n<p>&nbsp;<\/p>\n<div class=\"std\">Hochwertige Lederpflege mit echtem Bienenwachs und anderen f\u00fcr das Leder wichtigen Substanzen. Zur Pflege aller Arten von Glattleder. Macht das Leder weich, geschmeidig, wasserdicht und haltbar. Das Leder bleibt atmungsaktiv.<\/div>\n<div class=\"std\">\n<p>Anwendung: Auf das gereinigte und trockene Leder d\u00fcnn auftragen. Bei sehr trockenem Leder kann der Vorgang mehrmals erfolgen.<\/p>\n<p>Enth\u00e4lt: Hochwertige \u00d6le, Vaseline, Bienenwachs, Parf\u00fcm<\/p>\n<p>Inhalt: 250 ml<\/p>\n<\/div>\n<\/div>\n","protected":false},"excerpt":{"rendered":"<h4 class=\"content--title\">WALDHAUSEN Bienenwachs Leder Balsam<\/h4>\n<ul>\n<li class=\"product--description\">Hochwertige Lederpflege mit echtem Bienenwachs und anderen f\u00fcr das Leder wichtigen Substanzen.<\/li>\n<li class=\"product--description\">Zur Pflege aller Arten von Glattleder.<\/li>\n<li class=\"product--description\">Macht das Leder weich, geschmeidig, wasserdicht und haltbar.<\/li>\n<li class=\"product--description\">Das Leder bleibt atmungsaktiv.<\/li>\n<li class=\"product--description\">Inhalt: 250 ml<\/li>\n<\/ul>\n","protected":false},"featured_media":0,"comment_status":"open","ping_status":"closed","template":"","meta":[],"product_brand":[],"product_cat":[44,74],"product_tag":[],"class_list":{"0":"post-7408","1":"product","2":"type-product","3":"status-publish","5":"product_cat-allproducts","6":"product_cat-lederpflege","8":"first","9":"instock","10":"taxable","11":"shipping-taxable","12":"purchasable","13":"product-type-simple"},"yoast_head":"<!-- This site is optimized with the Yoast SEO plugin v27.5 - https:\/\/yoast.com\/product\/yoast-seo-wordpress\/ -->\n<title>Waldhausen - Lederbalsam mit Bienenwachs, 250ml - Fabis Lederey - Fabian Kempf<\/title>\n<meta name=\"robots\" content=\"index, follow, max-snippet:-1, max-image-preview:large, max-video-preview:-1\" \/>\n<link rel=\"canonical\" href=\"http:\/\/fabis-lederey.com\/index.php\/produkt\/waldhausen-lederbalsam-mit-bienenwachs-250ml\/\" \/>\n<meta property=\"og:locale\" content=\"de_DE\" \/>\n<meta property=\"og:type\" content=\"article\" \/>\n<meta property=\"og:title\" content=\"Waldhausen - Lederbalsam mit Bienenwachs, 250ml - Fabis Lederey - Fabian Kempf\" \/>\n<meta property=\"og:description\" content=\"WALDHAUSEN Bienenwachs Leder Balsam   Hochwertige Lederpflege mit echtem Bienenwachs und anderen f\u00fcr das Leder wichtigen Substanzen.  Zur Pflege aller Arten von Glattleder.  Macht das Leder weich, geschmeidig, wasserdicht und haltbar.  Das Leder bleibt atmungsaktiv.  Inhalt: 250 ml\" \/>\n<meta property=\"og:url\" content=\"http:\/\/fabis-lederey.com\/index.php\/produkt\/waldhausen-lederbalsam-mit-bienenwachs-250ml\/\" \/>\n<meta property=\"og:site_name\" content=\"Fabis Lederey - Fabian Kempf\" \/>\n<meta property=\"article:modified_time\" content=\"2022-01-18T09:10:32+00:00\" \/>\n<meta name=\"twitter:card\" content=\"summary_large_image\" \/>\n<meta name=\"twitter:label1\" content=\"Gesch\u00e4tzte Lesezeit\" \/>\n\t<meta name=\"twitter:data1\" content=\"1\u00a0Minute\" \/>\n<script type=\"application\/ld+json\" class=\"yoast-schema-graph\">{\"@context\":\"https:\\\/\\\/schema.org\",\"@graph\":[{\"@type\":\"WebPage\",\"@id\":\"http:\\\/\\\/fabis-lederey.com\\\/index.php\\\/produkt\\\/waldhausen-lederbalsam-mit-bienenwachs-250ml\\\/\",\"url\":\"http:\\\/\\\/fabis-lederey.com\\\/index.php\\\/produkt\\\/waldhausen-lederbalsam-mit-bienenwachs-250ml\\\/\",\"name\":\"Waldhausen - Lederbalsam mit Bienenwachs, 250ml - Fabis Lederey - Fabian Kempf\",\"isPartOf\":{\"@id\":\"https:\\\/\\\/fabis-lederey.com\\\/#website\"},\"datePublished\":\"2022-01-18T09:05:29+00:00\",\"dateModified\":\"2022-01-18T09:10:32+00:00\",\"breadcrumb\":{\"@id\":\"http:\\\/\\\/fabis-lederey.com\\\/index.php\\\/produkt\\\/waldhausen-lederbalsam-mit-bienenwachs-250ml\\\/#breadcrumb\"},\"inLanguage\":\"de\",\"potentialAction\":[{\"@type\":\"ReadAction\",\"target\":[\"http:\\\/\\\/fabis-lederey.com\\\/index.php\\\/produkt\\\/waldhausen-lederbalsam-mit-bienenwachs-250ml\\\/\"]}]},{\"@type\":\"BreadcrumbList\",\"@id\":\"http:\\\/\\\/fabis-lederey.com\\\/index.php\\\/produkt\\\/waldhausen-lederbalsam-mit-bienenwachs-250ml\\\/#breadcrumb\",\"itemListElement\":[{\"@type\":\"ListItem\",\"position\":1,\"name\":\"Home\",\"item\":\"http:\\\/\\\/fabis-lederey.com\\\/\"},{\"@type\":\"ListItem\",\"position\":2,\"name\":\"Shop\",\"item\":\"http:\\\/\\\/fabis-lederey.com\\\/?page_id=7147\"},{\"@type\":\"ListItem\",\"position\":3,\"name\":\"Waldhausen &#8211; Lederbalsam mit Bienenwachs, 250ml\"}]},{\"@type\":\"WebSite\",\"@id\":\"https:\\\/\\\/fabis-lederey.com\\\/#website\",\"url\":\"https:\\\/\\\/fabis-lederey.com\\\/\",\"name\":\"Fabis Lederey - Fabian Kempf\",\"description\":\"Die Reitsportsattlerei und Ledermanufaktur in Pirmasens, S\u00fcdwestpfalz und im SaarLorLux-Kreis.\",\"potentialAction\":[{\"@type\":\"SearchAction\",\"target\":{\"@type\":\"EntryPoint\",\"urlTemplate\":\"https:\\\/\\\/fabis-lederey.com\\\/?s={search_term_string}\"},\"query-input\":{\"@type\":\"PropertyValueSpecification\",\"valueRequired\":true,\"valueName\":\"search_term_string\"}}],\"inLanguage\":\"de\"}]}<\/script>\n<!-- \/ Yoast SEO plugin. -->","yoast_head_json":{"title":"Waldhausen - Lederbalsam mit Bienenwachs, 250ml - Fabis Lederey - Fabian Kempf","robots":{"index":"index","follow":"follow","max-snippet":"max-snippet:-1","max-image-preview":"max-image-preview:large","max-video-preview":"max-video-preview:-1"},"canonical":"http:\/\/fabis-lederey.com\/index.php\/produkt\/waldhausen-lederbalsam-mit-bienenwachs-250ml\/","og_locale":"de_DE","og_type":"article","og_title":"Waldhausen - Lederbalsam mit Bienenwachs, 250ml - Fabis Lederey - Fabian Kempf","og_description":"WALDHAUSEN Bienenwachs Leder Balsam   Hochwertige Lederpflege mit echtem Bienenwachs und anderen f\u00fcr das Leder wichtigen Substanzen.  Zur Pflege aller Arten von Glattleder.  Macht das Leder weich, geschmeidig, wasserdicht und haltbar.  Das Leder bleibt atmungsaktiv.  Inhalt: 250 ml","og_url":"http:\/\/fabis-lederey.com\/index.php\/produkt\/waldhausen-lederbalsam-mit-bienenwachs-250ml\/","og_site_name":"Fabis Lederey - Fabian Kempf","article_modified_time":"2022-01-18T09:10:32+00:00","twitter_card":"summary_large_image","twitter_misc":{"Gesch\u00e4tzte Lesezeit":"1\u00a0Minute"},"schema":{"@context":"https:\/\/schema.org","@graph":[{"@type":"WebPage","@id":"http:\/\/fabis-lederey.com\/index.php\/produkt\/waldhausen-lederbalsam-mit-bienenwachs-250ml\/","url":"http:\/\/fabis-lederey.com\/index.php\/produkt\/waldhausen-lederbalsam-mit-bienenwachs-250ml\/","name":"Waldhausen - Lederbalsam mit Bienenwachs, 250ml - Fabis Lederey - Fabian Kempf","isPartOf":{"@id":"https:\/\/fabis-lederey.com\/#website"},"datePublished":"2022-01-18T09:05:29+00:00","dateModified":"2022-01-18T09:10:32+00:00","breadcrumb":{"@id":"http:\/\/fabis-lederey.com\/index.php\/produkt\/waldhausen-lederbalsam-mit-bienenwachs-250ml\/#breadcrumb"},"inLanguage":"de","potentialAction":[{"@type":"ReadAction","target":["http:\/\/fabis-lederey.com\/index.php\/produkt\/waldhausen-lederbalsam-mit-bienenwachs-250ml\/"]}]},{"@type":"BreadcrumbList","@id":"http:\/\/fabis-lederey.com\/index.php\/produkt\/waldhausen-lederbalsam-mit-bienenwachs-250ml\/#breadcrumb","itemListElement":[{"@type":"ListItem","position":1,"name":"Home","item":"http:\/\/fabis-lederey.com\/"},{"@type":"ListItem","position":2,"name":"Shop","item":"http:\/\/fabis-lederey.com\/?page_id=7147"},{"@type":"ListItem","position":3,"name":"Waldhausen &#8211; Lederbalsam mit Bienenwachs, 250ml"}]},{"@type":"WebSite","@id":"https:\/\/fabis-lederey.com\/#website","url":"https:\/\/fabis-lederey.com\/","name":"Fabis Lederey - Fabian Kempf","description":"Die Reitsportsattlerei und Ledermanufaktur in Pirmasens, S\u00fcdwestpfalz und im SaarLorLux-Kreis.","potentialAction":[{"@type":"SearchAction","target":{"@type":"EntryPoint","urlTemplate":"https:\/\/fabis-lederey.com\/?s={search_term_string}"},"query-input":{"@type":"PropertyValueSpecification","valueRequired":true,"valueName":"search_term_string"}}],"inLanguage":"de"}]}},"_links":{"self":[{"href":"http:\/\/fabis-lederey.com\/index.php\/wp-json\/wp\/v2\/product\/7408","targetHints":{"allow":["GET"]}}],"collection":[{"href":"http:\/\/fabis-lederey.com\/index.php\/wp-json\/wp\/v2\/product"}],"about":[{"href":"http:\/\/fabis-lederey.com\/index.php\/wp-json\/wp\/v2\/types\/product"}],"replies":[{"embeddable":true,"href":"http:\/\/fabis-lederey.com\/index.php\/wp-json\/wp\/v2\/comments?post=7408"}],"wp:attachment":[{"href":"http:\/\/fabis-lederey.com\/index.php\/wp-json\/wp\/v2\/media?parent=7408"}],"wp:term":[{"taxonomy":"product_brand","embeddable":true,"href":"http:\/\/fabis-lederey.com\/index.php\/wp-json\/wp\/v2\/product_brand?post=7408"},{"taxonomy":"product_cat","embeddable":true,"href":"http:\/\/fabis-lederey.com\/index.php\/wp-json\/wp\/v2\/product_cat?post=7408"},{"taxonomy":"product_tag","embeddable":true,"href":"http:\/\/fabis-lederey.com\/index.php\/wp-json\/wp\/v2\/product_tag?post=7408"}],"curies":[{"name":"wp","href":"https:\/\/api.w.org\/{rel}","templated":true}]}}