{"id":7423,"date":"2022-01-18T10:21:42","date_gmt":"2022-01-18T10:21:42","guid":{"rendered":"http:\/\/fabis-lederey.com\/?post_type=product&#038;p=7423"},"modified":"2022-01-18T10:24:56","modified_gmt":"2022-01-18T10:24:56","slug":"cavalor-skin-care-derma-spray-250ml","status":"publish","type":"product","link":"http:\/\/fabis-lederey.com\/index.php\/produkt\/cavalor-skin-care-derma-spray-250ml\/","title":{"rendered":"Cavalor &#8211; Skin Care Derma Spray 250ml"},"content":{"rendered":"<div class=\"product--description\">\n<h2>Cavalor Hautpflegespray Derma Spray<\/h2>\n<p>Das Hautpflegespray Derma Spray von Cavalor ist ein nat\u00fcrliches Reinigungsspray, welches f\u00fcr Hufe, Haut, Fell, M\u00e4hne und Schweif angewandt werden kann. Die Formel ist speziell auf die Pferdehaut abgestimmt und zudem pH-neutral. Es wirkt reinigend und sorgt f\u00fcr eine gute Mikroflora, indem es Keime, Bakterien und Pilze beseitigt. Au\u00dferdem hilft das Spray den guten Bakterien, sich schneller zu vermehren und die behandelte Fl\u00e4che vollst\u00e4ndig abzudecken. So wird die Anhaftung von Krankheitserregern verhindert und Krankheiten wie Mauke, Strahlf\u00e4ule und Pilzinfektionen vorgebeugt und diese gelindert. Auch zur Wundreinigung ist das Spray bestens geeignet, da es Infektionen vorbeugt und die nat\u00fcrliche Heilungsreaktion des K\u00f6rpers unterst\u00fctzt.<\/p>\n<h3>Anwendungshinweise<\/h3>\n<ul>\n<li>bei Beschwerden (Juckreiz, Risse in der Fesselbeuge, Wunden, bakterielle Infektionen etc.) zwei Mal t\u00e4glich auf die betroffene Stelle auftragen<\/li>\n<li>zur Vorbeugung t\u00e4glich auftragen, um die Haut gesund zu halten<\/li>\n<li>nur zur \u00e4u\u00dferlichen Anwendung<\/li>\n<li>au\u00dferhalb der Reichweite von Kindern aufbewahren<\/li>\n<\/ul>\n<\/div>\n","protected":false},"excerpt":{"rendered":"<header class=\"product--header\">\n<div class=\"product--info\">\n<h4 class=\"product--title\">Cavalor &#8211; Skin Care Derma Spray 250ml<\/h4>\n<div class=\"short-description\">\n<div class=\"fundis-product-usp-entry\">\n<ul>\n<li class=\"fundis-product-usp-entry-text\">nat\u00fcrliches Mittel<\/li>\n<li class=\"fundis-product-usp-entry-text\">reinigend<\/li>\n<li class=\"fundis-product-usp-entry-text\">pH-neutral<\/li>\n<\/ul>\n<\/div>\n<\/div>\n<\/div>\n<\/header>\n","protected":false},"featured_media":0,"comment_status":"open","ping_status":"closed","template":"","meta":[],"product_brand":[],"product_cat":[44,81],"product_tag":[],"class_list":{"0":"post-7423","1":"product","2":"type-product","3":"status-publish","5":"product_cat-allproducts","6":"product_cat-stallapotheke-1-hilfe","8":"first","9":"instock","10":"taxable","11":"shipping-taxable","12":"purchasable","13":"product-type-simple"},"yoast_head":"<!-- This site is optimized with the Yoast SEO plugin v27.5 - https:\/\/yoast.com\/product\/yoast-seo-wordpress\/ -->\n<title>Cavalor - Skin Care Derma Spray 250ml - Fabis Lederey - Fabian Kempf<\/title>\n<meta name=\"robots\" content=\"index, follow, max-snippet:-1, max-image-preview:large, max-video-preview:-1\" \/>\n<link rel=\"canonical\" href=\"http:\/\/fabis-lederey.com\/index.php\/produkt\/cavalor-skin-care-derma-spray-250ml\/\" \/>\n<meta property=\"og:locale\" content=\"de_DE\" \/>\n<meta property=\"og:type\" content=\"article\" \/>\n<meta property=\"og:title\" content=\"Cavalor - Skin Care Derma Spray 250ml - Fabis Lederey - Fabian Kempf\" \/>\n<meta property=\"og:description\" content=\"Cavalor - Skin Care Derma Spray 250ml     nat\u00fcrliches Mittel  reinigend  pH-neutral\" \/>\n<meta property=\"og:url\" content=\"http:\/\/fabis-lederey.com\/index.php\/produkt\/cavalor-skin-care-derma-spray-250ml\/\" \/>\n<meta property=\"og:site_name\" content=\"Fabis Lederey - Fabian Kempf\" \/>\n<meta property=\"article:modified_time\" content=\"2022-01-18T10:24:56+00:00\" \/>\n<meta name=\"twitter:card\" content=\"summary_large_image\" \/>\n<meta name=\"twitter:label1\" content=\"Gesch\u00e4tzte Lesezeit\" \/>\n\t<meta name=\"twitter:data1\" content=\"1\u00a0Minute\" \/>\n<script type=\"application\/ld+json\" class=\"yoast-schema-graph\">{\"@context\":\"https:\\\/\\\/schema.org\",\"@graph\":[{\"@type\":\"WebPage\",\"@id\":\"http:\\\/\\\/fabis-lederey.com\\\/index.php\\\/produkt\\\/cavalor-skin-care-derma-spray-250ml\\\/\",\"url\":\"http:\\\/\\\/fabis-lederey.com\\\/index.php\\\/produkt\\\/cavalor-skin-care-derma-spray-250ml\\\/\",\"name\":\"Cavalor - Skin Care Derma Spray 250ml - Fabis Lederey - Fabian Kempf\",\"isPartOf\":{\"@id\":\"https:\\\/\\\/fabis-lederey.com\\\/#website\"},\"datePublished\":\"2022-01-18T10:21:42+00:00\",\"dateModified\":\"2022-01-18T10:24:56+00:00\",\"breadcrumb\":{\"@id\":\"http:\\\/\\\/fabis-lederey.com\\\/index.php\\\/produkt\\\/cavalor-skin-care-derma-spray-250ml\\\/#breadcrumb\"},\"inLanguage\":\"de\",\"potentialAction\":[{\"@type\":\"ReadAction\",\"target\":[\"http:\\\/\\\/fabis-lederey.com\\\/index.php\\\/produkt\\\/cavalor-skin-care-derma-spray-250ml\\\/\"]}]},{\"@type\":\"BreadcrumbList\",\"@id\":\"http:\\\/\\\/fabis-lederey.com\\\/index.php\\\/produkt\\\/cavalor-skin-care-derma-spray-250ml\\\/#breadcrumb\",\"itemListElement\":[{\"@type\":\"ListItem\",\"position\":1,\"name\":\"Home\",\"item\":\"http:\\\/\\\/fabis-lederey.com\\\/\"},{\"@type\":\"ListItem\",\"position\":2,\"name\":\"Shop\",\"item\":\"http:\\\/\\\/fabis-lederey.com\\\/?page_id=7147\"},{\"@type\":\"ListItem\",\"position\":3,\"name\":\"Cavalor &#8211; Skin Care Derma Spray 250ml\"}]},{\"@type\":\"WebSite\",\"@id\":\"https:\\\/\\\/fabis-lederey.com\\\/#website\",\"url\":\"https:\\\/\\\/fabis-lederey.com\\\/\",\"name\":\"Fabis Lederey - Fabian Kempf\",\"description\":\"Die Reitsportsattlerei und Ledermanufaktur in Pirmasens, S\u00fcdwestpfalz und im SaarLorLux-Kreis.\",\"potentialAction\":[{\"@type\":\"SearchAction\",\"target\":{\"@type\":\"EntryPoint\",\"urlTemplate\":\"https:\\\/\\\/fabis-lederey.com\\\/?s={search_term_string}\"},\"query-input\":{\"@type\":\"PropertyValueSpecification\",\"valueRequired\":true,\"valueName\":\"search_term_string\"}}],\"inLanguage\":\"de\"}]}<\/script>\n<!-- \/ Yoast SEO plugin. -->","yoast_head_json":{"title":"Cavalor - Skin Care Derma Spray 250ml - Fabis Lederey - Fabian Kempf","robots":{"index":"index","follow":"follow","max-snippet":"max-snippet:-1","max-image-preview":"max-image-preview:large","max-video-preview":"max-video-preview:-1"},"canonical":"http:\/\/fabis-lederey.com\/index.php\/produkt\/cavalor-skin-care-derma-spray-250ml\/","og_locale":"de_DE","og_type":"article","og_title":"Cavalor - Skin Care Derma Spray 250ml - Fabis Lederey - Fabian Kempf","og_description":"Cavalor - Skin Care Derma Spray 250ml     nat\u00fcrliches Mittel  reinigend  pH-neutral","og_url":"http:\/\/fabis-lederey.com\/index.php\/produkt\/cavalor-skin-care-derma-spray-250ml\/","og_site_name":"Fabis Lederey - Fabian Kempf","article_modified_time":"2022-01-18T10:24:56+00:00","twitter_card":"summary_large_image","twitter_misc":{"Gesch\u00e4tzte Lesezeit":"1\u00a0Minute"},"schema":{"@context":"https:\/\/schema.org","@graph":[{"@type":"WebPage","@id":"http:\/\/fabis-lederey.com\/index.php\/produkt\/cavalor-skin-care-derma-spray-250ml\/","url":"http:\/\/fabis-lederey.com\/index.php\/produkt\/cavalor-skin-care-derma-spray-250ml\/","name":"Cavalor - Skin Care Derma Spray 250ml - Fabis Lederey - Fabian Kempf","isPartOf":{"@id":"https:\/\/fabis-lederey.com\/#website"},"datePublished":"2022-01-18T10:21:42+00:00","dateModified":"2022-01-18T10:24:56+00:00","breadcrumb":{"@id":"http:\/\/fabis-lederey.com\/index.php\/produkt\/cavalor-skin-care-derma-spray-250ml\/#breadcrumb"},"inLanguage":"de","potentialAction":[{"@type":"ReadAction","target":["http:\/\/fabis-lederey.com\/index.php\/produkt\/cavalor-skin-care-derma-spray-250ml\/"]}]},{"@type":"BreadcrumbList","@id":"http:\/\/fabis-lederey.com\/index.php\/produkt\/cavalor-skin-care-derma-spray-250ml\/#breadcrumb","itemListElement":[{"@type":"ListItem","position":1,"name":"Home","item":"http:\/\/fabis-lederey.com\/"},{"@type":"ListItem","position":2,"name":"Shop","item":"http:\/\/fabis-lederey.com\/?page_id=7147"},{"@type":"ListItem","position":3,"name":"Cavalor &#8211; Skin Care Derma Spray 250ml"}]},{"@type":"WebSite","@id":"https:\/\/fabis-lederey.com\/#website","url":"https:\/\/fabis-lederey.com\/","name":"Fabis Lederey - Fabian Kempf","description":"Die Reitsportsattlerei und Ledermanufaktur in Pirmasens, S\u00fcdwestpfalz und im SaarLorLux-Kreis.","potentialAction":[{"@type":"SearchAction","target":{"@type":"EntryPoint","urlTemplate":"https:\/\/fabis-lederey.com\/?s={search_term_string}"},"query-input":{"@type":"PropertyValueSpecification","valueRequired":true,"valueName":"search_term_string"}}],"inLanguage":"de"}]}},"_links":{"self":[{"href":"http:\/\/fabis-lederey.com\/index.php\/wp-json\/wp\/v2\/product\/7423","targetHints":{"allow":["GET"]}}],"collection":[{"href":"http:\/\/fabis-lederey.com\/index.php\/wp-json\/wp\/v2\/product"}],"about":[{"href":"http:\/\/fabis-lederey.com\/index.php\/wp-json\/wp\/v2\/types\/product"}],"replies":[{"embeddable":true,"href":"http:\/\/fabis-lederey.com\/index.php\/wp-json\/wp\/v2\/comments?post=7423"}],"wp:attachment":[{"href":"http:\/\/fabis-lederey.com\/index.php\/wp-json\/wp\/v2\/media?parent=7423"}],"wp:term":[{"taxonomy":"product_brand","embeddable":true,"href":"http:\/\/fabis-lederey.com\/index.php\/wp-json\/wp\/v2\/product_brand?post=7423"},{"taxonomy":"product_cat","embeddable":true,"href":"http:\/\/fabis-lederey.com\/index.php\/wp-json\/wp\/v2\/product_cat?post=7423"},{"taxonomy":"product_tag","embeddable":true,"href":"http:\/\/fabis-lederey.com\/index.php\/wp-json\/wp\/v2\/product_tag?post=7423"}],"curies":[{"name":"wp","href":"https:\/\/api.w.org\/{rel}","templated":true}]}}