{"id":7425,"date":"2022-01-18T10:29:23","date_gmt":"2022-01-18T10:29:23","guid":{"rendered":"http:\/\/fabis-lederey.com\/?post_type=product&#038;p=7425"},"modified":"2022-01-18T10:34:26","modified_gmt":"2022-01-18T10:34:26","slug":"effol-ice-pack","status":"publish","type":"product","link":"http:\/\/fabis-lederey.com\/index.php\/produkt\/effol-ice-pack\/","title":{"rendered":"Effol &#8211; Ice-Pack"},"content":{"rendered":"<div class=\"product--description\">\n<h2>EFFOL Ice-Pack Sofortkompresse<\/h2>\n<ul>\n<li>Effol Ice-Pack &#8211; die Sofortkompresse f\u00fcr sekundenschnelle K\u00fchlung<\/li>\n<li>Effol Ice-Pack &#8211; ohne Vork\u00fchlung sofort einsatzbereit<\/li>\n<li>Effol Ice-Pack &#8211; ideal bei Prellungen, Zerrungen, Verstauchungen und Insektenstichen<\/li>\n<li>Effol Ice-Pack &#8211; zur einmaligen Anwendung<\/li>\n<li>Effol Ice-Pack &#8211; sollte in keiner Stallapotheke fehlen<\/li>\n<\/ul>\n<p>Effol Ice-Pack ist ideal f\u00fcr eine sekundenschnelle K\u00e4ltebehandlung. Die Sofortkompresse wirkt abschwellend und schmerzlindernd bei Prellungen, Zerrungen, Verstauchungen und Insektenstichen.<\/p>\n<p>Effol Ice-Pack ist besonders transportsicher, da durch Ziehen zu aktivieren, nicht durch Druckaus\u00fcbung. \u00dcberall schnell und ohne Vork\u00fchlung anwendbar. Zwischen Kompresse und Haut stets ein Tuch legen.<\/p>\n<h3>Anwendung von Effol Ice-Pack<\/h3>\n<p>Effol Ice-Pack ganz auseinanderziehen. Ein Tuch zwischen den zu behandelnden Bereich und das Ice-Pack legen, um Hautsch\u00e4den zu vermeiden.<\/p>\n<p>Verpackungsgr\u00f6\u00dfe: 1 St\u00fcck (nicht wiederverwendbar)<\/p>\n<\/div>\n","protected":false},"excerpt":{"rendered":"<header class=\"product--header\">\n<div class=\"product--info\">\n<h4><span class=\"sh-ds__trunc-txt\">Effol Ice-Pack <\/span><\/h4>\n<p><span class=\"sh-ds__trunc-txt\">ist eine Sofortkompresse und sorgt f\u00fcr eine sekundenschnelle K\u00fchlung auch unterwegs. <\/span><\/p>\n<ul>\n<li>F\u00fcr s\u00e4mtliche Sportarten geeignet!<\/li>\n<li><span class=\"sh-ds__trunc-txt\">Bei Prellungen, Zerrungen, Verstauchungen und Insektenstichen wirkt diese\u00a0<\/span>Kompresse schmerzlindernd und abschwellend.<\/li>\n<li>Zur K\u00fchlung von Prellungen, Verstauchungen, Zerrungen und Insektenstichen.<\/li>\n<li>Die Sofortkompresse wirkt abschwellend und schmerzlindernd.<\/li>\n<li>Anwendung: Diese Kompresse ist besonders transportsicher, da sie durch ziehen aktiviert wird.<\/li>\n<li>Ice-Pack ist \u00fcberall schnell und ohne Vork\u00fchlung anwendbar.<\/li>\n<li>Zwischen Kompresse und Haut stets ein Tuch legen!<\/li>\n<\/ul>\n<\/div>\n<\/header>\n","protected":false},"featured_media":0,"comment_status":"open","ping_status":"closed","template":"","meta":[],"product_brand":[],"product_cat":[44,81],"product_tag":[],"class_list":{"0":"post-7425","1":"product","2":"type-product","3":"status-publish","5":"product_cat-allproducts","6":"product_cat-stallapotheke-1-hilfe","8":"first","9":"instock","10":"taxable","11":"shipping-taxable","12":"purchasable","13":"product-type-simple"},"yoast_head":"<!-- This site is optimized with the Yoast SEO plugin v27.5 - https:\/\/yoast.com\/product\/yoast-seo-wordpress\/ -->\n<title>Effol - Ice-Pack - Fabis Lederey - Fabian Kempf<\/title>\n<meta name=\"robots\" content=\"index, follow, max-snippet:-1, max-image-preview:large, max-video-preview:-1\" \/>\n<link rel=\"canonical\" href=\"http:\/\/fabis-lederey.com\/index.php\/produkt\/effol-ice-pack\/\" \/>\n<meta property=\"og:locale\" content=\"de_DE\" \/>\n<meta property=\"og:type\" content=\"article\" \/>\n<meta property=\"og:title\" content=\"Effol - Ice-Pack - Fabis Lederey - Fabian Kempf\" \/>\n<meta property=\"og:description\" content=\"Effol Ice-Pack  ist eine Sofortkompresse und sorgt f\u00fcr eine sekundenschnelle K\u00fchlung auch unterwegs.    F\u00fcr s\u00e4mtliche Sportarten geeignet!  Bei Prellungen, Zerrungen, Verstauchungen und Insektenstichen wirkt diese\u00a0Kompresse schmerzlindernd und abschwellend.  Zur K\u00fchlung von Prellungen, Verstauchungen, Zerrungen und Insektenstichen.  Die Sofortkompresse wirkt abschwellend und schmerzlindernd.  Anwendung: Diese Kompresse ist besonders transportsicher, da sie durch ziehen aktiviert wird.  Ice-Pack ist \u00fcberall schnell und ohne Vork\u00fchlung anwendbar.  Zwischen Kompresse und Haut stets ein Tuch legen!\" \/>\n<meta property=\"og:url\" content=\"http:\/\/fabis-lederey.com\/index.php\/produkt\/effol-ice-pack\/\" \/>\n<meta property=\"og:site_name\" content=\"Fabis Lederey - Fabian Kempf\" \/>\n<meta property=\"article:modified_time\" content=\"2022-01-18T10:34:26+00:00\" \/>\n<meta name=\"twitter:card\" content=\"summary_large_image\" \/>\n<meta name=\"twitter:label1\" content=\"Gesch\u00e4tzte Lesezeit\" \/>\n\t<meta name=\"twitter:data1\" content=\"1\u00a0Minute\" \/>\n<script type=\"application\/ld+json\" class=\"yoast-schema-graph\">{\"@context\":\"https:\\\/\\\/schema.org\",\"@graph\":[{\"@type\":\"WebPage\",\"@id\":\"http:\\\/\\\/fabis-lederey.com\\\/index.php\\\/produkt\\\/effol-ice-pack\\\/\",\"url\":\"http:\\\/\\\/fabis-lederey.com\\\/index.php\\\/produkt\\\/effol-ice-pack\\\/\",\"name\":\"Effol - Ice-Pack - Fabis Lederey - Fabian Kempf\",\"isPartOf\":{\"@id\":\"http:\\\/\\\/fabis-lederey.com\\\/#website\"},\"datePublished\":\"2022-01-18T10:29:23+00:00\",\"dateModified\":\"2022-01-18T10:34:26+00:00\",\"breadcrumb\":{\"@id\":\"http:\\\/\\\/fabis-lederey.com\\\/index.php\\\/produkt\\\/effol-ice-pack\\\/#breadcrumb\"},\"inLanguage\":\"de\",\"potentialAction\":[{\"@type\":\"ReadAction\",\"target\":[\"http:\\\/\\\/fabis-lederey.com\\\/index.php\\\/produkt\\\/effol-ice-pack\\\/\"]}]},{\"@type\":\"BreadcrumbList\",\"@id\":\"http:\\\/\\\/fabis-lederey.com\\\/index.php\\\/produkt\\\/effol-ice-pack\\\/#breadcrumb\",\"itemListElement\":[{\"@type\":\"ListItem\",\"position\":1,\"name\":\"Home\",\"item\":\"https:\\\/\\\/fabis-lederey.com\\\/\"},{\"@type\":\"ListItem\",\"position\":2,\"name\":\"Shop\",\"item\":\"https:\\\/\\\/fabis-lederey.com\\\/?page_id=7147\"},{\"@type\":\"ListItem\",\"position\":3,\"name\":\"Effol &#8211; Ice-Pack\"}]},{\"@type\":\"WebSite\",\"@id\":\"http:\\\/\\\/fabis-lederey.com\\\/#website\",\"url\":\"http:\\\/\\\/fabis-lederey.com\\\/\",\"name\":\"Fabis Lederey - Fabian Kempf\",\"description\":\"Die Reitsportsattlerei und Ledermanufaktur in Pirmasens, S\u00fcdwestpfalz und im SaarLorLux-Kreis.\",\"potentialAction\":[{\"@type\":\"SearchAction\",\"target\":{\"@type\":\"EntryPoint\",\"urlTemplate\":\"http:\\\/\\\/fabis-lederey.com\\\/?s={search_term_string}\"},\"query-input\":{\"@type\":\"PropertyValueSpecification\",\"valueRequired\":true,\"valueName\":\"search_term_string\"}}],\"inLanguage\":\"de\"}]}<\/script>\n<!-- \/ Yoast SEO plugin. -->","yoast_head_json":{"title":"Effol - Ice-Pack - Fabis Lederey - Fabian Kempf","robots":{"index":"index","follow":"follow","max-snippet":"max-snippet:-1","max-image-preview":"max-image-preview:large","max-video-preview":"max-video-preview:-1"},"canonical":"http:\/\/fabis-lederey.com\/index.php\/produkt\/effol-ice-pack\/","og_locale":"de_DE","og_type":"article","og_title":"Effol - Ice-Pack - Fabis Lederey - Fabian Kempf","og_description":"Effol Ice-Pack  ist eine Sofortkompresse und sorgt f\u00fcr eine sekundenschnelle K\u00fchlung auch unterwegs.    F\u00fcr s\u00e4mtliche Sportarten geeignet!  Bei Prellungen, Zerrungen, Verstauchungen und Insektenstichen wirkt diese\u00a0Kompresse schmerzlindernd und abschwellend.  Zur K\u00fchlung von Prellungen, Verstauchungen, Zerrungen und Insektenstichen.  Die Sofortkompresse wirkt abschwellend und schmerzlindernd.  Anwendung: Diese Kompresse ist besonders transportsicher, da sie durch ziehen aktiviert wird.  Ice-Pack ist \u00fcberall schnell und ohne Vork\u00fchlung anwendbar.  Zwischen Kompresse und Haut stets ein Tuch legen!","og_url":"http:\/\/fabis-lederey.com\/index.php\/produkt\/effol-ice-pack\/","og_site_name":"Fabis Lederey - Fabian Kempf","article_modified_time":"2022-01-18T10:34:26+00:00","twitter_card":"summary_large_image","twitter_misc":{"Gesch\u00e4tzte Lesezeit":"1\u00a0Minute"},"schema":{"@context":"https:\/\/schema.org","@graph":[{"@type":"WebPage","@id":"http:\/\/fabis-lederey.com\/index.php\/produkt\/effol-ice-pack\/","url":"http:\/\/fabis-lederey.com\/index.php\/produkt\/effol-ice-pack\/","name":"Effol - Ice-Pack - Fabis Lederey - Fabian Kempf","isPartOf":{"@id":"http:\/\/fabis-lederey.com\/#website"},"datePublished":"2022-01-18T10:29:23+00:00","dateModified":"2022-01-18T10:34:26+00:00","breadcrumb":{"@id":"http:\/\/fabis-lederey.com\/index.php\/produkt\/effol-ice-pack\/#breadcrumb"},"inLanguage":"de","potentialAction":[{"@type":"ReadAction","target":["http:\/\/fabis-lederey.com\/index.php\/produkt\/effol-ice-pack\/"]}]},{"@type":"BreadcrumbList","@id":"http:\/\/fabis-lederey.com\/index.php\/produkt\/effol-ice-pack\/#breadcrumb","itemListElement":[{"@type":"ListItem","position":1,"name":"Home","item":"https:\/\/fabis-lederey.com\/"},{"@type":"ListItem","position":2,"name":"Shop","item":"https:\/\/fabis-lederey.com\/?page_id=7147"},{"@type":"ListItem","position":3,"name":"Effol &#8211; Ice-Pack"}]},{"@type":"WebSite","@id":"http:\/\/fabis-lederey.com\/#website","url":"http:\/\/fabis-lederey.com\/","name":"Fabis Lederey - Fabian Kempf","description":"Die Reitsportsattlerei und Ledermanufaktur in Pirmasens, S\u00fcdwestpfalz und im SaarLorLux-Kreis.","potentialAction":[{"@type":"SearchAction","target":{"@type":"EntryPoint","urlTemplate":"http:\/\/fabis-lederey.com\/?s={search_term_string}"},"query-input":{"@type":"PropertyValueSpecification","valueRequired":true,"valueName":"search_term_string"}}],"inLanguage":"de"}]}},"_links":{"self":[{"href":"http:\/\/fabis-lederey.com\/index.php\/wp-json\/wp\/v2\/product\/7425","targetHints":{"allow":["GET"]}}],"collection":[{"href":"http:\/\/fabis-lederey.com\/index.php\/wp-json\/wp\/v2\/product"}],"about":[{"href":"http:\/\/fabis-lederey.com\/index.php\/wp-json\/wp\/v2\/types\/product"}],"replies":[{"embeddable":true,"href":"http:\/\/fabis-lederey.com\/index.php\/wp-json\/wp\/v2\/comments?post=7425"}],"wp:attachment":[{"href":"http:\/\/fabis-lederey.com\/index.php\/wp-json\/wp\/v2\/media?parent=7425"}],"wp:term":[{"taxonomy":"product_brand","embeddable":true,"href":"http:\/\/fabis-lederey.com\/index.php\/wp-json\/wp\/v2\/product_brand?post=7425"},{"taxonomy":"product_cat","embeddable":true,"href":"http:\/\/fabis-lederey.com\/index.php\/wp-json\/wp\/v2\/product_cat?post=7425"},{"taxonomy":"product_tag","embeddable":true,"href":"http:\/\/fabis-lederey.com\/index.php\/wp-json\/wp\/v2\/product_tag?post=7425"}],"curies":[{"name":"wp","href":"https:\/\/api.w.org\/{rel}","templated":true}]}}