{"id":7429,"date":"2022-01-18T10:40:05","date_gmt":"2022-01-18T10:40:05","guid":{"rendered":"http:\/\/fabis-lederey.com\/?post_type=product&#038;p=7429"},"modified":"2022-01-18T10:43:28","modified_gmt":"2022-01-18T10:43:28","slug":"effol-first-aid-kit","status":"publish","type":"product","link":"http:\/\/fabis-lederey.com\/index.php\/produkt\/effol-first-aid-kit\/","title":{"rendered":"Effol &#8211; First-Aid-Kit"},"content":{"rendered":"<div class=\"product--description\">\n<div class=\"col-12 col-md-7\">\n<h2 class=\"h2 titel mb-4\">Effol First Aid Kit<\/h2>\n<div>\n<p>Zuverl\u00e4ssige Helfer im Notfall Alle wichtigen Helfer griffbereit in einem Koffer. Das Effol First-Aid Kit besteht aus den bew\u00e4hrten Effol Klassikern wie das Effol Haut-Repair, Effol Drachenblut-Filmpflaster, Effol Ice-Pack, Effol Pferdesalbe, einer Elastik-Bandage, einem Verbandsset mit Einmalhandschuhen sowie einem Effol Turnbeutel f\u00fcr den Transport beim Ausreiten. Au\u00dferdem liegt dem Koffer ein Erste-Hilfe Poster f\u00fcr den Stall oder die Sattelkammer bei.<\/p>\n<p>Erste Hilfe f\u00fcr Reiter und Pferd<\/p>\n<ul>\n<li>Komplettset f\u00fcr die Erstversorgung<\/li>\n<li>inkl. Effol GymBag<\/li>\n<li>der sichere Begleiter im Stall und unterwegs<\/li>\n<\/ul>\n<\/div>\n<\/div>\n<\/div>\n","protected":false},"excerpt":{"rendered":"<h4 class=\"subline\">Effol &#8211; First-Aid-Kit<\/h4>\n<ul class=\"content-list\">\n<li>Effol Haut-Repair<\/li>\n<li>Effol Drachenblut-Filmpflaster<\/li>\n<li>Effol Ice-Pack, Effol Pferdesalbe<\/li>\n<li>Elastik-Bandage<\/li>\n<li>Verbandsset mit Einmalhandschuhen<\/li>\n<li>Effol Turnbeutel f\u00fcr den Transport beim Ausreiten.<\/li>\n<\/ul>\n","protected":false},"featured_media":0,"comment_status":"open","ping_status":"closed","template":"","meta":[],"product_brand":[],"product_cat":[44,81],"product_tag":[],"class_list":{"0":"post-7429","1":"product","2":"type-product","3":"status-publish","5":"product_cat-allproducts","6":"product_cat-stallapotheke-1-hilfe","8":"first","9":"instock","10":"taxable","11":"shipping-taxable","12":"purchasable","13":"product-type-simple"},"yoast_head":"<!-- This site is optimized with the Yoast SEO plugin v27.5 - https:\/\/yoast.com\/product\/yoast-seo-wordpress\/ -->\n<title>Effol - First-Aid-Kit - Fabis Lederey - Fabian Kempf<\/title>\n<meta name=\"robots\" content=\"index, follow, max-snippet:-1, max-image-preview:large, max-video-preview:-1\" \/>\n<link rel=\"canonical\" href=\"http:\/\/fabis-lederey.com\/index.php\/produkt\/effol-first-aid-kit\/\" \/>\n<meta property=\"og:locale\" content=\"de_DE\" \/>\n<meta property=\"og:type\" content=\"article\" \/>\n<meta property=\"og:title\" content=\"Effol - First-Aid-Kit - Fabis Lederey - Fabian Kempf\" \/>\n<meta property=\"og:description\" content=\"Effol - First-Aid-Kit   Effol Haut-Repair  Effol Drachenblut-Filmpflaster  Effol Ice-Pack, Effol Pferdesalbe  Elastik-Bandage  Verbandsset mit Einmalhandschuhen  Effol Turnbeutel f\u00fcr den Transport beim Ausreiten.\" \/>\n<meta property=\"og:url\" content=\"http:\/\/fabis-lederey.com\/index.php\/produkt\/effol-first-aid-kit\/\" \/>\n<meta property=\"og:site_name\" content=\"Fabis Lederey - Fabian Kempf\" \/>\n<meta property=\"article:modified_time\" content=\"2022-01-18T10:43:28+00:00\" \/>\n<meta name=\"twitter:card\" content=\"summary_large_image\" \/>\n<meta name=\"twitter:label1\" content=\"Gesch\u00e4tzte Lesezeit\" \/>\n\t<meta name=\"twitter:data1\" content=\"1\u00a0Minute\" \/>\n<script type=\"application\/ld+json\" class=\"yoast-schema-graph\">{\"@context\":\"https:\\\/\\\/schema.org\",\"@graph\":[{\"@type\":\"WebPage\",\"@id\":\"http:\\\/\\\/fabis-lederey.com\\\/index.php\\\/produkt\\\/effol-first-aid-kit\\\/\",\"url\":\"http:\\\/\\\/fabis-lederey.com\\\/index.php\\\/produkt\\\/effol-first-aid-kit\\\/\",\"name\":\"Effol - First-Aid-Kit - Fabis Lederey - Fabian Kempf\",\"isPartOf\":{\"@id\":\"https:\\\/\\\/fabis-lederey.com\\\/#website\"},\"datePublished\":\"2022-01-18T10:40:05+00:00\",\"dateModified\":\"2022-01-18T10:43:28+00:00\",\"breadcrumb\":{\"@id\":\"http:\\\/\\\/fabis-lederey.com\\\/index.php\\\/produkt\\\/effol-first-aid-kit\\\/#breadcrumb\"},\"inLanguage\":\"de\",\"potentialAction\":[{\"@type\":\"ReadAction\",\"target\":[\"http:\\\/\\\/fabis-lederey.com\\\/index.php\\\/produkt\\\/effol-first-aid-kit\\\/\"]}]},{\"@type\":\"BreadcrumbList\",\"@id\":\"http:\\\/\\\/fabis-lederey.com\\\/index.php\\\/produkt\\\/effol-first-aid-kit\\\/#breadcrumb\",\"itemListElement\":[{\"@type\":\"ListItem\",\"position\":1,\"name\":\"Home\",\"item\":\"http:\\\/\\\/fabis-lederey.com\\\/\"},{\"@type\":\"ListItem\",\"position\":2,\"name\":\"Shop\",\"item\":\"http:\\\/\\\/fabis-lederey.com\\\/?page_id=7147\"},{\"@type\":\"ListItem\",\"position\":3,\"name\":\"Effol &#8211; First-Aid-Kit\"}]},{\"@type\":\"WebSite\",\"@id\":\"https:\\\/\\\/fabis-lederey.com\\\/#website\",\"url\":\"https:\\\/\\\/fabis-lederey.com\\\/\",\"name\":\"Fabis Lederey - Fabian Kempf\",\"description\":\"Die Reitsportsattlerei und Ledermanufaktur in Pirmasens, S\u00fcdwestpfalz und im SaarLorLux-Kreis.\",\"potentialAction\":[{\"@type\":\"SearchAction\",\"target\":{\"@type\":\"EntryPoint\",\"urlTemplate\":\"https:\\\/\\\/fabis-lederey.com\\\/?s={search_term_string}\"},\"query-input\":{\"@type\":\"PropertyValueSpecification\",\"valueRequired\":true,\"valueName\":\"search_term_string\"}}],\"inLanguage\":\"de\"}]}<\/script>\n<!-- \/ Yoast SEO plugin. -->","yoast_head_json":{"title":"Effol - First-Aid-Kit - Fabis Lederey - Fabian Kempf","robots":{"index":"index","follow":"follow","max-snippet":"max-snippet:-1","max-image-preview":"max-image-preview:large","max-video-preview":"max-video-preview:-1"},"canonical":"http:\/\/fabis-lederey.com\/index.php\/produkt\/effol-first-aid-kit\/","og_locale":"de_DE","og_type":"article","og_title":"Effol - First-Aid-Kit - Fabis Lederey - Fabian Kempf","og_description":"Effol - First-Aid-Kit   Effol Haut-Repair  Effol Drachenblut-Filmpflaster  Effol Ice-Pack, Effol Pferdesalbe  Elastik-Bandage  Verbandsset mit Einmalhandschuhen  Effol Turnbeutel f\u00fcr den Transport beim Ausreiten.","og_url":"http:\/\/fabis-lederey.com\/index.php\/produkt\/effol-first-aid-kit\/","og_site_name":"Fabis Lederey - Fabian Kempf","article_modified_time":"2022-01-18T10:43:28+00:00","twitter_card":"summary_large_image","twitter_misc":{"Gesch\u00e4tzte Lesezeit":"1\u00a0Minute"},"schema":{"@context":"https:\/\/schema.org","@graph":[{"@type":"WebPage","@id":"http:\/\/fabis-lederey.com\/index.php\/produkt\/effol-first-aid-kit\/","url":"http:\/\/fabis-lederey.com\/index.php\/produkt\/effol-first-aid-kit\/","name":"Effol - First-Aid-Kit - Fabis Lederey - Fabian Kempf","isPartOf":{"@id":"https:\/\/fabis-lederey.com\/#website"},"datePublished":"2022-01-18T10:40:05+00:00","dateModified":"2022-01-18T10:43:28+00:00","breadcrumb":{"@id":"http:\/\/fabis-lederey.com\/index.php\/produkt\/effol-first-aid-kit\/#breadcrumb"},"inLanguage":"de","potentialAction":[{"@type":"ReadAction","target":["http:\/\/fabis-lederey.com\/index.php\/produkt\/effol-first-aid-kit\/"]}]},{"@type":"BreadcrumbList","@id":"http:\/\/fabis-lederey.com\/index.php\/produkt\/effol-first-aid-kit\/#breadcrumb","itemListElement":[{"@type":"ListItem","position":1,"name":"Home","item":"http:\/\/fabis-lederey.com\/"},{"@type":"ListItem","position":2,"name":"Shop","item":"http:\/\/fabis-lederey.com\/?page_id=7147"},{"@type":"ListItem","position":3,"name":"Effol &#8211; First-Aid-Kit"}]},{"@type":"WebSite","@id":"https:\/\/fabis-lederey.com\/#website","url":"https:\/\/fabis-lederey.com\/","name":"Fabis Lederey - Fabian Kempf","description":"Die Reitsportsattlerei und Ledermanufaktur in Pirmasens, S\u00fcdwestpfalz und im SaarLorLux-Kreis.","potentialAction":[{"@type":"SearchAction","target":{"@type":"EntryPoint","urlTemplate":"https:\/\/fabis-lederey.com\/?s={search_term_string}"},"query-input":{"@type":"PropertyValueSpecification","valueRequired":true,"valueName":"search_term_string"}}],"inLanguage":"de"}]}},"_links":{"self":[{"href":"http:\/\/fabis-lederey.com\/index.php\/wp-json\/wp\/v2\/product\/7429","targetHints":{"allow":["GET"]}}],"collection":[{"href":"http:\/\/fabis-lederey.com\/index.php\/wp-json\/wp\/v2\/product"}],"about":[{"href":"http:\/\/fabis-lederey.com\/index.php\/wp-json\/wp\/v2\/types\/product"}],"replies":[{"embeddable":true,"href":"http:\/\/fabis-lederey.com\/index.php\/wp-json\/wp\/v2\/comments?post=7429"}],"wp:attachment":[{"href":"http:\/\/fabis-lederey.com\/index.php\/wp-json\/wp\/v2\/media?parent=7429"}],"wp:term":[{"taxonomy":"product_brand","embeddable":true,"href":"http:\/\/fabis-lederey.com\/index.php\/wp-json\/wp\/v2\/product_brand?post=7429"},{"taxonomy":"product_cat","embeddable":true,"href":"http:\/\/fabis-lederey.com\/index.php\/wp-json\/wp\/v2\/product_cat?post=7429"},{"taxonomy":"product_tag","embeddable":true,"href":"http:\/\/fabis-lederey.com\/index.php\/wp-json\/wp\/v2\/product_tag?post=7429"}],"curies":[{"name":"wp","href":"https:\/\/api.w.org\/{rel}","templated":true}]}}