{"id":7433,"date":"2022-01-18T10:51:09","date_gmt":"2022-01-18T10:51:09","guid":{"rendered":"http:\/\/fabis-lederey.com\/?post_type=product&#038;p=7433"},"modified":"2022-01-18T11:28:13","modified_gmt":"2022-01-18T11:28:13","slug":"relax-pferdeerde-arnika-075kg","status":"publish","type":"product","link":"http:\/\/fabis-lederey.com\/index.php\/produkt\/relax-pferdeerde-arnika-075kg\/","title":{"rendered":"Relax &#8211; Pferdeerde Arnika, 0,75kg"},"content":{"rendered":"<div class=\"product--description\">\n<div class=\"col-12 col-md-7\">\n<div class=\"product--description\">\n<h2><strong>Relax Pferdeerde Arnika<\/strong><\/h2>\n<p>ist eine regenerierende und lindernde Unterst\u00fctzung bei Schwellungen und Beschwerden der Gliedma\u00dfen, bei Hautirritationen durch Kleinstverletzungen und bei Bluterg\u00fcssen, Prellungen, Verstauchungen, sowie bei Sehnen- und B\u00e4ndersch\u00e4den. Sie enth\u00e4lt Arnika und wirkt wie ein nat\u00fcrlicher Umschlag.<\/p>\n<\/div>\n<div class=\"product--description\">\n<p><strong>Eigenschaften:<\/strong><\/p>\n<ul>\n<li>frei von sch\u00e4dlichen Nebenwirkungen<\/li>\n<li>hautpflegend<\/li>\n<li>k\u00fchlt und f\u00f6rdert den Lymphabfluss bei Schwellungen<\/li>\n<li>luftdurchl\u00e4ssige Abdeckung der Haut<\/li>\n<li>mit Arnika, Hamamelis, Calendula und Eukalyptus<\/li>\n<li>Set mit Tonerde und Wirkstoffen zum Selbstmischen, ergibt stets frische Heilerde<\/li>\n<\/ul>\n<\/div>\n<div class=\"product--description\">\n<p><strong>Relax Pferdeerde Arnika<\/strong> ist besonders geeignet:<\/p>\n<ul>\n<li>Bei Bluterg\u00fcssen, Verstauchungen,Schwellungen<\/li>\n<li>bei Hautirritationen<\/li>\n<li>zur Regeneration der Gliedma\u00dfen<\/li>\n<\/ul>\n<\/div>\n<div class=\"product--description\">\n<p><strong>ADMR: 48 Stunden Karenzzeit vor dem Wettkampf<\/strong><\/p>\n<\/div>\n<\/div>\n<\/div>\n","protected":false},"excerpt":{"rendered":"<h4>Relax Pferdeerde Arnika<\/h4>\n<ul>\n<li>Bei Bluterg\u00fcssen, Verstauchungen,Schwellungen<\/li>\n<li>bei Hautirritationen<\/li>\n<li>zur Regeneration der Gliedma\u00dfen<\/li>\n<\/ul>\n","protected":false},"featured_media":0,"comment_status":"open","ping_status":"closed","template":"","meta":[],"product_brand":[],"product_cat":[44,81],"product_tag":[],"class_list":{"0":"post-7433","1":"product","2":"type-product","3":"status-publish","5":"product_cat-allproducts","6":"product_cat-stallapotheke-1-hilfe","8":"first","9":"instock","10":"taxable","11":"shipping-taxable","12":"purchasable","13":"product-type-simple"},"yoast_head":"<!-- This site is optimized with the Yoast SEO plugin v27.5 - https:\/\/yoast.com\/product\/yoast-seo-wordpress\/ -->\n<title>Relax - Pferdeerde Arnika, 0,75kg - Fabis Lederey - Fabian Kempf<\/title>\n<meta name=\"robots\" content=\"index, follow, max-snippet:-1, max-image-preview:large, max-video-preview:-1\" \/>\n<link rel=\"canonical\" href=\"http:\/\/fabis-lederey.com\/index.php\/produkt\/relax-pferdeerde-arnika-075kg\/\" \/>\n<meta property=\"og:locale\" content=\"de_DE\" \/>\n<meta property=\"og:type\" content=\"article\" \/>\n<meta property=\"og:title\" content=\"Relax - Pferdeerde Arnika, 0,75kg - Fabis Lederey - Fabian Kempf\" \/>\n<meta property=\"og:description\" content=\"Relax Pferdeerde Arnika   Bei Bluterg\u00fcssen, Verstauchungen,Schwellungen  bei Hautirritationen  zur Regeneration der Gliedma\u00dfen\" \/>\n<meta property=\"og:url\" content=\"http:\/\/fabis-lederey.com\/index.php\/produkt\/relax-pferdeerde-arnika-075kg\/\" \/>\n<meta property=\"og:site_name\" content=\"Fabis Lederey - Fabian Kempf\" \/>\n<meta property=\"article:modified_time\" content=\"2022-01-18T11:28:13+00:00\" \/>\n<meta name=\"twitter:card\" content=\"summary_large_image\" \/>\n<meta name=\"twitter:label1\" content=\"Gesch\u00e4tzte Lesezeit\" \/>\n\t<meta name=\"twitter:data1\" content=\"1\u00a0Minute\" \/>\n<script type=\"application\/ld+json\" class=\"yoast-schema-graph\">{\"@context\":\"https:\\\/\\\/schema.org\",\"@graph\":[{\"@type\":\"WebPage\",\"@id\":\"http:\\\/\\\/fabis-lederey.com\\\/index.php\\\/produkt\\\/relax-pferdeerde-arnika-075kg\\\/\",\"url\":\"http:\\\/\\\/fabis-lederey.com\\\/index.php\\\/produkt\\\/relax-pferdeerde-arnika-075kg\\\/\",\"name\":\"Relax - Pferdeerde Arnika, 0,75kg - Fabis Lederey - Fabian Kempf\",\"isPartOf\":{\"@id\":\"http:\\\/\\\/fabis-lederey.com\\\/#website\"},\"datePublished\":\"2022-01-18T10:51:09+00:00\",\"dateModified\":\"2022-01-18T11:28:13+00:00\",\"breadcrumb\":{\"@id\":\"http:\\\/\\\/fabis-lederey.com\\\/index.php\\\/produkt\\\/relax-pferdeerde-arnika-075kg\\\/#breadcrumb\"},\"inLanguage\":\"de\",\"potentialAction\":[{\"@type\":\"ReadAction\",\"target\":[\"http:\\\/\\\/fabis-lederey.com\\\/index.php\\\/produkt\\\/relax-pferdeerde-arnika-075kg\\\/\"]}]},{\"@type\":\"BreadcrumbList\",\"@id\":\"http:\\\/\\\/fabis-lederey.com\\\/index.php\\\/produkt\\\/relax-pferdeerde-arnika-075kg\\\/#breadcrumb\",\"itemListElement\":[{\"@type\":\"ListItem\",\"position\":1,\"name\":\"Home\",\"item\":\"https:\\\/\\\/fabis-lederey.com\\\/\"},{\"@type\":\"ListItem\",\"position\":2,\"name\":\"Shop\",\"item\":\"https:\\\/\\\/fabis-lederey.com\\\/?page_id=7147\"},{\"@type\":\"ListItem\",\"position\":3,\"name\":\"Relax &#8211; Pferdeerde Arnika, 0,75kg\"}]},{\"@type\":\"WebSite\",\"@id\":\"http:\\\/\\\/fabis-lederey.com\\\/#website\",\"url\":\"http:\\\/\\\/fabis-lederey.com\\\/\",\"name\":\"Fabis Lederey - Fabian Kempf\",\"description\":\"Die Reitsportsattlerei und Ledermanufaktur in Pirmasens, S\u00fcdwestpfalz und im SaarLorLux-Kreis.\",\"potentialAction\":[{\"@type\":\"SearchAction\",\"target\":{\"@type\":\"EntryPoint\",\"urlTemplate\":\"http:\\\/\\\/fabis-lederey.com\\\/?s={search_term_string}\"},\"query-input\":{\"@type\":\"PropertyValueSpecification\",\"valueRequired\":true,\"valueName\":\"search_term_string\"}}],\"inLanguage\":\"de\"}]}<\/script>\n<!-- \/ Yoast SEO plugin. -->","yoast_head_json":{"title":"Relax - Pferdeerde Arnika, 0,75kg - Fabis Lederey - Fabian Kempf","robots":{"index":"index","follow":"follow","max-snippet":"max-snippet:-1","max-image-preview":"max-image-preview:large","max-video-preview":"max-video-preview:-1"},"canonical":"http:\/\/fabis-lederey.com\/index.php\/produkt\/relax-pferdeerde-arnika-075kg\/","og_locale":"de_DE","og_type":"article","og_title":"Relax - Pferdeerde Arnika, 0,75kg - Fabis Lederey - Fabian Kempf","og_description":"Relax Pferdeerde Arnika   Bei Bluterg\u00fcssen, Verstauchungen,Schwellungen  bei Hautirritationen  zur Regeneration der Gliedma\u00dfen","og_url":"http:\/\/fabis-lederey.com\/index.php\/produkt\/relax-pferdeerde-arnika-075kg\/","og_site_name":"Fabis Lederey - Fabian Kempf","article_modified_time":"2022-01-18T11:28:13+00:00","twitter_card":"summary_large_image","twitter_misc":{"Gesch\u00e4tzte Lesezeit":"1\u00a0Minute"},"schema":{"@context":"https:\/\/schema.org","@graph":[{"@type":"WebPage","@id":"http:\/\/fabis-lederey.com\/index.php\/produkt\/relax-pferdeerde-arnika-075kg\/","url":"http:\/\/fabis-lederey.com\/index.php\/produkt\/relax-pferdeerde-arnika-075kg\/","name":"Relax - Pferdeerde Arnika, 0,75kg - Fabis Lederey - Fabian Kempf","isPartOf":{"@id":"http:\/\/fabis-lederey.com\/#website"},"datePublished":"2022-01-18T10:51:09+00:00","dateModified":"2022-01-18T11:28:13+00:00","breadcrumb":{"@id":"http:\/\/fabis-lederey.com\/index.php\/produkt\/relax-pferdeerde-arnika-075kg\/#breadcrumb"},"inLanguage":"de","potentialAction":[{"@type":"ReadAction","target":["http:\/\/fabis-lederey.com\/index.php\/produkt\/relax-pferdeerde-arnika-075kg\/"]}]},{"@type":"BreadcrumbList","@id":"http:\/\/fabis-lederey.com\/index.php\/produkt\/relax-pferdeerde-arnika-075kg\/#breadcrumb","itemListElement":[{"@type":"ListItem","position":1,"name":"Home","item":"https:\/\/fabis-lederey.com\/"},{"@type":"ListItem","position":2,"name":"Shop","item":"https:\/\/fabis-lederey.com\/?page_id=7147"},{"@type":"ListItem","position":3,"name":"Relax &#8211; Pferdeerde Arnika, 0,75kg"}]},{"@type":"WebSite","@id":"http:\/\/fabis-lederey.com\/#website","url":"http:\/\/fabis-lederey.com\/","name":"Fabis Lederey - Fabian Kempf","description":"Die Reitsportsattlerei und Ledermanufaktur in Pirmasens, S\u00fcdwestpfalz und im SaarLorLux-Kreis.","potentialAction":[{"@type":"SearchAction","target":{"@type":"EntryPoint","urlTemplate":"http:\/\/fabis-lederey.com\/?s={search_term_string}"},"query-input":{"@type":"PropertyValueSpecification","valueRequired":true,"valueName":"search_term_string"}}],"inLanguage":"de"}]}},"_links":{"self":[{"href":"http:\/\/fabis-lederey.com\/index.php\/wp-json\/wp\/v2\/product\/7433","targetHints":{"allow":["GET"]}}],"collection":[{"href":"http:\/\/fabis-lederey.com\/index.php\/wp-json\/wp\/v2\/product"}],"about":[{"href":"http:\/\/fabis-lederey.com\/index.php\/wp-json\/wp\/v2\/types\/product"}],"replies":[{"embeddable":true,"href":"http:\/\/fabis-lederey.com\/index.php\/wp-json\/wp\/v2\/comments?post=7433"}],"wp:attachment":[{"href":"http:\/\/fabis-lederey.com\/index.php\/wp-json\/wp\/v2\/media?parent=7433"}],"wp:term":[{"taxonomy":"product_brand","embeddable":true,"href":"http:\/\/fabis-lederey.com\/index.php\/wp-json\/wp\/v2\/product_brand?post=7433"},{"taxonomy":"product_cat","embeddable":true,"href":"http:\/\/fabis-lederey.com\/index.php\/wp-json\/wp\/v2\/product_cat?post=7433"},{"taxonomy":"product_tag","embeddable":true,"href":"http:\/\/fabis-lederey.com\/index.php\/wp-json\/wp\/v2\/product_tag?post=7433"}],"curies":[{"name":"wp","href":"https:\/\/api.w.org\/{rel}","templated":true}]}}