{"id":7436,"date":"2022-01-18T10:56:30","date_gmt":"2022-01-18T10:56:30","guid":{"rendered":"http:\/\/fabis-lederey.com\/?post_type=product&#038;p=7436"},"modified":"2022-01-18T11:29:06","modified_gmt":"2022-01-18T11:29:06","slug":"relax-pferdeerde-calendula-075kg","status":"publish","type":"product","link":"http:\/\/fabis-lederey.com\/index.php\/produkt\/relax-pferdeerde-calendula-075kg\/","title":{"rendered":"Relax &#8211; Pferdeerde Calendula, 0,75kg"},"content":{"rendered":"<div class=\"product--description\">\n<div class=\"col-12 col-md-7\">\n<h2 class=\"h3 product-detail-description-title\">Pferdeerde Calendula (0,75 kg)<\/h2>\n<div class=\"product-detail-description-text\">\n<div>\n<p><b>Nat\u00fcrliche und pflegende Unterst\u00fctzung f\u00fcr eine schnelle Regeneration der Haut. Die Pferdeerde Calendula bildet einen sanften Schutz und ist auch f\u00fcr empfindlichen Hautstellen geeignet.<\/b><\/p>\n<p>&nbsp;<\/p>\n<\/div>\n<div>\n<ul>\n<li>Luftdurchl\u00e4ssige Abdeckung wie nat\u00fcrliches Pflaster<\/li>\n<li>Unterst\u00fctzt bei oberfl\u00e4chlichen Hautverletzungen<\/li>\n<li>Hautst\u00e4rkend durch 100% nat\u00fcrliche Wirkstoffe aus wertvollen Pflanzenextrakten und -\u00f6len<\/li>\n<li>Regenerierend, reinigend, abdeckend<\/li>\n<li>Pflegend bei trockener, rissiger Haut<\/li>\n<li>Als After Sun Pflege<\/li>\n<li>ADMR konform<\/li>\n<\/ul>\n<\/div>\n<div>Rote Tonerde aus S\u00fcdfrankreich versorgt die Haut mit wichtigen Spurenelementen und Mineralstoffen. Durch ihren hohen Eisengehalt wirkt sie \u00e4u\u00dferst positiv auf Hautver\u00e4nderungen ein, mit wei\u00dfer Tonerde vermischt ist sie besonders mild. Die Tinktur enth\u00e4lt eine wertvolle Mischung aus Calendula- und Hamamelisextrakt, die durch ihre gro\u00dfe nat\u00fcrliche Vielfalt an Wirkstoffen die Regeneration der Haut unterst\u00fctzt. Die Calendula ist f\u00fcr ihre entz\u00fcndungshemmende und wundheilende Wirkung bekannt. Hamamelis wird bei Entz\u00fcndungen der Haut und zur Linderung von Juckreiz einsetzt. Dabei h\u00e4lt reines Mandel\u00f6l und Panthenol die Haut geschmeidig und sch\u00fctzt so vor Austrocknung.<\/div>\n<div><b><br \/>\nDas Frischekonzept: <\/b>Um auf die Verwendung von Konservierungsstoffen zu verzichten, bieten wir die Pferdeerde mit der Tinktur in einem Set zum Selbstmischen an. So kann der\/die Pferdebesitzer\/in dem jeweiligen Bedarf entsprechend immer selbst anr\u00fchren und verwendet stets frische, hochwertige Pferdeerde.<\/div>\n<div><b><br \/>\nZur \u00e4u\u00dferlichen Anwendung<\/b>:<\/div>\n<ul>\n<li>Erde, Tinktur und Wasser entsprechend der Angaben auf dem Etikett verr\u00fchren.<\/li>\n<li>Die anger\u00fchrte Paste mindestens 1 x t\u00e4glich einfach auf die betroffenen Stellen auftragen und antrocknen lassen.<\/li>\n<li>Die Pferdeerde Calendula h\u00e4lt ca. einen Tag auf der Haut und l\u00f6st sich nach dem Trocknen ohne zu verkleben. Sie kann daher in regelm\u00e4\u00dfigen Abst\u00e4nden neu aufgetragen werden.<\/li>\n<\/ul>\n<div><b>Anwendungsvideo<\/b>: <a href=\"https:\/\/www.youtube.com\/watch?v=gYHr-bDdqyY\" target=\"_blank\" rel=\"noopener\">https:\/\/www.youtube.com\/watch?v=gYHr-bDdqyY<\/a><\/div>\n<div><b>\u00a0<\/b><\/div>\n<div><b>Inhalt<\/b>: Relax Pferdeerde Calendula im Eimer enth\u00e4lt \u2026<\/div>\n<div>\n<ul>\n<li>750 g Mischung roter Tonerde aus S\u00fcdfrankreich und wei\u00dfem Kaolin aus Deutschland<\/li>\n<li>100 ml Tinktur-\u00d6lmischung aus Calendulaextrakt, Hamamelisextrakt, Calendula\u00f6l, Panthenol, Mandel\u00f6l, Lavendel\u00f6l<\/li>\n<li>1 Holzspatel<\/li>\n<\/ul>\n<div>\n<p><b>Haltbarkeit:<\/b> Wir empfehlen die Pferdeerde Calendula immer m\u00f6glichst frisch anzur\u00fchren!<\/p>\n<p>Der Inhalt eines Eimers ergibt ca. 1,25 kg Paste.<\/p>\n<\/div>\n<\/div>\n<\/div>\n<\/div>\n<\/div>\n","protected":false},"excerpt":{"rendered":"<h4>Relax Pferdeerde Calendula<\/h4>\n<div>\n<ul>\n<li>Luftdurchl\u00e4ssige Abdeckung wie nat\u00fcrliches Pflaster<\/li>\n<li>Unterst\u00fctzt bei oberfl\u00e4chlichen Hautverletzungen<\/li>\n<li>Hautst\u00e4rkend durch 100% nat\u00fcrliche Wirkstoffe aus wertvollen Pflanzenextrakten und -\u00f6len<\/li>\n<li>Regenerierend, reinigend, abdeckend<\/li>\n<li>Pflegend bei trockener, rissiger Haut<\/li>\n<li>Als After Sun Pflege<\/li>\n<li>ADMR konform<\/li>\n<\/ul>\n<\/div>\n","protected":false},"featured_media":0,"comment_status":"open","ping_status":"closed","template":"","meta":[],"product_brand":[],"product_cat":[44,81],"product_tag":[],"class_list":{"0":"post-7436","1":"product","2":"type-product","3":"status-publish","5":"product_cat-allproducts","6":"product_cat-stallapotheke-1-hilfe","8":"first","9":"instock","10":"taxable","11":"shipping-taxable","12":"purchasable","13":"product-type-simple"},"yoast_head":"<!-- This site is optimized with the Yoast SEO plugin v27.5 - https:\/\/yoast.com\/product\/yoast-seo-wordpress\/ -->\n<title>Relax - Pferdeerde Calendula, 0,75kg - Fabis Lederey - Fabian Kempf<\/title>\n<meta name=\"robots\" content=\"index, follow, max-snippet:-1, max-image-preview:large, max-video-preview:-1\" \/>\n<link rel=\"canonical\" href=\"http:\/\/fabis-lederey.com\/index.php\/produkt\/relax-pferdeerde-calendula-075kg\/\" \/>\n<meta property=\"og:locale\" content=\"de_DE\" \/>\n<meta property=\"og:type\" content=\"article\" \/>\n<meta property=\"og:title\" content=\"Relax - Pferdeerde Calendula, 0,75kg - Fabis Lederey - Fabian Kempf\" \/>\n<meta property=\"og:description\" content=\"Relax Pferdeerde Calendula    Luftdurchl\u00e4ssige Abdeckung wie nat\u00fcrliches Pflaster  Unterst\u00fctzt bei oberfl\u00e4chlichen Hautverletzungen  Hautst\u00e4rkend durch 100% nat\u00fcrliche Wirkstoffe aus wertvollen Pflanzenextrakten und -\u00f6len  Regenerierend, reinigend, abdeckend  Pflegend bei trockener, rissiger Haut  Als After Sun Pflege  ADMR konform\" \/>\n<meta property=\"og:url\" content=\"http:\/\/fabis-lederey.com\/index.php\/produkt\/relax-pferdeerde-calendula-075kg\/\" \/>\n<meta property=\"og:site_name\" content=\"Fabis Lederey - Fabian Kempf\" \/>\n<meta property=\"article:modified_time\" content=\"2022-01-18T11:29:06+00:00\" \/>\n<meta name=\"twitter:card\" content=\"summary_large_image\" \/>\n<meta name=\"twitter:label1\" content=\"Gesch\u00e4tzte Lesezeit\" \/>\n\t<meta name=\"twitter:data1\" content=\"1\u00a0Minute\" \/>\n<script type=\"application\/ld+json\" class=\"yoast-schema-graph\">{\"@context\":\"https:\\\/\\\/schema.org\",\"@graph\":[{\"@type\":\"WebPage\",\"@id\":\"http:\\\/\\\/fabis-lederey.com\\\/index.php\\\/produkt\\\/relax-pferdeerde-calendula-075kg\\\/\",\"url\":\"http:\\\/\\\/fabis-lederey.com\\\/index.php\\\/produkt\\\/relax-pferdeerde-calendula-075kg\\\/\",\"name\":\"Relax - Pferdeerde Calendula, 0,75kg - Fabis Lederey - Fabian Kempf\",\"isPartOf\":{\"@id\":\"http:\\\/\\\/fabis-lederey.com\\\/#website\"},\"datePublished\":\"2022-01-18T10:56:30+00:00\",\"dateModified\":\"2022-01-18T11:29:06+00:00\",\"breadcrumb\":{\"@id\":\"http:\\\/\\\/fabis-lederey.com\\\/index.php\\\/produkt\\\/relax-pferdeerde-calendula-075kg\\\/#breadcrumb\"},\"inLanguage\":\"de\",\"potentialAction\":[{\"@type\":\"ReadAction\",\"target\":[\"http:\\\/\\\/fabis-lederey.com\\\/index.php\\\/produkt\\\/relax-pferdeerde-calendula-075kg\\\/\"]}]},{\"@type\":\"BreadcrumbList\",\"@id\":\"http:\\\/\\\/fabis-lederey.com\\\/index.php\\\/produkt\\\/relax-pferdeerde-calendula-075kg\\\/#breadcrumb\",\"itemListElement\":[{\"@type\":\"ListItem\",\"position\":1,\"name\":\"Home\",\"item\":\"https:\\\/\\\/fabis-lederey.com\\\/\"},{\"@type\":\"ListItem\",\"position\":2,\"name\":\"Shop\",\"item\":\"https:\\\/\\\/fabis-lederey.com\\\/?page_id=7147\"},{\"@type\":\"ListItem\",\"position\":3,\"name\":\"Relax &#8211; Pferdeerde Calendula, 0,75kg\"}]},{\"@type\":\"WebSite\",\"@id\":\"http:\\\/\\\/fabis-lederey.com\\\/#website\",\"url\":\"http:\\\/\\\/fabis-lederey.com\\\/\",\"name\":\"Fabis Lederey - Fabian Kempf\",\"description\":\"Die Reitsportsattlerei und Ledermanufaktur in Pirmasens, S\u00fcdwestpfalz und im SaarLorLux-Kreis.\",\"potentialAction\":[{\"@type\":\"SearchAction\",\"target\":{\"@type\":\"EntryPoint\",\"urlTemplate\":\"http:\\\/\\\/fabis-lederey.com\\\/?s={search_term_string}\"},\"query-input\":{\"@type\":\"PropertyValueSpecification\",\"valueRequired\":true,\"valueName\":\"search_term_string\"}}],\"inLanguage\":\"de\"}]}<\/script>\n<!-- \/ Yoast SEO plugin. -->","yoast_head_json":{"title":"Relax - Pferdeerde Calendula, 0,75kg - Fabis Lederey - Fabian Kempf","robots":{"index":"index","follow":"follow","max-snippet":"max-snippet:-1","max-image-preview":"max-image-preview:large","max-video-preview":"max-video-preview:-1"},"canonical":"http:\/\/fabis-lederey.com\/index.php\/produkt\/relax-pferdeerde-calendula-075kg\/","og_locale":"de_DE","og_type":"article","og_title":"Relax - Pferdeerde Calendula, 0,75kg - Fabis Lederey - Fabian Kempf","og_description":"Relax Pferdeerde Calendula    Luftdurchl\u00e4ssige Abdeckung wie nat\u00fcrliches Pflaster  Unterst\u00fctzt bei oberfl\u00e4chlichen Hautverletzungen  Hautst\u00e4rkend durch 100% nat\u00fcrliche Wirkstoffe aus wertvollen Pflanzenextrakten und -\u00f6len  Regenerierend, reinigend, abdeckend  Pflegend bei trockener, rissiger Haut  Als After Sun Pflege  ADMR konform","og_url":"http:\/\/fabis-lederey.com\/index.php\/produkt\/relax-pferdeerde-calendula-075kg\/","og_site_name":"Fabis Lederey - Fabian Kempf","article_modified_time":"2022-01-18T11:29:06+00:00","twitter_card":"summary_large_image","twitter_misc":{"Gesch\u00e4tzte Lesezeit":"1\u00a0Minute"},"schema":{"@context":"https:\/\/schema.org","@graph":[{"@type":"WebPage","@id":"http:\/\/fabis-lederey.com\/index.php\/produkt\/relax-pferdeerde-calendula-075kg\/","url":"http:\/\/fabis-lederey.com\/index.php\/produkt\/relax-pferdeerde-calendula-075kg\/","name":"Relax - Pferdeerde Calendula, 0,75kg - Fabis Lederey - Fabian Kempf","isPartOf":{"@id":"http:\/\/fabis-lederey.com\/#website"},"datePublished":"2022-01-18T10:56:30+00:00","dateModified":"2022-01-18T11:29:06+00:00","breadcrumb":{"@id":"http:\/\/fabis-lederey.com\/index.php\/produkt\/relax-pferdeerde-calendula-075kg\/#breadcrumb"},"inLanguage":"de","potentialAction":[{"@type":"ReadAction","target":["http:\/\/fabis-lederey.com\/index.php\/produkt\/relax-pferdeerde-calendula-075kg\/"]}]},{"@type":"BreadcrumbList","@id":"http:\/\/fabis-lederey.com\/index.php\/produkt\/relax-pferdeerde-calendula-075kg\/#breadcrumb","itemListElement":[{"@type":"ListItem","position":1,"name":"Home","item":"https:\/\/fabis-lederey.com\/"},{"@type":"ListItem","position":2,"name":"Shop","item":"https:\/\/fabis-lederey.com\/?page_id=7147"},{"@type":"ListItem","position":3,"name":"Relax &#8211; Pferdeerde Calendula, 0,75kg"}]},{"@type":"WebSite","@id":"http:\/\/fabis-lederey.com\/#website","url":"http:\/\/fabis-lederey.com\/","name":"Fabis Lederey - Fabian Kempf","description":"Die Reitsportsattlerei und Ledermanufaktur in Pirmasens, S\u00fcdwestpfalz und im SaarLorLux-Kreis.","potentialAction":[{"@type":"SearchAction","target":{"@type":"EntryPoint","urlTemplate":"http:\/\/fabis-lederey.com\/?s={search_term_string}"},"query-input":{"@type":"PropertyValueSpecification","valueRequired":true,"valueName":"search_term_string"}}],"inLanguage":"de"}]}},"_links":{"self":[{"href":"http:\/\/fabis-lederey.com\/index.php\/wp-json\/wp\/v2\/product\/7436","targetHints":{"allow":["GET"]}}],"collection":[{"href":"http:\/\/fabis-lederey.com\/index.php\/wp-json\/wp\/v2\/product"}],"about":[{"href":"http:\/\/fabis-lederey.com\/index.php\/wp-json\/wp\/v2\/types\/product"}],"replies":[{"embeddable":true,"href":"http:\/\/fabis-lederey.com\/index.php\/wp-json\/wp\/v2\/comments?post=7436"}],"wp:attachment":[{"href":"http:\/\/fabis-lederey.com\/index.php\/wp-json\/wp\/v2\/media?parent=7436"}],"wp:term":[{"taxonomy":"product_brand","embeddable":true,"href":"http:\/\/fabis-lederey.com\/index.php\/wp-json\/wp\/v2\/product_brand?post=7436"},{"taxonomy":"product_cat","embeddable":true,"href":"http:\/\/fabis-lederey.com\/index.php\/wp-json\/wp\/v2\/product_cat?post=7436"},{"taxonomy":"product_tag","embeddable":true,"href":"http:\/\/fabis-lederey.com\/index.php\/wp-json\/wp\/v2\/product_tag?post=7436"}],"curies":[{"name":"wp","href":"https:\/\/api.w.org\/{rel}","templated":true}]}}