{"id":7440,"date":"2022-01-18T12:20:32","date_gmt":"2022-01-18T12:20:32","guid":{"rendered":"http:\/\/fabis-lederey.com\/?post_type=product&#038;p=7440"},"modified":"2022-01-18T12:50:33","modified_gmt":"2022-01-18T12:50:33","slug":"verbandsvlies-absorba","status":"publish","type":"product","link":"http:\/\/fabis-lederey.com\/index.php\/produkt\/verbandsvlies-absorba\/","title":{"rendered":"Verbandsvlies Absorba"},"content":{"rendered":"<div class=\"product--description\">\n<div class=\"col-12 col-md-7\">\n<div class=\"product--description\">\n<h2>Verbandvlies Absorba<\/h2>\n<p>Das Verbandvlies Absorba von Technobase eignet sich perfekt f\u00fcr eine optimale Wundversorgung. Dieses besonders saugf\u00e4hige Verbandvlies sorgt f\u00fcr ein ideales Abtrocknen der Wunde. Durch das Abtrocknen der Wunde entsteht kein gef\u00e4hrlicher N\u00e4hrboden f\u00fcr Keime, dadurch unterst\u00fctzt das Verbandflies eine bessere Wundheilung. Das hautfreundliche Material ist seidenweich und offenporig. Dieses Verbandvlies kann beidseitig zur Wundauflage oder zum Abtupfen von Wunden verwendet werden. Es ist besonders praktisch in einer Klarsichtbox verpackt.<\/p>\n<h3>Material<\/h3>\n<ul>\n<li>besonders saugf\u00e4higes Verbandvlies<\/li>\n<li>das Material ist seidenweich und offenporig<\/li>\n<li>auf beiden Seiten verwendbar<\/li>\n<li>der Reinheitsgrad entspricht den Standards der PH. Eur<\/li>\n<\/ul>\n<h3>Eigenschaften<\/h3>\n<ul>\n<li>Ma\u00dfe: 10 cm x 5 m<\/li>\n<\/ul>\n<\/div>\n<\/div>\n<\/div>\n","protected":false},"excerpt":{"rendered":"<h4>Verbandsvlies Absorba<\/h4>\n<div>\n<div class=\"fundis-product-usp-properties\">\n<div class=\"fundis-product-usp-entry\">\n<ul>\n<li class=\"fundis-product-usp-entry-text\">sehr saugf\u00e4higes Material<\/li>\n<li class=\"fundis-product-usp-entry-text\">beidseitig verwendbar<\/li>\n<li class=\"fundis-product-usp-entry-text\">praktische Verpackung<\/li>\n<\/ul>\n<\/div>\n<\/div>\n<\/div>\n","protected":false},"featured_media":0,"comment_status":"open","ping_status":"closed","template":"","meta":[],"product_brand":[],"product_cat":[44,81],"product_tag":[],"class_list":{"0":"post-7440","1":"product","2":"type-product","3":"status-publish","5":"product_cat-allproducts","6":"product_cat-stallapotheke-1-hilfe","8":"first","9":"instock","10":"taxable","11":"shipping-taxable","12":"purchasable","13":"product-type-simple"},"yoast_head":"<!-- This site is optimized with the Yoast SEO plugin v27.5 - https:\/\/yoast.com\/product\/yoast-seo-wordpress\/ -->\n<title>Verbandsvlies Absorba - Fabis Lederey - Fabian Kempf<\/title>\n<meta name=\"robots\" content=\"index, follow, max-snippet:-1, max-image-preview:large, max-video-preview:-1\" \/>\n<link rel=\"canonical\" href=\"http:\/\/fabis-lederey.com\/index.php\/produkt\/verbandsvlies-absorba\/\" \/>\n<meta property=\"og:locale\" content=\"de_DE\" \/>\n<meta property=\"og:type\" content=\"article\" \/>\n<meta property=\"og:title\" content=\"Verbandsvlies Absorba - Fabis Lederey - Fabian Kempf\" \/>\n<meta property=\"og:description\" content=\"Verbandsvlies Absorba      sehr saugf\u00e4higes Material  beidseitig verwendbar  praktische Verpackung\" \/>\n<meta property=\"og:url\" content=\"http:\/\/fabis-lederey.com\/index.php\/produkt\/verbandsvlies-absorba\/\" \/>\n<meta property=\"og:site_name\" content=\"Fabis Lederey - Fabian Kempf\" \/>\n<meta property=\"article:modified_time\" content=\"2022-01-18T12:50:33+00:00\" \/>\n<meta name=\"twitter:card\" content=\"summary_large_image\" \/>\n<meta name=\"twitter:label1\" content=\"Gesch\u00e4tzte Lesezeit\" \/>\n\t<meta name=\"twitter:data1\" content=\"1\u00a0Minute\" \/>\n<script type=\"application\/ld+json\" class=\"yoast-schema-graph\">{\"@context\":\"https:\\\/\\\/schema.org\",\"@graph\":[{\"@type\":\"WebPage\",\"@id\":\"http:\\\/\\\/fabis-lederey.com\\\/index.php\\\/produkt\\\/verbandsvlies-absorba\\\/\",\"url\":\"http:\\\/\\\/fabis-lederey.com\\\/index.php\\\/produkt\\\/verbandsvlies-absorba\\\/\",\"name\":\"Verbandsvlies Absorba - Fabis Lederey - Fabian Kempf\",\"isPartOf\":{\"@id\":\"http:\\\/\\\/fabis-lederey.com\\\/#website\"},\"datePublished\":\"2022-01-18T12:20:32+00:00\",\"dateModified\":\"2022-01-18T12:50:33+00:00\",\"breadcrumb\":{\"@id\":\"http:\\\/\\\/fabis-lederey.com\\\/index.php\\\/produkt\\\/verbandsvlies-absorba\\\/#breadcrumb\"},\"inLanguage\":\"de\",\"potentialAction\":[{\"@type\":\"ReadAction\",\"target\":[\"http:\\\/\\\/fabis-lederey.com\\\/index.php\\\/produkt\\\/verbandsvlies-absorba\\\/\"]}]},{\"@type\":\"BreadcrumbList\",\"@id\":\"http:\\\/\\\/fabis-lederey.com\\\/index.php\\\/produkt\\\/verbandsvlies-absorba\\\/#breadcrumb\",\"itemListElement\":[{\"@type\":\"ListItem\",\"position\":1,\"name\":\"Home\",\"item\":\"https:\\\/\\\/fabis-lederey.com\\\/\"},{\"@type\":\"ListItem\",\"position\":2,\"name\":\"Shop\",\"item\":\"https:\\\/\\\/fabis-lederey.com\\\/?page_id=7147\"},{\"@type\":\"ListItem\",\"position\":3,\"name\":\"Verbandsvlies Absorba\"}]},{\"@type\":\"WebSite\",\"@id\":\"http:\\\/\\\/fabis-lederey.com\\\/#website\",\"url\":\"http:\\\/\\\/fabis-lederey.com\\\/\",\"name\":\"Fabis Lederey - Fabian Kempf\",\"description\":\"Die Reitsportsattlerei und Ledermanufaktur in Pirmasens, S\u00fcdwestpfalz und im SaarLorLux-Kreis.\",\"potentialAction\":[{\"@type\":\"SearchAction\",\"target\":{\"@type\":\"EntryPoint\",\"urlTemplate\":\"http:\\\/\\\/fabis-lederey.com\\\/?s={search_term_string}\"},\"query-input\":{\"@type\":\"PropertyValueSpecification\",\"valueRequired\":true,\"valueName\":\"search_term_string\"}}],\"inLanguage\":\"de\"}]}<\/script>\n<!-- \/ Yoast SEO plugin. -->","yoast_head_json":{"title":"Verbandsvlies Absorba - Fabis Lederey - Fabian Kempf","robots":{"index":"index","follow":"follow","max-snippet":"max-snippet:-1","max-image-preview":"max-image-preview:large","max-video-preview":"max-video-preview:-1"},"canonical":"http:\/\/fabis-lederey.com\/index.php\/produkt\/verbandsvlies-absorba\/","og_locale":"de_DE","og_type":"article","og_title":"Verbandsvlies Absorba - Fabis Lederey - Fabian Kempf","og_description":"Verbandsvlies Absorba      sehr saugf\u00e4higes Material  beidseitig verwendbar  praktische Verpackung","og_url":"http:\/\/fabis-lederey.com\/index.php\/produkt\/verbandsvlies-absorba\/","og_site_name":"Fabis Lederey - Fabian Kempf","article_modified_time":"2022-01-18T12:50:33+00:00","twitter_card":"summary_large_image","twitter_misc":{"Gesch\u00e4tzte Lesezeit":"1\u00a0Minute"},"schema":{"@context":"https:\/\/schema.org","@graph":[{"@type":"WebPage","@id":"http:\/\/fabis-lederey.com\/index.php\/produkt\/verbandsvlies-absorba\/","url":"http:\/\/fabis-lederey.com\/index.php\/produkt\/verbandsvlies-absorba\/","name":"Verbandsvlies Absorba - Fabis Lederey - Fabian Kempf","isPartOf":{"@id":"http:\/\/fabis-lederey.com\/#website"},"datePublished":"2022-01-18T12:20:32+00:00","dateModified":"2022-01-18T12:50:33+00:00","breadcrumb":{"@id":"http:\/\/fabis-lederey.com\/index.php\/produkt\/verbandsvlies-absorba\/#breadcrumb"},"inLanguage":"de","potentialAction":[{"@type":"ReadAction","target":["http:\/\/fabis-lederey.com\/index.php\/produkt\/verbandsvlies-absorba\/"]}]},{"@type":"BreadcrumbList","@id":"http:\/\/fabis-lederey.com\/index.php\/produkt\/verbandsvlies-absorba\/#breadcrumb","itemListElement":[{"@type":"ListItem","position":1,"name":"Home","item":"https:\/\/fabis-lederey.com\/"},{"@type":"ListItem","position":2,"name":"Shop","item":"https:\/\/fabis-lederey.com\/?page_id=7147"},{"@type":"ListItem","position":3,"name":"Verbandsvlies Absorba"}]},{"@type":"WebSite","@id":"http:\/\/fabis-lederey.com\/#website","url":"http:\/\/fabis-lederey.com\/","name":"Fabis Lederey - Fabian Kempf","description":"Die Reitsportsattlerei und Ledermanufaktur in Pirmasens, S\u00fcdwestpfalz und im SaarLorLux-Kreis.","potentialAction":[{"@type":"SearchAction","target":{"@type":"EntryPoint","urlTemplate":"http:\/\/fabis-lederey.com\/?s={search_term_string}"},"query-input":{"@type":"PropertyValueSpecification","valueRequired":true,"valueName":"search_term_string"}}],"inLanguage":"de"}]}},"_links":{"self":[{"href":"http:\/\/fabis-lederey.com\/index.php\/wp-json\/wp\/v2\/product\/7440","targetHints":{"allow":["GET"]}}],"collection":[{"href":"http:\/\/fabis-lederey.com\/index.php\/wp-json\/wp\/v2\/product"}],"about":[{"href":"http:\/\/fabis-lederey.com\/index.php\/wp-json\/wp\/v2\/types\/product"}],"replies":[{"embeddable":true,"href":"http:\/\/fabis-lederey.com\/index.php\/wp-json\/wp\/v2\/comments?post=7440"}],"wp:attachment":[{"href":"http:\/\/fabis-lederey.com\/index.php\/wp-json\/wp\/v2\/media?parent=7440"}],"wp:term":[{"taxonomy":"product_brand","embeddable":true,"href":"http:\/\/fabis-lederey.com\/index.php\/wp-json\/wp\/v2\/product_brand?post=7440"},{"taxonomy":"product_cat","embeddable":true,"href":"http:\/\/fabis-lederey.com\/index.php\/wp-json\/wp\/v2\/product_cat?post=7440"},{"taxonomy":"product_tag","embeddable":true,"href":"http:\/\/fabis-lederey.com\/index.php\/wp-json\/wp\/v2\/product_tag?post=7440"}],"curies":[{"name":"wp","href":"https:\/\/api.w.org\/{rel}","templated":true}]}}