{"id":7442,"date":"2022-01-18T12:25:59","date_gmt":"2022-01-18T12:25:59","guid":{"rendered":"http:\/\/fabis-lederey.com\/?post_type=product&#038;p=7442"},"modified":"2022-01-18T12:29:45","modified_gmt":"2022-01-18T12:29:45","slug":"ballistol-tierpflegeoel-100ml","status":"publish","type":"product","link":"http:\/\/fabis-lederey.com\/index.php\/produkt\/ballistol-tierpflegeoel-100ml\/","title":{"rendered":"Ballistol &#8211; Tierpflege\u00f6l, 100ml"},"content":{"rendered":"<div class=\"product--description\">\n<div class=\"col-12 col-md-7\">\n<div class=\"product--description\">\n<h2>Ballistol Tierpflege\u00f6l<\/h2>\n<p>ist die nat\u00fcrliche und sanfte Pflege f\u00fcr Ihr Tier. Es wird seit \u00fcber 60 Jahren mit bew\u00e4hrten, rein pflanzlichen Wirkstoffen in Arzneimittelqualit\u00e4t hergestellt. F\u00fcr die Haut-, Pfoten-, Fell- und Ohrenpflege aller Haus- und Hoftiere.<\/p>\n<ul class=\"a-unordered-list a-vertical\">\n<li><span class=\"a-list-item\">Mit Tiefenwirkung<\/span><\/li>\n<li><span class=\"a-list-item\">Zur Wundnachbehandlung<\/span><\/li>\n<li><span class=\"a-list-item\">Reinigt die Ohrmuscheln<\/span><\/li>\n<li><span class=\"a-list-item\">Pflegt empfindliche Scheuerstellen<\/span><\/li>\n<li><span class=\"a-list-item\">Wirkt desinfizierend<\/span><\/li>\n<li><span class=\"a-list-item\">Unterst\u00fctzt das Haarwachstum auch an Scheuerstellen<\/span><\/li>\n<li><span class=\"a-list-item\">Ohne Farb- und Konservierungsstoffe<\/span><\/li>\n<li><span class=\"a-list-item\">Absolut umweltvertr\u00e4glich<\/span><\/li>\n<\/ul>\n<p>Das \u00d6l besteht aus bew\u00e4hrten nat\u00fcrlichen Wirkstoffen und medizinisch reinem Wei\u00df\u00f6l. Aufgrund seiner Zusammensetzung und sorgsamen Herstellung eignet sich Ballistol Animal ideal zur Wundnachbehandlung bzw. als universelles Pflege\u00f6l.<\/p>\n<p>Im Lieferumfang enthalten:<br \/>\nBallistol Animal Tierpflege\u00f6l 100ml<\/p><\/div>\n<\/div>\n<\/div>\n","protected":false},"excerpt":{"rendered":"<h2 class=\"ad-ui-Component-headline-0-2-128 ad-ui-Component-headline_size_sm-0-2-132\">Ballistol Tierpflege\u00f6l<\/h2>\n<div data-testid=\"description-show-more\">\n<div class=\"ad-ui-content-0-2-293\">\n<div class=\"ad-ui-paragraph-0-2-308\">\u2022 f\u00fcr alle Heim- und Haustiere<br \/>\n\u2022 zur Pflege empfindlicher Haut und zur Pfotenpflege<br \/>\n\u2022 zur Reinigung der Ohrmuscheln<br \/>\n\u2022 zur Schweif-, Huf- und Fellpflege bei Pferden<br \/>\n\u2022 gute Vertr\u00e4glichkeit<\/div>\n<\/div>\n<\/div>\n","protected":false},"featured_media":0,"comment_status":"open","ping_status":"closed","template":"","meta":[],"product_brand":[],"product_cat":[44,81],"product_tag":[],"class_list":{"0":"post-7442","1":"product","2":"type-product","3":"status-publish","5":"product_cat-allproducts","6":"product_cat-stallapotheke-1-hilfe","8":"first","9":"instock","10":"taxable","11":"shipping-taxable","12":"purchasable","13":"product-type-simple"},"yoast_head":"<!-- This site is optimized with the Yoast SEO plugin v27.5 - https:\/\/yoast.com\/product\/yoast-seo-wordpress\/ -->\n<title>Ballistol - Tierpflege\u00f6l, 100ml - Fabis Lederey - Fabian Kempf<\/title>\n<meta name=\"robots\" content=\"index, follow, max-snippet:-1, max-image-preview:large, max-video-preview:-1\" \/>\n<link rel=\"canonical\" href=\"http:\/\/fabis-lederey.com\/index.php\/produkt\/ballistol-tierpflegeoel-100ml\/\" \/>\n<meta property=\"og:locale\" content=\"de_DE\" \/>\n<meta property=\"og:type\" content=\"article\" \/>\n<meta property=\"og:title\" content=\"Ballistol - Tierpflege\u00f6l, 100ml - Fabis Lederey - Fabian Kempf\" \/>\n<meta property=\"og:description\" content=\"Ballistol Tierpflege\u00f6l   \u2022 f\u00fcr alle Heim- und Haustiere \u2022 zur Pflege empfindlicher Haut und zur Pfotenpflege \u2022 zur Reinigung der Ohrmuscheln \u2022 zur Schweif-, Huf- und Fellpflege bei Pferden \u2022 gute Vertr\u00e4glichkeit\" \/>\n<meta property=\"og:url\" content=\"http:\/\/fabis-lederey.com\/index.php\/produkt\/ballistol-tierpflegeoel-100ml\/\" \/>\n<meta property=\"og:site_name\" content=\"Fabis Lederey - Fabian Kempf\" \/>\n<meta property=\"article:modified_time\" content=\"2022-01-18T12:29:45+00:00\" \/>\n<meta name=\"twitter:card\" content=\"summary_large_image\" \/>\n<meta name=\"twitter:label1\" content=\"Gesch\u00e4tzte Lesezeit\" \/>\n\t<meta name=\"twitter:data1\" content=\"1\u00a0Minute\" \/>\n<script type=\"application\/ld+json\" class=\"yoast-schema-graph\">{\"@context\":\"https:\\\/\\\/schema.org\",\"@graph\":[{\"@type\":\"WebPage\",\"@id\":\"http:\\\/\\\/fabis-lederey.com\\\/index.php\\\/produkt\\\/ballistol-tierpflegeoel-100ml\\\/\",\"url\":\"http:\\\/\\\/fabis-lederey.com\\\/index.php\\\/produkt\\\/ballistol-tierpflegeoel-100ml\\\/\",\"name\":\"Ballistol - Tierpflege\u00f6l, 100ml - Fabis Lederey - Fabian Kempf\",\"isPartOf\":{\"@id\":\"https:\\\/\\\/fabis-lederey.com\\\/#website\"},\"datePublished\":\"2022-01-18T12:25:59+00:00\",\"dateModified\":\"2022-01-18T12:29:45+00:00\",\"breadcrumb\":{\"@id\":\"http:\\\/\\\/fabis-lederey.com\\\/index.php\\\/produkt\\\/ballistol-tierpflegeoel-100ml\\\/#breadcrumb\"},\"inLanguage\":\"de\",\"potentialAction\":[{\"@type\":\"ReadAction\",\"target\":[\"http:\\\/\\\/fabis-lederey.com\\\/index.php\\\/produkt\\\/ballistol-tierpflegeoel-100ml\\\/\"]}]},{\"@type\":\"BreadcrumbList\",\"@id\":\"http:\\\/\\\/fabis-lederey.com\\\/index.php\\\/produkt\\\/ballistol-tierpflegeoel-100ml\\\/#breadcrumb\",\"itemListElement\":[{\"@type\":\"ListItem\",\"position\":1,\"name\":\"Home\",\"item\":\"http:\\\/\\\/fabis-lederey.com\\\/\"},{\"@type\":\"ListItem\",\"position\":2,\"name\":\"Shop\",\"item\":\"http:\\\/\\\/fabis-lederey.com\\\/?page_id=7147\"},{\"@type\":\"ListItem\",\"position\":3,\"name\":\"Ballistol &#8211; Tierpflege\u00f6l, 100ml\"}]},{\"@type\":\"WebSite\",\"@id\":\"https:\\\/\\\/fabis-lederey.com\\\/#website\",\"url\":\"https:\\\/\\\/fabis-lederey.com\\\/\",\"name\":\"Fabis Lederey - Fabian Kempf\",\"description\":\"Die Reitsportsattlerei und Ledermanufaktur in Pirmasens, S\u00fcdwestpfalz und im SaarLorLux-Kreis.\",\"potentialAction\":[{\"@type\":\"SearchAction\",\"target\":{\"@type\":\"EntryPoint\",\"urlTemplate\":\"https:\\\/\\\/fabis-lederey.com\\\/?s={search_term_string}\"},\"query-input\":{\"@type\":\"PropertyValueSpecification\",\"valueRequired\":true,\"valueName\":\"search_term_string\"}}],\"inLanguage\":\"de\"}]}<\/script>\n<!-- \/ Yoast SEO plugin. -->","yoast_head_json":{"title":"Ballistol - Tierpflege\u00f6l, 100ml - Fabis Lederey - Fabian Kempf","robots":{"index":"index","follow":"follow","max-snippet":"max-snippet:-1","max-image-preview":"max-image-preview:large","max-video-preview":"max-video-preview:-1"},"canonical":"http:\/\/fabis-lederey.com\/index.php\/produkt\/ballistol-tierpflegeoel-100ml\/","og_locale":"de_DE","og_type":"article","og_title":"Ballistol - Tierpflege\u00f6l, 100ml - Fabis Lederey - Fabian Kempf","og_description":"Ballistol Tierpflege\u00f6l   \u2022 f\u00fcr alle Heim- und Haustiere \u2022 zur Pflege empfindlicher Haut und zur Pfotenpflege \u2022 zur Reinigung der Ohrmuscheln \u2022 zur Schweif-, Huf- und Fellpflege bei Pferden \u2022 gute Vertr\u00e4glichkeit","og_url":"http:\/\/fabis-lederey.com\/index.php\/produkt\/ballistol-tierpflegeoel-100ml\/","og_site_name":"Fabis Lederey - Fabian Kempf","article_modified_time":"2022-01-18T12:29:45+00:00","twitter_card":"summary_large_image","twitter_misc":{"Gesch\u00e4tzte Lesezeit":"1\u00a0Minute"},"schema":{"@context":"https:\/\/schema.org","@graph":[{"@type":"WebPage","@id":"http:\/\/fabis-lederey.com\/index.php\/produkt\/ballistol-tierpflegeoel-100ml\/","url":"http:\/\/fabis-lederey.com\/index.php\/produkt\/ballistol-tierpflegeoel-100ml\/","name":"Ballistol - Tierpflege\u00f6l, 100ml - Fabis Lederey - Fabian Kempf","isPartOf":{"@id":"https:\/\/fabis-lederey.com\/#website"},"datePublished":"2022-01-18T12:25:59+00:00","dateModified":"2022-01-18T12:29:45+00:00","breadcrumb":{"@id":"http:\/\/fabis-lederey.com\/index.php\/produkt\/ballistol-tierpflegeoel-100ml\/#breadcrumb"},"inLanguage":"de","potentialAction":[{"@type":"ReadAction","target":["http:\/\/fabis-lederey.com\/index.php\/produkt\/ballistol-tierpflegeoel-100ml\/"]}]},{"@type":"BreadcrumbList","@id":"http:\/\/fabis-lederey.com\/index.php\/produkt\/ballistol-tierpflegeoel-100ml\/#breadcrumb","itemListElement":[{"@type":"ListItem","position":1,"name":"Home","item":"http:\/\/fabis-lederey.com\/"},{"@type":"ListItem","position":2,"name":"Shop","item":"http:\/\/fabis-lederey.com\/?page_id=7147"},{"@type":"ListItem","position":3,"name":"Ballistol &#8211; Tierpflege\u00f6l, 100ml"}]},{"@type":"WebSite","@id":"https:\/\/fabis-lederey.com\/#website","url":"https:\/\/fabis-lederey.com\/","name":"Fabis Lederey - Fabian Kempf","description":"Die Reitsportsattlerei und Ledermanufaktur in Pirmasens, S\u00fcdwestpfalz und im SaarLorLux-Kreis.","potentialAction":[{"@type":"SearchAction","target":{"@type":"EntryPoint","urlTemplate":"https:\/\/fabis-lederey.com\/?s={search_term_string}"},"query-input":{"@type":"PropertyValueSpecification","valueRequired":true,"valueName":"search_term_string"}}],"inLanguage":"de"}]}},"_links":{"self":[{"href":"http:\/\/fabis-lederey.com\/index.php\/wp-json\/wp\/v2\/product\/7442","targetHints":{"allow":["GET"]}}],"collection":[{"href":"http:\/\/fabis-lederey.com\/index.php\/wp-json\/wp\/v2\/product"}],"about":[{"href":"http:\/\/fabis-lederey.com\/index.php\/wp-json\/wp\/v2\/types\/product"}],"replies":[{"embeddable":true,"href":"http:\/\/fabis-lederey.com\/index.php\/wp-json\/wp\/v2\/comments?post=7442"}],"wp:attachment":[{"href":"http:\/\/fabis-lederey.com\/index.php\/wp-json\/wp\/v2\/media?parent=7442"}],"wp:term":[{"taxonomy":"product_brand","embeddable":true,"href":"http:\/\/fabis-lederey.com\/index.php\/wp-json\/wp\/v2\/product_brand?post=7442"},{"taxonomy":"product_cat","embeddable":true,"href":"http:\/\/fabis-lederey.com\/index.php\/wp-json\/wp\/v2\/product_cat?post=7442"},{"taxonomy":"product_tag","embeddable":true,"href":"http:\/\/fabis-lederey.com\/index.php\/wp-json\/wp\/v2\/product_tag?post=7442"}],"curies":[{"name":"wp","href":"https:\/\/api.w.org\/{rel}","templated":true}]}}