{"id":7464,"date":"2022-01-18T14:42:07","date_gmt":"2022-01-18T14:42:07","guid":{"rendered":"http:\/\/fabis-lederey.com\/?post_type=product&#038;p=7464"},"modified":"2022-01-18T14:45:25","modified_gmt":"2022-01-18T14:45:25","slug":"waldhausen-zinkoxyd-salbenspray-200ml","status":"publish","type":"product","link":"http:\/\/fabis-lederey.com\/index.php\/produkt\/waldhausen-zinkoxyd-salbenspray-200ml\/","title":{"rendered":"Waldhausen &#8211; Zinkoxyd Salbenspray, 200ml"},"content":{"rendered":"<div class=\"product--description\">\n<div class=\"col-12 col-md-7\">\n<div class=\"product--description\">\n<div class=\"product--description\">\n<div class=\"product--description\">\n<div class=\"product--description\">\n<h2 class=\"content--title\">WALDHAUSEN Zinkoxyd-Salbenspray<\/h2>\n<div class=\"product--description\">\n<p>Hautschutzsalbe mit Zink. Ein atmungsaktiver, wasserfester und flexibler Film sch\u00fctzt die Haut gegen Wundsekrete, Schwei\u00df, Urin, Wasser und sch\u00e4dlich wirkende Umwelteinfl\u00fcsse. Auch geeignet f\u00fcr das Impr\u00e4nieren von Verb\u00e4nden, um ein festkleben auf der Wunde zu vermeiden. Als Hautschutz vor dem Anlegen von Gipsverb\u00e4nden.<\/p>\n<p>Anwendung: Aus einer Entfernung von 10 &#8211; 20 cm auf die saubere und trockene Haut aufspr\u00fchen.<\/p>\n<\/div>\n<\/div>\n<\/div>\n<\/div>\n<\/div>\n<\/div>\n<\/div>\n","protected":false},"excerpt":{"rendered":"<h4 class=\"content--title\">WALDHAUSEN Zinkoxyd-Salbenspray<\/h4>\n<div class=\"product--description\">\n<p>Hautschutzsalbe mit Zink.<\/p>\n<p>Aus einer Entfernung von 10 &#8211; 20 cm auf die saubere und trockene Haut aufspr\u00fchen.<\/p>\n<\/div>\n","protected":false},"featured_media":0,"comment_status":"open","ping_status":"closed","template":"","meta":[],"product_brand":[],"product_cat":[44,81],"product_tag":[],"class_list":{"0":"post-7464","1":"product","2":"type-product","3":"status-publish","5":"product_cat-allproducts","6":"product_cat-stallapotheke-1-hilfe","7":"pa_breite-10cm","8":"pa_breite-5cm","9":"pa_breite-75cm","11":"first","12":"instock","13":"taxable","14":"shipping-taxable","15":"purchasable","16":"product-type-simple"},"yoast_head":"<!-- This site is optimized with the Yoast SEO plugin v27.5 - https:\/\/yoast.com\/product\/yoast-seo-wordpress\/ -->\n<title>Waldhausen - Zinkoxyd Salbenspray, 200ml - Fabis Lederey - Fabian Kempf<\/title>\n<meta name=\"robots\" content=\"index, follow, max-snippet:-1, max-image-preview:large, max-video-preview:-1\" \/>\n<link rel=\"canonical\" href=\"http:\/\/fabis-lederey.com\/index.php\/produkt\/waldhausen-zinkoxyd-salbenspray-200ml\/\" \/>\n<meta property=\"og:locale\" content=\"de_DE\" \/>\n<meta property=\"og:type\" content=\"article\" \/>\n<meta property=\"og:title\" content=\"Waldhausen - Zinkoxyd Salbenspray, 200ml - Fabis Lederey - Fabian Kempf\" \/>\n<meta property=\"og:description\" content=\"WALDHAUSEN Zinkoxyd-Salbenspray   Hautschutzsalbe mit Zink.  Aus einer Entfernung von 10 - 20 cm auf die saubere und trockene Haut aufspr\u00fchen.\" \/>\n<meta property=\"og:url\" content=\"http:\/\/fabis-lederey.com\/index.php\/produkt\/waldhausen-zinkoxyd-salbenspray-200ml\/\" \/>\n<meta property=\"og:site_name\" content=\"Fabis Lederey - Fabian Kempf\" \/>\n<meta property=\"article:modified_time\" content=\"2022-01-18T14:45:25+00:00\" \/>\n<meta name=\"twitter:card\" content=\"summary_large_image\" \/>\n<meta name=\"twitter:label1\" content=\"Gesch\u00e4tzte Lesezeit\" \/>\n\t<meta name=\"twitter:data1\" content=\"1\u00a0Minute\" \/>\n<script type=\"application\/ld+json\" class=\"yoast-schema-graph\">{\"@context\":\"https:\\\/\\\/schema.org\",\"@graph\":[{\"@type\":\"WebPage\",\"@id\":\"http:\\\/\\\/fabis-lederey.com\\\/index.php\\\/produkt\\\/waldhausen-zinkoxyd-salbenspray-200ml\\\/\",\"url\":\"http:\\\/\\\/fabis-lederey.com\\\/index.php\\\/produkt\\\/waldhausen-zinkoxyd-salbenspray-200ml\\\/\",\"name\":\"Waldhausen - Zinkoxyd Salbenspray, 200ml - Fabis Lederey - Fabian Kempf\",\"isPartOf\":{\"@id\":\"https:\\\/\\\/fabis-lederey.com\\\/#website\"},\"datePublished\":\"2022-01-18T14:42:07+00:00\",\"dateModified\":\"2022-01-18T14:45:25+00:00\",\"breadcrumb\":{\"@id\":\"http:\\\/\\\/fabis-lederey.com\\\/index.php\\\/produkt\\\/waldhausen-zinkoxyd-salbenspray-200ml\\\/#breadcrumb\"},\"inLanguage\":\"de\",\"potentialAction\":[{\"@type\":\"ReadAction\",\"target\":[\"http:\\\/\\\/fabis-lederey.com\\\/index.php\\\/produkt\\\/waldhausen-zinkoxyd-salbenspray-200ml\\\/\"]}]},{\"@type\":\"BreadcrumbList\",\"@id\":\"http:\\\/\\\/fabis-lederey.com\\\/index.php\\\/produkt\\\/waldhausen-zinkoxyd-salbenspray-200ml\\\/#breadcrumb\",\"itemListElement\":[{\"@type\":\"ListItem\",\"position\":1,\"name\":\"Home\",\"item\":\"http:\\\/\\\/fabis-lederey.com\\\/\"},{\"@type\":\"ListItem\",\"position\":2,\"name\":\"Shop\",\"item\":\"http:\\\/\\\/fabis-lederey.com\\\/?page_id=7147\"},{\"@type\":\"ListItem\",\"position\":3,\"name\":\"Waldhausen &#8211; Zinkoxyd Salbenspray, 200ml\"}]},{\"@type\":\"WebSite\",\"@id\":\"https:\\\/\\\/fabis-lederey.com\\\/#website\",\"url\":\"https:\\\/\\\/fabis-lederey.com\\\/\",\"name\":\"Fabis Lederey - Fabian Kempf\",\"description\":\"Die Reitsportsattlerei und Ledermanufaktur in Pirmasens, S\u00fcdwestpfalz und im SaarLorLux-Kreis.\",\"potentialAction\":[{\"@type\":\"SearchAction\",\"target\":{\"@type\":\"EntryPoint\",\"urlTemplate\":\"https:\\\/\\\/fabis-lederey.com\\\/?s={search_term_string}\"},\"query-input\":{\"@type\":\"PropertyValueSpecification\",\"valueRequired\":true,\"valueName\":\"search_term_string\"}}],\"inLanguage\":\"de\"}]}<\/script>\n<!-- \/ Yoast SEO plugin. -->","yoast_head_json":{"title":"Waldhausen - Zinkoxyd Salbenspray, 200ml - Fabis Lederey - Fabian Kempf","robots":{"index":"index","follow":"follow","max-snippet":"max-snippet:-1","max-image-preview":"max-image-preview:large","max-video-preview":"max-video-preview:-1"},"canonical":"http:\/\/fabis-lederey.com\/index.php\/produkt\/waldhausen-zinkoxyd-salbenspray-200ml\/","og_locale":"de_DE","og_type":"article","og_title":"Waldhausen - Zinkoxyd Salbenspray, 200ml - Fabis Lederey - Fabian Kempf","og_description":"WALDHAUSEN Zinkoxyd-Salbenspray   Hautschutzsalbe mit Zink.  Aus einer Entfernung von 10 - 20 cm auf die saubere und trockene Haut aufspr\u00fchen.","og_url":"http:\/\/fabis-lederey.com\/index.php\/produkt\/waldhausen-zinkoxyd-salbenspray-200ml\/","og_site_name":"Fabis Lederey - Fabian Kempf","article_modified_time":"2022-01-18T14:45:25+00:00","twitter_card":"summary_large_image","twitter_misc":{"Gesch\u00e4tzte Lesezeit":"1\u00a0Minute"},"schema":{"@context":"https:\/\/schema.org","@graph":[{"@type":"WebPage","@id":"http:\/\/fabis-lederey.com\/index.php\/produkt\/waldhausen-zinkoxyd-salbenspray-200ml\/","url":"http:\/\/fabis-lederey.com\/index.php\/produkt\/waldhausen-zinkoxyd-salbenspray-200ml\/","name":"Waldhausen - Zinkoxyd Salbenspray, 200ml - Fabis Lederey - Fabian Kempf","isPartOf":{"@id":"https:\/\/fabis-lederey.com\/#website"},"datePublished":"2022-01-18T14:42:07+00:00","dateModified":"2022-01-18T14:45:25+00:00","breadcrumb":{"@id":"http:\/\/fabis-lederey.com\/index.php\/produkt\/waldhausen-zinkoxyd-salbenspray-200ml\/#breadcrumb"},"inLanguage":"de","potentialAction":[{"@type":"ReadAction","target":["http:\/\/fabis-lederey.com\/index.php\/produkt\/waldhausen-zinkoxyd-salbenspray-200ml\/"]}]},{"@type":"BreadcrumbList","@id":"http:\/\/fabis-lederey.com\/index.php\/produkt\/waldhausen-zinkoxyd-salbenspray-200ml\/#breadcrumb","itemListElement":[{"@type":"ListItem","position":1,"name":"Home","item":"http:\/\/fabis-lederey.com\/"},{"@type":"ListItem","position":2,"name":"Shop","item":"http:\/\/fabis-lederey.com\/?page_id=7147"},{"@type":"ListItem","position":3,"name":"Waldhausen &#8211; Zinkoxyd Salbenspray, 200ml"}]},{"@type":"WebSite","@id":"https:\/\/fabis-lederey.com\/#website","url":"https:\/\/fabis-lederey.com\/","name":"Fabis Lederey - Fabian Kempf","description":"Die Reitsportsattlerei und Ledermanufaktur in Pirmasens, S\u00fcdwestpfalz und im SaarLorLux-Kreis.","potentialAction":[{"@type":"SearchAction","target":{"@type":"EntryPoint","urlTemplate":"https:\/\/fabis-lederey.com\/?s={search_term_string}"},"query-input":{"@type":"PropertyValueSpecification","valueRequired":true,"valueName":"search_term_string"}}],"inLanguage":"de"}]}},"_links":{"self":[{"href":"http:\/\/fabis-lederey.com\/index.php\/wp-json\/wp\/v2\/product\/7464","targetHints":{"allow":["GET"]}}],"collection":[{"href":"http:\/\/fabis-lederey.com\/index.php\/wp-json\/wp\/v2\/product"}],"about":[{"href":"http:\/\/fabis-lederey.com\/index.php\/wp-json\/wp\/v2\/types\/product"}],"replies":[{"embeddable":true,"href":"http:\/\/fabis-lederey.com\/index.php\/wp-json\/wp\/v2\/comments?post=7464"}],"wp:attachment":[{"href":"http:\/\/fabis-lederey.com\/index.php\/wp-json\/wp\/v2\/media?parent=7464"}],"wp:term":[{"taxonomy":"product_brand","embeddable":true,"href":"http:\/\/fabis-lederey.com\/index.php\/wp-json\/wp\/v2\/product_brand?post=7464"},{"taxonomy":"product_cat","embeddable":true,"href":"http:\/\/fabis-lederey.com\/index.php\/wp-json\/wp\/v2\/product_cat?post=7464"},{"taxonomy":"product_tag","embeddable":true,"href":"http:\/\/fabis-lederey.com\/index.php\/wp-json\/wp\/v2\/product_tag?post=7464"}],"curies":[{"name":"wp","href":"https:\/\/api.w.org\/{rel}","templated":true}]}}