{"id":7466,"date":"2022-01-18T14:46:03","date_gmt":"2022-01-18T14:46:03","guid":{"rendered":"http:\/\/fabis-lederey.com\/?post_type=product&#038;p=7466"},"modified":"2022-01-18T14:48:49","modified_gmt":"2022-01-18T14:48:49","slug":"parisol-silverspray-200ml","status":"publish","type":"product","link":"http:\/\/fabis-lederey.com\/index.php\/produkt\/parisol-silverspray-200ml\/","title":{"rendered":"Parisol &#8211; Silverspray, 200ml"},"content":{"rendered":"<div class=\"product--description\">\n<h2><strong>Parisol Silber-Spray<\/strong><\/h2>\n<p>ist ein bew\u00e4hrtes Mittel zur Desinfektion von Stall und Reitzubeh\u00f6r gegen Bakterien, Viren und Pilze.<\/p>\n<\/div>\n<div class=\"product--description\">\n<p><strong>Eigenschaften:<\/strong><\/p>\n<ul>\n<li>deckt Fl\u00e4chen mit einem l\u00fcckenlosen und langanhaltenden Metallfilm ab<\/li>\n<li>leicht anzuwendendes Spray<\/li>\n<li>mit sehr guter Materialvertr\u00e4glichkeit<\/li>\n<li>sch\u00fctzt vor Anlagerung von Bakterien und Bildung von Pilzen, Hefe etc.<\/li>\n<li>sichert eine gesunde Tierhaltung<\/li>\n<\/ul>\n<\/div>\n<div class=\"product--description\">\n<p><strong>Parisol Silber-Spray<\/strong> ist besonders geeignet:<\/p>\n<ul>\n<li>f\u00fcr die regelm\u00e4\u00dfige Reinigung von Tr\u00f6gen und Tr\u00e4nken, damit sich dort keine Keime und Bakterien bilden<\/li>\n<li>f\u00fcr die Reinigung von pilz- oder hefebefallenen Stellen im Stall<\/li>\n<li>zum Schutz von jeglichem Reitzubeh\u00f6r<\/li>\n<\/ul>\n<\/div>\n","protected":false},"excerpt":{"rendered":"<h4 class=\"content--title\">Parisol &#8211; Silverspray, 200ml<\/h4>\n<div class=\"product--description\">\n<ul>\n<li>deckt Fl\u00e4chen mit einem l\u00fcckenlosen und langanhaltenden Metallfilm ab<\/li>\n<li>leicht anzuwendendes Spray<\/li>\n<li>mit sehr guter Materialvertr\u00e4glichkeit<\/li>\n<li>sch\u00fctzt vor Anlagerung von Bakterien und Bildung von Pilzen, Hefe etc.<\/li>\n<li>sichert eine gesunde Tierhaltung<\/li>\n<\/ul>\n<\/div>\n","protected":false},"featured_media":0,"comment_status":"open","ping_status":"closed","template":"","meta":[],"product_brand":[],"product_cat":[44,81],"product_tag":[],"class_list":{"0":"post-7466","1":"product","2":"type-product","3":"status-publish","5":"product_cat-allproducts","6":"product_cat-stallapotheke-1-hilfe","7":"pa_breite-10cm","8":"pa_breite-5cm","9":"pa_breite-75cm","11":"first","12":"instock","13":"taxable","14":"shipping-taxable","15":"purchasable","16":"product-type-simple"},"yoast_head":"<!-- This site is optimized with the Yoast SEO plugin v27.5 - https:\/\/yoast.com\/product\/yoast-seo-wordpress\/ -->\n<title>Parisol - Silverspray, 200ml - Fabis Lederey - Fabian Kempf<\/title>\n<meta name=\"robots\" content=\"index, follow, max-snippet:-1, max-image-preview:large, max-video-preview:-1\" \/>\n<link rel=\"canonical\" href=\"http:\/\/fabis-lederey.com\/index.php\/produkt\/parisol-silverspray-200ml\/\" \/>\n<meta property=\"og:locale\" content=\"de_DE\" \/>\n<meta property=\"og:type\" content=\"article\" \/>\n<meta property=\"og:title\" content=\"Parisol - Silverspray, 200ml - Fabis Lederey - Fabian Kempf\" \/>\n<meta property=\"og:description\" content=\"Parisol - Silverspray, 200ml    deckt Fl\u00e4chen mit einem l\u00fcckenlosen und langanhaltenden Metallfilm ab  leicht anzuwendendes Spray  mit sehr guter Materialvertr\u00e4glichkeit  sch\u00fctzt vor Anlagerung von Bakterien und Bildung von Pilzen, Hefe etc.  sichert eine gesunde Tierhaltung\" \/>\n<meta property=\"og:url\" content=\"http:\/\/fabis-lederey.com\/index.php\/produkt\/parisol-silverspray-200ml\/\" \/>\n<meta property=\"og:site_name\" content=\"Fabis Lederey - Fabian Kempf\" \/>\n<meta property=\"article:modified_time\" content=\"2022-01-18T14:48:49+00:00\" \/>\n<meta name=\"twitter:card\" content=\"summary_large_image\" \/>\n<meta name=\"twitter:label1\" content=\"Gesch\u00e4tzte Lesezeit\" \/>\n\t<meta name=\"twitter:data1\" content=\"1\u00a0Minute\" \/>\n<script type=\"application\/ld+json\" class=\"yoast-schema-graph\">{\"@context\":\"https:\\\/\\\/schema.org\",\"@graph\":[{\"@type\":\"WebPage\",\"@id\":\"http:\\\/\\\/fabis-lederey.com\\\/index.php\\\/produkt\\\/parisol-silverspray-200ml\\\/\",\"url\":\"http:\\\/\\\/fabis-lederey.com\\\/index.php\\\/produkt\\\/parisol-silverspray-200ml\\\/\",\"name\":\"Parisol - Silverspray, 200ml - Fabis Lederey - Fabian Kempf\",\"isPartOf\":{\"@id\":\"https:\\\/\\\/fabis-lederey.com\\\/#website\"},\"datePublished\":\"2022-01-18T14:46:03+00:00\",\"dateModified\":\"2022-01-18T14:48:49+00:00\",\"breadcrumb\":{\"@id\":\"http:\\\/\\\/fabis-lederey.com\\\/index.php\\\/produkt\\\/parisol-silverspray-200ml\\\/#breadcrumb\"},\"inLanguage\":\"de\",\"potentialAction\":[{\"@type\":\"ReadAction\",\"target\":[\"http:\\\/\\\/fabis-lederey.com\\\/index.php\\\/produkt\\\/parisol-silverspray-200ml\\\/\"]}]},{\"@type\":\"BreadcrumbList\",\"@id\":\"http:\\\/\\\/fabis-lederey.com\\\/index.php\\\/produkt\\\/parisol-silverspray-200ml\\\/#breadcrumb\",\"itemListElement\":[{\"@type\":\"ListItem\",\"position\":1,\"name\":\"Home\",\"item\":\"http:\\\/\\\/fabis-lederey.com\\\/\"},{\"@type\":\"ListItem\",\"position\":2,\"name\":\"Shop\",\"item\":\"http:\\\/\\\/fabis-lederey.com\\\/?page_id=7147\"},{\"@type\":\"ListItem\",\"position\":3,\"name\":\"Parisol &#8211; Silverspray, 200ml\"}]},{\"@type\":\"WebSite\",\"@id\":\"https:\\\/\\\/fabis-lederey.com\\\/#website\",\"url\":\"https:\\\/\\\/fabis-lederey.com\\\/\",\"name\":\"Fabis Lederey - Fabian Kempf\",\"description\":\"Die Reitsportsattlerei und Ledermanufaktur in Pirmasens, S\u00fcdwestpfalz und im SaarLorLux-Kreis.\",\"potentialAction\":[{\"@type\":\"SearchAction\",\"target\":{\"@type\":\"EntryPoint\",\"urlTemplate\":\"https:\\\/\\\/fabis-lederey.com\\\/?s={search_term_string}\"},\"query-input\":{\"@type\":\"PropertyValueSpecification\",\"valueRequired\":true,\"valueName\":\"search_term_string\"}}],\"inLanguage\":\"de\"}]}<\/script>\n<!-- \/ Yoast SEO plugin. -->","yoast_head_json":{"title":"Parisol - Silverspray, 200ml - Fabis Lederey - Fabian Kempf","robots":{"index":"index","follow":"follow","max-snippet":"max-snippet:-1","max-image-preview":"max-image-preview:large","max-video-preview":"max-video-preview:-1"},"canonical":"http:\/\/fabis-lederey.com\/index.php\/produkt\/parisol-silverspray-200ml\/","og_locale":"de_DE","og_type":"article","og_title":"Parisol - Silverspray, 200ml - Fabis Lederey - Fabian Kempf","og_description":"Parisol - Silverspray, 200ml    deckt Fl\u00e4chen mit einem l\u00fcckenlosen und langanhaltenden Metallfilm ab  leicht anzuwendendes Spray  mit sehr guter Materialvertr\u00e4glichkeit  sch\u00fctzt vor Anlagerung von Bakterien und Bildung von Pilzen, Hefe etc.  sichert eine gesunde Tierhaltung","og_url":"http:\/\/fabis-lederey.com\/index.php\/produkt\/parisol-silverspray-200ml\/","og_site_name":"Fabis Lederey - Fabian Kempf","article_modified_time":"2022-01-18T14:48:49+00:00","twitter_card":"summary_large_image","twitter_misc":{"Gesch\u00e4tzte Lesezeit":"1\u00a0Minute"},"schema":{"@context":"https:\/\/schema.org","@graph":[{"@type":"WebPage","@id":"http:\/\/fabis-lederey.com\/index.php\/produkt\/parisol-silverspray-200ml\/","url":"http:\/\/fabis-lederey.com\/index.php\/produkt\/parisol-silverspray-200ml\/","name":"Parisol - Silverspray, 200ml - Fabis Lederey - Fabian Kempf","isPartOf":{"@id":"https:\/\/fabis-lederey.com\/#website"},"datePublished":"2022-01-18T14:46:03+00:00","dateModified":"2022-01-18T14:48:49+00:00","breadcrumb":{"@id":"http:\/\/fabis-lederey.com\/index.php\/produkt\/parisol-silverspray-200ml\/#breadcrumb"},"inLanguage":"de","potentialAction":[{"@type":"ReadAction","target":["http:\/\/fabis-lederey.com\/index.php\/produkt\/parisol-silverspray-200ml\/"]}]},{"@type":"BreadcrumbList","@id":"http:\/\/fabis-lederey.com\/index.php\/produkt\/parisol-silverspray-200ml\/#breadcrumb","itemListElement":[{"@type":"ListItem","position":1,"name":"Home","item":"http:\/\/fabis-lederey.com\/"},{"@type":"ListItem","position":2,"name":"Shop","item":"http:\/\/fabis-lederey.com\/?page_id=7147"},{"@type":"ListItem","position":3,"name":"Parisol &#8211; Silverspray, 200ml"}]},{"@type":"WebSite","@id":"https:\/\/fabis-lederey.com\/#website","url":"https:\/\/fabis-lederey.com\/","name":"Fabis Lederey - Fabian Kempf","description":"Die Reitsportsattlerei und Ledermanufaktur in Pirmasens, S\u00fcdwestpfalz und im SaarLorLux-Kreis.","potentialAction":[{"@type":"SearchAction","target":{"@type":"EntryPoint","urlTemplate":"https:\/\/fabis-lederey.com\/?s={search_term_string}"},"query-input":{"@type":"PropertyValueSpecification","valueRequired":true,"valueName":"search_term_string"}}],"inLanguage":"de"}]}},"_links":{"self":[{"href":"http:\/\/fabis-lederey.com\/index.php\/wp-json\/wp\/v2\/product\/7466","targetHints":{"allow":["GET"]}}],"collection":[{"href":"http:\/\/fabis-lederey.com\/index.php\/wp-json\/wp\/v2\/product"}],"about":[{"href":"http:\/\/fabis-lederey.com\/index.php\/wp-json\/wp\/v2\/types\/product"}],"replies":[{"embeddable":true,"href":"http:\/\/fabis-lederey.com\/index.php\/wp-json\/wp\/v2\/comments?post=7466"}],"wp:attachment":[{"href":"http:\/\/fabis-lederey.com\/index.php\/wp-json\/wp\/v2\/media?parent=7466"}],"wp:term":[{"taxonomy":"product_brand","embeddable":true,"href":"http:\/\/fabis-lederey.com\/index.php\/wp-json\/wp\/v2\/product_brand?post=7466"},{"taxonomy":"product_cat","embeddable":true,"href":"http:\/\/fabis-lederey.com\/index.php\/wp-json\/wp\/v2\/product_cat?post=7466"},{"taxonomy":"product_tag","embeddable":true,"href":"http:\/\/fabis-lederey.com\/index.php\/wp-json\/wp\/v2\/product_tag?post=7466"}],"curies":[{"name":"wp","href":"https:\/\/api.w.org\/{rel}","templated":true}]}}