{"id":7487,"date":"2022-01-19T09:45:22","date_gmt":"2022-01-19T09:45:22","guid":{"rendered":"http:\/\/fabis-lederey.com\/?post_type=product&#038;p=7487"},"modified":"2022-01-19T09:49:01","modified_gmt":"2022-01-19T09:49:01","slug":"effol-reiter-innen-body-lotion-150ml-kopie","status":"publish","type":"product","link":"http:\/\/fabis-lederey.com\/index.php\/produkt\/effol-reiter-innen-body-lotion-150ml-kopie\/","title":{"rendered":"Effol &#8211; Reiter\/Innen Duschgel 150ml"},"content":{"rendered":"<div class=\"product--description\">\n<div id=\"content_tab_1\" class=\"content_box_s5\">\n<h2><strong>Effol Reiter- Duschgel<\/strong><\/h2>\n<p>ist die ideale Pflege- Dusche f\u00fcr die K\u00f6rperpflege nach dem Reiten und der Stallarbeit. F\u00fcr ein rundum gutes Gef\u00fchl.<\/p>\n<p><strong>Eigenschaften:<\/strong><\/p>\n<ul>\n<li>Duschgel f\u00fcr Reiter<\/li>\n<li>pflegend<\/li>\n<li>mit besonders sportlicher Note<\/li>\n<\/ul>\n<p><strong>Effol Reiter- Duschgel<\/strong> ist besonders geeignet:<\/p>\n<ul>\n<li>f\u00fcr den Reiter<\/li>\n<li>f\u00fcr eine anspruchsvolle K\u00f6rperpflege nach dem Reiten<\/li>\n<li>f\u00fcr Sie und Ihn<\/li>\n<\/ul>\n<\/div>\n<\/div>\n<p>&nbsp;<\/p>\n<p>&nbsp;<\/p>\n","protected":false},"excerpt":{"rendered":"<header class=\"product--header\">\n<div class=\"product--info\">\n<h4 class=\"product--title fundis-font-title-h1\">Effol &#8211; Reiter\/Innen Duschgel 150ml<\/h4>\n<\/div>\n<\/header>\n<div class=\"buybox--inner\">\n<div class=\"fundis-product-usp-properties\">\n<div class=\"fundis-product-usp-entry\">\n<p>F\u00fcr Sie und Ihn<\/p>\n<p>Reinigt sanft ohne die Haut auszutrocknen.<\/p>\n<p>Weicher Dusch-Schaum mit Milchproteinen pflegt die Haut.<\/p>\n<\/div>\n<\/div>\n<\/div>\n","protected":false},"featured_media":0,"comment_status":"open","ping_status":"closed","template":"","meta":[],"product_brand":[],"product_cat":[44,77],"product_tag":[],"class_list":{"0":"post-7487","1":"product","2":"type-product","3":"status-publish","5":"product_cat-allproducts","6":"product_cat-reiterbedarf","8":"first","9":"instock","10":"taxable","11":"shipping-taxable","12":"purchasable","13":"product-type-simple"},"yoast_head":"<!-- This site is optimized with the Yoast SEO plugin v27.3 - https:\/\/yoast.com\/product\/yoast-seo-wordpress\/ -->\n<title>Effol - Reiter\/Innen Duschgel 150ml - Fabis Lederey - Fabian Kempf<\/title>\n<meta name=\"robots\" content=\"index, follow, max-snippet:-1, max-image-preview:large, max-video-preview:-1\" \/>\n<link rel=\"canonical\" href=\"http:\/\/fabis-lederey.com\/index.php\/produkt\/effol-reiter-innen-body-lotion-150ml-kopie\/\" \/>\n<meta property=\"og:locale\" content=\"de_DE\" \/>\n<meta property=\"og:type\" content=\"article\" \/>\n<meta property=\"og:title\" content=\"Effol - Reiter\/Innen Duschgel 150ml - Fabis Lederey - Fabian Kempf\" \/>\n<meta property=\"og:description\" content=\"Effol - Reiter\/Innen Duschgel 150ml       F\u00fcr Sie und Ihn  Reinigt sanft ohne die Haut auszutrocknen.  Weicher Dusch-Schaum mit Milchproteinen pflegt die Haut.\" \/>\n<meta property=\"og:url\" content=\"http:\/\/fabis-lederey.com\/index.php\/produkt\/effol-reiter-innen-body-lotion-150ml-kopie\/\" \/>\n<meta property=\"og:site_name\" content=\"Fabis Lederey - Fabian Kempf\" \/>\n<meta property=\"article:modified_time\" content=\"2022-01-19T09:49:01+00:00\" \/>\n<meta name=\"twitter:card\" content=\"summary_large_image\" \/>\n<meta name=\"twitter:label1\" content=\"Gesch\u00e4tzte Lesezeit\" \/>\n\t<meta name=\"twitter:data1\" content=\"1\u00a0Minute\" \/>\n<script type=\"application\/ld+json\" class=\"yoast-schema-graph\">{\"@context\":\"https:\\\/\\\/schema.org\",\"@graph\":[{\"@type\":\"WebPage\",\"@id\":\"http:\\\/\\\/fabis-lederey.com\\\/index.php\\\/produkt\\\/effol-reiter-innen-body-lotion-150ml-kopie\\\/\",\"url\":\"http:\\\/\\\/fabis-lederey.com\\\/index.php\\\/produkt\\\/effol-reiter-innen-body-lotion-150ml-kopie\\\/\",\"name\":\"Effol - Reiter\\\/Innen Duschgel 150ml - Fabis Lederey - Fabian Kempf\",\"isPartOf\":{\"@id\":\"http:\\\/\\\/fabis-lederey.com\\\/#website\"},\"datePublished\":\"2022-01-19T09:45:22+00:00\",\"dateModified\":\"2022-01-19T09:49:01+00:00\",\"breadcrumb\":{\"@id\":\"http:\\\/\\\/fabis-lederey.com\\\/index.php\\\/produkt\\\/effol-reiter-innen-body-lotion-150ml-kopie\\\/#breadcrumb\"},\"inLanguage\":\"de\",\"potentialAction\":[{\"@type\":\"ReadAction\",\"target\":[\"http:\\\/\\\/fabis-lederey.com\\\/index.php\\\/produkt\\\/effol-reiter-innen-body-lotion-150ml-kopie\\\/\"]}]},{\"@type\":\"BreadcrumbList\",\"@id\":\"http:\\\/\\\/fabis-lederey.com\\\/index.php\\\/produkt\\\/effol-reiter-innen-body-lotion-150ml-kopie\\\/#breadcrumb\",\"itemListElement\":[{\"@type\":\"ListItem\",\"position\":1,\"name\":\"Home\",\"item\":\"http:\\\/\\\/fabis-lederey.com\\\/\"},{\"@type\":\"ListItem\",\"position\":2,\"name\":\"Shop\",\"item\":\"http:\\\/\\\/fabis-lederey.com\\\/?page_id=7147\"},{\"@type\":\"ListItem\",\"position\":3,\"name\":\"Effol &#8211; Reiter\\\/Innen Duschgel 150ml\"}]},{\"@type\":\"WebSite\",\"@id\":\"http:\\\/\\\/fabis-lederey.com\\\/#website\",\"url\":\"http:\\\/\\\/fabis-lederey.com\\\/\",\"name\":\"Fabis Lederey - Fabian Kempf\",\"description\":\"Die Reitsportsattlerei und Ledermanufaktur in Pirmasens, S\u00fcdwestpfalz und im SaarLorLux-Kreis.\",\"potentialAction\":[{\"@type\":\"SearchAction\",\"target\":{\"@type\":\"EntryPoint\",\"urlTemplate\":\"http:\\\/\\\/fabis-lederey.com\\\/?s={search_term_string}\"},\"query-input\":{\"@type\":\"PropertyValueSpecification\",\"valueRequired\":true,\"valueName\":\"search_term_string\"}}],\"inLanguage\":\"de\"}]}<\/script>\n<!-- \/ Yoast SEO plugin. -->","yoast_head_json":{"title":"Effol - Reiter\/Innen Duschgel 150ml - Fabis Lederey - Fabian Kempf","robots":{"index":"index","follow":"follow","max-snippet":"max-snippet:-1","max-image-preview":"max-image-preview:large","max-video-preview":"max-video-preview:-1"},"canonical":"http:\/\/fabis-lederey.com\/index.php\/produkt\/effol-reiter-innen-body-lotion-150ml-kopie\/","og_locale":"de_DE","og_type":"article","og_title":"Effol - Reiter\/Innen Duschgel 150ml - Fabis Lederey - Fabian Kempf","og_description":"Effol - Reiter\/Innen Duschgel 150ml       F\u00fcr Sie und Ihn  Reinigt sanft ohne die Haut auszutrocknen.  Weicher Dusch-Schaum mit Milchproteinen pflegt die Haut.","og_url":"http:\/\/fabis-lederey.com\/index.php\/produkt\/effol-reiter-innen-body-lotion-150ml-kopie\/","og_site_name":"Fabis Lederey - Fabian Kempf","article_modified_time":"2022-01-19T09:49:01+00:00","twitter_card":"summary_large_image","twitter_misc":{"Gesch\u00e4tzte Lesezeit":"1\u00a0Minute"},"schema":{"@context":"https:\/\/schema.org","@graph":[{"@type":"WebPage","@id":"http:\/\/fabis-lederey.com\/index.php\/produkt\/effol-reiter-innen-body-lotion-150ml-kopie\/","url":"http:\/\/fabis-lederey.com\/index.php\/produkt\/effol-reiter-innen-body-lotion-150ml-kopie\/","name":"Effol - Reiter\/Innen Duschgel 150ml - Fabis Lederey - Fabian Kempf","isPartOf":{"@id":"http:\/\/fabis-lederey.com\/#website"},"datePublished":"2022-01-19T09:45:22+00:00","dateModified":"2022-01-19T09:49:01+00:00","breadcrumb":{"@id":"http:\/\/fabis-lederey.com\/index.php\/produkt\/effol-reiter-innen-body-lotion-150ml-kopie\/#breadcrumb"},"inLanguage":"de","potentialAction":[{"@type":"ReadAction","target":["http:\/\/fabis-lederey.com\/index.php\/produkt\/effol-reiter-innen-body-lotion-150ml-kopie\/"]}]},{"@type":"BreadcrumbList","@id":"http:\/\/fabis-lederey.com\/index.php\/produkt\/effol-reiter-innen-body-lotion-150ml-kopie\/#breadcrumb","itemListElement":[{"@type":"ListItem","position":1,"name":"Home","item":"http:\/\/fabis-lederey.com\/"},{"@type":"ListItem","position":2,"name":"Shop","item":"http:\/\/fabis-lederey.com\/?page_id=7147"},{"@type":"ListItem","position":3,"name":"Effol &#8211; Reiter\/Innen Duschgel 150ml"}]},{"@type":"WebSite","@id":"http:\/\/fabis-lederey.com\/#website","url":"http:\/\/fabis-lederey.com\/","name":"Fabis Lederey - Fabian Kempf","description":"Die Reitsportsattlerei und Ledermanufaktur in Pirmasens, S\u00fcdwestpfalz und im SaarLorLux-Kreis.","potentialAction":[{"@type":"SearchAction","target":{"@type":"EntryPoint","urlTemplate":"http:\/\/fabis-lederey.com\/?s={search_term_string}"},"query-input":{"@type":"PropertyValueSpecification","valueRequired":true,"valueName":"search_term_string"}}],"inLanguage":"de"}]}},"_links":{"self":[{"href":"http:\/\/fabis-lederey.com\/index.php\/wp-json\/wp\/v2\/product\/7487","targetHints":{"allow":["GET"]}}],"collection":[{"href":"http:\/\/fabis-lederey.com\/index.php\/wp-json\/wp\/v2\/product"}],"about":[{"href":"http:\/\/fabis-lederey.com\/index.php\/wp-json\/wp\/v2\/types\/product"}],"replies":[{"embeddable":true,"href":"http:\/\/fabis-lederey.com\/index.php\/wp-json\/wp\/v2\/comments?post=7487"}],"wp:attachment":[{"href":"http:\/\/fabis-lederey.com\/index.php\/wp-json\/wp\/v2\/media?parent=7487"}],"wp:term":[{"taxonomy":"product_brand","embeddable":true,"href":"http:\/\/fabis-lederey.com\/index.php\/wp-json\/wp\/v2\/product_brand?post=7487"},{"taxonomy":"product_cat","embeddable":true,"href":"http:\/\/fabis-lederey.com\/index.php\/wp-json\/wp\/v2\/product_cat?post=7487"},{"taxonomy":"product_tag","embeddable":true,"href":"http:\/\/fabis-lederey.com\/index.php\/wp-json\/wp\/v2\/product_tag?post=7487"}],"curies":[{"name":"wp","href":"https:\/\/api.w.org\/{rel}","templated":true}]}}