{"id":7489,"date":"2022-01-19T13:34:34","date_gmt":"2022-01-19T13:34:34","guid":{"rendered":"http:\/\/fabis-lederey.com\/?post_type=product&#038;p=7489"},"modified":"2022-01-20T11:20:22","modified_gmt":"2022-01-20T11:20:22","slug":"busse-socken-charm","status":"publish","type":"product","link":"http:\/\/fabis-lederey.com\/index.php\/produkt\/busse-socken-charm\/","title":{"rendered":"Busse &#8211; Socken Charm"},"content":{"rendered":"<div id=\"Beschreibung\" class=\"prodcontent\">\n<h2>Busse &#8211; Socken Charm<\/h2>\n<ul>\n<li>Kniestr\u00fcmpfe im englischen Karodesign mit Glitzerfaden<\/li>\n<li>mit vorgeformtem, verst\u00e4rktem Fu\u00dfteil f\u00fcr angenehmen Tragekomfort<\/li>\n<li>Material: 80% Baumwolle, 16% Polyamid, 4% Elasthan<\/li>\n<\/ul>\n<\/div>\n","protected":false},"excerpt":{"rendered":"<p>Busse &#8211; Socken Charm Kniestr\u00fcmpfe im englischen Karodesign mit Glitzerfaden mit vorgeformtem, verst\u00e4rktem Fu\u00dfteil f\u00fcr angenehmen Tragekomfort Material: 80% Baumwolle, 16% Polyamid, 4% Elasthan<\/p>\n","protected":false},"featured_media":0,"comment_status":"open","ping_status":"closed","template":"","meta":[],"product_brand":[],"product_cat":[44,77],"product_tag":[],"class_list":{"0":"post-7489","1":"product","2":"type-product","3":"status-publish","5":"product_cat-allproducts","6":"product_cat-reiterbedarf","7":"pa_sockenfarbe-anthrazit-lila-violet","8":"pa_sockenfarbe-braun-hazel-beige","9":"pa_sockenfarbe-hellgrau-pink-rose","10":"pa_sockenfarbe-schwarz-grau-hellgrau","11":"pa_sockengroesse-35-38","12":"pa_sockengroesse-39-42","14":"first","15":"instock","16":"taxable","17":"shipping-taxable","18":"purchasable","19":"product-type-variable"},"yoast_head":"<!-- This site is optimized with the Yoast SEO plugin v27.3 - https:\/\/yoast.com\/product\/yoast-seo-wordpress\/ -->\n<title>Busse - Socken Charm - Fabis Lederey - Fabian Kempf<\/title>\n<meta name=\"robots\" content=\"index, follow, max-snippet:-1, max-image-preview:large, max-video-preview:-1\" \/>\n<link rel=\"canonical\" href=\"https:\/\/fabis-lederey.com\/index.php\/produkt\/busse-socken-charm\/\" \/>\n<meta property=\"og:locale\" content=\"de_DE\" \/>\n<meta property=\"og:type\" content=\"article\" \/>\n<meta property=\"og:title\" content=\"Busse - Socken Charm - Fabis Lederey - Fabian Kempf\" \/>\n<meta property=\"og:description\" content=\"Busse &#8211; Socken Charm Kniestr\u00fcmpfe im englischen Karodesign mit Glitzerfaden mit vorgeformtem, verst\u00e4rktem Fu\u00dfteil f\u00fcr angenehmen Tragekomfort Material: 80% Baumwolle, 16% Polyamid, 4% Elasthan\" \/>\n<meta property=\"og:url\" content=\"https:\/\/fabis-lederey.com\/index.php\/produkt\/busse-socken-charm\/\" \/>\n<meta property=\"og:site_name\" content=\"Fabis Lederey - Fabian Kempf\" \/>\n<meta property=\"article:modified_time\" content=\"2022-01-20T11:20:22+00:00\" \/>\n<meta name=\"twitter:card\" content=\"summary_large_image\" \/>\n<meta name=\"twitter:label1\" content=\"Gesch\u00e4tzte Lesezeit\" \/>\n\t<meta name=\"twitter:data1\" content=\"1\u00a0Minute\" \/>\n<script type=\"application\/ld+json\" class=\"yoast-schema-graph\">{\"@context\":\"https:\\\/\\\/schema.org\",\"@graph\":[{\"@type\":\"WebPage\",\"@id\":\"https:\\\/\\\/fabis-lederey.com\\\/index.php\\\/produkt\\\/busse-socken-charm\\\/\",\"url\":\"https:\\\/\\\/fabis-lederey.com\\\/index.php\\\/produkt\\\/busse-socken-charm\\\/\",\"name\":\"Busse - Socken Charm - Fabis Lederey - Fabian Kempf\",\"isPartOf\":{\"@id\":\"https:\\\/\\\/fabis-lederey.com\\\/#website\"},\"datePublished\":\"2022-01-19T13:34:34+00:00\",\"dateModified\":\"2022-01-20T11:20:22+00:00\",\"breadcrumb\":{\"@id\":\"https:\\\/\\\/fabis-lederey.com\\\/index.php\\\/produkt\\\/busse-socken-charm\\\/#breadcrumb\"},\"inLanguage\":\"de\",\"potentialAction\":[{\"@type\":\"ReadAction\",\"target\":[\"https:\\\/\\\/fabis-lederey.com\\\/index.php\\\/produkt\\\/busse-socken-charm\\\/\"]}]},{\"@type\":\"BreadcrumbList\",\"@id\":\"https:\\\/\\\/fabis-lederey.com\\\/index.php\\\/produkt\\\/busse-socken-charm\\\/#breadcrumb\",\"itemListElement\":[{\"@type\":\"ListItem\",\"position\":1,\"name\":\"Home\",\"item\":\"https:\\\/\\\/fabis-lederey.com\\\/\"},{\"@type\":\"ListItem\",\"position\":2,\"name\":\"Shop\",\"item\":\"https:\\\/\\\/fabis-lederey.com\\\/?page_id=7147\"},{\"@type\":\"ListItem\",\"position\":3,\"name\":\"Busse &#8211; Socken Charm\"}]},{\"@type\":\"WebSite\",\"@id\":\"https:\\\/\\\/fabis-lederey.com\\\/#website\",\"url\":\"https:\\\/\\\/fabis-lederey.com\\\/\",\"name\":\"Fabis Lederey - Fabian Kempf\",\"description\":\"Die Reitsportsattlerei und Ledermanufaktur in Pirmasens, S\u00fcdwestpfalz und im SaarLorLux-Kreis.\",\"potentialAction\":[{\"@type\":\"SearchAction\",\"target\":{\"@type\":\"EntryPoint\",\"urlTemplate\":\"https:\\\/\\\/fabis-lederey.com\\\/?s={search_term_string}\"},\"query-input\":{\"@type\":\"PropertyValueSpecification\",\"valueRequired\":true,\"valueName\":\"search_term_string\"}}],\"inLanguage\":\"de\"}]}<\/script>\n<!-- \/ Yoast SEO plugin. -->","yoast_head_json":{"title":"Busse - Socken Charm - Fabis Lederey - Fabian Kempf","robots":{"index":"index","follow":"follow","max-snippet":"max-snippet:-1","max-image-preview":"max-image-preview:large","max-video-preview":"max-video-preview:-1"},"canonical":"https:\/\/fabis-lederey.com\/index.php\/produkt\/busse-socken-charm\/","og_locale":"de_DE","og_type":"article","og_title":"Busse - Socken Charm - Fabis Lederey - Fabian Kempf","og_description":"Busse &#8211; Socken Charm Kniestr\u00fcmpfe im englischen Karodesign mit Glitzerfaden mit vorgeformtem, verst\u00e4rktem Fu\u00dfteil f\u00fcr angenehmen Tragekomfort Material: 80% Baumwolle, 16% Polyamid, 4% Elasthan","og_url":"https:\/\/fabis-lederey.com\/index.php\/produkt\/busse-socken-charm\/","og_site_name":"Fabis Lederey - Fabian Kempf","article_modified_time":"2022-01-20T11:20:22+00:00","twitter_card":"summary_large_image","twitter_misc":{"Gesch\u00e4tzte Lesezeit":"1\u00a0Minute"},"schema":{"@context":"https:\/\/schema.org","@graph":[{"@type":"WebPage","@id":"https:\/\/fabis-lederey.com\/index.php\/produkt\/busse-socken-charm\/","url":"https:\/\/fabis-lederey.com\/index.php\/produkt\/busse-socken-charm\/","name":"Busse - Socken Charm - Fabis Lederey - Fabian Kempf","isPartOf":{"@id":"https:\/\/fabis-lederey.com\/#website"},"datePublished":"2022-01-19T13:34:34+00:00","dateModified":"2022-01-20T11:20:22+00:00","breadcrumb":{"@id":"https:\/\/fabis-lederey.com\/index.php\/produkt\/busse-socken-charm\/#breadcrumb"},"inLanguage":"de","potentialAction":[{"@type":"ReadAction","target":["https:\/\/fabis-lederey.com\/index.php\/produkt\/busse-socken-charm\/"]}]},{"@type":"BreadcrumbList","@id":"https:\/\/fabis-lederey.com\/index.php\/produkt\/busse-socken-charm\/#breadcrumb","itemListElement":[{"@type":"ListItem","position":1,"name":"Home","item":"https:\/\/fabis-lederey.com\/"},{"@type":"ListItem","position":2,"name":"Shop","item":"https:\/\/fabis-lederey.com\/?page_id=7147"},{"@type":"ListItem","position":3,"name":"Busse &#8211; Socken Charm"}]},{"@type":"WebSite","@id":"https:\/\/fabis-lederey.com\/#website","url":"https:\/\/fabis-lederey.com\/","name":"Fabis Lederey - Fabian Kempf","description":"Die Reitsportsattlerei und Ledermanufaktur in Pirmasens, S\u00fcdwestpfalz und im SaarLorLux-Kreis.","potentialAction":[{"@type":"SearchAction","target":{"@type":"EntryPoint","urlTemplate":"https:\/\/fabis-lederey.com\/?s={search_term_string}"},"query-input":{"@type":"PropertyValueSpecification","valueRequired":true,"valueName":"search_term_string"}}],"inLanguage":"de"}]}},"_links":{"self":[{"href":"http:\/\/fabis-lederey.com\/index.php\/wp-json\/wp\/v2\/product\/7489","targetHints":{"allow":["GET"]}}],"collection":[{"href":"http:\/\/fabis-lederey.com\/index.php\/wp-json\/wp\/v2\/product"}],"about":[{"href":"http:\/\/fabis-lederey.com\/index.php\/wp-json\/wp\/v2\/types\/product"}],"replies":[{"embeddable":true,"href":"http:\/\/fabis-lederey.com\/index.php\/wp-json\/wp\/v2\/comments?post=7489"}],"wp:attachment":[{"href":"http:\/\/fabis-lederey.com\/index.php\/wp-json\/wp\/v2\/media?parent=7489"}],"wp:term":[{"taxonomy":"product_brand","embeddable":true,"href":"http:\/\/fabis-lederey.com\/index.php\/wp-json\/wp\/v2\/product_brand?post=7489"},{"taxonomy":"product_cat","embeddable":true,"href":"http:\/\/fabis-lederey.com\/index.php\/wp-json\/wp\/v2\/product_cat?post=7489"},{"taxonomy":"product_tag","embeddable":true,"href":"http:\/\/fabis-lederey.com\/index.php\/wp-json\/wp\/v2\/product_tag?post=7489"}],"curies":[{"name":"wp","href":"https:\/\/api.w.org\/{rel}","templated":true}]}}