{"id":7556,"date":"2022-01-20T10:52:40","date_gmt":"2022-01-20T10:52:40","guid":{"rendered":"http:\/\/fabis-lederey.com\/?post_type=product&#038;p=7556"},"modified":"2022-01-20T11:10:39","modified_gmt":"2022-01-20T11:10:39","slug":"novocontact-olivenkopf-14mm-doppelt-gebrochen-d-ring","status":"publish","type":"product","link":"http:\/\/fabis-lederey.com\/index.php\/produkt\/novocontact-olivenkopf-14mm-doppelt-gebrochen-d-ring\/","title":{"rendered":"Novocontact Olivenkopf, 14mm, doppelt gebrochen, D-Ring"},"content":{"rendered":"<div class=\"product--description\">\n<h2>Novocontact Olivenkopf, 14mm, doppelt gebrochen, D-Ring<\/h2>\n<p>&nbsp;<\/p>\n<p>Die innovativen novocontact Gebisse haben eine einzigartige ovale Gebissform, die so konzipiert worden ist, dass bei leichter Anlehnung eine breite Fl\u00e4che satt auf der Zunge aufliegt.<\/p>\n<p>Erst bei verst\u00e4rktem Z\u00fcgelanzug dreht sich das Mundst\u00fcck nach vorne. In diesem Moment verringert sich kurzfristig die Auflagefl\u00e4che, was eine besonders effektive Hilfengebung erm\u00f6glicht. Dies unterst\u00fctzt eine optimale Kommunikation und bereitet den Weg f\u00fcr eine verbesserte Anlehnung zwischen Pferd und Reiter.<\/p>\n<p>novocontact Gebisse bieten zus\u00e4tzlich zu der ergonomisch angepassten Lage im Pferdemaul auch noch eine gr\u00f6\u00dfere Auflagefl\u00e4che auf der Zunge. Sie entsprechen den neuesten wissenschaftlichen Erkenntnissen und sind f\u00fcr jeden Pferdetyp geeignet. In Praxistests haben sie sich sowohl bei Profis als auch bei Amateur- und Freizeitreitern bew\u00e4hrt.<\/p>\n<\/div>\n","protected":false},"excerpt":{"rendered":"<header class=\"product--header\">\n<div class=\"product--info\">\n<h4 class=\"product--title fundis-font-title-h1\">Novocontact Olivenkopf, 14mm, doppelt gebrochen, D-Ring<\/h4>\n<div class=\"fundis-product-rating\">\n<div id=\"ts_product_widget_position_FR22998\">\n<div class=\"fundis-product-usp-entry-text\">\n<div class=\"bullets product_enhancements_block\">\n<div class=\"bullets product_enhancements_block\">\n<div class=\"bullets product_enhancements_block\">\n<div class=\"bullets product_enhancements_block\">\n<div class=\"bullets product_enhancements_block\">\n<div class=\"bullets product_enhancements_block\">\n<ul>\n<li>ovale Form vergr\u00f6\u00dfert die Auflagefl\u00e4che auf der Zunge f\u00fcr eine weiche Einwirkung<\/li>\n<li>f\u00fcr Pferde, die gelegentlich stark werden aber zu sensibel f\u00fcr st\u00e4rkere Gebisse sind<\/li>\n<li>direkte \u00dcbertragung der Z\u00fcgelhilfe auf Zunge und Unterkiefer durch fixiertes Seitenteil<\/li>\n<li>ruhige Lage im Pferdemaul, maulwinkelschonend<\/li>\n<li>seitliche Begrenzung unterst\u00fctzt beim Reiten von Wendungen, insb. bei Pferden, die dazu neigen \u00fcber die Schulter auszubrechen<\/li>\n<li>optimale Ausnutzung der Platzverh\u00e4ltnisse im Pferdemaul<\/li>\n<\/ul>\n<\/div>\n<\/div>\n<\/div>\n<\/div>\n<\/div>\n<\/div>\n<\/div>\n<\/div>\n<\/div>\n<\/div>\n<\/header>\n","protected":false},"featured_media":0,"comment_status":"open","ping_status":"closed","template":"","meta":[],"product_brand":[],"product_cat":[44,84],"product_tag":[],"class_list":{"0":"post-7556","1":"product","2":"type-product","3":"status-publish","5":"product_cat-allproducts","6":"product_cat-gebisse","7":"pa_groesse-gebiss-163","8":"pa_groesse-gebiss-160","9":"pa_groesse-gebiss-164","10":"pa_groesse-gebiss-161","11":"pa_groesse-gebiss-165","12":"pa_groesse-gebiss-162","14":"first","15":"instock","16":"taxable","17":"shipping-taxable","18":"purchasable","19":"product-type-variable"},"yoast_head":"<!-- This site is optimized with the Yoast SEO plugin v27.5 - https:\/\/yoast.com\/product\/yoast-seo-wordpress\/ -->\n<title>Novocontact Olivenkopf, 14mm, doppelt gebrochen, D-Ring - Fabis Lederey - Fabian Kempf<\/title>\n<meta name=\"robots\" content=\"index, follow, max-snippet:-1, max-image-preview:large, max-video-preview:-1\" \/>\n<link rel=\"canonical\" href=\"http:\/\/fabis-lederey.com\/index.php\/produkt\/novocontact-olivenkopf-14mm-doppelt-gebrochen-d-ring\/\" \/>\n<meta property=\"og:locale\" content=\"de_DE\" \/>\n<meta property=\"og:type\" content=\"article\" \/>\n<meta property=\"og:title\" content=\"Novocontact Olivenkopf, 14mm, doppelt gebrochen, D-Ring - Fabis Lederey - Fabian Kempf\" \/>\n<meta property=\"og:description\" content=\"Novocontact Olivenkopf, 14mm, doppelt gebrochen, D-Ring            ovale Form vergr\u00f6\u00dfert die Auflagefl\u00e4che auf der Zunge f\u00fcr eine weiche Einwirkung  f\u00fcr Pferde, die gelegentlich stark werden aber zu sensibel f\u00fcr st\u00e4rkere Gebisse sind  direkte \u00dcbertragung der Z\u00fcgelhilfe auf Zunge und Unterkiefer durch fixiertes Seitenteil  ruhige Lage im Pferdemaul, maulwinkelschonend  seitliche Begrenzung unterst\u00fctzt beim Reiten von Wendungen, insb. bei Pferden, die dazu neigen \u00fcber die Schulter auszubrechen  optimale Ausnutzung der Platzverh\u00e4ltnisse im Pferdemaul\" \/>\n<meta property=\"og:url\" content=\"http:\/\/fabis-lederey.com\/index.php\/produkt\/novocontact-olivenkopf-14mm-doppelt-gebrochen-d-ring\/\" \/>\n<meta property=\"og:site_name\" content=\"Fabis Lederey - Fabian Kempf\" \/>\n<meta property=\"article:modified_time\" content=\"2022-01-20T11:10:39+00:00\" \/>\n<meta name=\"twitter:card\" content=\"summary_large_image\" \/>\n<meta name=\"twitter:label1\" content=\"Gesch\u00e4tzte Lesezeit\" \/>\n\t<meta name=\"twitter:data1\" content=\"1\u00a0Minute\" \/>\n<script type=\"application\/ld+json\" class=\"yoast-schema-graph\">{\"@context\":\"https:\\\/\\\/schema.org\",\"@graph\":[{\"@type\":\"WebPage\",\"@id\":\"http:\\\/\\\/fabis-lederey.com\\\/index.php\\\/produkt\\\/novocontact-olivenkopf-14mm-doppelt-gebrochen-d-ring\\\/\",\"url\":\"http:\\\/\\\/fabis-lederey.com\\\/index.php\\\/produkt\\\/novocontact-olivenkopf-14mm-doppelt-gebrochen-d-ring\\\/\",\"name\":\"Novocontact Olivenkopf, 14mm, doppelt gebrochen, D-Ring - Fabis Lederey - Fabian Kempf\",\"isPartOf\":{\"@id\":\"https:\\\/\\\/fabis-lederey.com\\\/#website\"},\"datePublished\":\"2022-01-20T10:52:40+00:00\",\"dateModified\":\"2022-01-20T11:10:39+00:00\",\"breadcrumb\":{\"@id\":\"http:\\\/\\\/fabis-lederey.com\\\/index.php\\\/produkt\\\/novocontact-olivenkopf-14mm-doppelt-gebrochen-d-ring\\\/#breadcrumb\"},\"inLanguage\":\"de\",\"potentialAction\":[{\"@type\":\"ReadAction\",\"target\":[\"http:\\\/\\\/fabis-lederey.com\\\/index.php\\\/produkt\\\/novocontact-olivenkopf-14mm-doppelt-gebrochen-d-ring\\\/\"]}]},{\"@type\":\"BreadcrumbList\",\"@id\":\"http:\\\/\\\/fabis-lederey.com\\\/index.php\\\/produkt\\\/novocontact-olivenkopf-14mm-doppelt-gebrochen-d-ring\\\/#breadcrumb\",\"itemListElement\":[{\"@type\":\"ListItem\",\"position\":1,\"name\":\"Home\",\"item\":\"http:\\\/\\\/fabis-lederey.com\\\/\"},{\"@type\":\"ListItem\",\"position\":2,\"name\":\"Shop\",\"item\":\"http:\\\/\\\/fabis-lederey.com\\\/?page_id=7147\"},{\"@type\":\"ListItem\",\"position\":3,\"name\":\"Novocontact Olivenkopf, 14mm, doppelt gebrochen, D-Ring\"}]},{\"@type\":\"WebSite\",\"@id\":\"https:\\\/\\\/fabis-lederey.com\\\/#website\",\"url\":\"https:\\\/\\\/fabis-lederey.com\\\/\",\"name\":\"Fabis Lederey - Fabian Kempf\",\"description\":\"Die Reitsportsattlerei und Ledermanufaktur in Pirmasens, S\u00fcdwestpfalz und im SaarLorLux-Kreis.\",\"potentialAction\":[{\"@type\":\"SearchAction\",\"target\":{\"@type\":\"EntryPoint\",\"urlTemplate\":\"https:\\\/\\\/fabis-lederey.com\\\/?s={search_term_string}\"},\"query-input\":{\"@type\":\"PropertyValueSpecification\",\"valueRequired\":true,\"valueName\":\"search_term_string\"}}],\"inLanguage\":\"de\"}]}<\/script>\n<!-- \/ Yoast SEO plugin. -->","yoast_head_json":{"title":"Novocontact Olivenkopf, 14mm, doppelt gebrochen, D-Ring - Fabis Lederey - Fabian Kempf","robots":{"index":"index","follow":"follow","max-snippet":"max-snippet:-1","max-image-preview":"max-image-preview:large","max-video-preview":"max-video-preview:-1"},"canonical":"http:\/\/fabis-lederey.com\/index.php\/produkt\/novocontact-olivenkopf-14mm-doppelt-gebrochen-d-ring\/","og_locale":"de_DE","og_type":"article","og_title":"Novocontact Olivenkopf, 14mm, doppelt gebrochen, D-Ring - Fabis Lederey - Fabian Kempf","og_description":"Novocontact Olivenkopf, 14mm, doppelt gebrochen, D-Ring            ovale Form vergr\u00f6\u00dfert die Auflagefl\u00e4che auf der Zunge f\u00fcr eine weiche Einwirkung  f\u00fcr Pferde, die gelegentlich stark werden aber zu sensibel f\u00fcr st\u00e4rkere Gebisse sind  direkte \u00dcbertragung der Z\u00fcgelhilfe auf Zunge und Unterkiefer durch fixiertes Seitenteil  ruhige Lage im Pferdemaul, maulwinkelschonend  seitliche Begrenzung unterst\u00fctzt beim Reiten von Wendungen, insb. bei Pferden, die dazu neigen \u00fcber die Schulter auszubrechen  optimale Ausnutzung der Platzverh\u00e4ltnisse im Pferdemaul","og_url":"http:\/\/fabis-lederey.com\/index.php\/produkt\/novocontact-olivenkopf-14mm-doppelt-gebrochen-d-ring\/","og_site_name":"Fabis Lederey - Fabian Kempf","article_modified_time":"2022-01-20T11:10:39+00:00","twitter_card":"summary_large_image","twitter_misc":{"Gesch\u00e4tzte Lesezeit":"1\u00a0Minute"},"schema":{"@context":"https:\/\/schema.org","@graph":[{"@type":"WebPage","@id":"http:\/\/fabis-lederey.com\/index.php\/produkt\/novocontact-olivenkopf-14mm-doppelt-gebrochen-d-ring\/","url":"http:\/\/fabis-lederey.com\/index.php\/produkt\/novocontact-olivenkopf-14mm-doppelt-gebrochen-d-ring\/","name":"Novocontact Olivenkopf, 14mm, doppelt gebrochen, D-Ring - Fabis Lederey - Fabian Kempf","isPartOf":{"@id":"https:\/\/fabis-lederey.com\/#website"},"datePublished":"2022-01-20T10:52:40+00:00","dateModified":"2022-01-20T11:10:39+00:00","breadcrumb":{"@id":"http:\/\/fabis-lederey.com\/index.php\/produkt\/novocontact-olivenkopf-14mm-doppelt-gebrochen-d-ring\/#breadcrumb"},"inLanguage":"de","potentialAction":[{"@type":"ReadAction","target":["http:\/\/fabis-lederey.com\/index.php\/produkt\/novocontact-olivenkopf-14mm-doppelt-gebrochen-d-ring\/"]}]},{"@type":"BreadcrumbList","@id":"http:\/\/fabis-lederey.com\/index.php\/produkt\/novocontact-olivenkopf-14mm-doppelt-gebrochen-d-ring\/#breadcrumb","itemListElement":[{"@type":"ListItem","position":1,"name":"Home","item":"http:\/\/fabis-lederey.com\/"},{"@type":"ListItem","position":2,"name":"Shop","item":"http:\/\/fabis-lederey.com\/?page_id=7147"},{"@type":"ListItem","position":3,"name":"Novocontact Olivenkopf, 14mm, doppelt gebrochen, D-Ring"}]},{"@type":"WebSite","@id":"https:\/\/fabis-lederey.com\/#website","url":"https:\/\/fabis-lederey.com\/","name":"Fabis Lederey - Fabian Kempf","description":"Die Reitsportsattlerei und Ledermanufaktur in Pirmasens, S\u00fcdwestpfalz und im SaarLorLux-Kreis.","potentialAction":[{"@type":"SearchAction","target":{"@type":"EntryPoint","urlTemplate":"https:\/\/fabis-lederey.com\/?s={search_term_string}"},"query-input":{"@type":"PropertyValueSpecification","valueRequired":true,"valueName":"search_term_string"}}],"inLanguage":"de"}]}},"_links":{"self":[{"href":"http:\/\/fabis-lederey.com\/index.php\/wp-json\/wp\/v2\/product\/7556","targetHints":{"allow":["GET"]}}],"collection":[{"href":"http:\/\/fabis-lederey.com\/index.php\/wp-json\/wp\/v2\/product"}],"about":[{"href":"http:\/\/fabis-lederey.com\/index.php\/wp-json\/wp\/v2\/types\/product"}],"replies":[{"embeddable":true,"href":"http:\/\/fabis-lederey.com\/index.php\/wp-json\/wp\/v2\/comments?post=7556"}],"wp:attachment":[{"href":"http:\/\/fabis-lederey.com\/index.php\/wp-json\/wp\/v2\/media?parent=7556"}],"wp:term":[{"taxonomy":"product_brand","embeddable":true,"href":"http:\/\/fabis-lederey.com\/index.php\/wp-json\/wp\/v2\/product_brand?post=7556"},{"taxonomy":"product_cat","embeddable":true,"href":"http:\/\/fabis-lederey.com\/index.php\/wp-json\/wp\/v2\/product_cat?post=7556"},{"taxonomy":"product_tag","embeddable":true,"href":"http:\/\/fabis-lederey.com\/index.php\/wp-json\/wp\/v2\/product_tag?post=7556"}],"curies":[{"name":"wp","href":"https:\/\/api.w.org\/{rel}","templated":true}]}}