{"id":7586,"date":"2022-01-20T11:55:28","date_gmt":"2022-01-20T11:55:28","guid":{"rendered":"http:\/\/fabis-lederey.com\/?post_type=product&#038;p=7586"},"modified":"2022-01-20T12:40:00","modified_gmt":"2022-01-20T12:40:00","slug":"ho-reitkandare-14mm-5cm-7cm-unterzug","status":"publish","type":"product","link":"http:\/\/fabis-lederey.com\/index.php\/produkt\/ho-reitkandare-14mm-5cm-7cm-unterzug\/","title":{"rendered":"HO Reitkandare 14mm, 5cm\/7cm Unterzug"},"content":{"rendered":"<div class=\"product--description\">\n<h2 class=\"product--title fundis-font-title-h1\">HO Reitkandare 14mm, 5cm\/7cm Unterzug<\/h2>\n<\/div>\n<p>&nbsp;<\/p>\n<div class=\"product--description\">\n<p class=\"product--title fundis-font-title-h1\">Die Konstruktion des Mundst\u00fccks mit einer nach vorn geneigten Zungenfreiheit, deren weiche \u00dcberg\u00e4nge in angeschr\u00e4gte, seitliche Gebissteile \u00fcbergehen, besticht durch feinste Druckverteilung auf der Zunge. Der Tastsinn wird in optimaler Weise genutzt, was eine besonders pr\u00e4zise Einwirkung erm\u00f6glicht.<br \/>\nDiese Kandare ist empfehlenswert, um ein Pferd schonend und sicher mit der Kandare vertraut zu machen.<br \/>\nDas angeschr\u00e4gte Mundst\u00fcck f\u00f6rdert die Harmonie zwischen Reiterhand und Pferdemaul und sorgt f\u00fcr ein entspanntes Herantreten an die Kandare.<\/p>\n<p>Dort, wo die Kandare eingeschnallt wird, ist das Pferdemaul schmaler, weshalb die Kandare in der Regel 1\/2 bis 1 cm kleiner gew\u00e4hlt werden sollte als die Unterlegtrense.<br \/>\nWichtig ist, dass die Seitenteile der Kandare dicht an den Maulwinkeln abschlie\u00dfen.<br \/>\nDie Kinnkette sollte so verschnallt werden, dass die Kandare bis zu einem Winkel von ca. 45\u00b0 angenommen werden kann.<\/p>\n<p>&nbsp;<\/p>\n<p>&nbsp;<\/p>\n<\/div>\n","protected":false},"excerpt":{"rendered":"<header class=\"product--header\">\n<div class=\"product--info\">\n<h4 class=\"product--title fundis-font-title-h1\">HO Reitkandare 14mm, 5cm\/7cm Unterzug<\/h4>\n<div class=\"fundis-product-rating\">\n<div id=\"ts_product_widget_position_FR22998\">\n<div class=\"fundis-product-usp-entry-text\">\n<div class=\"bullets product_enhancements_block\">\n<div class=\"bullets product_enhancements_block\">\n<div class=\"bullets product_enhancements_block\">\n<div class=\"bullets product_enhancements_block\">\n<div class=\"bullets product_enhancements_block\">\n<div class=\"bullets product_enhancements_block\">\n<div class=\"bullets product_enhancements_block\">\n<div class=\"bullets product_enhancements_block\">\n<div class=\"bullets product_enhancements_block\">\n<div class=\"bullets product_enhancements_block\">\n<ul>\n<li>leicht gew\u00f6lbt und nach vorne geneigt, mit Zungenfreiheit, angeschr\u00e4gte \u00dcberg\u00e4nge zum Seitenteil<\/li>\n<li>leichte Entlastung der Zungenmitte, geringerer Druck auf Zungenr\u00e4ndern<\/li>\n<li>bei Z\u00fcgelanzug gleichm\u00e4\u00dfige Druckverteilung \u00fcber die gesamte Zunge<\/li>\n<li>geeignet f\u00fcr Kandareneinsteiger, sensible Pferde und um ein Pferd mit der Kandare vertraut zu machen<\/li>\n<li>Genickdruck durch kurzen Hebel vergleichsweise gering, tritt jedoch schneller ein, daher gef\u00fchlvolle Reiterhand notwendig<\/li>\n<\/ul>\n<\/div>\n<\/div>\n<\/div>\n<\/div>\n<\/div>\n<\/div>\n<\/div>\n<\/div>\n<\/div>\n<\/div>\n<\/div>\n<\/div>\n<\/div>\n<\/div>\n<\/header>\n","protected":false},"featured_media":0,"comment_status":"open","ping_status":"closed","template":"","meta":[],"product_brand":[],"product_cat":[44,84],"product_tag":[],"class_list":{"0":"post-7586","1":"product","2":"type-product","3":"status-publish","5":"product_cat-allproducts","6":"product_cat-gebisse","7":"pa_groesse-gebiss-163","8":"pa_groesse-gebiss-160","9":"pa_groesse-gebiss-164","10":"pa_groesse-gebiss-161","11":"pa_groesse-gebiss-165","12":"pa_groesse-gebiss-162","14":"first","15":"instock","16":"taxable","17":"shipping-taxable","18":"purchasable","19":"product-type-variable"},"yoast_head":"<!-- This site is optimized with the Yoast SEO plugin v27.5 - https:\/\/yoast.com\/product\/yoast-seo-wordpress\/ -->\n<title>HO Reitkandare 14mm, 5cm\/7cm Unterzug - Fabis Lederey - Fabian Kempf<\/title>\n<meta name=\"robots\" content=\"index, follow, max-snippet:-1, max-image-preview:large, max-video-preview:-1\" \/>\n<link rel=\"canonical\" href=\"http:\/\/fabis-lederey.com\/index.php\/produkt\/ho-reitkandare-14mm-5cm-7cm-unterzug\/\" \/>\n<meta property=\"og:locale\" content=\"de_DE\" \/>\n<meta property=\"og:type\" content=\"article\" \/>\n<meta property=\"og:title\" content=\"HO Reitkandare 14mm, 5cm\/7cm Unterzug - Fabis Lederey - Fabian Kempf\" \/>\n<meta property=\"og:description\" content=\"HO Reitkandare 14mm, 5cm\/7cm Unterzug                leicht gew\u00f6lbt und nach vorne geneigt, mit Zungenfreiheit, angeschr\u00e4gte \u00dcberg\u00e4nge zum Seitenteil  leichte Entlastung der Zungenmitte, geringerer Druck auf Zungenr\u00e4ndern  bei Z\u00fcgelanzug gleichm\u00e4\u00dfige Druckverteilung \u00fcber die gesamte Zunge  geeignet f\u00fcr Kandareneinsteiger, sensible Pferde und um ein Pferd mit der Kandare vertraut zu machen  Genickdruck durch kurzen Hebel vergleichsweise gering, tritt jedoch schneller ein, daher gef\u00fchlvolle Reiterhand notwendig\" \/>\n<meta property=\"og:url\" content=\"http:\/\/fabis-lederey.com\/index.php\/produkt\/ho-reitkandare-14mm-5cm-7cm-unterzug\/\" \/>\n<meta property=\"og:site_name\" content=\"Fabis Lederey - Fabian Kempf\" \/>\n<meta property=\"article:modified_time\" content=\"2022-01-20T12:40:00+00:00\" \/>\n<meta name=\"twitter:card\" content=\"summary_large_image\" \/>\n<meta name=\"twitter:label1\" content=\"Gesch\u00e4tzte Lesezeit\" \/>\n\t<meta name=\"twitter:data1\" content=\"1\u00a0Minute\" \/>\n<script type=\"application\/ld+json\" class=\"yoast-schema-graph\">{\"@context\":\"https:\\\/\\\/schema.org\",\"@graph\":[{\"@type\":\"WebPage\",\"@id\":\"http:\\\/\\\/fabis-lederey.com\\\/index.php\\\/produkt\\\/ho-reitkandare-14mm-5cm-7cm-unterzug\\\/\",\"url\":\"http:\\\/\\\/fabis-lederey.com\\\/index.php\\\/produkt\\\/ho-reitkandare-14mm-5cm-7cm-unterzug\\\/\",\"name\":\"HO Reitkandare 14mm, 5cm\\\/7cm Unterzug - Fabis Lederey - Fabian Kempf\",\"isPartOf\":{\"@id\":\"https:\\\/\\\/fabis-lederey.com\\\/#website\"},\"datePublished\":\"2022-01-20T11:55:28+00:00\",\"dateModified\":\"2022-01-20T12:40:00+00:00\",\"breadcrumb\":{\"@id\":\"http:\\\/\\\/fabis-lederey.com\\\/index.php\\\/produkt\\\/ho-reitkandare-14mm-5cm-7cm-unterzug\\\/#breadcrumb\"},\"inLanguage\":\"de\",\"potentialAction\":[{\"@type\":\"ReadAction\",\"target\":[\"http:\\\/\\\/fabis-lederey.com\\\/index.php\\\/produkt\\\/ho-reitkandare-14mm-5cm-7cm-unterzug\\\/\"]}]},{\"@type\":\"BreadcrumbList\",\"@id\":\"http:\\\/\\\/fabis-lederey.com\\\/index.php\\\/produkt\\\/ho-reitkandare-14mm-5cm-7cm-unterzug\\\/#breadcrumb\",\"itemListElement\":[{\"@type\":\"ListItem\",\"position\":1,\"name\":\"Home\",\"item\":\"http:\\\/\\\/fabis-lederey.com\\\/\"},{\"@type\":\"ListItem\",\"position\":2,\"name\":\"Shop\",\"item\":\"http:\\\/\\\/fabis-lederey.com\\\/?page_id=7147\"},{\"@type\":\"ListItem\",\"position\":3,\"name\":\"HO Reitkandare 14mm, 5cm\\\/7cm Unterzug\"}]},{\"@type\":\"WebSite\",\"@id\":\"https:\\\/\\\/fabis-lederey.com\\\/#website\",\"url\":\"https:\\\/\\\/fabis-lederey.com\\\/\",\"name\":\"Fabis Lederey - Fabian Kempf\",\"description\":\"Die Reitsportsattlerei und Ledermanufaktur in Pirmasens, S\u00fcdwestpfalz und im SaarLorLux-Kreis.\",\"potentialAction\":[{\"@type\":\"SearchAction\",\"target\":{\"@type\":\"EntryPoint\",\"urlTemplate\":\"https:\\\/\\\/fabis-lederey.com\\\/?s={search_term_string}\"},\"query-input\":{\"@type\":\"PropertyValueSpecification\",\"valueRequired\":true,\"valueName\":\"search_term_string\"}}],\"inLanguage\":\"de\"}]}<\/script>\n<!-- \/ Yoast SEO plugin. -->","yoast_head_json":{"title":"HO Reitkandare 14mm, 5cm\/7cm Unterzug - Fabis Lederey - Fabian Kempf","robots":{"index":"index","follow":"follow","max-snippet":"max-snippet:-1","max-image-preview":"max-image-preview:large","max-video-preview":"max-video-preview:-1"},"canonical":"http:\/\/fabis-lederey.com\/index.php\/produkt\/ho-reitkandare-14mm-5cm-7cm-unterzug\/","og_locale":"de_DE","og_type":"article","og_title":"HO Reitkandare 14mm, 5cm\/7cm Unterzug - Fabis Lederey - Fabian Kempf","og_description":"HO Reitkandare 14mm, 5cm\/7cm Unterzug                leicht gew\u00f6lbt und nach vorne geneigt, mit Zungenfreiheit, angeschr\u00e4gte \u00dcberg\u00e4nge zum Seitenteil  leichte Entlastung der Zungenmitte, geringerer Druck auf Zungenr\u00e4ndern  bei Z\u00fcgelanzug gleichm\u00e4\u00dfige Druckverteilung \u00fcber die gesamte Zunge  geeignet f\u00fcr Kandareneinsteiger, sensible Pferde und um ein Pferd mit der Kandare vertraut zu machen  Genickdruck durch kurzen Hebel vergleichsweise gering, tritt jedoch schneller ein, daher gef\u00fchlvolle Reiterhand notwendig","og_url":"http:\/\/fabis-lederey.com\/index.php\/produkt\/ho-reitkandare-14mm-5cm-7cm-unterzug\/","og_site_name":"Fabis Lederey - Fabian Kempf","article_modified_time":"2022-01-20T12:40:00+00:00","twitter_card":"summary_large_image","twitter_misc":{"Gesch\u00e4tzte Lesezeit":"1\u00a0Minute"},"schema":{"@context":"https:\/\/schema.org","@graph":[{"@type":"WebPage","@id":"http:\/\/fabis-lederey.com\/index.php\/produkt\/ho-reitkandare-14mm-5cm-7cm-unterzug\/","url":"http:\/\/fabis-lederey.com\/index.php\/produkt\/ho-reitkandare-14mm-5cm-7cm-unterzug\/","name":"HO Reitkandare 14mm, 5cm\/7cm Unterzug - Fabis Lederey - Fabian Kempf","isPartOf":{"@id":"https:\/\/fabis-lederey.com\/#website"},"datePublished":"2022-01-20T11:55:28+00:00","dateModified":"2022-01-20T12:40:00+00:00","breadcrumb":{"@id":"http:\/\/fabis-lederey.com\/index.php\/produkt\/ho-reitkandare-14mm-5cm-7cm-unterzug\/#breadcrumb"},"inLanguage":"de","potentialAction":[{"@type":"ReadAction","target":["http:\/\/fabis-lederey.com\/index.php\/produkt\/ho-reitkandare-14mm-5cm-7cm-unterzug\/"]}]},{"@type":"BreadcrumbList","@id":"http:\/\/fabis-lederey.com\/index.php\/produkt\/ho-reitkandare-14mm-5cm-7cm-unterzug\/#breadcrumb","itemListElement":[{"@type":"ListItem","position":1,"name":"Home","item":"http:\/\/fabis-lederey.com\/"},{"@type":"ListItem","position":2,"name":"Shop","item":"http:\/\/fabis-lederey.com\/?page_id=7147"},{"@type":"ListItem","position":3,"name":"HO Reitkandare 14mm, 5cm\/7cm Unterzug"}]},{"@type":"WebSite","@id":"https:\/\/fabis-lederey.com\/#website","url":"https:\/\/fabis-lederey.com\/","name":"Fabis Lederey - Fabian Kempf","description":"Die Reitsportsattlerei und Ledermanufaktur in Pirmasens, S\u00fcdwestpfalz und im SaarLorLux-Kreis.","potentialAction":[{"@type":"SearchAction","target":{"@type":"EntryPoint","urlTemplate":"https:\/\/fabis-lederey.com\/?s={search_term_string}"},"query-input":{"@type":"PropertyValueSpecification","valueRequired":true,"valueName":"search_term_string"}}],"inLanguage":"de"}]}},"_links":{"self":[{"href":"http:\/\/fabis-lederey.com\/index.php\/wp-json\/wp\/v2\/product\/7586","targetHints":{"allow":["GET"]}}],"collection":[{"href":"http:\/\/fabis-lederey.com\/index.php\/wp-json\/wp\/v2\/product"}],"about":[{"href":"http:\/\/fabis-lederey.com\/index.php\/wp-json\/wp\/v2\/types\/product"}],"replies":[{"embeddable":true,"href":"http:\/\/fabis-lederey.com\/index.php\/wp-json\/wp\/v2\/comments?post=7586"}],"wp:attachment":[{"href":"http:\/\/fabis-lederey.com\/index.php\/wp-json\/wp\/v2\/media?parent=7586"}],"wp:term":[{"taxonomy":"product_brand","embeddable":true,"href":"http:\/\/fabis-lederey.com\/index.php\/wp-json\/wp\/v2\/product_brand?post=7586"},{"taxonomy":"product_cat","embeddable":true,"href":"http:\/\/fabis-lederey.com\/index.php\/wp-json\/wp\/v2\/product_cat?post=7586"},{"taxonomy":"product_tag","embeddable":true,"href":"http:\/\/fabis-lederey.com\/index.php\/wp-json\/wp\/v2\/product_tag?post=7586"}],"curies":[{"name":"wp","href":"https:\/\/api.w.org\/{rel}","templated":true}]}}