{"id":7614,"date":"2022-01-20T12:58:43","date_gmt":"2022-01-20T12:58:43","guid":{"rendered":"http:\/\/fabis-lederey.com\/?post_type=product&#038;p=7614"},"modified":"2022-01-20T13:03:31","modified_gmt":"2022-01-20T13:03:31","slug":"hs-diamond-paste-100ml","status":"publish","type":"product","link":"http:\/\/fabis-lederey.com\/index.php\/produkt\/hs-diamond-paste-100ml\/","title":{"rendered":"HS Diamond Paste 100ml"},"content":{"rendered":"<div class=\"product--description\">\n<div id=\"content_tab_1\" class=\"content_box_s5\">\n<h2><strong>HS Diamond Paste 100ml<\/strong><\/h2>\n<p>Unsere Diamond Paste ist eine umweltfreundliche Metallpolitur zur Reinigung und Pflege von Gebissen, Sporen, Steigb\u00fcgeln und Metallbeschl\u00e4gen an Trense, Geschirren etc. Die Paste ist hautfreundlich, lebensmittelecht, gift- und s\u00e4urefrei. Sie besteht aus mikrofreinen Politurk\u00f6rpern und sorgt f\u00fcr neuen Glanz und Sauberkeit auf Edelstahl- &amp; Chromteilen. Ebenfalls geeignet f\u00fcr Teile aus Kuper, Messing, Aurigan und Sensogan.<\/p>\n<\/div>\n<\/div>\n<p>&nbsp;<\/p>\n<p>&nbsp;<\/p>\n","protected":false},"excerpt":{"rendered":"<header class=\"product--header\">\n<div class=\"product--info\">\n<h4 class=\"product--title fundis-font-title-h1\">HS Diamond Paste 100ml<\/h4>\n<\/div>\n<\/header>\n<div class=\"buybox--inner\">\n<div class=\"fundis-product-usp-properties\">\n<div class=\"fundis-product-usp-entry\">\n<div class=\"bullets product_enhancements_block\">\n<ul>\n<li>reinigt, schafft neuen Glanz und konserviert<\/li>\n<li>ideal f\u00fcr Gebisse, Sporen, Steigb\u00fcgel und Beschl\u00e4ge<\/li>\n<li>hautfreundlich und lebensmittelecht<\/li>\n<li>enth\u00e4lt mikrofeine Polierk\u00f6rper<\/li>\n<li>frei von Duftstoffen<\/li>\n<\/ul>\n<\/div>\n<\/div>\n<\/div>\n<\/div>\n","protected":false},"featured_media":0,"comment_status":"open","ping_status":"closed","template":"","meta":[],"product_brand":[],"product_cat":[44,84,76],"product_tag":[],"class_list":{"0":"post-7614","1":"product","2":"type-product","3":"status-publish","5":"product_cat-allproducts","6":"product_cat-gebisse","7":"product_cat-putzbedarf","9":"first","10":"instock","11":"taxable","12":"shipping-taxable","13":"purchasable","14":"product-type-simple"},"yoast_head":"<!-- This site is optimized with the Yoast SEO plugin v27.5 - https:\/\/yoast.com\/product\/yoast-seo-wordpress\/ -->\n<title>HS Diamond Paste 100ml - Fabis Lederey - Fabian Kempf<\/title>\n<meta name=\"robots\" content=\"index, follow, max-snippet:-1, max-image-preview:large, max-video-preview:-1\" \/>\n<link rel=\"canonical\" href=\"http:\/\/fabis-lederey.com\/index.php\/produkt\/hs-diamond-paste-100ml\/\" \/>\n<meta property=\"og:locale\" content=\"de_DE\" \/>\n<meta property=\"og:type\" content=\"article\" \/>\n<meta property=\"og:title\" content=\"HS Diamond Paste 100ml - Fabis Lederey - Fabian Kempf\" \/>\n<meta property=\"og:description\" content=\"HS Diamond Paste 100ml         reinigt, schafft neuen Glanz und konserviert  ideal f\u00fcr Gebisse, Sporen, Steigb\u00fcgel und Beschl\u00e4ge  hautfreundlich und lebensmittelecht  enth\u00e4lt mikrofeine Polierk\u00f6rper  frei von Duftstoffen\" \/>\n<meta property=\"og:url\" content=\"http:\/\/fabis-lederey.com\/index.php\/produkt\/hs-diamond-paste-100ml\/\" \/>\n<meta property=\"og:site_name\" content=\"Fabis Lederey - Fabian Kempf\" \/>\n<meta property=\"article:modified_time\" content=\"2022-01-20T13:03:31+00:00\" \/>\n<meta name=\"twitter:card\" content=\"summary_large_image\" \/>\n<meta name=\"twitter:label1\" content=\"Gesch\u00e4tzte Lesezeit\" \/>\n\t<meta name=\"twitter:data1\" content=\"1\u00a0Minute\" \/>\n<script type=\"application\/ld+json\" class=\"yoast-schema-graph\">{\"@context\":\"https:\\\/\\\/schema.org\",\"@graph\":[{\"@type\":\"WebPage\",\"@id\":\"http:\\\/\\\/fabis-lederey.com\\\/index.php\\\/produkt\\\/hs-diamond-paste-100ml\\\/\",\"url\":\"http:\\\/\\\/fabis-lederey.com\\\/index.php\\\/produkt\\\/hs-diamond-paste-100ml\\\/\",\"name\":\"HS Diamond Paste 100ml - Fabis Lederey - Fabian Kempf\",\"isPartOf\":{\"@id\":\"https:\\\/\\\/fabis-lederey.com\\\/#website\"},\"datePublished\":\"2022-01-20T12:58:43+00:00\",\"dateModified\":\"2022-01-20T13:03:31+00:00\",\"breadcrumb\":{\"@id\":\"http:\\\/\\\/fabis-lederey.com\\\/index.php\\\/produkt\\\/hs-diamond-paste-100ml\\\/#breadcrumb\"},\"inLanguage\":\"de\",\"potentialAction\":[{\"@type\":\"ReadAction\",\"target\":[\"http:\\\/\\\/fabis-lederey.com\\\/index.php\\\/produkt\\\/hs-diamond-paste-100ml\\\/\"]}]},{\"@type\":\"BreadcrumbList\",\"@id\":\"http:\\\/\\\/fabis-lederey.com\\\/index.php\\\/produkt\\\/hs-diamond-paste-100ml\\\/#breadcrumb\",\"itemListElement\":[{\"@type\":\"ListItem\",\"position\":1,\"name\":\"Home\",\"item\":\"http:\\\/\\\/fabis-lederey.com\\\/\"},{\"@type\":\"ListItem\",\"position\":2,\"name\":\"Shop\",\"item\":\"http:\\\/\\\/fabis-lederey.com\\\/?page_id=7147\"},{\"@type\":\"ListItem\",\"position\":3,\"name\":\"HS Diamond Paste 100ml\"}]},{\"@type\":\"WebSite\",\"@id\":\"https:\\\/\\\/fabis-lederey.com\\\/#website\",\"url\":\"https:\\\/\\\/fabis-lederey.com\\\/\",\"name\":\"Fabis Lederey - Fabian Kempf\",\"description\":\"Die Reitsportsattlerei und Ledermanufaktur in Pirmasens, S\u00fcdwestpfalz und im SaarLorLux-Kreis.\",\"potentialAction\":[{\"@type\":\"SearchAction\",\"target\":{\"@type\":\"EntryPoint\",\"urlTemplate\":\"https:\\\/\\\/fabis-lederey.com\\\/?s={search_term_string}\"},\"query-input\":{\"@type\":\"PropertyValueSpecification\",\"valueRequired\":true,\"valueName\":\"search_term_string\"}}],\"inLanguage\":\"de\"}]}<\/script>\n<!-- \/ Yoast SEO plugin. -->","yoast_head_json":{"title":"HS Diamond Paste 100ml - Fabis Lederey - Fabian Kempf","robots":{"index":"index","follow":"follow","max-snippet":"max-snippet:-1","max-image-preview":"max-image-preview:large","max-video-preview":"max-video-preview:-1"},"canonical":"http:\/\/fabis-lederey.com\/index.php\/produkt\/hs-diamond-paste-100ml\/","og_locale":"de_DE","og_type":"article","og_title":"HS Diamond Paste 100ml - Fabis Lederey - Fabian Kempf","og_description":"HS Diamond Paste 100ml         reinigt, schafft neuen Glanz und konserviert  ideal f\u00fcr Gebisse, Sporen, Steigb\u00fcgel und Beschl\u00e4ge  hautfreundlich und lebensmittelecht  enth\u00e4lt mikrofeine Polierk\u00f6rper  frei von Duftstoffen","og_url":"http:\/\/fabis-lederey.com\/index.php\/produkt\/hs-diamond-paste-100ml\/","og_site_name":"Fabis Lederey - Fabian Kempf","article_modified_time":"2022-01-20T13:03:31+00:00","twitter_card":"summary_large_image","twitter_misc":{"Gesch\u00e4tzte Lesezeit":"1\u00a0Minute"},"schema":{"@context":"https:\/\/schema.org","@graph":[{"@type":"WebPage","@id":"http:\/\/fabis-lederey.com\/index.php\/produkt\/hs-diamond-paste-100ml\/","url":"http:\/\/fabis-lederey.com\/index.php\/produkt\/hs-diamond-paste-100ml\/","name":"HS Diamond Paste 100ml - Fabis Lederey - Fabian Kempf","isPartOf":{"@id":"https:\/\/fabis-lederey.com\/#website"},"datePublished":"2022-01-20T12:58:43+00:00","dateModified":"2022-01-20T13:03:31+00:00","breadcrumb":{"@id":"http:\/\/fabis-lederey.com\/index.php\/produkt\/hs-diamond-paste-100ml\/#breadcrumb"},"inLanguage":"de","potentialAction":[{"@type":"ReadAction","target":["http:\/\/fabis-lederey.com\/index.php\/produkt\/hs-diamond-paste-100ml\/"]}]},{"@type":"BreadcrumbList","@id":"http:\/\/fabis-lederey.com\/index.php\/produkt\/hs-diamond-paste-100ml\/#breadcrumb","itemListElement":[{"@type":"ListItem","position":1,"name":"Home","item":"http:\/\/fabis-lederey.com\/"},{"@type":"ListItem","position":2,"name":"Shop","item":"http:\/\/fabis-lederey.com\/?page_id=7147"},{"@type":"ListItem","position":3,"name":"HS Diamond Paste 100ml"}]},{"@type":"WebSite","@id":"https:\/\/fabis-lederey.com\/#website","url":"https:\/\/fabis-lederey.com\/","name":"Fabis Lederey - Fabian Kempf","description":"Die Reitsportsattlerei und Ledermanufaktur in Pirmasens, S\u00fcdwestpfalz und im SaarLorLux-Kreis.","potentialAction":[{"@type":"SearchAction","target":{"@type":"EntryPoint","urlTemplate":"https:\/\/fabis-lederey.com\/?s={search_term_string}"},"query-input":{"@type":"PropertyValueSpecification","valueRequired":true,"valueName":"search_term_string"}}],"inLanguage":"de"}]}},"_links":{"self":[{"href":"http:\/\/fabis-lederey.com\/index.php\/wp-json\/wp\/v2\/product\/7614","targetHints":{"allow":["GET"]}}],"collection":[{"href":"http:\/\/fabis-lederey.com\/index.php\/wp-json\/wp\/v2\/product"}],"about":[{"href":"http:\/\/fabis-lederey.com\/index.php\/wp-json\/wp\/v2\/types\/product"}],"replies":[{"embeddable":true,"href":"http:\/\/fabis-lederey.com\/index.php\/wp-json\/wp\/v2\/comments?post=7614"}],"wp:attachment":[{"href":"http:\/\/fabis-lederey.com\/index.php\/wp-json\/wp\/v2\/media?parent=7614"}],"wp:term":[{"taxonomy":"product_brand","embeddable":true,"href":"http:\/\/fabis-lederey.com\/index.php\/wp-json\/wp\/v2\/product_brand?post=7614"},{"taxonomy":"product_cat","embeddable":true,"href":"http:\/\/fabis-lederey.com\/index.php\/wp-json\/wp\/v2\/product_cat?post=7614"},{"taxonomy":"product_tag","embeddable":true,"href":"http:\/\/fabis-lederey.com\/index.php\/wp-json\/wp\/v2\/product_tag?post=7614"}],"curies":[{"name":"wp","href":"https:\/\/api.w.org\/{rel}","templated":true}]}}