{"id":7123,"date":"2021-12-07T10:22:14","date_gmt":"2021-12-07T10:22:14","guid":{"rendered":"http:\/\/fabis-lederey.com\/?post_type=product&#038;p=7123"},"modified":"2022-01-19T09:53:10","modified_gmt":"2022-01-19T09:53:10","slug":"effol-lippenpflegestift","status":"publish","type":"product","link":"https:\/\/fabis-lederey.com\/index.php\/produkt\/effol-lippenpflegestift\/","title":{"rendered":"Effol &#8211; Lippenpflegestift"},"content":{"rendered":"<h2>Effol &#8211; Lippenpflegestift<\/h2>\n<div><\/div>\n<div class=\"block-title h2\">Effol Reiter-Lippenpflegestift &#8211; 5 ml &#8211; Stick<\/div>\n<div class=\"block\">Der speziell entwickelte Lippenpflegestift mit Lichtschutzfaktor 20 von Effol ist f\u00fcr jede Jahreszeit geeignet.<\/div>\n<div><\/div>\n<div class=\"product-description-details block\">\n<div class=\"block-title h3\">Details auf einen Blick:<\/div>\n<ul>\n<li>sorgt f\u00fcr die nat\u00fcrliche Feuchtigkeitsbalance der Lippen<\/li>\n<li>h\u00e4lt die Lippen geschmeidig<\/li>\n<li>mit Lichtschutzfaktor 20<\/li>\n<li>f\u00fcr jede Jahreszeit<\/li>\n<li>enth\u00e4lt:Bisabolol, Bienenwachs<\/li>\n<\/ul>\n<\/div>\n<p>&nbsp;<\/p>\n<p>Das Lippenbalsam sorgt f\u00fcr die nat\u00fcrliche Feuchtigkeitsbalance der Lippen und h\u00e4lt sie somit sehr geschmeidig.<\/p>\n","protected":false},"excerpt":{"rendered":"<h4>Effol &#8211; Lippenpflegestift<\/h4>\n<ul>\n<li>sorgt f\u00fcr die nat\u00fcrliche Feuchtigkeitsbalance der Lippen<\/li>\n<li>h\u00e4lt die Lippen geschmeidig<\/li>\n<li>mit Lichtschutzfaktor 20<\/li>\n<\/ul>\n","protected":false},"featured_media":0,"comment_status":"open","ping_status":"closed","template":"","meta":[],"product_brand":[],"product_cat":[44,77],"product_tag":[],"class_list":{"0":"post-7123","1":"product","2":"type-product","3":"status-publish","5":"product_cat-allproducts","6":"product_cat-reiterbedarf","8":"first","9":"instock","10":"taxable","11":"shipping-taxable","12":"purchasable","13":"product-type-simple"},"yoast_head":"<!-- This site is optimized with the Yoast SEO plugin v27.5 - https:\/\/yoast.com\/product\/yoast-seo-wordpress\/ -->\n<title>Effol - Lippenpflegestift - Fabis Lederey - Fabian Kempf<\/title>\n<meta name=\"robots\" content=\"index, follow, max-snippet:-1, max-image-preview:large, max-video-preview:-1\" \/>\n<link rel=\"canonical\" href=\"https:\/\/fabis-lederey.com\/index.php\/produkt\/effol-lippenpflegestift\/\" \/>\n<meta property=\"og:locale\" content=\"de_DE\" \/>\n<meta property=\"og:type\" content=\"article\" \/>\n<meta property=\"og:title\" content=\"Effol - Lippenpflegestift - Fabis Lederey - Fabian Kempf\" \/>\n<meta property=\"og:description\" content=\"Effol - Lippenpflegestift   sorgt f\u00fcr die nat\u00fcrliche Feuchtigkeitsbalance der Lippen  h\u00e4lt die Lippen geschmeidig  mit Lichtschutzfaktor 20\" \/>\n<meta property=\"og:url\" content=\"https:\/\/fabis-lederey.com\/index.php\/produkt\/effol-lippenpflegestift\/\" \/>\n<meta property=\"og:site_name\" content=\"Fabis Lederey - Fabian Kempf\" \/>\n<meta property=\"article:modified_time\" content=\"2022-01-19T09:53:10+00:00\" \/>\n<meta name=\"twitter:card\" content=\"summary_large_image\" \/>\n<meta name=\"twitter:label1\" content=\"Gesch\u00e4tzte Lesezeit\" \/>\n\t<meta name=\"twitter:data1\" content=\"1\u00a0Minute\" \/>\n<script type=\"application\/ld+json\" class=\"yoast-schema-graph\">{\"@context\":\"https:\\\/\\\/schema.org\",\"@graph\":[{\"@type\":\"WebPage\",\"@id\":\"https:\\\/\\\/fabis-lederey.com\\\/index.php\\\/produkt\\\/effol-lippenpflegestift\\\/\",\"url\":\"https:\\\/\\\/fabis-lederey.com\\\/index.php\\\/produkt\\\/effol-lippenpflegestift\\\/\",\"name\":\"Effol - Lippenpflegestift - Fabis Lederey - Fabian Kempf\",\"isPartOf\":{\"@id\":\"https:\\\/\\\/fabis-lederey.com\\\/#website\"},\"datePublished\":\"2021-12-07T10:22:14+00:00\",\"dateModified\":\"2022-01-19T09:53:10+00:00\",\"breadcrumb\":{\"@id\":\"https:\\\/\\\/fabis-lederey.com\\\/index.php\\\/produkt\\\/effol-lippenpflegestift\\\/#breadcrumb\"},\"inLanguage\":\"de\",\"potentialAction\":[{\"@type\":\"ReadAction\",\"target\":[\"https:\\\/\\\/fabis-lederey.com\\\/index.php\\\/produkt\\\/effol-lippenpflegestift\\\/\"]}]},{\"@type\":\"BreadcrumbList\",\"@id\":\"https:\\\/\\\/fabis-lederey.com\\\/index.php\\\/produkt\\\/effol-lippenpflegestift\\\/#breadcrumb\",\"itemListElement\":[{\"@type\":\"ListItem\",\"position\":1,\"name\":\"Home\",\"item\":\"http:\\\/\\\/fabis-lederey.com\\\/\"},{\"@type\":\"ListItem\",\"position\":2,\"name\":\"Shop\",\"item\":\"http:\\\/\\\/fabis-lederey.com\\\/?page_id=7147\"},{\"@type\":\"ListItem\",\"position\":3,\"name\":\"Effol &#8211; Lippenpflegestift\"}]},{\"@type\":\"WebSite\",\"@id\":\"https:\\\/\\\/fabis-lederey.com\\\/#website\",\"url\":\"https:\\\/\\\/fabis-lederey.com\\\/\",\"name\":\"Fabis Lederey - Fabian Kempf\",\"description\":\"Die Reitsportsattlerei und Ledermanufaktur in Pirmasens, S\u00fcdwestpfalz und im SaarLorLux-Kreis.\",\"potentialAction\":[{\"@type\":\"SearchAction\",\"target\":{\"@type\":\"EntryPoint\",\"urlTemplate\":\"https:\\\/\\\/fabis-lederey.com\\\/?s={search_term_string}\"},\"query-input\":{\"@type\":\"PropertyValueSpecification\",\"valueRequired\":true,\"valueName\":\"search_term_string\"}}],\"inLanguage\":\"de\"}]}<\/script>\n<!-- \/ Yoast SEO plugin. -->","yoast_head_json":{"title":"Effol - Lippenpflegestift - Fabis Lederey - Fabian Kempf","robots":{"index":"index","follow":"follow","max-snippet":"max-snippet:-1","max-image-preview":"max-image-preview:large","max-video-preview":"max-video-preview:-1"},"canonical":"https:\/\/fabis-lederey.com\/index.php\/produkt\/effol-lippenpflegestift\/","og_locale":"de_DE","og_type":"article","og_title":"Effol - Lippenpflegestift - Fabis Lederey - Fabian Kempf","og_description":"Effol - Lippenpflegestift   sorgt f\u00fcr die nat\u00fcrliche Feuchtigkeitsbalance der Lippen  h\u00e4lt die Lippen geschmeidig  mit Lichtschutzfaktor 20","og_url":"https:\/\/fabis-lederey.com\/index.php\/produkt\/effol-lippenpflegestift\/","og_site_name":"Fabis Lederey - Fabian Kempf","article_modified_time":"2022-01-19T09:53:10+00:00","twitter_card":"summary_large_image","twitter_misc":{"Gesch\u00e4tzte Lesezeit":"1\u00a0Minute"},"schema":{"@context":"https:\/\/schema.org","@graph":[{"@type":"WebPage","@id":"https:\/\/fabis-lederey.com\/index.php\/produkt\/effol-lippenpflegestift\/","url":"https:\/\/fabis-lederey.com\/index.php\/produkt\/effol-lippenpflegestift\/","name":"Effol - Lippenpflegestift - Fabis Lederey - Fabian Kempf","isPartOf":{"@id":"https:\/\/fabis-lederey.com\/#website"},"datePublished":"2021-12-07T10:22:14+00:00","dateModified":"2022-01-19T09:53:10+00:00","breadcrumb":{"@id":"https:\/\/fabis-lederey.com\/index.php\/produkt\/effol-lippenpflegestift\/#breadcrumb"},"inLanguage":"de","potentialAction":[{"@type":"ReadAction","target":["https:\/\/fabis-lederey.com\/index.php\/produkt\/effol-lippenpflegestift\/"]}]},{"@type":"BreadcrumbList","@id":"https:\/\/fabis-lederey.com\/index.php\/produkt\/effol-lippenpflegestift\/#breadcrumb","itemListElement":[{"@type":"ListItem","position":1,"name":"Home","item":"http:\/\/fabis-lederey.com\/"},{"@type":"ListItem","position":2,"name":"Shop","item":"http:\/\/fabis-lederey.com\/?page_id=7147"},{"@type":"ListItem","position":3,"name":"Effol &#8211; Lippenpflegestift"}]},{"@type":"WebSite","@id":"https:\/\/fabis-lederey.com\/#website","url":"https:\/\/fabis-lederey.com\/","name":"Fabis Lederey - Fabian Kempf","description":"Die Reitsportsattlerei und Ledermanufaktur in Pirmasens, S\u00fcdwestpfalz und im SaarLorLux-Kreis.","potentialAction":[{"@type":"SearchAction","target":{"@type":"EntryPoint","urlTemplate":"https:\/\/fabis-lederey.com\/?s={search_term_string}"},"query-input":{"@type":"PropertyValueSpecification","valueRequired":true,"valueName":"search_term_string"}}],"inLanguage":"de"}]}},"_links":{"self":[{"href":"https:\/\/fabis-lederey.com\/index.php\/wp-json\/wp\/v2\/product\/7123","targetHints":{"allow":["GET"]}}],"collection":[{"href":"https:\/\/fabis-lederey.com\/index.php\/wp-json\/wp\/v2\/product"}],"about":[{"href":"https:\/\/fabis-lederey.com\/index.php\/wp-json\/wp\/v2\/types\/product"}],"replies":[{"embeddable":true,"href":"https:\/\/fabis-lederey.com\/index.php\/wp-json\/wp\/v2\/comments?post=7123"}],"wp:attachment":[{"href":"https:\/\/fabis-lederey.com\/index.php\/wp-json\/wp\/v2\/media?parent=7123"}],"wp:term":[{"taxonomy":"product_brand","embeddable":true,"href":"https:\/\/fabis-lederey.com\/index.php\/wp-json\/wp\/v2\/product_brand?post=7123"},{"taxonomy":"product_cat","embeddable":true,"href":"https:\/\/fabis-lederey.com\/index.php\/wp-json\/wp\/v2\/product_cat?post=7123"},{"taxonomy":"product_tag","embeddable":true,"href":"https:\/\/fabis-lederey.com\/index.php\/wp-json\/wp\/v2\/product_tag?post=7123"}],"curies":[{"name":"wp","href":"https:\/\/api.w.org\/{rel}","templated":true}]}}