{"id":7275,"date":"2022-01-12T12:59:47","date_gmt":"2022-01-12T12:59:47","guid":{"rendered":"http:\/\/fabis-lederey.com\/?post_type=product&#038;p=7275"},"modified":"2022-01-20T11:30:07","modified_gmt":"2022-01-20T11:30:07","slug":"busse-schluesselanhaenger","status":"publish","type":"product","link":"https:\/\/fabis-lederey.com\/index.php\/produkt\/busse-schluesselanhaenger\/","title":{"rendered":"Busse &#8211; Schl\u00fcsselanh\u00e4nger"},"content":{"rendered":"<h2>Busse &#8211; Schl\u00fcsselanh\u00e4nger<\/h2>\n<p>&nbsp;<\/p>\n<p>Die Schl\u00fcsselanh\u00e4nger von Busse-Reitsport sind ein echtes Must-Have f\u00fcr jeden Pferdeliebhaber.<\/p>\n<p>Ob als Geschenk oder einfach als kleines Mitbringsel dar\u00fcber freut man sich immer.<\/p>\n<p>Der Schl\u00fcsselanh\u00e4nger ist in Form eines Hufeisens oder eines Steigb\u00fcgels erh\u00e4ltlich.<\/p>\n","protected":false},"excerpt":{"rendered":"<h4>Busse &#8211; Schl\u00fcsselanh\u00e4nger<\/h4>\n<p>Die Schl\u00fcsselanh\u00e4nger von Busse-Reitsport sind ein echtes Must-Have f\u00fcr jeden Pferdeliebhaber. Ob als Geschenk oder einfach als kleines Mitbringsel dar\u00fcber freut man sich immer. Der Schl\u00fcsselanh\u00e4nger ist in Form eines Hufeisens oder eines Steigb\u00fcgels erh\u00e4ltlich.<\/p>\n","protected":false},"featured_media":0,"comment_status":"open","ping_status":"closed","template":"","meta":[],"product_brand":[],"product_cat":[44,80],"product_tag":[],"class_list":{"0":"post-7275","1":"product","2":"type-product","3":"status-publish","5":"product_cat-allproducts","6":"product_cat-sonstiges","8":"first","9":"instock","10":"taxable","11":"shipping-taxable","12":"purchasable","13":"product-type-variable"},"yoast_head":"<!-- This site is optimized with the Yoast SEO plugin v27.3 - https:\/\/yoast.com\/product\/yoast-seo-wordpress\/ -->\n<title>Busse - Schl\u00fcsselanh\u00e4nger - Fabis Lederey - Fabian Kempf<\/title>\n<meta name=\"robots\" content=\"index, follow, max-snippet:-1, max-image-preview:large, max-video-preview:-1\" \/>\n<link rel=\"canonical\" href=\"https:\/\/fabis-lederey.com\/index.php\/produkt\/busse-schluesselanhaenger\/\" \/>\n<meta property=\"og:locale\" content=\"de_DE\" \/>\n<meta property=\"og:type\" content=\"article\" \/>\n<meta property=\"og:title\" content=\"Busse - Schl\u00fcsselanh\u00e4nger - Fabis Lederey - Fabian Kempf\" \/>\n<meta property=\"og:description\" content=\"Busse - Schl\u00fcsselanh\u00e4nger Die Schl\u00fcsselanh\u00e4nger von Busse-Reitsport sind ein echtes Must-Have f\u00fcr jeden Pferdeliebhaber. Ob als Geschenk oder einfach als kleines Mitbringsel dar\u00fcber freut man sich immer. Der Schl\u00fcsselanh\u00e4nger ist in Form eines Hufeisens oder eines Steigb\u00fcgels erh\u00e4ltlich.\" \/>\n<meta property=\"og:url\" content=\"https:\/\/fabis-lederey.com\/index.php\/produkt\/busse-schluesselanhaenger\/\" \/>\n<meta property=\"og:site_name\" content=\"Fabis Lederey - Fabian Kempf\" \/>\n<meta property=\"article:modified_time\" content=\"2022-01-20T11:30:07+00:00\" \/>\n<meta name=\"twitter:card\" content=\"summary_large_image\" \/>\n<meta name=\"twitter:label1\" content=\"Gesch\u00e4tzte Lesezeit\" \/>\n\t<meta name=\"twitter:data1\" content=\"1\u00a0Minute\" \/>\n<script type=\"application\/ld+json\" class=\"yoast-schema-graph\">{\"@context\":\"https:\\\/\\\/schema.org\",\"@graph\":[{\"@type\":\"WebPage\",\"@id\":\"https:\\\/\\\/fabis-lederey.com\\\/index.php\\\/produkt\\\/busse-schluesselanhaenger\\\/\",\"url\":\"https:\\\/\\\/fabis-lederey.com\\\/index.php\\\/produkt\\\/busse-schluesselanhaenger\\\/\",\"name\":\"Busse - Schl\u00fcsselanh\u00e4nger - Fabis Lederey - Fabian Kempf\",\"isPartOf\":{\"@id\":\"http:\\\/\\\/fabis-lederey.com\\\/#website\"},\"datePublished\":\"2022-01-12T12:59:47+00:00\",\"dateModified\":\"2022-01-20T11:30:07+00:00\",\"breadcrumb\":{\"@id\":\"https:\\\/\\\/fabis-lederey.com\\\/index.php\\\/produkt\\\/busse-schluesselanhaenger\\\/#breadcrumb\"},\"inLanguage\":\"de\",\"potentialAction\":[{\"@type\":\"ReadAction\",\"target\":[\"https:\\\/\\\/fabis-lederey.com\\\/index.php\\\/produkt\\\/busse-schluesselanhaenger\\\/\"]}]},{\"@type\":\"BreadcrumbList\",\"@id\":\"https:\\\/\\\/fabis-lederey.com\\\/index.php\\\/produkt\\\/busse-schluesselanhaenger\\\/#breadcrumb\",\"itemListElement\":[{\"@type\":\"ListItem\",\"position\":1,\"name\":\"Home\",\"item\":\"http:\\\/\\\/fabis-lederey.com\\\/\"},{\"@type\":\"ListItem\",\"position\":2,\"name\":\"Shop\",\"item\":\"http:\\\/\\\/fabis-lederey.com\\\/?page_id=7147\"},{\"@type\":\"ListItem\",\"position\":3,\"name\":\"Busse &#8211; Schl\u00fcsselanh\u00e4nger\"}]},{\"@type\":\"WebSite\",\"@id\":\"http:\\\/\\\/fabis-lederey.com\\\/#website\",\"url\":\"http:\\\/\\\/fabis-lederey.com\\\/\",\"name\":\"Fabis Lederey - Fabian Kempf\",\"description\":\"Die Reitsportsattlerei und Ledermanufaktur in Pirmasens, S\u00fcdwestpfalz und im SaarLorLux-Kreis.\",\"potentialAction\":[{\"@type\":\"SearchAction\",\"target\":{\"@type\":\"EntryPoint\",\"urlTemplate\":\"http:\\\/\\\/fabis-lederey.com\\\/?s={search_term_string}\"},\"query-input\":{\"@type\":\"PropertyValueSpecification\",\"valueRequired\":true,\"valueName\":\"search_term_string\"}}],\"inLanguage\":\"de\"}]}<\/script>\n<!-- \/ Yoast SEO plugin. -->","yoast_head_json":{"title":"Busse - Schl\u00fcsselanh\u00e4nger - Fabis Lederey - Fabian Kempf","robots":{"index":"index","follow":"follow","max-snippet":"max-snippet:-1","max-image-preview":"max-image-preview:large","max-video-preview":"max-video-preview:-1"},"canonical":"https:\/\/fabis-lederey.com\/index.php\/produkt\/busse-schluesselanhaenger\/","og_locale":"de_DE","og_type":"article","og_title":"Busse - Schl\u00fcsselanh\u00e4nger - Fabis Lederey - Fabian Kempf","og_description":"Busse - Schl\u00fcsselanh\u00e4nger Die Schl\u00fcsselanh\u00e4nger von Busse-Reitsport sind ein echtes Must-Have f\u00fcr jeden Pferdeliebhaber. Ob als Geschenk oder einfach als kleines Mitbringsel dar\u00fcber freut man sich immer. Der Schl\u00fcsselanh\u00e4nger ist in Form eines Hufeisens oder eines Steigb\u00fcgels erh\u00e4ltlich.","og_url":"https:\/\/fabis-lederey.com\/index.php\/produkt\/busse-schluesselanhaenger\/","og_site_name":"Fabis Lederey - Fabian Kempf","article_modified_time":"2022-01-20T11:30:07+00:00","twitter_card":"summary_large_image","twitter_misc":{"Gesch\u00e4tzte Lesezeit":"1\u00a0Minute"},"schema":{"@context":"https:\/\/schema.org","@graph":[{"@type":"WebPage","@id":"https:\/\/fabis-lederey.com\/index.php\/produkt\/busse-schluesselanhaenger\/","url":"https:\/\/fabis-lederey.com\/index.php\/produkt\/busse-schluesselanhaenger\/","name":"Busse - Schl\u00fcsselanh\u00e4nger - Fabis Lederey - Fabian Kempf","isPartOf":{"@id":"http:\/\/fabis-lederey.com\/#website"},"datePublished":"2022-01-12T12:59:47+00:00","dateModified":"2022-01-20T11:30:07+00:00","breadcrumb":{"@id":"https:\/\/fabis-lederey.com\/index.php\/produkt\/busse-schluesselanhaenger\/#breadcrumb"},"inLanguage":"de","potentialAction":[{"@type":"ReadAction","target":["https:\/\/fabis-lederey.com\/index.php\/produkt\/busse-schluesselanhaenger\/"]}]},{"@type":"BreadcrumbList","@id":"https:\/\/fabis-lederey.com\/index.php\/produkt\/busse-schluesselanhaenger\/#breadcrumb","itemListElement":[{"@type":"ListItem","position":1,"name":"Home","item":"http:\/\/fabis-lederey.com\/"},{"@type":"ListItem","position":2,"name":"Shop","item":"http:\/\/fabis-lederey.com\/?page_id=7147"},{"@type":"ListItem","position":3,"name":"Busse &#8211; Schl\u00fcsselanh\u00e4nger"}]},{"@type":"WebSite","@id":"http:\/\/fabis-lederey.com\/#website","url":"http:\/\/fabis-lederey.com\/","name":"Fabis Lederey - Fabian Kempf","description":"Die Reitsportsattlerei und Ledermanufaktur in Pirmasens, S\u00fcdwestpfalz und im SaarLorLux-Kreis.","potentialAction":[{"@type":"SearchAction","target":{"@type":"EntryPoint","urlTemplate":"http:\/\/fabis-lederey.com\/?s={search_term_string}"},"query-input":{"@type":"PropertyValueSpecification","valueRequired":true,"valueName":"search_term_string"}}],"inLanguage":"de"}]}},"_links":{"self":[{"href":"https:\/\/fabis-lederey.com\/index.php\/wp-json\/wp\/v2\/product\/7275","targetHints":{"allow":["GET"]}}],"collection":[{"href":"https:\/\/fabis-lederey.com\/index.php\/wp-json\/wp\/v2\/product"}],"about":[{"href":"https:\/\/fabis-lederey.com\/index.php\/wp-json\/wp\/v2\/types\/product"}],"replies":[{"embeddable":true,"href":"https:\/\/fabis-lederey.com\/index.php\/wp-json\/wp\/v2\/comments?post=7275"}],"wp:attachment":[{"href":"https:\/\/fabis-lederey.com\/index.php\/wp-json\/wp\/v2\/media?parent=7275"}],"wp:term":[{"taxonomy":"product_brand","embeddable":true,"href":"https:\/\/fabis-lederey.com\/index.php\/wp-json\/wp\/v2\/product_brand?post=7275"},{"taxonomy":"product_cat","embeddable":true,"href":"https:\/\/fabis-lederey.com\/index.php\/wp-json\/wp\/v2\/product_cat?post=7275"},{"taxonomy":"product_tag","embeddable":true,"href":"https:\/\/fabis-lederey.com\/index.php\/wp-json\/wp\/v2\/product_tag?post=7275"}],"curies":[{"name":"wp","href":"https:\/\/api.w.org\/{rel}","templated":true}]}}