{"id":7340,"date":"2022-01-13T16:42:00","date_gmt":"2022-01-13T16:42:00","guid":{"rendered":"http:\/\/fabis-lederey.com\/?post_type=product&#038;p=7340"},"modified":"2022-01-13T16:47:39","modified_gmt":"2022-01-13T16:47:39","slug":"waldhausen-halfter-gloomy","status":"publish","type":"product","link":"https:\/\/fabis-lederey.com\/index.php\/produkt\/waldhausen-halfter-gloomy\/","title":{"rendered":"Waldhausen Halfter Gloomy VB\/Cob"},"content":{"rendered":"<div class=\"DetailArtikelbeschreibung\">\n<h2>Waldhausen Halfter <strong>Gloomy<br \/>\n<\/strong><\/h2>\n<p>Weich unterlegtes Halfter, mehrfach verstellbar<\/p>\n<p>Gr\u00f6sse VB\/Cob<\/p>\n<\/div>\n","protected":false},"excerpt":{"rendered":"<div class=\"mt_5 articleTitle col-xs-12 noPadding\">\n<h3>Halfter Gloomy<\/h3>\n<ul>\n<li class=\"std\">Weich unterlegtes Halfter, mehrfach verstellbar.<\/li>\n<li class=\"std\">Mit mattierten, dunklen Beschl\u00e4gen.<\/li>\n<li class=\"std\">Am Kinnriemen und Genickst\u00fcck (einseitig) mehrfach verstellbar.<\/li>\n<li class=\"std\">Passend zu Anbindestrick Gloomy<\/li>\n<li>Gr\u00f6sse VB\/Cob<\/li>\n<\/ul>\n<\/div>\n","protected":false},"featured_media":0,"comment_status":"open","ping_status":"closed","template":"","meta":[],"product_brand":[],"product_cat":[44,70],"product_tag":[],"class_list":{"0":"post-7340","1":"product","2":"type-product","3":"status-publish","5":"product_cat-allproducts","6":"product_cat-halfter-stricke","7":"pa_farbe-halfter-aubergine","8":"pa_farbe-halfter-azurblau","9":"pa_farbe-halfter-blau","10":"pa_farbe-halfter-bordeaux","11":"pa_farbe-halfter-indigo","12":"pa_farbe-halfter-khaki","13":"pa_farbe-halfter-rot","14":"pa_farbe-halfter-schwarz","15":"pa_groesse-halfter-cob-vb","16":"pa_groesse-halfter-full-wb","17":"pa_groesse-halfter-pony","19":"first","20":"instock","21":"taxable","22":"shipping-taxable","23":"purchasable","24":"product-type-simple"},"yoast_head":"<!-- This site is optimized with the Yoast SEO plugin v27.5 - https:\/\/yoast.com\/product\/yoast-seo-wordpress\/ -->\n<title>Waldhausen Halfter Gloomy VB\/Cob - Fabis Lederey - Fabian Kempf<\/title>\n<meta name=\"robots\" content=\"index, follow, max-snippet:-1, max-image-preview:large, max-video-preview:-1\" \/>\n<link rel=\"canonical\" href=\"http:\/\/fabis-lederey.com\/index.php\/produkt\/waldhausen-halfter-gloomy\/\" \/>\n<meta property=\"og:locale\" content=\"de_DE\" \/>\n<meta property=\"og:type\" content=\"article\" \/>\n<meta property=\"og:title\" content=\"Waldhausen Halfter Gloomy VB\/Cob - Fabis Lederey - Fabian Kempf\" \/>\n<meta property=\"og:description\" content=\"Halfter Gloomy   Weich unterlegtes Halfter, mehrfach verstellbar.  Mit mattierten, dunklen Beschl\u00e4gen.  Am Kinnriemen und Genickst\u00fcck (einseitig) mehrfach verstellbar.  Passend zu Anbindestrick Gloomy  Gr\u00f6sse VB\/Cob\" \/>\n<meta property=\"og:url\" content=\"http:\/\/fabis-lederey.com\/index.php\/produkt\/waldhausen-halfter-gloomy\/\" \/>\n<meta property=\"og:site_name\" content=\"Fabis Lederey - Fabian Kempf\" \/>\n<meta property=\"article:modified_time\" content=\"2022-01-13T16:47:39+00:00\" \/>\n<meta name=\"twitter:card\" content=\"summary_large_image\" \/>\n<meta name=\"twitter:label1\" content=\"Gesch\u00e4tzte Lesezeit\" \/>\n\t<meta name=\"twitter:data1\" content=\"1\u00a0Minute\" \/>\n<script type=\"application\/ld+json\" class=\"yoast-schema-graph\">{\"@context\":\"https:\\\/\\\/schema.org\",\"@graph\":[{\"@type\":\"WebPage\",\"@id\":\"http:\\\/\\\/fabis-lederey.com\\\/index.php\\\/produkt\\\/waldhausen-halfter-gloomy\\\/\",\"url\":\"http:\\\/\\\/fabis-lederey.com\\\/index.php\\\/produkt\\\/waldhausen-halfter-gloomy\\\/\",\"name\":\"Waldhausen Halfter Gloomy VB\\\/Cob - Fabis Lederey - Fabian Kempf\",\"isPartOf\":{\"@id\":\"https:\\\/\\\/fabis-lederey.com\\\/#website\"},\"datePublished\":\"2022-01-13T16:42:00+00:00\",\"dateModified\":\"2022-01-13T16:47:39+00:00\",\"breadcrumb\":{\"@id\":\"http:\\\/\\\/fabis-lederey.com\\\/index.php\\\/produkt\\\/waldhausen-halfter-gloomy\\\/#breadcrumb\"},\"inLanguage\":\"de\",\"potentialAction\":[{\"@type\":\"ReadAction\",\"target\":[\"http:\\\/\\\/fabis-lederey.com\\\/index.php\\\/produkt\\\/waldhausen-halfter-gloomy\\\/\"]}]},{\"@type\":\"BreadcrumbList\",\"@id\":\"http:\\\/\\\/fabis-lederey.com\\\/index.php\\\/produkt\\\/waldhausen-halfter-gloomy\\\/#breadcrumb\",\"itemListElement\":[{\"@type\":\"ListItem\",\"position\":1,\"name\":\"Home\",\"item\":\"http:\\\/\\\/fabis-lederey.com\\\/\"},{\"@type\":\"ListItem\",\"position\":2,\"name\":\"Shop\",\"item\":\"http:\\\/\\\/fabis-lederey.com\\\/?page_id=7147\"},{\"@type\":\"ListItem\",\"position\":3,\"name\":\"Waldhausen Halfter Gloomy VB\\\/Cob\"}]},{\"@type\":\"WebSite\",\"@id\":\"https:\\\/\\\/fabis-lederey.com\\\/#website\",\"url\":\"https:\\\/\\\/fabis-lederey.com\\\/\",\"name\":\"Fabis Lederey - Fabian Kempf\",\"description\":\"Die Reitsportsattlerei und Ledermanufaktur in Pirmasens, S\u00fcdwestpfalz und im SaarLorLux-Kreis.\",\"potentialAction\":[{\"@type\":\"SearchAction\",\"target\":{\"@type\":\"EntryPoint\",\"urlTemplate\":\"https:\\\/\\\/fabis-lederey.com\\\/?s={search_term_string}\"},\"query-input\":{\"@type\":\"PropertyValueSpecification\",\"valueRequired\":true,\"valueName\":\"search_term_string\"}}],\"inLanguage\":\"de\"}]}<\/script>\n<!-- \/ Yoast SEO plugin. -->","yoast_head_json":{"title":"Waldhausen Halfter Gloomy VB\/Cob - Fabis Lederey - Fabian Kempf","robots":{"index":"index","follow":"follow","max-snippet":"max-snippet:-1","max-image-preview":"max-image-preview:large","max-video-preview":"max-video-preview:-1"},"canonical":"http:\/\/fabis-lederey.com\/index.php\/produkt\/waldhausen-halfter-gloomy\/","og_locale":"de_DE","og_type":"article","og_title":"Waldhausen Halfter Gloomy VB\/Cob - Fabis Lederey - Fabian Kempf","og_description":"Halfter Gloomy   Weich unterlegtes Halfter, mehrfach verstellbar.  Mit mattierten, dunklen Beschl\u00e4gen.  Am Kinnriemen und Genickst\u00fcck (einseitig) mehrfach verstellbar.  Passend zu Anbindestrick Gloomy  Gr\u00f6sse VB\/Cob","og_url":"http:\/\/fabis-lederey.com\/index.php\/produkt\/waldhausen-halfter-gloomy\/","og_site_name":"Fabis Lederey - Fabian Kempf","article_modified_time":"2022-01-13T16:47:39+00:00","twitter_card":"summary_large_image","twitter_misc":{"Gesch\u00e4tzte Lesezeit":"1\u00a0Minute"},"schema":{"@context":"https:\/\/schema.org","@graph":[{"@type":"WebPage","@id":"http:\/\/fabis-lederey.com\/index.php\/produkt\/waldhausen-halfter-gloomy\/","url":"http:\/\/fabis-lederey.com\/index.php\/produkt\/waldhausen-halfter-gloomy\/","name":"Waldhausen Halfter Gloomy VB\/Cob - Fabis Lederey - Fabian Kempf","isPartOf":{"@id":"https:\/\/fabis-lederey.com\/#website"},"datePublished":"2022-01-13T16:42:00+00:00","dateModified":"2022-01-13T16:47:39+00:00","breadcrumb":{"@id":"http:\/\/fabis-lederey.com\/index.php\/produkt\/waldhausen-halfter-gloomy\/#breadcrumb"},"inLanguage":"de","potentialAction":[{"@type":"ReadAction","target":["http:\/\/fabis-lederey.com\/index.php\/produkt\/waldhausen-halfter-gloomy\/"]}]},{"@type":"BreadcrumbList","@id":"http:\/\/fabis-lederey.com\/index.php\/produkt\/waldhausen-halfter-gloomy\/#breadcrumb","itemListElement":[{"@type":"ListItem","position":1,"name":"Home","item":"http:\/\/fabis-lederey.com\/"},{"@type":"ListItem","position":2,"name":"Shop","item":"http:\/\/fabis-lederey.com\/?page_id=7147"},{"@type":"ListItem","position":3,"name":"Waldhausen Halfter Gloomy VB\/Cob"}]},{"@type":"WebSite","@id":"https:\/\/fabis-lederey.com\/#website","url":"https:\/\/fabis-lederey.com\/","name":"Fabis Lederey - Fabian Kempf","description":"Die Reitsportsattlerei und Ledermanufaktur in Pirmasens, S\u00fcdwestpfalz und im SaarLorLux-Kreis.","potentialAction":[{"@type":"SearchAction","target":{"@type":"EntryPoint","urlTemplate":"https:\/\/fabis-lederey.com\/?s={search_term_string}"},"query-input":{"@type":"PropertyValueSpecification","valueRequired":true,"valueName":"search_term_string"}}],"inLanguage":"de"}]}},"_links":{"self":[{"href":"https:\/\/fabis-lederey.com\/index.php\/wp-json\/wp\/v2\/product\/7340","targetHints":{"allow":["GET"]}}],"collection":[{"href":"https:\/\/fabis-lederey.com\/index.php\/wp-json\/wp\/v2\/product"}],"about":[{"href":"https:\/\/fabis-lederey.com\/index.php\/wp-json\/wp\/v2\/types\/product"}],"replies":[{"embeddable":true,"href":"https:\/\/fabis-lederey.com\/index.php\/wp-json\/wp\/v2\/comments?post=7340"}],"wp:attachment":[{"href":"https:\/\/fabis-lederey.com\/index.php\/wp-json\/wp\/v2\/media?parent=7340"}],"wp:term":[{"taxonomy":"product_brand","embeddable":true,"href":"https:\/\/fabis-lederey.com\/index.php\/wp-json\/wp\/v2\/product_brand?post=7340"},{"taxonomy":"product_cat","embeddable":true,"href":"https:\/\/fabis-lederey.com\/index.php\/wp-json\/wp\/v2\/product_cat?post=7340"},{"taxonomy":"product_tag","embeddable":true,"href":"https:\/\/fabis-lederey.com\/index.php\/wp-json\/wp\/v2\/product_tag?post=7340"}],"curies":[{"name":"wp","href":"https:\/\/api.w.org\/{rel}","templated":true}]}}