{"id":7391,"date":"2022-01-18T07:59:43","date_gmt":"2022-01-18T07:59:43","guid":{"rendered":"http:\/\/fabis-lederey.com\/?post_type=product&#038;p=7391"},"modified":"2022-01-18T08:31:05","modified_gmt":"2022-01-18T08:31:05","slug":"passier-sattelseife","status":"publish","type":"product","link":"https:\/\/fabis-lederey.com\/index.php\/produkt\/passier-sattelseife\/","title":{"rendered":"Passier &#8211; Sattelseife"},"content":{"rendered":"<h2 class=\"o-type-32 u-mb-20 u-mb-24@md\"><span class=\"u-uppercase\">Passier <\/span>Sattelseife<\/h2>\n<div class=\"c-richtext u-mb-16\">\n<p>Passier Sattelseife ist besonders schonend zum Leder, da sie einen sehr geringen L\u00f6sungsmittelanteil hat. Dabei reinigt sie porentief und beugt Farbverlusten des Leders sehr gut vor. Sie ist damit f\u00fcr die effektive Reinigung aller Lederarten bestens geeignet! Als praktisches Zubeh\u00f6r befindet sich in der Dose au\u00dferdem ein passender Schwamm.<\/p>\n<\/div>\n","protected":false},"excerpt":{"rendered":"<h4>Passier &#8211; Sattelseife<\/h4>\n<p>Zur effektiven Reinigung aller Lederarten! Die Passier Sattelseife enth\u00e4lt nur einen sehr geringen Anteil an L\u00f6sungsmittel und beugt somit Farbverlust bei der Sattelpflege vor.<\/p>\n","protected":false},"featured_media":0,"comment_status":"open","ping_status":"closed","template":"","meta":[],"product_brand":[],"product_cat":[44,74],"product_tag":[],"class_list":{"0":"post-7391","1":"product","2":"type-product","3":"status-publish","5":"product_cat-allproducts","6":"product_cat-lederpflege","8":"first","9":"instock","10":"taxable","11":"shipping-taxable","12":"purchasable","13":"product-type-simple"},"yoast_head":"<!-- This site is optimized with the Yoast SEO plugin v27.3 - https:\/\/yoast.com\/product\/yoast-seo-wordpress\/ -->\n<title>Passier - Sattelseife - Fabis Lederey - Fabian Kempf<\/title>\n<meta name=\"robots\" content=\"index, follow, max-snippet:-1, max-image-preview:large, max-video-preview:-1\" \/>\n<link rel=\"canonical\" href=\"http:\/\/fabis-lederey.com\/index.php\/produkt\/passier-sattelseife\/\" \/>\n<meta property=\"og:locale\" content=\"de_DE\" \/>\n<meta property=\"og:type\" content=\"article\" \/>\n<meta property=\"og:title\" content=\"Passier - Sattelseife - Fabis Lederey - Fabian Kempf\" \/>\n<meta property=\"og:description\" content=\"Passier - Sattelseife Zur effektiven Reinigung aller Lederarten! Die Passier Sattelseife enth\u00e4lt nur einen sehr geringen Anteil an L\u00f6sungsmittel und beugt somit Farbverlust bei der Sattelpflege vor.\" \/>\n<meta property=\"og:url\" content=\"http:\/\/fabis-lederey.com\/index.php\/produkt\/passier-sattelseife\/\" \/>\n<meta property=\"og:site_name\" content=\"Fabis Lederey - Fabian Kempf\" \/>\n<meta property=\"article:modified_time\" content=\"2022-01-18T08:31:05+00:00\" \/>\n<meta name=\"twitter:card\" content=\"summary_large_image\" \/>\n<meta name=\"twitter:label1\" content=\"Gesch\u00e4tzte Lesezeit\" \/>\n\t<meta name=\"twitter:data1\" content=\"1\u00a0Minute\" \/>\n<script type=\"application\/ld+json\" class=\"yoast-schema-graph\">{\"@context\":\"https:\\\/\\\/schema.org\",\"@graph\":[{\"@type\":\"WebPage\",\"@id\":\"http:\\\/\\\/fabis-lederey.com\\\/index.php\\\/produkt\\\/passier-sattelseife\\\/\",\"url\":\"http:\\\/\\\/fabis-lederey.com\\\/index.php\\\/produkt\\\/passier-sattelseife\\\/\",\"name\":\"Passier - Sattelseife - Fabis Lederey - Fabian Kempf\",\"isPartOf\":{\"@id\":\"http:\\\/\\\/fabis-lederey.com\\\/#website\"},\"datePublished\":\"2022-01-18T07:59:43+00:00\",\"dateModified\":\"2022-01-18T08:31:05+00:00\",\"breadcrumb\":{\"@id\":\"http:\\\/\\\/fabis-lederey.com\\\/index.php\\\/produkt\\\/passier-sattelseife\\\/#breadcrumb\"},\"inLanguage\":\"de\",\"potentialAction\":[{\"@type\":\"ReadAction\",\"target\":[\"http:\\\/\\\/fabis-lederey.com\\\/index.php\\\/produkt\\\/passier-sattelseife\\\/\"]}]},{\"@type\":\"BreadcrumbList\",\"@id\":\"http:\\\/\\\/fabis-lederey.com\\\/index.php\\\/produkt\\\/passier-sattelseife\\\/#breadcrumb\",\"itemListElement\":[{\"@type\":\"ListItem\",\"position\":1,\"name\":\"Home\",\"item\":\"http:\\\/\\\/fabis-lederey.com\\\/\"},{\"@type\":\"ListItem\",\"position\":2,\"name\":\"Shop\",\"item\":\"http:\\\/\\\/fabis-lederey.com\\\/?page_id=7147\"},{\"@type\":\"ListItem\",\"position\":3,\"name\":\"Passier &#8211; Sattelseife\"}]},{\"@type\":\"WebSite\",\"@id\":\"http:\\\/\\\/fabis-lederey.com\\\/#website\",\"url\":\"http:\\\/\\\/fabis-lederey.com\\\/\",\"name\":\"Fabis Lederey - Fabian Kempf\",\"description\":\"Die Reitsportsattlerei und Ledermanufaktur in Pirmasens, S\u00fcdwestpfalz und im SaarLorLux-Kreis.\",\"potentialAction\":[{\"@type\":\"SearchAction\",\"target\":{\"@type\":\"EntryPoint\",\"urlTemplate\":\"http:\\\/\\\/fabis-lederey.com\\\/?s={search_term_string}\"},\"query-input\":{\"@type\":\"PropertyValueSpecification\",\"valueRequired\":true,\"valueName\":\"search_term_string\"}}],\"inLanguage\":\"de\"}]}<\/script>\n<!-- \/ Yoast SEO plugin. -->","yoast_head_json":{"title":"Passier - Sattelseife - Fabis Lederey - Fabian Kempf","robots":{"index":"index","follow":"follow","max-snippet":"max-snippet:-1","max-image-preview":"max-image-preview:large","max-video-preview":"max-video-preview:-1"},"canonical":"http:\/\/fabis-lederey.com\/index.php\/produkt\/passier-sattelseife\/","og_locale":"de_DE","og_type":"article","og_title":"Passier - Sattelseife - Fabis Lederey - Fabian Kempf","og_description":"Passier - Sattelseife Zur effektiven Reinigung aller Lederarten! Die Passier Sattelseife enth\u00e4lt nur einen sehr geringen Anteil an L\u00f6sungsmittel und beugt somit Farbverlust bei der Sattelpflege vor.","og_url":"http:\/\/fabis-lederey.com\/index.php\/produkt\/passier-sattelseife\/","og_site_name":"Fabis Lederey - Fabian Kempf","article_modified_time":"2022-01-18T08:31:05+00:00","twitter_card":"summary_large_image","twitter_misc":{"Gesch\u00e4tzte Lesezeit":"1\u00a0Minute"},"schema":{"@context":"https:\/\/schema.org","@graph":[{"@type":"WebPage","@id":"http:\/\/fabis-lederey.com\/index.php\/produkt\/passier-sattelseife\/","url":"http:\/\/fabis-lederey.com\/index.php\/produkt\/passier-sattelseife\/","name":"Passier - Sattelseife - Fabis Lederey - Fabian Kempf","isPartOf":{"@id":"http:\/\/fabis-lederey.com\/#website"},"datePublished":"2022-01-18T07:59:43+00:00","dateModified":"2022-01-18T08:31:05+00:00","breadcrumb":{"@id":"http:\/\/fabis-lederey.com\/index.php\/produkt\/passier-sattelseife\/#breadcrumb"},"inLanguage":"de","potentialAction":[{"@type":"ReadAction","target":["http:\/\/fabis-lederey.com\/index.php\/produkt\/passier-sattelseife\/"]}]},{"@type":"BreadcrumbList","@id":"http:\/\/fabis-lederey.com\/index.php\/produkt\/passier-sattelseife\/#breadcrumb","itemListElement":[{"@type":"ListItem","position":1,"name":"Home","item":"http:\/\/fabis-lederey.com\/"},{"@type":"ListItem","position":2,"name":"Shop","item":"http:\/\/fabis-lederey.com\/?page_id=7147"},{"@type":"ListItem","position":3,"name":"Passier &#8211; Sattelseife"}]},{"@type":"WebSite","@id":"http:\/\/fabis-lederey.com\/#website","url":"http:\/\/fabis-lederey.com\/","name":"Fabis Lederey - Fabian Kempf","description":"Die Reitsportsattlerei und Ledermanufaktur in Pirmasens, S\u00fcdwestpfalz und im SaarLorLux-Kreis.","potentialAction":[{"@type":"SearchAction","target":{"@type":"EntryPoint","urlTemplate":"http:\/\/fabis-lederey.com\/?s={search_term_string}"},"query-input":{"@type":"PropertyValueSpecification","valueRequired":true,"valueName":"search_term_string"}}],"inLanguage":"de"}]}},"_links":{"self":[{"href":"https:\/\/fabis-lederey.com\/index.php\/wp-json\/wp\/v2\/product\/7391","targetHints":{"allow":["GET"]}}],"collection":[{"href":"https:\/\/fabis-lederey.com\/index.php\/wp-json\/wp\/v2\/product"}],"about":[{"href":"https:\/\/fabis-lederey.com\/index.php\/wp-json\/wp\/v2\/types\/product"}],"replies":[{"embeddable":true,"href":"https:\/\/fabis-lederey.com\/index.php\/wp-json\/wp\/v2\/comments?post=7391"}],"wp:attachment":[{"href":"https:\/\/fabis-lederey.com\/index.php\/wp-json\/wp\/v2\/media?parent=7391"}],"wp:term":[{"taxonomy":"product_brand","embeddable":true,"href":"https:\/\/fabis-lederey.com\/index.php\/wp-json\/wp\/v2\/product_brand?post=7391"},{"taxonomy":"product_cat","embeddable":true,"href":"https:\/\/fabis-lederey.com\/index.php\/wp-json\/wp\/v2\/product_cat?post=7391"},{"taxonomy":"product_tag","embeddable":true,"href":"https:\/\/fabis-lederey.com\/index.php\/wp-json\/wp\/v2\/product_tag?post=7391"}],"curies":[{"name":"wp","href":"https:\/\/api.w.org\/{rel}","templated":true}]}}