{"id":7395,"date":"2022-01-18T08:23:35","date_gmt":"2022-01-18T08:23:35","guid":{"rendered":"http:\/\/fabis-lederey.com\/?post_type=product&#038;p=7395"},"modified":"2022-01-18T08:30:06","modified_gmt":"2022-01-18T08:30:06","slug":"passier-trensenreiniger","status":"publish","type":"product","link":"https:\/\/fabis-lederey.com\/index.php\/produkt\/passier-trensenreiniger\/","title":{"rendered":"Passier &#8211; Trensenreiniger"},"content":{"rendered":"<h2 class=\"o-type-32 u-mb-20 u-mb-24@md\"><span class=\"u-uppercase\">Passier <\/span>Trensenreiniger<\/h2>\n<div class=\"c-richtext u-mb-16\">\n<p>Passier Trensenreiniger vereint Reinigung und Pflege in einem Produkt. Es pflegt das Leder von au\u00dfen und innen, h\u00e4lt es so flexibel und geschmeidig und verl\u00e4ngert dadurch die Lebensdauer. Durch die schonenden Inhaltsstoffe ist der Passier Trensenreiniger f\u00fcr die t\u00e4gliche Pflege der Trense hervorragend geeignet. Einfach aufspr\u00fchen, kurz einwirken lassen, den Schaum abreiben \u2013 fertig!<\/p>\n<\/div>\n","protected":false},"excerpt":{"rendered":"<h4>Passier &#8211; Trensenreiniger<\/h4>\n<p>Passier Trensenreiniger pflegt das Leder von au\u00dfen und innen, h\u00e4lt es so flexibel und geschmeidig und verl\u00e4ngert dadurch die Lebensdauer.<\/p>\n<p>Durch die schonenden Inhaltsstoffe ist der Passier Trensenreiniger auch f\u00fcr die t\u00e4gliche Pflege hervorragend geeignet.<\/p>\n","protected":false},"featured_media":0,"comment_status":"open","ping_status":"closed","template":"","meta":[],"product_brand":[],"product_cat":[44,74],"product_tag":[],"class_list":{"0":"post-7395","1":"product","2":"type-product","3":"status-publish","5":"product_cat-allproducts","6":"product_cat-lederpflege","8":"first","9":"instock","10":"taxable","11":"shipping-taxable","12":"purchasable","13":"product-type-simple"},"yoast_head":"<!-- This site is optimized with the Yoast SEO plugin v27.3 - https:\/\/yoast.com\/product\/yoast-seo-wordpress\/ -->\n<title>Passier - Trensenreiniger - Fabis Lederey - Fabian Kempf<\/title>\n<meta name=\"robots\" content=\"index, follow, max-snippet:-1, max-image-preview:large, max-video-preview:-1\" \/>\n<link rel=\"canonical\" href=\"http:\/\/fabis-lederey.com\/index.php\/produkt\/passier-trensenreiniger\/\" \/>\n<meta property=\"og:locale\" content=\"de_DE\" \/>\n<meta property=\"og:type\" content=\"article\" \/>\n<meta property=\"og:title\" content=\"Passier - Trensenreiniger - Fabis Lederey - Fabian Kempf\" \/>\n<meta property=\"og:description\" content=\"Passier - Trensenreiniger Passier Trensenreiniger pflegt das Leder von au\u00dfen und innen, h\u00e4lt es so flexibel und geschmeidig und verl\u00e4ngert dadurch die Lebensdauer.  Durch die schonenden Inhaltsstoffe ist der Passier Trensenreiniger auch f\u00fcr die t\u00e4gliche Pflege hervorragend geeignet.\" \/>\n<meta property=\"og:url\" content=\"http:\/\/fabis-lederey.com\/index.php\/produkt\/passier-trensenreiniger\/\" \/>\n<meta property=\"og:site_name\" content=\"Fabis Lederey - Fabian Kempf\" \/>\n<meta property=\"article:modified_time\" content=\"2022-01-18T08:30:06+00:00\" \/>\n<meta name=\"twitter:card\" content=\"summary_large_image\" \/>\n<meta name=\"twitter:label1\" content=\"Gesch\u00e4tzte Lesezeit\" \/>\n\t<meta name=\"twitter:data1\" content=\"1\u00a0Minute\" \/>\n<script type=\"application\/ld+json\" class=\"yoast-schema-graph\">{\"@context\":\"https:\\\/\\\/schema.org\",\"@graph\":[{\"@type\":\"WebPage\",\"@id\":\"http:\\\/\\\/fabis-lederey.com\\\/index.php\\\/produkt\\\/passier-trensenreiniger\\\/\",\"url\":\"http:\\\/\\\/fabis-lederey.com\\\/index.php\\\/produkt\\\/passier-trensenreiniger\\\/\",\"name\":\"Passier - Trensenreiniger - Fabis Lederey - Fabian Kempf\",\"isPartOf\":{\"@id\":\"http:\\\/\\\/fabis-lederey.com\\\/#website\"},\"datePublished\":\"2022-01-18T08:23:35+00:00\",\"dateModified\":\"2022-01-18T08:30:06+00:00\",\"breadcrumb\":{\"@id\":\"http:\\\/\\\/fabis-lederey.com\\\/index.php\\\/produkt\\\/passier-trensenreiniger\\\/#breadcrumb\"},\"inLanguage\":\"de\",\"potentialAction\":[{\"@type\":\"ReadAction\",\"target\":[\"http:\\\/\\\/fabis-lederey.com\\\/index.php\\\/produkt\\\/passier-trensenreiniger\\\/\"]}]},{\"@type\":\"BreadcrumbList\",\"@id\":\"http:\\\/\\\/fabis-lederey.com\\\/index.php\\\/produkt\\\/passier-trensenreiniger\\\/#breadcrumb\",\"itemListElement\":[{\"@type\":\"ListItem\",\"position\":1,\"name\":\"Home\",\"item\":\"http:\\\/\\\/fabis-lederey.com\\\/\"},{\"@type\":\"ListItem\",\"position\":2,\"name\":\"Shop\",\"item\":\"http:\\\/\\\/fabis-lederey.com\\\/?page_id=7147\"},{\"@type\":\"ListItem\",\"position\":3,\"name\":\"Passier &#8211; Trensenreiniger\"}]},{\"@type\":\"WebSite\",\"@id\":\"http:\\\/\\\/fabis-lederey.com\\\/#website\",\"url\":\"http:\\\/\\\/fabis-lederey.com\\\/\",\"name\":\"Fabis Lederey - Fabian Kempf\",\"description\":\"Die Reitsportsattlerei und Ledermanufaktur in Pirmasens, S\u00fcdwestpfalz und im SaarLorLux-Kreis.\",\"potentialAction\":[{\"@type\":\"SearchAction\",\"target\":{\"@type\":\"EntryPoint\",\"urlTemplate\":\"http:\\\/\\\/fabis-lederey.com\\\/?s={search_term_string}\"},\"query-input\":{\"@type\":\"PropertyValueSpecification\",\"valueRequired\":true,\"valueName\":\"search_term_string\"}}],\"inLanguage\":\"de\"}]}<\/script>\n<!-- \/ Yoast SEO plugin. -->","yoast_head_json":{"title":"Passier - Trensenreiniger - Fabis Lederey - Fabian Kempf","robots":{"index":"index","follow":"follow","max-snippet":"max-snippet:-1","max-image-preview":"max-image-preview:large","max-video-preview":"max-video-preview:-1"},"canonical":"http:\/\/fabis-lederey.com\/index.php\/produkt\/passier-trensenreiniger\/","og_locale":"de_DE","og_type":"article","og_title":"Passier - Trensenreiniger - Fabis Lederey - Fabian Kempf","og_description":"Passier - Trensenreiniger Passier Trensenreiniger pflegt das Leder von au\u00dfen und innen, h\u00e4lt es so flexibel und geschmeidig und verl\u00e4ngert dadurch die Lebensdauer.  Durch die schonenden Inhaltsstoffe ist der Passier Trensenreiniger auch f\u00fcr die t\u00e4gliche Pflege hervorragend geeignet.","og_url":"http:\/\/fabis-lederey.com\/index.php\/produkt\/passier-trensenreiniger\/","og_site_name":"Fabis Lederey - Fabian Kempf","article_modified_time":"2022-01-18T08:30:06+00:00","twitter_card":"summary_large_image","twitter_misc":{"Gesch\u00e4tzte Lesezeit":"1\u00a0Minute"},"schema":{"@context":"https:\/\/schema.org","@graph":[{"@type":"WebPage","@id":"http:\/\/fabis-lederey.com\/index.php\/produkt\/passier-trensenreiniger\/","url":"http:\/\/fabis-lederey.com\/index.php\/produkt\/passier-trensenreiniger\/","name":"Passier - Trensenreiniger - Fabis Lederey - Fabian Kempf","isPartOf":{"@id":"http:\/\/fabis-lederey.com\/#website"},"datePublished":"2022-01-18T08:23:35+00:00","dateModified":"2022-01-18T08:30:06+00:00","breadcrumb":{"@id":"http:\/\/fabis-lederey.com\/index.php\/produkt\/passier-trensenreiniger\/#breadcrumb"},"inLanguage":"de","potentialAction":[{"@type":"ReadAction","target":["http:\/\/fabis-lederey.com\/index.php\/produkt\/passier-trensenreiniger\/"]}]},{"@type":"BreadcrumbList","@id":"http:\/\/fabis-lederey.com\/index.php\/produkt\/passier-trensenreiniger\/#breadcrumb","itemListElement":[{"@type":"ListItem","position":1,"name":"Home","item":"http:\/\/fabis-lederey.com\/"},{"@type":"ListItem","position":2,"name":"Shop","item":"http:\/\/fabis-lederey.com\/?page_id=7147"},{"@type":"ListItem","position":3,"name":"Passier &#8211; Trensenreiniger"}]},{"@type":"WebSite","@id":"http:\/\/fabis-lederey.com\/#website","url":"http:\/\/fabis-lederey.com\/","name":"Fabis Lederey - Fabian Kempf","description":"Die Reitsportsattlerei und Ledermanufaktur in Pirmasens, S\u00fcdwestpfalz und im SaarLorLux-Kreis.","potentialAction":[{"@type":"SearchAction","target":{"@type":"EntryPoint","urlTemplate":"http:\/\/fabis-lederey.com\/?s={search_term_string}"},"query-input":{"@type":"PropertyValueSpecification","valueRequired":true,"valueName":"search_term_string"}}],"inLanguage":"de"}]}},"_links":{"self":[{"href":"https:\/\/fabis-lederey.com\/index.php\/wp-json\/wp\/v2\/product\/7395","targetHints":{"allow":["GET"]}}],"collection":[{"href":"https:\/\/fabis-lederey.com\/index.php\/wp-json\/wp\/v2\/product"}],"about":[{"href":"https:\/\/fabis-lederey.com\/index.php\/wp-json\/wp\/v2\/types\/product"}],"replies":[{"embeddable":true,"href":"https:\/\/fabis-lederey.com\/index.php\/wp-json\/wp\/v2\/comments?post=7395"}],"wp:attachment":[{"href":"https:\/\/fabis-lederey.com\/index.php\/wp-json\/wp\/v2\/media?parent=7395"}],"wp:term":[{"taxonomy":"product_brand","embeddable":true,"href":"https:\/\/fabis-lederey.com\/index.php\/wp-json\/wp\/v2\/product_brand?post=7395"},{"taxonomy":"product_cat","embeddable":true,"href":"https:\/\/fabis-lederey.com\/index.php\/wp-json\/wp\/v2\/product_cat?post=7395"},{"taxonomy":"product_tag","embeddable":true,"href":"https:\/\/fabis-lederey.com\/index.php\/wp-json\/wp\/v2\/product_tag?post=7395"}],"curies":[{"name":"wp","href":"https:\/\/api.w.org\/{rel}","templated":true}]}}