{"id":7396,"date":"2022-01-18T08:32:44","date_gmt":"2022-01-18T08:32:44","guid":{"rendered":"http:\/\/fabis-lederey.com\/?post_type=product&#038;p=7396"},"modified":"2022-01-18T08:37:35","modified_gmt":"2022-01-18T08:37:35","slug":"passier-lederbalsam","status":"publish","type":"product","link":"https:\/\/fabis-lederey.com\/index.php\/produkt\/passier-lederbalsam\/","title":{"rendered":"Passier &#8211; Lederbalsam"},"content":{"rendered":"<h2 class=\"o-type-32 u-mb-20 u-mb-24@md\"><span class=\"u-uppercase\">Passier <\/span>Lederbalsam<\/h2>\n<div class=\"c-richtext u-mb-16\">\n<p>Passier Lederbalsam sorgt daf\u00fcr, dass das Leder geschmeidig bleibt und sch\u00fctzt das Leder vor dem Eindringen von Feuchtigkeit. Die Lebensdauer von S\u00e4tteln, Trensen und anderen Qualit\u00e4ts-Lederwaren wird durch die Anwendung von Passier Lederbalsam wesentlich erh\u00f6ht.<\/p>\n<\/div>\n","protected":false},"excerpt":{"rendered":"<h4>Passier &#8211; Trensenreiniger<\/h4>\n<p>Passier Lederbalsam h\u00e4lt das Leder geschmeidig und sch\u00fctzt gegen das Eindringen von Feuchtigkeit.<\/p>\n<p>Die Lebensdauer von Qualit\u00e4ts-Lederware wird durch die Anwendung von Passier Lederbalsam wesentlich erh\u00f6ht.<\/p>\n<p>So bekommen Sie Ihre Reitausr\u00fcstung wieder \u201etop in Schuss\u201c!<\/p>\n<p>Dieses Pflegemittel sch\u00fctzt gegen Feuchtigkeit und h\u00e4lt das Leder geschmeidig.<\/p>\n<p>&nbsp;<\/p>\n","protected":false},"featured_media":0,"comment_status":"open","ping_status":"closed","template":"","meta":[],"product_brand":[],"product_cat":[44,74],"product_tag":[],"class_list":{"0":"post-7396","1":"product","2":"type-product","3":"status-publish","5":"product_cat-allproducts","6":"product_cat-lederpflege","8":"first","9":"instock","10":"taxable","11":"shipping-taxable","12":"purchasable","13":"product-type-simple"},"yoast_head":"<!-- This site is optimized with the Yoast SEO plugin v27.5 - https:\/\/yoast.com\/product\/yoast-seo-wordpress\/ -->\n<title>Passier - Lederbalsam - Fabis Lederey - Fabian Kempf<\/title>\n<meta name=\"robots\" content=\"index, follow, max-snippet:-1, max-image-preview:large, max-video-preview:-1\" \/>\n<link rel=\"canonical\" href=\"https:\/\/fabis-lederey.com\/index.php\/produkt\/passier-lederbalsam\/\" \/>\n<meta property=\"og:locale\" content=\"de_DE\" \/>\n<meta property=\"og:type\" content=\"article\" \/>\n<meta property=\"og:title\" content=\"Passier - Lederbalsam - Fabis Lederey - Fabian Kempf\" \/>\n<meta property=\"og:description\" content=\"Passier - Trensenreiniger Passier Lederbalsam h\u00e4lt das Leder geschmeidig und sch\u00fctzt gegen das Eindringen von Feuchtigkeit.  Die Lebensdauer von Qualit\u00e4ts-Lederware wird durch die Anwendung von Passier Lederbalsam wesentlich erh\u00f6ht.  So bekommen Sie Ihre Reitausr\u00fcstung wieder \u201etop in Schuss\u201c!  Dieses Pflegemittel sch\u00fctzt gegen Feuchtigkeit und h\u00e4lt das Leder geschmeidig.  &nbsp;\" \/>\n<meta property=\"og:url\" content=\"https:\/\/fabis-lederey.com\/index.php\/produkt\/passier-lederbalsam\/\" \/>\n<meta property=\"og:site_name\" content=\"Fabis Lederey - Fabian Kempf\" \/>\n<meta property=\"article:modified_time\" content=\"2022-01-18T08:37:35+00:00\" \/>\n<meta name=\"twitter:card\" content=\"summary_large_image\" \/>\n<meta name=\"twitter:label1\" content=\"Gesch\u00e4tzte Lesezeit\" \/>\n\t<meta name=\"twitter:data1\" content=\"1\u00a0Minute\" \/>\n<script type=\"application\/ld+json\" class=\"yoast-schema-graph\">{\"@context\":\"https:\\\/\\\/schema.org\",\"@graph\":[{\"@type\":\"WebPage\",\"@id\":\"https:\\\/\\\/fabis-lederey.com\\\/index.php\\\/produkt\\\/passier-lederbalsam\\\/\",\"url\":\"https:\\\/\\\/fabis-lederey.com\\\/index.php\\\/produkt\\\/passier-lederbalsam\\\/\",\"name\":\"Passier - Lederbalsam - Fabis Lederey - Fabian Kempf\",\"isPartOf\":{\"@id\":\"http:\\\/\\\/fabis-lederey.com\\\/#website\"},\"datePublished\":\"2022-01-18T08:32:44+00:00\",\"dateModified\":\"2022-01-18T08:37:35+00:00\",\"breadcrumb\":{\"@id\":\"https:\\\/\\\/fabis-lederey.com\\\/index.php\\\/produkt\\\/passier-lederbalsam\\\/#breadcrumb\"},\"inLanguage\":\"de\",\"potentialAction\":[{\"@type\":\"ReadAction\",\"target\":[\"https:\\\/\\\/fabis-lederey.com\\\/index.php\\\/produkt\\\/passier-lederbalsam\\\/\"]}]},{\"@type\":\"BreadcrumbList\",\"@id\":\"https:\\\/\\\/fabis-lederey.com\\\/index.php\\\/produkt\\\/passier-lederbalsam\\\/#breadcrumb\",\"itemListElement\":[{\"@type\":\"ListItem\",\"position\":1,\"name\":\"Home\",\"item\":\"http:\\\/\\\/fabis-lederey.com\\\/\"},{\"@type\":\"ListItem\",\"position\":2,\"name\":\"Shop\",\"item\":\"http:\\\/\\\/fabis-lederey.com\\\/?page_id=7147\"},{\"@type\":\"ListItem\",\"position\":3,\"name\":\"Passier &#8211; Lederbalsam\"}]},{\"@type\":\"WebSite\",\"@id\":\"http:\\\/\\\/fabis-lederey.com\\\/#website\",\"url\":\"http:\\\/\\\/fabis-lederey.com\\\/\",\"name\":\"Fabis Lederey - Fabian Kempf\",\"description\":\"Die Reitsportsattlerei und Ledermanufaktur in Pirmasens, S\u00fcdwestpfalz und im SaarLorLux-Kreis.\",\"potentialAction\":[{\"@type\":\"SearchAction\",\"target\":{\"@type\":\"EntryPoint\",\"urlTemplate\":\"http:\\\/\\\/fabis-lederey.com\\\/?s={search_term_string}\"},\"query-input\":{\"@type\":\"PropertyValueSpecification\",\"valueRequired\":true,\"valueName\":\"search_term_string\"}}],\"inLanguage\":\"de\"}]}<\/script>\n<!-- \/ Yoast SEO plugin. -->","yoast_head_json":{"title":"Passier - Lederbalsam - Fabis Lederey - Fabian Kempf","robots":{"index":"index","follow":"follow","max-snippet":"max-snippet:-1","max-image-preview":"max-image-preview:large","max-video-preview":"max-video-preview:-1"},"canonical":"https:\/\/fabis-lederey.com\/index.php\/produkt\/passier-lederbalsam\/","og_locale":"de_DE","og_type":"article","og_title":"Passier - Lederbalsam - Fabis Lederey - Fabian Kempf","og_description":"Passier - Trensenreiniger Passier Lederbalsam h\u00e4lt das Leder geschmeidig und sch\u00fctzt gegen das Eindringen von Feuchtigkeit.  Die Lebensdauer von Qualit\u00e4ts-Lederware wird durch die Anwendung von Passier Lederbalsam wesentlich erh\u00f6ht.  So bekommen Sie Ihre Reitausr\u00fcstung wieder \u201etop in Schuss\u201c!  Dieses Pflegemittel sch\u00fctzt gegen Feuchtigkeit und h\u00e4lt das Leder geschmeidig.  &nbsp;","og_url":"https:\/\/fabis-lederey.com\/index.php\/produkt\/passier-lederbalsam\/","og_site_name":"Fabis Lederey - Fabian Kempf","article_modified_time":"2022-01-18T08:37:35+00:00","twitter_card":"summary_large_image","twitter_misc":{"Gesch\u00e4tzte Lesezeit":"1\u00a0Minute"},"schema":{"@context":"https:\/\/schema.org","@graph":[{"@type":"WebPage","@id":"https:\/\/fabis-lederey.com\/index.php\/produkt\/passier-lederbalsam\/","url":"https:\/\/fabis-lederey.com\/index.php\/produkt\/passier-lederbalsam\/","name":"Passier - Lederbalsam - Fabis Lederey - Fabian Kempf","isPartOf":{"@id":"http:\/\/fabis-lederey.com\/#website"},"datePublished":"2022-01-18T08:32:44+00:00","dateModified":"2022-01-18T08:37:35+00:00","breadcrumb":{"@id":"https:\/\/fabis-lederey.com\/index.php\/produkt\/passier-lederbalsam\/#breadcrumb"},"inLanguage":"de","potentialAction":[{"@type":"ReadAction","target":["https:\/\/fabis-lederey.com\/index.php\/produkt\/passier-lederbalsam\/"]}]},{"@type":"BreadcrumbList","@id":"https:\/\/fabis-lederey.com\/index.php\/produkt\/passier-lederbalsam\/#breadcrumb","itemListElement":[{"@type":"ListItem","position":1,"name":"Home","item":"http:\/\/fabis-lederey.com\/"},{"@type":"ListItem","position":2,"name":"Shop","item":"http:\/\/fabis-lederey.com\/?page_id=7147"},{"@type":"ListItem","position":3,"name":"Passier &#8211; Lederbalsam"}]},{"@type":"WebSite","@id":"http:\/\/fabis-lederey.com\/#website","url":"http:\/\/fabis-lederey.com\/","name":"Fabis Lederey - Fabian Kempf","description":"Die Reitsportsattlerei und Ledermanufaktur in Pirmasens, S\u00fcdwestpfalz und im SaarLorLux-Kreis.","potentialAction":[{"@type":"SearchAction","target":{"@type":"EntryPoint","urlTemplate":"http:\/\/fabis-lederey.com\/?s={search_term_string}"},"query-input":{"@type":"PropertyValueSpecification","valueRequired":true,"valueName":"search_term_string"}}],"inLanguage":"de"}]}},"_links":{"self":[{"href":"https:\/\/fabis-lederey.com\/index.php\/wp-json\/wp\/v2\/product\/7396","targetHints":{"allow":["GET"]}}],"collection":[{"href":"https:\/\/fabis-lederey.com\/index.php\/wp-json\/wp\/v2\/product"}],"about":[{"href":"https:\/\/fabis-lederey.com\/index.php\/wp-json\/wp\/v2\/types\/product"}],"replies":[{"embeddable":true,"href":"https:\/\/fabis-lederey.com\/index.php\/wp-json\/wp\/v2\/comments?post=7396"}],"wp:attachment":[{"href":"https:\/\/fabis-lederey.com\/index.php\/wp-json\/wp\/v2\/media?parent=7396"}],"wp:term":[{"taxonomy":"product_brand","embeddable":true,"href":"https:\/\/fabis-lederey.com\/index.php\/wp-json\/wp\/v2\/product_brand?post=7396"},{"taxonomy":"product_cat","embeddable":true,"href":"https:\/\/fabis-lederey.com\/index.php\/wp-json\/wp\/v2\/product_cat?post=7396"},{"taxonomy":"product_tag","embeddable":true,"href":"https:\/\/fabis-lederey.com\/index.php\/wp-json\/wp\/v2\/product_tag?post=7396"}],"curies":[{"name":"wp","href":"https:\/\/api.w.org\/{rel}","templated":true}]}}